{"id":3379,"date":"2019-05-03T11:27:16","date_gmt":"2019-05-03T09:27:16","guid":{"rendered":"https:\/\/tereos.com\/mentions-legales\/"},"modified":"2025-03-31T15:10:04","modified_gmt":"2025-03-31T13:10:04","slug":"legal-notices","status":"publish","type":"page","link":"https:\/\/tereos.com\/en\/legal-notices\/","title":{"rendered":"Legal notices"},"content":{"rendered":"","protected":false},"excerpt":{"rendered":"","protected":false},"author":4,"featured_media":0,"parent":0,"menu_order":0,"comment_status":"closed","ping_status":"closed","template":"page-editorial.php","meta":{"_acf_changed":false,"footnotes":""},"class_list":["post-3379","page","type-page","status-publish","hentry"],"acf":{"is_story":false,"is_testimonial":false,"headline":"","headline_clone":{"headline":""},"sections":[{"acf_fc_layout":"rich_text","anchor_title":"","text":"<p>&nbsp;<\/p>\n<p>Please read the terms of use of this website carefully before using it. By connecting to this website, you unreservedly accept the General Terms of Use in force for this website operated in compliance with French legislation, as well as the personal data charter and cookie policy accessible on <a href=\"https:\/\/tereos.com\">https:\/\/tereos.com<\/a>.<\/p>\n<p><strong>Website publisher<\/strong><\/p>\n<p>TEREOS PARTICIPATIONS<\/p>\n<p>Rue de Senlis, 77230 Moussy le Vieux<\/p>\n<p>E-mail\u00a0: group-communications@tereos.com<\/p>\n<p>TEROS PARTICIPATIONS is a <em>Soci\u00e9t\u00e9 par actions simplifi\u00e9e<\/em> (SAS) with capital of \u20ac496\u202f679\u00a0850<\/p>\n<p>Siret registration number: 444 413 058 00058 &#8211; APE activity code: 6630Z<\/p>\n<p><strong>Editorial manager<\/strong><\/p>\n<p>TEREOS PARTICIPATIONS<\/p>\n<p>group-communications@tereos.com<\/p>\n<p>Rue de Senlis, 77230 Moussy le Vieux<\/p>\n<p><strong>Limitation of liability<\/strong><\/p>\n<p>The information contained on this website is as accurate as possible and the website is periodically updated, but it may contain inaccuracies, omissions or gaps. If you notice a gap, error or what appears to be a malfunction, please report it by e-mail at group-communications@tereos.com , describing the problem as precisely as possible (page causing the problem, triggering action, type of computer and browser used, etc.).<\/p>\n<p><strong>Disputes<\/strong><\/p>\n<p>These terms are governed by French law and any dispute or litigation that may arise from the interpretation or execution hereof shall come under the exclusive jurisdiction of the Commercial Court of Paris.<\/p>\n<p><strong>Intellectual property<\/strong><\/p>\n<p>Any reproduction, distribution, modification, adaptation, retransmission or publication, even partial, of the various elements contained on this website is strictly prohibited without the express written agreement of TEREOS PARTICIPATIONS and constitutes an infringement punishable by Articles L.3335-2 and following of the French Intellectual Property Code.<\/p>\n<p><strong>Host<\/strong><\/p>\n<p>Agency PROPAL<\/p>\n<p>54 rue Hermel,<\/p>\n<p>75018 Paris, France<\/p>\n<p><strong>Hypertext links<\/strong><\/p>\n<p>TEREOS PARTICIPATIONS has no way to control websites linked to its websites. TEREOS PARTICIPATIONS is not responsible for the availability of such websites and external sources, nor does it guarantee it. It cannot be held liable for any damage, of any nature whatsoever, arising from the content of such external websites or sources, including any information, products or services that they offer, or any use that may be made of these elements.<\/p>\n<p><strong>Contact us<\/strong><\/p>\n<p>TEREOS PARTICIPATIONS is available to respond to all your comments and suggestions. You can write to us in French or in English by email at: group-communications@tereos.com<\/p>\n<p>&nbsp;<\/p>\n"}],"flexible_editorial_clone":{"has_anchors":false,"sections":[{"acf_fc_layout":"rich_text","anchor_title":"","text":"<p>&nbsp;<\/p>\n<p>Please read the terms of use of this website carefully before using it. By connecting to this website, you unreservedly accept the General Terms of Use in force for this website operated in compliance with French legislation, as well as the personal data charter and cookie policy accessible on <a href=\"https:\/\/tereos.com\">https:\/\/tereos.com<\/a>.<\/p>\n<p><strong>Website publisher<\/strong><\/p>\n<p>TEREOS PARTICIPATIONS<\/p>\n<p>Rue de Senlis, 77230 Moussy le Vieux<\/p>\n<p>E-mail\u00a0: group-communications@tereos.com<\/p>\n<p>TEROS PARTICIPATIONS is a <em>Soci\u00e9t\u00e9 par actions simplifi\u00e9e<\/em> (SAS) with capital of \u20ac496\u202f679\u00a0850<\/p>\n<p>Siret registration number: 444 413 058 00058 &#8211; APE activity code: 6630Z<\/p>\n<p><strong>Editorial manager<\/strong><\/p>\n<p>TEREOS PARTICIPATIONS<\/p>\n<p>group-communications@tereos.com<\/p>\n<p>Rue de Senlis, 77230 Moussy le Vieux<\/p>\n<p><strong>Limitation of liability<\/strong><\/p>\n<p>The information contained on this website is as accurate as possible and the website is periodically updated, but it may contain inaccuracies, omissions or gaps. If you notice a gap, error or what appears to be a malfunction, please report it by e-mail at group-communications@tereos.com , describing the problem as precisely as possible (page causing the problem, triggering action, type of computer and browser used, etc.).<\/p>\n<p><strong>Disputes<\/strong><\/p>\n<p>These terms are governed by French law and any dispute or litigation that may arise from the interpretation or execution hereof shall come under the exclusive jurisdiction of the Commercial Court of Paris.<\/p>\n<p><strong>Intellectual property<\/strong><\/p>\n<p>Any reproduction, distribution, modification, adaptation, retransmission or publication, even partial, of the various elements contained on this website is strictly prohibited without the express written agreement of TEREOS PARTICIPATIONS and constitutes an infringement punishable by Articles L.3335-2 and following of the French Intellectual Property Code.<\/p>\n<p><strong>Host<\/strong><\/p>\n<p>Agency PROPAL<\/p>\n<p>54 rue Hermel,<\/p>\n<p>75018 Paris, France<\/p>\n<p><strong>Hypertext links<\/strong><\/p>\n<p>TEREOS PARTICIPATIONS has no way to control websites linked to its websites. TEREOS PARTICIPATIONS is not responsible for the availability of such websites and external sources, nor does it guarantee it. It cannot be held liable for any damage, of any nature whatsoever, arising from the content of such external websites or sources, including any information, products or services that they offer, or any use that may be made of these elements.<\/p>\n<p><strong>Contact us<\/strong><\/p>\n<p>TEREOS PARTICIPATIONS is available to respond to all your comments and suggestions. You can write to us in French or in English by email at: group-communications@tereos.com<\/p>\n<p>&nbsp;<\/p>\n"}]},"cover_mode":"classic","cover_image":false,"cover_video_clone":{"cover_mode":"classic","cover_image":false},"subtitle":"","subtitle_clone":{"subtitle":""},"has_anchors":false},"yoast_head":"<!-- This site is optimized with the Yoast SEO plugin v23.7 - https:\/\/yoast.com\/wordpress\/plugins\/seo\/ -->\n<title>Legal notices - Tereos<\/title>\n<meta name=\"robots\" content=\"index, follow, max-snippet:-1, max-image-preview:large, max-video-preview:-1\" \/>\n<link rel=\"canonical\" href=\"https:\/\/tereos.com\/en\/legal-notices\/\" \/>\n<meta property=\"og:locale\" content=\"en_US\" \/>\n<meta property=\"og:type\" content=\"article\" \/>\n<meta property=\"og:title\" content=\"Legal notices - Tereos\" \/>\n<meta property=\"og:url\" content=\"https:\/\/tereos.com\/en\/legal-notices\/\" \/>\n<meta property=\"og:site_name\" content=\"Tereos\" \/>\n<meta property=\"article:modified_time\" content=\"2025-03-31T13:10:04+00:00\" \/>\n<meta name=\"twitter:card\" content=\"summary_large_image\" \/>\n<script type=\"application\/ld+json\" class=\"yoast-schema-graph\">{\"@context\":\"https:\/\/schema.org\",\"@graph\":[{\"@type\":\"WebPage\",\"@id\":\"https:\/\/tereos.com\/en\/legal-notices\/\",\"url\":\"https:\/\/tereos.com\/en\/legal-notices\/\",\"name\":\"Legal notices - Tereos\",\"isPartOf\":{\"@id\":\"https:\/\/tereos.com\/en\/#website\"},\"datePublished\":\"2019-05-03T09:27:16+00:00\",\"dateModified\":\"2025-03-31T13:10:04+00:00\",\"breadcrumb\":{\"@id\":\"https:\/\/tereos.com\/en\/legal-notices\/#breadcrumb\"},\"inLanguage\":\"en-US\",\"potentialAction\":[{\"@type\":\"ReadAction\",\"target\":[\"https:\/\/tereos.com\/en\/legal-notices\/\"]}]},{\"@type\":\"BreadcrumbList\",\"@id\":\"https:\/\/tereos.com\/en\/legal-notices\/#breadcrumb\",\"itemListElement\":[{\"@type\":\"ListItem\",\"position\":1,\"name\":\"Home\",\"item\":\"https:\/\/tereos.com\/en\/\"},{\"@type\":\"ListItem\",\"position\":2,\"name\":\"Legal notices\"}]},{\"@type\":\"WebSite\",\"@id\":\"https:\/\/tereos.com\/en\/#website\",\"url\":\"https:\/\/tereos.com\/en\/\",\"name\":\"Tereos\",\"description\":\"Un site utilisant WordPress\",\"potentialAction\":[{\"@type\":\"SearchAction\",\"target\":{\"@type\":\"EntryPoint\",\"urlTemplate\":\"https:\/\/tereos.com\/en\/?s={search_term_string}\"},\"query-input\":{\"@type\":\"PropertyValueSpecification\",\"valueRequired\":true,\"valueName\":\"search_term_string\"}}],\"inLanguage\":\"en-US\"}]}<\/script>\n<!-- \/ Yoast SEO plugin. -->","yoast_head_json":{"title":"Legal notices - Tereos","robots":{"index":"index","follow":"follow","max-snippet":"max-snippet:-1","max-image-preview":"max-image-preview:large","max-video-preview":"max-video-preview:-1"},"canonical":"https:\/\/tereos.com\/en\/legal-notices\/","og_locale":"en_US","og_type":"article","og_title":"Legal notices - Tereos","og_url":"https:\/\/tereos.com\/en\/legal-notices\/","og_site_name":"Tereos","article_modified_time":"2025-03-31T13:10:04+00:00","twitter_card":"summary_large_image","schema":{"@context":"https:\/\/schema.org","@graph":[{"@type":"WebPage","@id":"https:\/\/tereos.com\/en\/legal-notices\/","url":"https:\/\/tereos.com\/en\/legal-notices\/","name":"Legal notices - Tereos","isPartOf":{"@id":"https:\/\/tereos.com\/en\/#website"},"datePublished":"2019-05-03T09:27:16+00:00","dateModified":"2025-03-31T13:10:04+00:00","breadcrumb":{"@id":"https:\/\/tereos.com\/en\/legal-notices\/#breadcrumb"},"inLanguage":"en-US","potentialAction":[{"@type":"ReadAction","target":["https:\/\/tereos.com\/en\/legal-notices\/"]}]},{"@type":"BreadcrumbList","@id":"https:\/\/tereos.com\/en\/legal-notices\/#breadcrumb","itemListElement":[{"@type":"ListItem","position":1,"name":"Home","item":"https:\/\/tereos.com\/en\/"},{"@type":"ListItem","position":2,"name":"Legal notices"}]},{"@type":"WebSite","@id":"https:\/\/tereos.com\/en\/#website","url":"https:\/\/tereos.com\/en\/","name":"Tereos","description":"Un site utilisant WordPress","potentialAction":[{"@type":"SearchAction","target":{"@type":"EntryPoint","urlTemplate":"https:\/\/tereos.com\/en\/?s={search_term_string}"},"query-input":{"@type":"PropertyValueSpecification","valueRequired":true,"valueName":"search_term_string"}}],"inLanguage":"en-US"}]}},"_links":{"self":[{"href":"https:\/\/tereos.com\/en\/wp-json\/wp\/v2\/pages\/3379"}],"collection":[{"href":"https:\/\/tereos.com\/en\/wp-json\/wp\/v2\/pages"}],"about":[{"href":"https:\/\/tereos.com\/en\/wp-json\/wp\/v2\/types\/page"}],"author":[{"embeddable":true,"href":"https:\/\/tereos.com\/en\/wp-json\/wp\/v2\/users\/4"}],"replies":[{"embeddable":true,"href":"https:\/\/tereos.com\/en\/wp-json\/wp\/v2\/comments?post=3379"}],"version-history":[{"count":3,"href":"https:\/\/tereos.com\/en\/wp-json\/wp\/v2\/pages\/3379\/revisions"}],"predecessor-version":[{"id":23860,"href":"https:\/\/tereos.com\/en\/wp-json\/wp\/v2\/pages\/3379\/revisions\/23860"}],"wp:attachment":[{"href":"https:\/\/tereos.com\/en\/wp-json\/wp\/v2\/media?parent=3379"}],"curies":[{"name":"wp","href":"https:\/\/api.w.org\/{rel}","templated":true}]}}