{"id":1103,"date":"2019-01-17T15:28:02","date_gmt":"2019-01-17T14:28:02","guid":{"rendered":"https:\/\/tereos.com\/?page_id=1103"},"modified":"2023-11-13T17:33:22","modified_gmt":"2023-11-13T16:33:22","slug":"strategie","status":"publish","type":"page","link":"https:\/\/tereos.com\/fr\/groupe\/strategie\/","title":{"rendered":"B\u00e2tir un mod\u00e8le coop\u00e9ratif solide sur le long terme"},"content":{"rendered":"","protected":false},"excerpt":{"rendered":"","protected":false},"author":9,"featured_media":17413,"parent":319,"menu_order":0,"comment_status":"closed","ping_status":"closed","template":"page-editorial.php","meta":{"_acf_changed":false,"footnotes":""},"class_list":["post-1103","page","type-page","status-publish","has-post-thumbnail","hentry"],"acf":{"is_story":false,"is_testimonial":false,"cover_type":"image","cover_image":17413,"link":"","cover_video_clone":{"cover_mode":"classic","cover_image":17413},"subtitle":"Groupe","subtitle_clone":{"subtitle":"Groupe"},"headline":"Le secteur de l\u2019agroalimentaire est en pleine mutation : les pratiques alimentaires \u00e9voluent et avec elles, les attentes des consommateurs. Parall\u00e8lement, la libe\u0301ralisation du secteur sucrier europ\u00e9en constitue une v\u00e9ritable re\u0301volution. Pour y re\u0301pondre, le Groupe a ba\u0302ti une strate\u0301gie de long terme pour devenir une re\u0301fe\u0301rence pour ses clients et leur garantir la me\u0302me exigence de qualite\u0301 et de fiabilite\u0301 partout.","headline_clone":{"headline":"Le secteur de l\u2019agroalimentaire est en pleine mutation : les pratiques alimentaires \u00e9voluent et avec elles, les attentes des consommateurs. Parall\u00e8lement, la libe\u0301ralisation du secteur sucrier europ\u00e9en constitue une v\u00e9ritable re\u0301volution. Pour y re\u0301pondre, le Groupe a ba\u0302ti une strate\u0301gie de long terme pour devenir une re\u0301fe\u0301rence pour ses clients et leur garantir la me\u0302me exigence de qualite\u0301 et de fiabilite\u0301 partout."},"sections":[{"acf_fc_layout":"rich_text","anchor_title":"","text":"<h2>Accompagner les \u00e9volutions de nos march\u00e9s<\/h2>\n<p>Dans un environnement marqu\u00e9 par les \u00e9volutions r\u00e9glementaires, Tereos a toujours su accompagner et s&#8217;adapter aux changements majeurs, notamment \u00e0 la fin des quotas sucriers europ\u00e9ens. Deuxi\u00e8me groupe sucrier mondial, Tereos a acquis la taille critique indispensable pour rester comp\u00e9titif dans un march\u00e9 ouvert. Le Groupe a compris tr\u00e8s t\u00f4t l\u2019int\u00e9r\u00eat de mettre en valeur les compl\u00e9mentarit\u00e9s de ses activit\u00e9s sur des march\u00e9s traditionnellement segment\u00e9s, et de rechercher la valorisation maximale de ses mati\u00e8res premi\u00e8res.<\/p>\n"},{"acf_fc_layout":"rich_text","anchor_title":"","text":"<h2><b>Cultiver l\u2019excellence sur l\u2019ensemble de notre cha\u00eene de valeur<\/b><\/h2>\n<p>Avec pour ambition de prendre en compte l\u2019int\u00e9r\u00eat de la fili\u00e8re dans son ensemble, Tereos accompagne les agriculteurs pour produire plus et mieux gr\u00e2ce au conseil agronomique, au choix des vari\u00e9t\u00e9s et \u00e0 la promotion de nouvelles pratiques agricoles durables et comp\u00e9titives. Sur l\u2019ensemble de ses sites, Tereos d\u00e9ploie \u00e9galement d\u2019ambitieux projets de comp\u00e9titivit\u00e9 commerciale, op\u00e9rationnelle et industrielle.<\/p>\n<p>&nbsp;<\/p>\n<h2>R\u00e9pondre aux d\u00e9fis \u00e9conomiques et soci\u00e9taux gr\u00e2ce \u00e0 un mod\u00e8le d&#8217;\u00e9conomie circulaire<\/h2>\n<p>Le d\u00e9veloppement durable et l\u2019\u00e9conomie circulaire sont au c\u0153ur de la performance du Groupe pour garantir une offre durable et de qualit\u00e9. La cha\u00eene de production de Tereos s\u2019inscrit dans un cercle vertueux de transformation, qui valorise pr\u00e8s de 99,8 % de la mati\u00e8re premi\u00e8re transform\u00e9e. Par ailleurs, Tereos s\u2019engage sur une gestion raisonn\u00e9e des ressources en int\u00e9grant par exemple 53% d\u2019\u00e9nergies renouvelables dans son mix \u00e9nerg\u00e9tique ou encore en r\u00e9utilisant l\u2019eau naturellement pr\u00e9sente dans la betterave pour couvrir une grande majorit\u00e9 des besoins en eau de ses sucreries.<\/p>\n<p>&nbsp;<\/p>\n"},{"acf_fc_layout":"featured_pages","anchor_title":"","rows":[{"items":[{"title":"Histoire","image":false,"page":{"ID":2987,"post_author":"9","post_date":"2019-05-09 09:45:41","post_date_gmt":"2019-05-09 07:45:41","post_content":"","post_title":"Histoire","post_excerpt":"","post_status":"publish","comment_status":"closed","ping_status":"closed","post_password":"","post_name":"histoire","to_ping":"","pinged":"","post_modified":"2023-12-19 16:13:38","post_modified_gmt":"2023-12-19 15:13:38","post_content_filtered":"","post_parent":319,"guid":"https:\/\/tereos.com\/?page_id=2987","menu_order":0,"post_type":"page","post_mime_type":"","comment_count":"0","filter":"raw"}},{"title":"Innovation","image":false,"page":{"ID":1177,"post_author":"9","post_date":"2019-01-24 19:40:36","post_date_gmt":"2019-01-24 18:40:36","post_content":"","post_title":"Innover pour accompagner un monde qui change","post_excerpt":"","post_status":"publish","comment_status":"closed","ping_status":"closed","post_password":"","post_name":"innovation","to_ping":"","pinged":"","post_modified":"2023-08-16 14:47:30","post_modified_gmt":"2023-08-16 12:47:30","post_content_filtered":"","post_parent":319,"guid":"https:\/\/tereos.com\/?page_id=1177","menu_order":0,"post_type":"page","post_mime_type":"","comment_count":"0","filter":"raw"}}]}]}],"flexible_editorial_clone":{"has_anchors":false,"sections":[{"acf_fc_layout":"rich_text","anchor_title":"","text":"<h2>Accompagner les \u00e9volutions de nos march\u00e9s<\/h2>\n<p>Dans un environnement marqu\u00e9 par les \u00e9volutions r\u00e9glementaires, Tereos a toujours su accompagner et s&#8217;adapter aux changements majeurs, notamment \u00e0 la fin des quotas sucriers europ\u00e9ens. Deuxi\u00e8me groupe sucrier mondial, Tereos a acquis la taille critique indispensable pour rester comp\u00e9titif dans un march\u00e9 ouvert. Le Groupe a compris tr\u00e8s t\u00f4t l\u2019int\u00e9r\u00eat de mettre en valeur les compl\u00e9mentarit\u00e9s de ses activit\u00e9s sur des march\u00e9s traditionnellement segment\u00e9s, et de rechercher la valorisation maximale de ses mati\u00e8res premi\u00e8res.<\/p>\n"},{"acf_fc_layout":"rich_text","anchor_title":"","text":"<h2><b>Cultiver l\u2019excellence sur l\u2019ensemble de notre cha\u00eene de valeur<\/b><\/h2>\n<p>Avec pour ambition de prendre en compte l\u2019int\u00e9r\u00eat de la fili\u00e8re dans son ensemble, Tereos accompagne les agriculteurs pour produire plus et mieux gr\u00e2ce au conseil agronomique, au choix des vari\u00e9t\u00e9s et \u00e0 la promotion de nouvelles pratiques agricoles durables et comp\u00e9titives. Sur l\u2019ensemble de ses sites, Tereos d\u00e9ploie \u00e9galement d\u2019ambitieux projets de comp\u00e9titivit\u00e9 commerciale, op\u00e9rationnelle et industrielle.<\/p>\n<p>&nbsp;<\/p>\n<h2>R\u00e9pondre aux d\u00e9fis \u00e9conomiques et soci\u00e9taux gr\u00e2ce \u00e0 un mod\u00e8le d&#8217;\u00e9conomie circulaire<\/h2>\n<p>Le d\u00e9veloppement durable et l\u2019\u00e9conomie circulaire sont au c\u0153ur de la performance du Groupe pour garantir une offre durable et de qualit\u00e9. La cha\u00eene de production de Tereos s\u2019inscrit dans un cercle vertueux de transformation, qui valorise pr\u00e8s de 99,8 % de la mati\u00e8re premi\u00e8re transform\u00e9e. Par ailleurs, Tereos s\u2019engage sur une gestion raisonn\u00e9e des ressources en int\u00e9grant par exemple 53% d\u2019\u00e9nergies renouvelables dans son mix \u00e9nerg\u00e9tique ou encore en r\u00e9utilisant l\u2019eau naturellement pr\u00e9sente dans la betterave pour couvrir une grande majorit\u00e9 des besoins en eau de ses sucreries.<\/p>\n<p>&nbsp;<\/p>\n"},{"acf_fc_layout":"featured_pages","anchor_title":"","rows":[{"items":[{"title":"Histoire","image":false,"page":{"ID":2987,"post_author":"9","post_date":"2019-05-09 09:45:41","post_date_gmt":"2019-05-09 07:45:41","post_content":"","post_title":"Histoire","post_excerpt":"","post_status":"publish","comment_status":"closed","ping_status":"closed","post_password":"","post_name":"histoire","to_ping":"","pinged":"","post_modified":"2023-12-19 16:13:38","post_modified_gmt":"2023-12-19 15:13:38","post_content_filtered":"","post_parent":319,"guid":"https:\/\/tereos.com\/?page_id=2987","menu_order":0,"post_type":"page","post_mime_type":"","comment_count":"0","filter":"raw"}},{"title":"Innovation","image":false,"page":{"ID":1177,"post_author":"9","post_date":"2019-01-24 19:40:36","post_date_gmt":"2019-01-24 18:40:36","post_content":"","post_title":"Innover pour accompagner un monde qui change","post_excerpt":"","post_status":"publish","comment_status":"closed","ping_status":"closed","post_password":"","post_name":"innovation","to_ping":"","pinged":"","post_modified":"2023-08-16 14:47:30","post_modified_gmt":"2023-08-16 12:47:30","post_content_filtered":"","post_parent":319,"guid":"https:\/\/tereos.com\/?page_id=1177","menu_order":0,"post_type":"page","post_mime_type":"","comment_count":"0","filter":"raw"}}]}]}]},"cover_mode":"classic","has_anchors":false},"yoast_head":"<!-- This site is optimized with the Yoast SEO plugin v23.7 - https:\/\/yoast.com\/wordpress\/plugins\/seo\/ -->\n<title>B\u00e2tir un mod\u00e8le coop\u00e9ratif solide sur le long terme - Tereos<\/title>\n<meta name=\"description\" content=\"Le secteur de l\u2019agroalimentaire est en pleine mutation: les pratiques alimentaires \u00e9voluent et avec elles, les attentes des consommateurs. Parall\u00e8lement, la libe\u0301ralisation du secteur sucrier europ\u00e9en constitue une v\u00e9ritable re\u0301volution.\" \/>\n<meta name=\"robots\" content=\"index, follow, max-snippet:-1, max-image-preview:large, max-video-preview:-1\" \/>\n<link rel=\"canonical\" href=\"https:\/\/tereos.com\/fr\/groupe\/strategie\/\" \/>\n<meta property=\"og:locale\" content=\"fr_FR\" \/>\n<meta property=\"og:type\" content=\"article\" \/>\n<meta property=\"og:title\" content=\"B\u00e2tir un mod\u00e8le coop\u00e9ratif solide sur le long terme - Tereos\" \/>\n<meta property=\"og:description\" content=\"Le secteur de l\u2019agroalimentaire est en pleine mutation: les pratiques alimentaires \u00e9voluent et avec elles, les attentes des consommateurs. Parall\u00e8lement, la libe\u0301ralisation du secteur sucrier europ\u00e9en constitue une v\u00e9ritable re\u0301volution.\" \/>\n<meta property=\"og:url\" content=\"https:\/\/tereos.com\/fr\/groupe\/strategie\/\" \/>\n<meta property=\"og:site_name\" content=\"Tereos\" \/>\n<meta property=\"article:modified_time\" content=\"2023-11-13T16:33:22+00:00\" \/>\n<meta property=\"og:image\" content=\"https:\/\/tereos.com\/app\/uploads\/2023\/06\/farmers-in-a-sugar-beet-fieldshutterstock8636-scaled.jpg\" \/>\n\t<meta property=\"og:image:width\" content=\"2560\" \/>\n\t<meta property=\"og:image:height\" content=\"1440\" \/>\n\t<meta property=\"og:image:type\" content=\"image\/jpeg\" \/>\n<meta name=\"twitter:card\" content=\"summary_large_image\" \/>\n<script type=\"application\/ld+json\" class=\"yoast-schema-graph\">{\"@context\":\"https:\/\/schema.org\",\"@graph\":[{\"@type\":\"WebPage\",\"@id\":\"https:\/\/tereos.com\/fr\/groupe\/strategie\/\",\"url\":\"https:\/\/tereos.com\/fr\/groupe\/strategie\/\",\"name\":\"B\u00e2tir un mod\u00e8le coop\u00e9ratif solide sur le long terme - Tereos\",\"isPartOf\":{\"@id\":\"https:\/\/tereos.com\/en\/#website\"},\"primaryImageOfPage\":{\"@id\":\"https:\/\/tereos.com\/fr\/groupe\/strategie\/#primaryimage\"},\"image\":{\"@id\":\"https:\/\/tereos.com\/fr\/groupe\/strategie\/#primaryimage\"},\"thumbnailUrl\":\"https:\/\/www.tereos.com\/app\/uploads\/2023\/06\/farmers-in-a-sugar-beet-fieldshutterstock8636-scaled.jpg\",\"datePublished\":\"2019-01-17T14:28:02+00:00\",\"dateModified\":\"2023-11-13T16:33:22+00:00\",\"description\":\"Le secteur de l\u2019agroalimentaire est en pleine mutation: les pratiques alimentaires \u00e9voluent et avec elles, les attentes des consommateurs. Parall\u00e8lement, la libe\u0301ralisation du secteur sucrier europ\u00e9en constitue une v\u00e9ritable re\u0301volution.\",\"breadcrumb\":{\"@id\":\"https:\/\/tereos.com\/fr\/groupe\/strategie\/#breadcrumb\"},\"inLanguage\":\"fr-FR\",\"potentialAction\":[{\"@type\":\"ReadAction\",\"target\":[\"https:\/\/tereos.com\/fr\/groupe\/strategie\/\"]}]},{\"@type\":\"ImageObject\",\"inLanguage\":\"fr-FR\",\"@id\":\"https:\/\/tereos.com\/fr\/groupe\/strategie\/#primaryimage\",\"url\":\"https:\/\/www.tereos.com\/app\/uploads\/2023\/06\/farmers-in-a-sugar-beet-fieldshutterstock8636-scaled.jpg\",\"contentUrl\":\"https:\/\/www.tereos.com\/app\/uploads\/2023\/06\/farmers-in-a-sugar-beet-fieldshutterstock8636-scaled.jpg\",\"width\":2560,\"height\":1440,\"caption\":\"Homme qui travaille dans un champs de sucre Tereos\"},{\"@type\":\"BreadcrumbList\",\"@id\":\"https:\/\/tereos.com\/fr\/groupe\/strategie\/#breadcrumb\",\"itemListElement\":[{\"@type\":\"ListItem\",\"position\":1,\"name\":\"Home\",\"item\":\"https:\/\/tereos.com\/fr\/\"},{\"@type\":\"ListItem\",\"position\":2,\"name\":\"R\u00e9pondre aux besoins du quotidien gr\u00e2ce au v\u00e9g\u00e9tal en cr\u00e9ant de la valeur pour nos coop\u00e9rateurs\",\"item\":\"https:\/\/tereos.com\/fr\/groupe\/\"},{\"@type\":\"ListItem\",\"position\":3,\"name\":\"B\u00e2tir un mod\u00e8le coop\u00e9ratif solide sur le long terme\"}]},{\"@type\":\"WebSite\",\"@id\":\"https:\/\/tereos.com\/en\/#website\",\"url\":\"https:\/\/tereos.com\/en\/\",\"name\":\"Tereos\",\"description\":\"Un site utilisant WordPress\",\"potentialAction\":[{\"@type\":\"SearchAction\",\"target\":{\"@type\":\"EntryPoint\",\"urlTemplate\":\"https:\/\/tereos.com\/en\/?s={search_term_string}\"},\"query-input\":{\"@type\":\"PropertyValueSpecification\",\"valueRequired\":true,\"valueName\":\"search_term_string\"}}],\"inLanguage\":\"fr-FR\"}]}<\/script>\n<!-- \/ Yoast SEO plugin. -->","yoast_head_json":{"title":"B\u00e2tir un mod\u00e8le coop\u00e9ratif solide sur le long terme - Tereos","description":"Le secteur de l\u2019agroalimentaire est en pleine mutation: les pratiques alimentaires \u00e9voluent et avec elles, les attentes des consommateurs. Parall\u00e8lement, la libe\u0301ralisation du secteur sucrier europ\u00e9en constitue une v\u00e9ritable re\u0301volution.","robots":{"index":"index","follow":"follow","max-snippet":"max-snippet:-1","max-image-preview":"max-image-preview:large","max-video-preview":"max-video-preview:-1"},"canonical":"https:\/\/tereos.com\/fr\/groupe\/strategie\/","og_locale":"fr_FR","og_type":"article","og_title":"B\u00e2tir un mod\u00e8le coop\u00e9ratif solide sur le long terme - Tereos","og_description":"Le secteur de l\u2019agroalimentaire est en pleine mutation: les pratiques alimentaires \u00e9voluent et avec elles, les attentes des consommateurs. Parall\u00e8lement, la libe\u0301ralisation du secteur sucrier europ\u00e9en constitue une v\u00e9ritable re\u0301volution.","og_url":"https:\/\/tereos.com\/fr\/groupe\/strategie\/","og_site_name":"Tereos","article_modified_time":"2023-11-13T16:33:22+00:00","og_image":[{"width":2560,"height":1440,"url":"https:\/\/tereos.com\/app\/uploads\/2023\/06\/farmers-in-a-sugar-beet-fieldshutterstock8636-scaled.jpg","type":"image\/jpeg"}],"twitter_card":"summary_large_image","schema":{"@context":"https:\/\/schema.org","@graph":[{"@type":"WebPage","@id":"https:\/\/tereos.com\/fr\/groupe\/strategie\/","url":"https:\/\/tereos.com\/fr\/groupe\/strategie\/","name":"B\u00e2tir un mod\u00e8le coop\u00e9ratif solide sur le long terme - Tereos","isPartOf":{"@id":"https:\/\/tereos.com\/en\/#website"},"primaryImageOfPage":{"@id":"https:\/\/tereos.com\/fr\/groupe\/strategie\/#primaryimage"},"image":{"@id":"https:\/\/tereos.com\/fr\/groupe\/strategie\/#primaryimage"},"thumbnailUrl":"https:\/\/www.tereos.com\/app\/uploads\/2023\/06\/farmers-in-a-sugar-beet-fieldshutterstock8636-scaled.jpg","datePublished":"2019-01-17T14:28:02+00:00","dateModified":"2023-11-13T16:33:22+00:00","description":"Le secteur de l\u2019agroalimentaire est en pleine mutation: les pratiques alimentaires \u00e9voluent et avec elles, les attentes des consommateurs. Parall\u00e8lement, la libe\u0301ralisation du secteur sucrier europ\u00e9en constitue une v\u00e9ritable re\u0301volution.","breadcrumb":{"@id":"https:\/\/tereos.com\/fr\/groupe\/strategie\/#breadcrumb"},"inLanguage":"fr-FR","potentialAction":[{"@type":"ReadAction","target":["https:\/\/tereos.com\/fr\/groupe\/strategie\/"]}]},{"@type":"ImageObject","inLanguage":"fr-FR","@id":"https:\/\/tereos.com\/fr\/groupe\/strategie\/#primaryimage","url":"https:\/\/www.tereos.com\/app\/uploads\/2023\/06\/farmers-in-a-sugar-beet-fieldshutterstock8636-scaled.jpg","contentUrl":"https:\/\/www.tereos.com\/app\/uploads\/2023\/06\/farmers-in-a-sugar-beet-fieldshutterstock8636-scaled.jpg","width":2560,"height":1440,"caption":"Homme qui travaille dans un champs de sucre Tereos"},{"@type":"BreadcrumbList","@id":"https:\/\/tereos.com\/fr\/groupe\/strategie\/#breadcrumb","itemListElement":[{"@type":"ListItem","position":1,"name":"Home","item":"https:\/\/tereos.com\/fr\/"},{"@type":"ListItem","position":2,"name":"R\u00e9pondre aux besoins du quotidien gr\u00e2ce au v\u00e9g\u00e9tal en cr\u00e9ant de la valeur pour nos coop\u00e9rateurs","item":"https:\/\/tereos.com\/fr\/groupe\/"},{"@type":"ListItem","position":3,"name":"B\u00e2tir un mod\u00e8le coop\u00e9ratif solide sur le long terme"}]},{"@type":"WebSite","@id":"https:\/\/tereos.com\/en\/#website","url":"https:\/\/tereos.com\/en\/","name":"Tereos","description":"Un site utilisant WordPress","potentialAction":[{"@type":"SearchAction","target":{"@type":"EntryPoint","urlTemplate":"https:\/\/tereos.com\/en\/?s={search_term_string}"},"query-input":{"@type":"PropertyValueSpecification","valueRequired":true,"valueName":"search_term_string"}}],"inLanguage":"fr-FR"}]}},"_links":{"self":[{"href":"https:\/\/tereos.com\/fr\/wp-json\/wp\/v2\/pages\/1103"}],"collection":[{"href":"https:\/\/tereos.com\/fr\/wp-json\/wp\/v2\/pages"}],"about":[{"href":"https:\/\/tereos.com\/fr\/wp-json\/wp\/v2\/types\/page"}],"author":[{"embeddable":true,"href":"https:\/\/tereos.com\/fr\/wp-json\/wp\/v2\/users\/9"}],"replies":[{"embeddable":true,"href":"https:\/\/tereos.com\/fr\/wp-json\/wp\/v2\/comments?post=1103"}],"version-history":[{"count":5,"href":"https:\/\/tereos.com\/fr\/wp-json\/wp\/v2\/pages\/1103\/revisions"}],"predecessor-version":[{"id":20503,"href":"https:\/\/tereos.com\/fr\/wp-json\/wp\/v2\/pages\/1103\/revisions\/20503"}],"up":[{"embeddable":true,"href":"https:\/\/tereos.com\/fr\/wp-json\/wp\/v2\/pages\/319"}],"wp:featuredmedia":[{"embeddable":true,"href":"https:\/\/tereos.com\/fr\/wp-json\/wp\/v2\/media\/17413"}],"wp:attachment":[{"href":"https:\/\/tereos.com\/fr\/wp-json\/wp\/v2\/media?parent=1103"}],"curies":[{"name":"wp","href":"https:\/\/api.w.org\/{rel}","templated":true}]}}