{"id":11232,"date":"2020-12-16T10:24:56","date_gmt":"2020-12-16T09:24:56","guid":{"rendered":"https:\/\/tereos.com\/?page_id=11232"},"modified":"2025-01-21T10:11:41","modified_gmt":"2025-01-21T09:11:41","slug":"documentation-qualite-tereos-starch-sweeteners","status":"publish","type":"page","link":"https:\/\/tereos.com\/fr\/documentation-qualite-tereos-starch-sweeteners\/","title":{"rendered":"Documentation Qualit\u00e9 Tereos Starch &amp; Sweeteners Europe"},"content":{"rendered":"<p class=\"p1\">Cher client,<\/p>\n<p class=\"p1\">Cette page n&#8217;est d\u00e9sormais plus accessible. Cependant, nous avons le plaisir de vous annoncer qu&#8217;un nouveau portail Qualit\u00e9 client est d\u00e9sormais \u00e0 votre disposition ! Vous pouvez acc\u00e9der \u00e0 ce nouveau portail en cliquant sur le lien suivant :\u00a0<a href=\"https:\/\/tereos.my.site.com\/\"><span class=\"s1\">https:\/\/tereos.my.site.com<\/span><\/a>, si vous avez d\u00e9j\u00e0 vos identifiants. Si cela n&#8217;est pas le cas, veuillez contacter votre gestionnaire de compte\/commercial.<\/p>\n<p class=\"p1\">Veuillez mettre \u00e0 jour vos signets et utiliser ce nouveau lien pour tout futur acc\u00e8s. Si vous rencontrez des probl\u00e8mes, ou si vous avez besoin d&#8217;aide avec le nouveau portail, n&#8217;h\u00e9sitez pas \u00e0 contacter votre <strong><u>commercial<\/u><\/strong>, ou <a href=\"mailto:customer_requests@tereos.com\">customer_requests@tereos.com<\/a> (pour les produits starch &amp; sweeteners, sucre, alcool et fibres).<\/p>\n<p class=\"p1\">Nous appr\u00e9cions votre compr\u00e9hension et votre coop\u00e9ration.<\/p>\n<p class=\"p1\">Nous vous remercions de la confiance que vous continuez \u00e0 accorder \u00e0 nos produits et \u00e0 nos services !<\/p>\n","protected":false},"excerpt":{"rendered":"<p>Cher client, Cette page n&#8217;est d\u00e9sormais plus accessible. Cependant, nous avons le plaisir de vous annoncer qu&#8217;un nouveau portail Qualit\u00e9 client est d\u00e9sormais \u00e0 votre disposition ! Vous pouvez acc\u00e9der \u00e0 ce nouveau portail en cliquant sur le lien suivant :\u00a0https:\/\/tereos.my.site.com, si vous avez d\u00e9j\u00e0 vos identifiants. Si cela n&#8217;est pas le cas, veuillez contacter [&hellip;]<\/p>\n","protected":false},"author":4,"featured_media":0,"parent":0,"menu_order":0,"comment_status":"closed","ping_status":"closed","template":"","meta":{"_acf_changed":false,"footnotes":""},"class_list":["post-11232","page","type-page","status-publish","hentry"],"acf":{"subtitle":"Documents","subtitle_clone":{"subtitle":"Documents"}},"yoast_head":"<!-- This site is optimized with the Yoast SEO plugin v23.7 - https:\/\/yoast.com\/wordpress\/plugins\/seo\/ -->\n<title>Documentation Qualit\u00e9 Tereos Starch &amp; Sweeteners Europe - Tereos<\/title>\n<meta name=\"robots\" content=\"index, follow, max-snippet:-1, max-image-preview:large, max-video-preview:-1\" \/>\n<link rel=\"canonical\" href=\"https:\/\/tereos.com\/fr\/documentation-qualite-tereos-starch-sweeteners\/\" \/>\n<meta property=\"og:locale\" content=\"fr_FR\" \/>\n<meta property=\"og:type\" content=\"article\" \/>\n<meta property=\"og:title\" content=\"Documentation Qualit\u00e9 Tereos Starch &amp; Sweeteners Europe - Tereos\" \/>\n<meta property=\"og:description\" content=\"Cher client, Cette page n&#8217;est d\u00e9sormais plus accessible. Cependant, nous avons le plaisir de vous annoncer qu&#8217;un nouveau portail Qualit\u00e9 client est d\u00e9sormais \u00e0 votre disposition ! Vous pouvez acc\u00e9der \u00e0 ce nouveau portail en cliquant sur le lien suivant :\u00a0https:\/\/tereos.my.site.com, si vous avez d\u00e9j\u00e0 vos identifiants. Si cela n&#8217;est pas le cas, veuillez contacter [&hellip;]\" \/>\n<meta property=\"og:url\" content=\"https:\/\/tereos.com\/fr\/documentation-qualite-tereos-starch-sweeteners\/\" \/>\n<meta property=\"og:site_name\" content=\"Tereos\" \/>\n<meta property=\"article:modified_time\" content=\"2025-01-21T09:11:41+00:00\" \/>\n<meta name=\"twitter:card\" content=\"summary_large_image\" \/>\n<meta name=\"twitter:label1\" content=\"Est. reading time\" \/>\n\t<meta name=\"twitter:data1\" content=\"1 minute\" \/>\n<script type=\"application\/ld+json\" class=\"yoast-schema-graph\">{\"@context\":\"https:\/\/schema.org\",\"@graph\":[{\"@type\":\"WebPage\",\"@id\":\"https:\/\/tereos.com\/fr\/documentation-qualite-tereos-starch-sweeteners\/\",\"url\":\"https:\/\/tereos.com\/fr\/documentation-qualite-tereos-starch-sweeteners\/\",\"name\":\"Documentation Qualit\u00e9 Tereos Starch &amp; Sweeteners Europe - Tereos\",\"isPartOf\":{\"@id\":\"https:\/\/tereos.com\/en\/#website\"},\"datePublished\":\"2020-12-16T09:24:56+00:00\",\"dateModified\":\"2025-01-21T09:11:41+00:00\",\"breadcrumb\":{\"@id\":\"https:\/\/tereos.com\/fr\/documentation-qualite-tereos-starch-sweeteners\/#breadcrumb\"},\"inLanguage\":\"fr-FR\",\"potentialAction\":[{\"@type\":\"ReadAction\",\"target\":[\"https:\/\/tereos.com\/fr\/documentation-qualite-tereos-starch-sweeteners\/\"]}]},{\"@type\":\"BreadcrumbList\",\"@id\":\"https:\/\/tereos.com\/fr\/documentation-qualite-tereos-starch-sweeteners\/#breadcrumb\",\"itemListElement\":[{\"@type\":\"ListItem\",\"position\":1,\"name\":\"Home\",\"item\":\"https:\/\/tereos.com\/fr\/\"},{\"@type\":\"ListItem\",\"position\":2,\"name\":\"Documentation Qualit\u00e9 Tereos Starch &amp; Sweeteners Europe\"}]},{\"@type\":\"WebSite\",\"@id\":\"https:\/\/tereos.com\/en\/#website\",\"url\":\"https:\/\/tereos.com\/en\/\",\"name\":\"Tereos\",\"description\":\"Un site utilisant WordPress\",\"potentialAction\":[{\"@type\":\"SearchAction\",\"target\":{\"@type\":\"EntryPoint\",\"urlTemplate\":\"https:\/\/tereos.com\/en\/?s={search_term_string}\"},\"query-input\":{\"@type\":\"PropertyValueSpecification\",\"valueRequired\":true,\"valueName\":\"search_term_string\"}}],\"inLanguage\":\"fr-FR\"}]}<\/script>\n<!-- \/ Yoast SEO plugin. -->","yoast_head_json":{"title":"Documentation Qualit\u00e9 Tereos Starch &amp; Sweeteners Europe - Tereos","robots":{"index":"index","follow":"follow","max-snippet":"max-snippet:-1","max-image-preview":"max-image-preview:large","max-video-preview":"max-video-preview:-1"},"canonical":"https:\/\/tereos.com\/fr\/documentation-qualite-tereos-starch-sweeteners\/","og_locale":"fr_FR","og_type":"article","og_title":"Documentation Qualit\u00e9 Tereos Starch &amp; Sweeteners Europe - Tereos","og_description":"Cher client, Cette page n&#8217;est d\u00e9sormais plus accessible. Cependant, nous avons le plaisir de vous annoncer qu&#8217;un nouveau portail Qualit\u00e9 client est d\u00e9sormais \u00e0 votre disposition ! Vous pouvez acc\u00e9der \u00e0 ce nouveau portail en cliquant sur le lien suivant :\u00a0https:\/\/tereos.my.site.com, si vous avez d\u00e9j\u00e0 vos identifiants. Si cela n&#8217;est pas le cas, veuillez contacter [&hellip;]","og_url":"https:\/\/tereos.com\/fr\/documentation-qualite-tereos-starch-sweeteners\/","og_site_name":"Tereos","article_modified_time":"2025-01-21T09:11:41+00:00","twitter_card":"summary_large_image","twitter_misc":{"Est. reading time":"1 minute"},"schema":{"@context":"https:\/\/schema.org","@graph":[{"@type":"WebPage","@id":"https:\/\/tereos.com\/fr\/documentation-qualite-tereos-starch-sweeteners\/","url":"https:\/\/tereos.com\/fr\/documentation-qualite-tereos-starch-sweeteners\/","name":"Documentation Qualit\u00e9 Tereos Starch &amp; Sweeteners Europe - Tereos","isPartOf":{"@id":"https:\/\/tereos.com\/en\/#website"},"datePublished":"2020-12-16T09:24:56+00:00","dateModified":"2025-01-21T09:11:41+00:00","breadcrumb":{"@id":"https:\/\/tereos.com\/fr\/documentation-qualite-tereos-starch-sweeteners\/#breadcrumb"},"inLanguage":"fr-FR","potentialAction":[{"@type":"ReadAction","target":["https:\/\/tereos.com\/fr\/documentation-qualite-tereos-starch-sweeteners\/"]}]},{"@type":"BreadcrumbList","@id":"https:\/\/tereos.com\/fr\/documentation-qualite-tereos-starch-sweeteners\/#breadcrumb","itemListElement":[{"@type":"ListItem","position":1,"name":"Home","item":"https:\/\/tereos.com\/fr\/"},{"@type":"ListItem","position":2,"name":"Documentation Qualit\u00e9 Tereos Starch &amp; Sweeteners Europe"}]},{"@type":"WebSite","@id":"https:\/\/tereos.com\/en\/#website","url":"https:\/\/tereos.com\/en\/","name":"Tereos","description":"Un site utilisant WordPress","potentialAction":[{"@type":"SearchAction","target":{"@type":"EntryPoint","urlTemplate":"https:\/\/tereos.com\/en\/?s={search_term_string}"},"query-input":{"@type":"PropertyValueSpecification","valueRequired":true,"valueName":"search_term_string"}}],"inLanguage":"fr-FR"}]}},"_links":{"self":[{"href":"https:\/\/tereos.com\/fr\/wp-json\/wp\/v2\/pages\/11232"}],"collection":[{"href":"https:\/\/tereos.com\/fr\/wp-json\/wp\/v2\/pages"}],"about":[{"href":"https:\/\/tereos.com\/fr\/wp-json\/wp\/v2\/types\/page"}],"author":[{"embeddable":true,"href":"https:\/\/tereos.com\/fr\/wp-json\/wp\/v2\/users\/4"}],"replies":[{"embeddable":true,"href":"https:\/\/tereos.com\/fr\/wp-json\/wp\/v2\/comments?post=11232"}],"version-history":[{"count":4,"href":"https:\/\/tereos.com\/fr\/wp-json\/wp\/v2\/pages\/11232\/revisions"}],"predecessor-version":[{"id":23624,"href":"https:\/\/tereos.com\/fr\/wp-json\/wp\/v2\/pages\/11232\/revisions\/23624"}],"wp:attachment":[{"href":"https:\/\/tereos.com\/fr\/wp-json\/wp\/v2\/media?parent=11232"}],"curies":[{"name":"wp","href":"https:\/\/api.w.org\/{rel}","templated":true}]}}