{"id":11532,"date":"2021-01-08T14:27:53","date_gmt":"2021-01-08T13:27:53","guid":{"rendered":"https:\/\/tereos.com\/?page_id=11532"},"modified":"2023-10-24T15:44:56","modified_gmt":"2023-10-24T13:44:56","slug":"contact-presse","status":"publish","type":"page","link":"https:\/\/tereos.com\/fr\/contact-presse\/","title":{"rendered":"Contact Presse"},"content":{"rendered":"<p>Bienvenue sur notre espace Presse.<\/p>\n<p>Pour toute demande d&#8217;information, adressez votre requ\u00eate \u00e0 <a href=\"mailto:contact-presse@tereos.com\">contact-presse@tereos.com<\/a><\/p>\n<p>Pour en savoir plus sur les derniers communiqu\u00e9s de Presse publi\u00e9s, merci de cliquer <a href=\"https:\/\/tereos.com\/fr\/nos-actualites\/?tab=press_release\" target=\"_blank\" rel=\"noopener noreferrer\">ici<\/a>.<\/p>\n","protected":false},"excerpt":{"rendered":"<p>Bienvenue sur notre espace Presse. Pour toute demande d&#8217;information, adressez votre requ\u00eate \u00e0 contact-presse@tereos.com Pour en savoir plus sur les derniers communiqu\u00e9s de Presse publi\u00e9s, merci de cliquer ici.<\/p>\n","protected":false},"author":9,"featured_media":0,"parent":0,"menu_order":0,"comment_status":"closed","ping_status":"closed","template":"","meta":{"_acf_changed":false,"footnotes":""},"class_list":["post-11532","page","type-page","status-publish","hentry"],"acf":[],"yoast_head":"<!-- This site is optimized with the Yoast SEO plugin v23.7 - https:\/\/yoast.com\/wordpress\/plugins\/seo\/ -->\n<title>Contact Presse - Tereos<\/title>\n<meta name=\"robots\" content=\"index, follow, max-snippet:-1, max-image-preview:large, max-video-preview:-1\" \/>\n<link rel=\"canonical\" href=\"https:\/\/tereos.com\/fr\/contact-presse\/\" \/>\n<meta property=\"og:locale\" content=\"fr_FR\" \/>\n<meta property=\"og:type\" content=\"article\" \/>\n<meta property=\"og:title\" content=\"Contact Presse - Tereos\" \/>\n<meta property=\"og:description\" content=\"Bienvenue sur notre espace Presse. Pour toute demande d&#8217;information, adressez votre requ\u00eate \u00e0 contact-presse@tereos.com Pour en savoir plus sur les derniers communiqu\u00e9s de Presse publi\u00e9s, merci de cliquer ici.\" \/>\n<meta property=\"og:url\" content=\"https:\/\/tereos.com\/fr\/contact-presse\/\" \/>\n<meta property=\"og:site_name\" content=\"Tereos\" \/>\n<meta property=\"article:modified_time\" content=\"2023-10-24T13:44:56+00:00\" \/>\n<meta name=\"twitter:card\" content=\"summary_large_image\" \/>\n<meta name=\"twitter:label1\" content=\"Est. reading time\" \/>\n\t<meta name=\"twitter:data1\" content=\"1 minute\" \/>\n<script type=\"application\/ld+json\" class=\"yoast-schema-graph\">{\"@context\":\"https:\/\/schema.org\",\"@graph\":[{\"@type\":\"WebPage\",\"@id\":\"https:\/\/tereos.com\/fr\/contact-presse\/\",\"url\":\"https:\/\/tereos.com\/fr\/contact-presse\/\",\"name\":\"Contact Presse - Tereos\",\"isPartOf\":{\"@id\":\"https:\/\/tereos.com\/en\/#website\"},\"datePublished\":\"2021-01-08T13:27:53+00:00\",\"dateModified\":\"2023-10-24T13:44:56+00:00\",\"breadcrumb\":{\"@id\":\"https:\/\/tereos.com\/fr\/contact-presse\/#breadcrumb\"},\"inLanguage\":\"fr-FR\",\"potentialAction\":[{\"@type\":\"ReadAction\",\"target\":[\"https:\/\/tereos.com\/fr\/contact-presse\/\"]}]},{\"@type\":\"BreadcrumbList\",\"@id\":\"https:\/\/tereos.com\/fr\/contact-presse\/#breadcrumb\",\"itemListElement\":[{\"@type\":\"ListItem\",\"position\":1,\"name\":\"Home\",\"item\":\"https:\/\/tereos.com\/fr\/\"},{\"@type\":\"ListItem\",\"position\":2,\"name\":\"Contact Presse\"}]},{\"@type\":\"WebSite\",\"@id\":\"https:\/\/tereos.com\/en\/#website\",\"url\":\"https:\/\/tereos.com\/en\/\",\"name\":\"Tereos\",\"description\":\"Un site utilisant WordPress\",\"potentialAction\":[{\"@type\":\"SearchAction\",\"target\":{\"@type\":\"EntryPoint\",\"urlTemplate\":\"https:\/\/tereos.com\/en\/?s={search_term_string}\"},\"query-input\":{\"@type\":\"PropertyValueSpecification\",\"valueRequired\":true,\"valueName\":\"search_term_string\"}}],\"inLanguage\":\"fr-FR\"}]}<\/script>\n<!-- \/ Yoast SEO plugin. -->","yoast_head_json":{"title":"Contact Presse - Tereos","robots":{"index":"index","follow":"follow","max-snippet":"max-snippet:-1","max-image-preview":"max-image-preview:large","max-video-preview":"max-video-preview:-1"},"canonical":"https:\/\/tereos.com\/fr\/contact-presse\/","og_locale":"fr_FR","og_type":"article","og_title":"Contact Presse - Tereos","og_description":"Bienvenue sur notre espace Presse. Pour toute demande d&#8217;information, adressez votre requ\u00eate \u00e0 contact-presse@tereos.com Pour en savoir plus sur les derniers communiqu\u00e9s de Presse publi\u00e9s, merci de cliquer ici.","og_url":"https:\/\/tereos.com\/fr\/contact-presse\/","og_site_name":"Tereos","article_modified_time":"2023-10-24T13:44:56+00:00","twitter_card":"summary_large_image","twitter_misc":{"Est. reading time":"1 minute"},"schema":{"@context":"https:\/\/schema.org","@graph":[{"@type":"WebPage","@id":"https:\/\/tereos.com\/fr\/contact-presse\/","url":"https:\/\/tereos.com\/fr\/contact-presse\/","name":"Contact Presse - Tereos","isPartOf":{"@id":"https:\/\/tereos.com\/en\/#website"},"datePublished":"2021-01-08T13:27:53+00:00","dateModified":"2023-10-24T13:44:56+00:00","breadcrumb":{"@id":"https:\/\/tereos.com\/fr\/contact-presse\/#breadcrumb"},"inLanguage":"fr-FR","potentialAction":[{"@type":"ReadAction","target":["https:\/\/tereos.com\/fr\/contact-presse\/"]}]},{"@type":"BreadcrumbList","@id":"https:\/\/tereos.com\/fr\/contact-presse\/#breadcrumb","itemListElement":[{"@type":"ListItem","position":1,"name":"Home","item":"https:\/\/tereos.com\/fr\/"},{"@type":"ListItem","position":2,"name":"Contact Presse"}]},{"@type":"WebSite","@id":"https:\/\/tereos.com\/en\/#website","url":"https:\/\/tereos.com\/en\/","name":"Tereos","description":"Un site utilisant WordPress","potentialAction":[{"@type":"SearchAction","target":{"@type":"EntryPoint","urlTemplate":"https:\/\/tereos.com\/en\/?s={search_term_string}"},"query-input":{"@type":"PropertyValueSpecification","valueRequired":true,"valueName":"search_term_string"}}],"inLanguage":"fr-FR"}]}},"_links":{"self":[{"href":"https:\/\/tereos.com\/fr\/wp-json\/wp\/v2\/pages\/11532"}],"collection":[{"href":"https:\/\/tereos.com\/fr\/wp-json\/wp\/v2\/pages"}],"about":[{"href":"https:\/\/tereos.com\/fr\/wp-json\/wp\/v2\/types\/page"}],"author":[{"embeddable":true,"href":"https:\/\/tereos.com\/fr\/wp-json\/wp\/v2\/users\/9"}],"replies":[{"embeddable":true,"href":"https:\/\/tereos.com\/fr\/wp-json\/wp\/v2\/comments?post=11532"}],"version-history":[{"count":3,"href":"https:\/\/tereos.com\/fr\/wp-json\/wp\/v2\/pages\/11532\/revisions"}],"predecessor-version":[{"id":20206,"href":"https:\/\/tereos.com\/fr\/wp-json\/wp\/v2\/pages\/11532\/revisions\/20206"}],"wp:attachment":[{"href":"https:\/\/tereos.com\/fr\/wp-json\/wp\/v2\/media?parent=11532"}],"curies":[{"name":"wp","href":"https:\/\/api.w.org\/{rel}","templated":true}]}}