{"id":1177,"date":"2019-01-24T19:40:36","date_gmt":"2019-01-24T18:40:36","guid":{"rendered":"https:\/\/tereos.com\/?page_id=1177"},"modified":"2023-08-16T14:47:30","modified_gmt":"2023-08-16T12:47:30","slug":"innovation","status":"publish","type":"page","link":"https:\/\/tereos.com\/fr\/groupe\/innovation\/","title":{"rendered":"Innover pour accompagner un monde qui change"},"content":{"rendered":"","protected":false},"excerpt":{"rendered":"","protected":false},"author":9,"featured_media":17470,"parent":319,"menu_order":0,"comment_status":"closed","ping_status":"closed","template":"page-editorial.php","meta":{"_acf_changed":false,"footnotes":""},"class_list":["post-1177","page","type-page","status-publish","has-post-thumbnail","hentry"],"acf":{"is_story":false,"is_testimonial":false,"cover_type":"image","cover_image":17470,"link":"","cover_video_clone":{"cover_mode":"classic","cover_image":17470},"subtitle":"Innovation","subtitle_clone":{"subtitle":"Innovation"},"headline":"Afin d\u2019anticiper les \u00e9volutions des march\u00e9s, Tereos innove sur l\u2019ensemble de la cha\u00eene de valeur. Avec l\u2019ensemble de ses partenaires : clients, monde agricole, fournisseurs, recherche acad\u00e9mique et technologique, pouvoirs publics et collaborateurs. Le Groupe se pr\u00e9pare aux d\u00e9fis de demain pour r\u00e9pondre aux besoins alimentaires et \u00e9nerg\u00e9tiques des consommateurs tout en anticipant ceux des g\u00e9n\u00e9rations futures.","headline_clone":{"headline":"Afin d\u2019anticiper les \u00e9volutions des march\u00e9s, Tereos innove sur l\u2019ensemble de la cha\u00eene de valeur. Avec l\u2019ensemble de ses partenaires : clients, monde agricole, fournisseurs, recherche acad\u00e9mique et technologique, pouvoirs publics et collaborateurs. Le Groupe se pr\u00e9pare aux d\u00e9fis de demain pour r\u00e9pondre aux besoins alimentaires et \u00e9nerg\u00e9tiques des consommateurs tout en anticipant ceux des g\u00e9n\u00e9rations futures."},"sections":[{"acf_fc_layout":"media","anchor_title":"","type":"image","video":"","image":17463,"caption":"","is_downloadable":false,"items":[{"image":430,"caption":"","is_downloadable":false},{"image":451,"caption":"","is_downloadable":false}]},{"acf_fc_layout":"rich_text","anchor_title":"","text":"<p>Chez Tereos, l\u2019innovation est source de cr\u00e9ation de valeur, de l\u2019amont agricole jusqu\u2019aux consommateurs. L\u2019innovation est un moteur de la croissance du Groupe et une clef de diff\u00e9renciation et de comp\u00e9titivit\u00e9 sur un march\u00e9 de commodit\u00e9s tr\u00e8s concurrentiel.<\/p>\n<p>Trois ambitions guident notre d\u00e9marche d\u2019innovation :<\/p>\n<ul>\n<li>Valoriser tout le potentiel des mati\u00e8res premi\u00e8res de mani\u00e8re \u00e0 garantir la comp\u00e9titivit\u00e9 et en cons\u00e9quence la p\u00e9rennit\u00e9 de la production agricole r\u00e9gionale.<\/li>\n<li>Garantir aux clients de Tereos et aux consommateurs un acc\u00e8s comp\u00e9titif \u00e0 des produits et des ingr\u00e9dients de qualit\u00e9.<\/li>\n<li>D\u00e9velopper des modes de production respectueux de l\u2019environnement, \u00e9conomes en eau et \u00e9nergie.<\/li>\n<\/ul>\n<p>L\u2019innovation chez Tereos est aussi le fruit d\u2019une d\u00e9marche de R&amp;D applicative orient\u00e9e totalement vers nos clients en anticipant les \u00e9volutions soci\u00e9tales et leur proposant des ingr\u00e9dients et prototypes pour demain.<\/p>\n"},{"acf_fc_layout":"key_figures","anchor_title":"","title":"","items":[{"key_figure":{"prefix":"","figure":"3","suffix":""},"caption":"centres R&amp;D "},{"key_figure":{"prefix":"","figure":"76","suffix":""},"caption":"experts R&amp;D \u00e0 travers le monde"}]},{"acf_fc_layout":"rich_text","anchor_title":"","text":"<h2>Une d\u00e9marche d\u2019innovation ouverte<\/h2>\n<p>Chez Tereos, nous pensons que l\u2019innovation na\u00eet de la collaboration et de l\u2019association de talents. Le Groupe s\u2019allie \u00e0 des acteurs publics et priv\u00e9s, des start-ups, des organismes de recherche acad\u00e9miques, et inscrit cette d\u00e9marche d\u2019open-innovation \u00e9galement dans une relation de forte proximit\u00e9 avec ses clients industriels.<\/p>\n"},{"acf_fc_layout":"media","anchor_title":"","type":"video","video":"<iframe class=\"embed-responsive-item\" title=\"Film Innovation Tereos\" src=\"https:\/\/www.youtube.com\/embed\/xyK_3FF2N18?feature=oembed\" frameborder=\"0\" allow=\"accelerometer; autoplay; clipboard-write; encrypted-media; gyroscope; picture-in-picture; web-share\" referrerpolicy=\"strict-origin-when-cross-origin\" allowfullscreen allow=\"autoplay; encrypted-media\"><\/iframe>","image":false,"caption":"","is_downloadable":false,"items":false},{"acf_fc_layout":"rich_text","anchor_title":"","text":"<h2>Les 6 axes de notre politique d\u2019innovation<\/h2>\n"},{"acf_fc_layout":"featured_pages","anchor_title":"","rows":[{"items":[{"title":"Agronomie","image":false,"page":{"ID":1184,"post_author":"9","post_date":"2019-01-24 20:08:29","post_date_gmt":"2019-01-24 19:08:29","post_content":"","post_title":"Agronomie","post_excerpt":"","post_status":"publish","comment_status":"closed","ping_status":"closed","post_password":"","post_name":"agronomie","to_ping":"","pinged":"","post_modified":"2024-06-12 14:49:58","post_modified_gmt":"2024-06-12 12:49:58","post_content_filtered":"","post_parent":1177,"guid":"https:\/\/tereos.com\/?page_id=1184","menu_order":0,"post_type":"page","post_mime_type":"","comment_count":"0","filter":"raw"}},{"title":"Process industriel","image":false,"page":{"ID":1201,"post_author":"9","post_date":"2019-01-29 10:57:21","post_date_gmt":"2019-01-29 09:57:21","post_content":"","post_title":"Process industriel","post_excerpt":"","post_status":"publish","comment_status":"closed","ping_status":"closed","post_password":"","post_name":"process-industriel","to_ping":"","pinged":"","post_modified":"2023-07-11 09:24:43","post_modified_gmt":"2023-07-11 07:24:43","post_content_filtered":"","post_parent":1177,"guid":"https:\/\/tereos.com\/?page_id=1201","menu_order":0,"post_type":"page","post_mime_type":"","comment_count":"0","filter":"raw"}},{"title":"\u00c9nergie","image":false,"page":{"ID":1209,"post_author":"9","post_date":"2019-01-29 11:34:31","post_date_gmt":"2019-01-29 10:34:31","post_content":"","post_title":"\u00c9nergie","post_excerpt":"","post_status":"publish","comment_status":"closed","ping_status":"closed","post_password":"","post_name":"energie","to_ping":"","pinged":"","post_modified":"2023-07-11 09:25:35","post_modified_gmt":"2023-07-11 07:25:35","post_content_filtered":"","post_parent":1177,"guid":"https:\/\/tereos.com\/?page_id=1209","menu_order":0,"post_type":"page","post_mime_type":"","comment_count":"0","filter":"raw"}}]},{"items":[{"title":"Chimie verte","image":false,"page":{"ID":1215,"post_author":"9","post_date":"2019-01-29 12:00:54","post_date_gmt":"2019-01-29 11:00:54","post_content":"","post_title":"Chimie verte","post_excerpt":"","post_status":"publish","comment_status":"closed","ping_status":"closed","post_password":"","post_name":"chimie-verte","to_ping":"","pinged":"","post_modified":"2023-07-11 09:26:26","post_modified_gmt":"2023-07-11 07:26:26","post_content_filtered":"","post_parent":1177,"guid":"https:\/\/tereos.com\/?page_id=1215","menu_order":0,"post_type":"page","post_mime_type":"","comment_count":"0","filter":"raw"}},{"title":"Pharmacie","image":false,"page":{"ID":1220,"post_author":"9","post_date":"2019-01-31 11:59:38","post_date_gmt":"2019-01-31 10:59:38","post_content":"","post_title":"Pharmacie","post_excerpt":"","post_status":"publish","comment_status":"closed","ping_status":"closed","post_password":"","post_name":"pharmacie","to_ping":"","pinged":"","post_modified":"2023-07-11 09:27:16","post_modified_gmt":"2023-07-11 07:27:16","post_content_filtered":"","post_parent":1177,"guid":"https:\/\/tereos.com\/?page_id=1220","menu_order":0,"post_type":"page","post_mime_type":"","comment_count":"0","filter":"raw"}},{"title":"Nutrition Sant\u00e9","image":false,"page":{"ID":1231,"post_author":"9","post_date":"2019-01-31 14:03:34","post_date_gmt":"2019-01-31 13:03:34","post_content":"","post_title":"Nutrition Sant\u00e9","post_excerpt":"","post_status":"publish","comment_status":"closed","ping_status":"closed","post_password":"","post_name":"nutrition-sante","to_ping":"","pinged":"","post_modified":"2024-04-17 14:45:01","post_modified_gmt":"2024-04-17 12:45:01","post_content_filtered":"","post_parent":1177,"guid":"https:\/\/tereos.com\/?page_id=1231","menu_order":0,"post_type":"page","post_mime_type":"","comment_count":"0","filter":"raw"}}]}]}],"flexible_editorial_clone":{"has_anchors":false,"sections":[{"acf_fc_layout":"media","anchor_title":"","type":"image","video":"","image":17463,"caption":"","is_downloadable":false,"items":[{"image":430,"caption":"","is_downloadable":false},{"image":451,"caption":"","is_downloadable":false}]},{"acf_fc_layout":"rich_text","anchor_title":"","text":"<p>Chez Tereos, l\u2019innovation est source de cr\u00e9ation de valeur, de l\u2019amont agricole jusqu\u2019aux consommateurs. L\u2019innovation est un moteur de la croissance du Groupe et une clef de diff\u00e9renciation et de comp\u00e9titivit\u00e9 sur un march\u00e9 de commodit\u00e9s tr\u00e8s concurrentiel.<\/p>\n<p>Trois ambitions guident notre d\u00e9marche d\u2019innovation :<\/p>\n<ul>\n<li>Valoriser tout le potentiel des mati\u00e8res premi\u00e8res de mani\u00e8re \u00e0 garantir la comp\u00e9titivit\u00e9 et en cons\u00e9quence la p\u00e9rennit\u00e9 de la production agricole r\u00e9gionale.<\/li>\n<li>Garantir aux clients de Tereos et aux consommateurs un acc\u00e8s comp\u00e9titif \u00e0 des produits et des ingr\u00e9dients de qualit\u00e9.<\/li>\n<li>D\u00e9velopper des modes de production respectueux de l\u2019environnement, \u00e9conomes en eau et \u00e9nergie.<\/li>\n<\/ul>\n<p>L\u2019innovation chez Tereos est aussi le fruit d\u2019une d\u00e9marche de R&amp;D applicative orient\u00e9e totalement vers nos clients en anticipant les \u00e9volutions soci\u00e9tales et leur proposant des ingr\u00e9dients et prototypes pour demain.<\/p>\n"},{"acf_fc_layout":"key_figures","anchor_title":"","title":"","items":[{"key_figure":{"prefix":"","figure":"3","suffix":""},"caption":"centres R&amp;D "},{"key_figure":{"prefix":"","figure":"76","suffix":""},"caption":"experts R&amp;D \u00e0 travers le monde"}]},{"acf_fc_layout":"rich_text","anchor_title":"","text":"<h2>Une d\u00e9marche d\u2019innovation ouverte<\/h2>\n<p>Chez Tereos, nous pensons que l\u2019innovation na\u00eet de la collaboration et de l\u2019association de talents. Le Groupe s\u2019allie \u00e0 des acteurs publics et priv\u00e9s, des start-ups, des organismes de recherche acad\u00e9miques, et inscrit cette d\u00e9marche d\u2019open-innovation \u00e9galement dans une relation de forte proximit\u00e9 avec ses clients industriels.<\/p>\n"},{"acf_fc_layout":"media","anchor_title":"","type":"video","video":"<iframe class=\"embed-responsive-item\" title=\"Film Innovation Tereos\" src=\"https:\/\/www.youtube.com\/embed\/xyK_3FF2N18?feature=oembed\" frameborder=\"0\" allow=\"accelerometer; autoplay; clipboard-write; encrypted-media; gyroscope; picture-in-picture; web-share\" referrerpolicy=\"strict-origin-when-cross-origin\" allowfullscreen allow=\"autoplay; encrypted-media\"><\/iframe>","image":false,"caption":"","is_downloadable":false,"items":false},{"acf_fc_layout":"rich_text","anchor_title":"","text":"<h2>Les 6 axes de notre politique d\u2019innovation<\/h2>\n"},{"acf_fc_layout":"featured_pages","anchor_title":"","rows":[{"items":[{"title":"Agronomie","image":false,"page":{"ID":1184,"post_author":"9","post_date":"2019-01-24 20:08:29","post_date_gmt":"2019-01-24 19:08:29","post_content":"","post_title":"Agronomie","post_excerpt":"","post_status":"publish","comment_status":"closed","ping_status":"closed","post_password":"","post_name":"agronomie","to_ping":"","pinged":"","post_modified":"2024-06-12 14:49:58","post_modified_gmt":"2024-06-12 12:49:58","post_content_filtered":"","post_parent":1177,"guid":"https:\/\/tereos.com\/?page_id=1184","menu_order":0,"post_type":"page","post_mime_type":"","comment_count":"0","filter":"raw"}},{"title":"Process industriel","image":false,"page":{"ID":1201,"post_author":"9","post_date":"2019-01-29 10:57:21","post_date_gmt":"2019-01-29 09:57:21","post_content":"","post_title":"Process industriel","post_excerpt":"","post_status":"publish","comment_status":"closed","ping_status":"closed","post_password":"","post_name":"process-industriel","to_ping":"","pinged":"","post_modified":"2023-07-11 09:24:43","post_modified_gmt":"2023-07-11 07:24:43","post_content_filtered":"","post_parent":1177,"guid":"https:\/\/tereos.com\/?page_id=1201","menu_order":0,"post_type":"page","post_mime_type":"","comment_count":"0","filter":"raw"}},{"title":"\u00c9nergie","image":false,"page":{"ID":1209,"post_author":"9","post_date":"2019-01-29 11:34:31","post_date_gmt":"2019-01-29 10:34:31","post_content":"","post_title":"\u00c9nergie","post_excerpt":"","post_status":"publish","comment_status":"closed","ping_status":"closed","post_password":"","post_name":"energie","to_ping":"","pinged":"","post_modified":"2023-07-11 09:25:35","post_modified_gmt":"2023-07-11 07:25:35","post_content_filtered":"","post_parent":1177,"guid":"https:\/\/tereos.com\/?page_id=1209","menu_order":0,"post_type":"page","post_mime_type":"","comment_count":"0","filter":"raw"}}]},{"items":[{"title":"Chimie verte","image":false,"page":{"ID":1215,"post_author":"9","post_date":"2019-01-29 12:00:54","post_date_gmt":"2019-01-29 11:00:54","post_content":"","post_title":"Chimie verte","post_excerpt":"","post_status":"publish","comment_status":"closed","ping_status":"closed","post_password":"","post_name":"chimie-verte","to_ping":"","pinged":"","post_modified":"2023-07-11 09:26:26","post_modified_gmt":"2023-07-11 07:26:26","post_content_filtered":"","post_parent":1177,"guid":"https:\/\/tereos.com\/?page_id=1215","menu_order":0,"post_type":"page","post_mime_type":"","comment_count":"0","filter":"raw"}},{"title":"Pharmacie","image":false,"page":{"ID":1220,"post_author":"9","post_date":"2019-01-31 11:59:38","post_date_gmt":"2019-01-31 10:59:38","post_content":"","post_title":"Pharmacie","post_excerpt":"","post_status":"publish","comment_status":"closed","ping_status":"closed","post_password":"","post_name":"pharmacie","to_ping":"","pinged":"","post_modified":"2023-07-11 09:27:16","post_modified_gmt":"2023-07-11 07:27:16","post_content_filtered":"","post_parent":1177,"guid":"https:\/\/tereos.com\/?page_id=1220","menu_order":0,"post_type":"page","post_mime_type":"","comment_count":"0","filter":"raw"}},{"title":"Nutrition Sant\u00e9","image":false,"page":{"ID":1231,"post_author":"9","post_date":"2019-01-31 14:03:34","post_date_gmt":"2019-01-31 13:03:34","post_content":"","post_title":"Nutrition Sant\u00e9","post_excerpt":"","post_status":"publish","comment_status":"closed","ping_status":"closed","post_password":"","post_name":"nutrition-sante","to_ping":"","pinged":"","post_modified":"2024-04-17 14:45:01","post_modified_gmt":"2024-04-17 12:45:01","post_content_filtered":"","post_parent":1177,"guid":"https:\/\/tereos.com\/?page_id=1231","menu_order":0,"post_type":"page","post_mime_type":"","comment_count":"0","filter":"raw"}}]}]}]},"cover_mode":"classic","has_anchors":false},"yoast_head":"<!-- This site is optimized with the Yoast SEO plugin v23.7 - https:\/\/yoast.com\/wordpress\/plugins\/seo\/ -->\n<title>Innover pour accompagner un monde qui change - Tereos<\/title>\n<meta name=\"description\" content=\"Afin d\u2019anticiper les \u00e9volutions des march\u00e9s, Tereos innove sur l\u2019ensemble de la cha\u00eene de valeur. Avec l\u2019ensemble de ses partenaires : clients, monde agricole, fournisseurs, recherche acad\u00e9mique et technologique, pouvoirs publics et collaborateurs.\" \/>\n<meta name=\"robots\" content=\"index, follow, max-snippet:-1, max-image-preview:large, max-video-preview:-1\" \/>\n<link rel=\"canonical\" href=\"https:\/\/tereos.com\/fr\/groupe\/innovation\/\" \/>\n<meta property=\"og:locale\" content=\"fr_FR\" \/>\n<meta property=\"og:type\" content=\"article\" \/>\n<meta property=\"og:title\" content=\"Innover pour accompagner un monde qui change - Tereos\" \/>\n<meta property=\"og:description\" content=\"Afin d\u2019anticiper les \u00e9volutions des march\u00e9s, Tereos innove sur l\u2019ensemble de la cha\u00eene de valeur. Avec l\u2019ensemble de ses partenaires : clients, monde agricole, fournisseurs, recherche acad\u00e9mique et technologique, pouvoirs publics et collaborateurs.\" \/>\n<meta property=\"og:url\" content=\"https:\/\/tereos.com\/fr\/groupe\/innovation\/\" \/>\n<meta property=\"og:site_name\" content=\"Tereos\" \/>\n<meta property=\"article:modified_time\" content=\"2023-08-16T12:47:30+00:00\" \/>\n<meta property=\"og:image\" content=\"https:\/\/tereos.com\/app\/uploads\/2023\/06\/origny-s-plant-analysis-laboratorygreg-gonzalez8725-scaled.jpg\" \/>\n\t<meta property=\"og:image:width\" content=\"2560\" \/>\n\t<meta property=\"og:image:height\" content=\"1707\" \/>\n\t<meta property=\"og:image:type\" content=\"image\/jpeg\" \/>\n<meta name=\"twitter:card\" content=\"summary_large_image\" \/>\n<script type=\"application\/ld+json\" class=\"yoast-schema-graph\">{\"@context\":\"https:\/\/schema.org\",\"@graph\":[{\"@type\":\"WebPage\",\"@id\":\"https:\/\/tereos.com\/fr\/groupe\/innovation\/\",\"url\":\"https:\/\/tereos.com\/fr\/groupe\/innovation\/\",\"name\":\"Innover pour accompagner un monde qui change - Tereos\",\"isPartOf\":{\"@id\":\"https:\/\/tereos.com\/en\/#website\"},\"primaryImageOfPage\":{\"@id\":\"https:\/\/tereos.com\/fr\/groupe\/innovation\/#primaryimage\"},\"image\":{\"@id\":\"https:\/\/tereos.com\/fr\/groupe\/innovation\/#primaryimage\"},\"thumbnailUrl\":\"https:\/\/www.tereos.com\/app\/uploads\/2023\/06\/origny-s-plant-analysis-laboratorygreg-gonzalez8725-scaled.jpg\",\"datePublished\":\"2019-01-24T18:40:36+00:00\",\"dateModified\":\"2023-08-16T12:47:30+00:00\",\"description\":\"Afin d\u2019anticiper les \u00e9volutions des march\u00e9s, Tereos innove sur l\u2019ensemble de la cha\u00eene de valeur. Avec l\u2019ensemble de ses partenaires : clients, monde agricole, fournisseurs, recherche acad\u00e9mique et technologique, pouvoirs publics et collaborateurs.\",\"breadcrumb\":{\"@id\":\"https:\/\/tereos.com\/fr\/groupe\/innovation\/#breadcrumb\"},\"inLanguage\":\"fr-FR\",\"potentialAction\":[{\"@type\":\"ReadAction\",\"target\":[\"https:\/\/tereos.com\/fr\/groupe\/innovation\/\"]}]},{\"@type\":\"ImageObject\",\"inLanguage\":\"fr-FR\",\"@id\":\"https:\/\/tereos.com\/fr\/groupe\/innovation\/#primaryimage\",\"url\":\"https:\/\/www.tereos.com\/app\/uploads\/2023\/06\/origny-s-plant-analysis-laboratorygreg-gonzalez8725-scaled.jpg\",\"contentUrl\":\"https:\/\/www.tereos.com\/app\/uploads\/2023\/06\/origny-s-plant-analysis-laboratorygreg-gonzalez8725-scaled.jpg\",\"width\":2560,\"height\":1707,\"caption\":\"Laboratoire d'analyse Tereos\"},{\"@type\":\"BreadcrumbList\",\"@id\":\"https:\/\/tereos.com\/fr\/groupe\/innovation\/#breadcrumb\",\"itemListElement\":[{\"@type\":\"ListItem\",\"position\":1,\"name\":\"Home\",\"item\":\"https:\/\/tereos.com\/fr\/\"},{\"@type\":\"ListItem\",\"position\":2,\"name\":\"R\u00e9pondre aux besoins du quotidien gr\u00e2ce au v\u00e9g\u00e9tal en cr\u00e9ant de la valeur pour nos coop\u00e9rateurs\",\"item\":\"https:\/\/tereos.com\/fr\/groupe\/\"},{\"@type\":\"ListItem\",\"position\":3,\"name\":\"Innover pour accompagner un monde qui change\"}]},{\"@type\":\"WebSite\",\"@id\":\"https:\/\/tereos.com\/en\/#website\",\"url\":\"https:\/\/tereos.com\/en\/\",\"name\":\"Tereos\",\"description\":\"Un site utilisant WordPress\",\"potentialAction\":[{\"@type\":\"SearchAction\",\"target\":{\"@type\":\"EntryPoint\",\"urlTemplate\":\"https:\/\/tereos.com\/en\/?s={search_term_string}\"},\"query-input\":{\"@type\":\"PropertyValueSpecification\",\"valueRequired\":true,\"valueName\":\"search_term_string\"}}],\"inLanguage\":\"fr-FR\"}]}<\/script>\n<!-- \/ Yoast SEO plugin. -->","yoast_head_json":{"title":"Innover pour accompagner un monde qui change - Tereos","description":"Afin d\u2019anticiper les \u00e9volutions des march\u00e9s, Tereos innove sur l\u2019ensemble de la cha\u00eene de valeur. Avec l\u2019ensemble de ses partenaires : clients, monde agricole, fournisseurs, recherche acad\u00e9mique et technologique, pouvoirs publics et collaborateurs.","robots":{"index":"index","follow":"follow","max-snippet":"max-snippet:-1","max-image-preview":"max-image-preview:large","max-video-preview":"max-video-preview:-1"},"canonical":"https:\/\/tereos.com\/fr\/groupe\/innovation\/","og_locale":"fr_FR","og_type":"article","og_title":"Innover pour accompagner un monde qui change - Tereos","og_description":"Afin d\u2019anticiper les \u00e9volutions des march\u00e9s, Tereos innove sur l\u2019ensemble de la cha\u00eene de valeur. Avec l\u2019ensemble de ses partenaires : clients, monde agricole, fournisseurs, recherche acad\u00e9mique et technologique, pouvoirs publics et collaborateurs.","og_url":"https:\/\/tereos.com\/fr\/groupe\/innovation\/","og_site_name":"Tereos","article_modified_time":"2023-08-16T12:47:30+00:00","og_image":[{"width":2560,"height":1707,"url":"https:\/\/tereos.com\/app\/uploads\/2023\/06\/origny-s-plant-analysis-laboratorygreg-gonzalez8725-scaled.jpg","type":"image\/jpeg"}],"twitter_card":"summary_large_image","schema":{"@context":"https:\/\/schema.org","@graph":[{"@type":"WebPage","@id":"https:\/\/tereos.com\/fr\/groupe\/innovation\/","url":"https:\/\/tereos.com\/fr\/groupe\/innovation\/","name":"Innover pour accompagner un monde qui change - Tereos","isPartOf":{"@id":"https:\/\/tereos.com\/en\/#website"},"primaryImageOfPage":{"@id":"https:\/\/tereos.com\/fr\/groupe\/innovation\/#primaryimage"},"image":{"@id":"https:\/\/tereos.com\/fr\/groupe\/innovation\/#primaryimage"},"thumbnailUrl":"https:\/\/www.tereos.com\/app\/uploads\/2023\/06\/origny-s-plant-analysis-laboratorygreg-gonzalez8725-scaled.jpg","datePublished":"2019-01-24T18:40:36+00:00","dateModified":"2023-08-16T12:47:30+00:00","description":"Afin d\u2019anticiper les \u00e9volutions des march\u00e9s, Tereos innove sur l\u2019ensemble de la cha\u00eene de valeur. Avec l\u2019ensemble de ses partenaires : clients, monde agricole, fournisseurs, recherche acad\u00e9mique et technologique, pouvoirs publics et collaborateurs.","breadcrumb":{"@id":"https:\/\/tereos.com\/fr\/groupe\/innovation\/#breadcrumb"},"inLanguage":"fr-FR","potentialAction":[{"@type":"ReadAction","target":["https:\/\/tereos.com\/fr\/groupe\/innovation\/"]}]},{"@type":"ImageObject","inLanguage":"fr-FR","@id":"https:\/\/tereos.com\/fr\/groupe\/innovation\/#primaryimage","url":"https:\/\/www.tereos.com\/app\/uploads\/2023\/06\/origny-s-plant-analysis-laboratorygreg-gonzalez8725-scaled.jpg","contentUrl":"https:\/\/www.tereos.com\/app\/uploads\/2023\/06\/origny-s-plant-analysis-laboratorygreg-gonzalez8725-scaled.jpg","width":2560,"height":1707,"caption":"Laboratoire d'analyse Tereos"},{"@type":"BreadcrumbList","@id":"https:\/\/tereos.com\/fr\/groupe\/innovation\/#breadcrumb","itemListElement":[{"@type":"ListItem","position":1,"name":"Home","item":"https:\/\/tereos.com\/fr\/"},{"@type":"ListItem","position":2,"name":"R\u00e9pondre aux besoins du quotidien gr\u00e2ce au v\u00e9g\u00e9tal en cr\u00e9ant de la valeur pour nos coop\u00e9rateurs","item":"https:\/\/tereos.com\/fr\/groupe\/"},{"@type":"ListItem","position":3,"name":"Innover pour accompagner un monde qui change"}]},{"@type":"WebSite","@id":"https:\/\/tereos.com\/en\/#website","url":"https:\/\/tereos.com\/en\/","name":"Tereos","description":"Un site utilisant WordPress","potentialAction":[{"@type":"SearchAction","target":{"@type":"EntryPoint","urlTemplate":"https:\/\/tereos.com\/en\/?s={search_term_string}"},"query-input":{"@type":"PropertyValueSpecification","valueRequired":true,"valueName":"search_term_string"}}],"inLanguage":"fr-FR"}]}},"_links":{"self":[{"href":"https:\/\/tereos.com\/fr\/wp-json\/wp\/v2\/pages\/1177"}],"collection":[{"href":"https:\/\/tereos.com\/fr\/wp-json\/wp\/v2\/pages"}],"about":[{"href":"https:\/\/tereos.com\/fr\/wp-json\/wp\/v2\/types\/page"}],"author":[{"embeddable":true,"href":"https:\/\/tereos.com\/fr\/wp-json\/wp\/v2\/users\/9"}],"replies":[{"embeddable":true,"href":"https:\/\/tereos.com\/fr\/wp-json\/wp\/v2\/comments?post=1177"}],"version-history":[{"count":4,"href":"https:\/\/tereos.com\/fr\/wp-json\/wp\/v2\/pages\/1177\/revisions"}],"predecessor-version":[{"id":17896,"href":"https:\/\/tereos.com\/fr\/wp-json\/wp\/v2\/pages\/1177\/revisions\/17896"}],"up":[{"embeddable":true,"href":"https:\/\/tereos.com\/fr\/wp-json\/wp\/v2\/pages\/319"}],"wp:featuredmedia":[{"embeddable":true,"href":"https:\/\/tereos.com\/fr\/wp-json\/wp\/v2\/media\/17470"}],"wp:attachment":[{"href":"https:\/\/tereos.com\/fr\/wp-json\/wp\/v2\/media?parent=1177"}],"curies":[{"name":"wp","href":"https:\/\/api.w.org\/{rel}","templated":true}]}}