{"id":1184,"date":"2019-01-24T20:08:29","date_gmt":"2019-01-24T19:08:29","guid":{"rendered":"https:\/\/tereos.com\/?page_id=1184"},"modified":"2024-06-12T14:49:58","modified_gmt":"2024-06-12T12:49:58","slug":"agronomie","status":"publish","type":"page","link":"https:\/\/tereos.com\/fr\/groupe\/innovation\/agronomie\/","title":{"rendered":"Agronomie"},"content":{"rendered":"","protected":false},"excerpt":{"rendered":"","protected":false},"author":9,"featured_media":17997,"parent":1177,"menu_order":0,"comment_status":"closed","ping_status":"closed","template":"page-editorial.php","meta":{"_acf_changed":false,"footnotes":""},"class_list":["post-1184","page","type-page","status-publish","has-post-thumbnail","hentry"],"acf":{"is_story":false,"is_testimonial":false,"cover_type":"image","cover_image":17997,"link":"","cover_video_clone":{"cover_mode":"classic","cover_image":17997},"subtitle":"","subtitle_clone":{"subtitle":""},"headline":"Nous innovons sur l\u2019ensemble de la cha\u00eene de valeur afin d\u2019atteindre la meilleure comp\u00e9titivit\u00e9 agricole. Cela passe par l\u2019innovation et le d\u00e9veloppement de pratiques agricoles durables et performantes.","headline_clone":{"headline":"Nous innovons sur l\u2019ensemble de la cha\u00eene de valeur afin d\u2019atteindre la meilleure comp\u00e9titivit\u00e9 agricole. Cela passe par l\u2019innovation et le d\u00e9veloppement de pratiques agricoles durables et performantes."},"sections":[{"acf_fc_layout":"rich_text","anchor_title":"","text":"<h2>Notre enjeu<\/h2>\n<p>D\u00e9velopper la performance agronomique en s\u2019appuyant sur des pratiques durables et r\u00e9silientes. \u00catre r\u00e9silient c\u2019est s\u2019adapter aux conditions climatiques qui \u00e9voluent. \u00catre durable, c\u2019est proposer des pratiques qui permettent de prot\u00e9ger les sols, la biodiversit\u00e9 et r\u00e9duire les d\u00e9penses \u00e9nerg\u00e9tiques et d\u2019eau.<\/p>\n<h2>Nos objectifs<\/h2>\n<p>Assurer une bonne fertilisation et une bonne qualit\u00e9 des sols gr\u00e2ce \u00e0 de nouvelles technologies, \u00e0 la m\u00e9canisation de nos pratiques agricoles, et au travail sur les vari\u00e9t\u00e9s et la rotation de cultures d\u2019int\u00e9r\u00eats pour Tereos.<\/p>\n"},{"acf_fc_layout":"media","anchor_title":"","type":"image","video":"","image":17988,"caption":"","is_downloadable":false,"items":false},{"acf_fc_layout":"rich_text","anchor_title":"","text":"<h2>Exemples d\u2019application<\/h2>\n<p>&nbsp;<\/p>\n<p><strong>Un robot de d\u00e9sherbage robotis\u00e9 <\/strong><\/p>\n<p>Pour la cinqui\u00e8me ann\u00e9e cons\u00e9cutive, les \u00e9quipes du service agronomique de Tereos ont accueilli celles d\u2019Ecorobotix \u00e0 la Ferme Polyculture de Tereos \u00e0 Chevri\u00e8res (Oise) pour tester leur derni\u00e8re innovation en mati\u00e8re de d\u00e9sherbage. Les essais 2021 ont permis de d\u00e9couvrir la troisi\u00e8me g\u00e9n\u00e9ration de d\u00e9sherbeur d\u2019Ecorobotix\u202f: l\u2019ARA. Pour Tereos, l\u2019objectif est de permettre \u00e0 ses coop\u00e9rateurs de b\u00e9n\u00e9ficier des derni\u00e8res technologies contribuant \u00e0 l\u2019am\u00e9lioration de la marge agricole de leurs exploitations et leur d\u00e9marche d\u2019agriculture durable.<\/p>\n<p>&nbsp;<\/p>\n<p><b><span data-contrast=\"auto\">Centre d&#8217;op\u00e9rations agro-industrielles<\/span><\/b><span data-ccp-props=\"{&quot;201341983&quot;:0,&quot;335551550&quot;:0,&quot;335551620&quot;:0,&quot;335559739&quot;:160,&quot;335559740&quot;:259}\">\u00a0<\/span><\/p>\n<p><span data-contrast=\"auto\">Au Br\u00e9sil, Tereos a consolid\u00e9 de nouvelles activit\u00e9s dans un centre d&#8217;op\u00e9rations int\u00e9gr\u00e9. Ce dernier vise \u00e0 accro\u00eetre l&#8217;efficacit\u00e9 et la productivit\u00e9 des sites gr\u00e2ce \u00e0 une vision int\u00e9gr\u00e9e des op\u00e9rations agricoles et industrielles : surveillance des \u00e9quipements agricoles, contr\u00f4le du trafic de la canne \u00e0 sucre, standardisation des processus et envoi de rapports, surveillance des stocks et des approvisionnements de canne \u00e0 sucre&#8230;\u00a0Parmi les r\u00e9sultats obtenus, il faut souligner une r\u00e9duction de 11 % de la consommation de carburant par tonne de canne \u00e0 sucre r\u00e9colt\u00e9e, un meilleur respect du plan de r\u00e9colte et une augmentation de la tonne de canne \u00e0 sucre transport\u00e9e par les v\u00e9hicules du Groupe p<\/span><span data-contrast=\"auto\">endant la r\u00e9colte.<\/span><span data-ccp-props=\"{&quot;201341983&quot;:0,&quot;335551550&quot;:0,&quot;335551620&quot;:0,&quot;335559739&quot;:160,&quot;335559740&quot;:259}\">\u00a0<\/span><\/p>\n<p>&nbsp;<\/p>\n<p><strong>Betterave et pomme de terre connect\u00e9es <\/strong><\/p>\n<p>D\u00e9pos\u00e9 dans les champs pour \u00eatre ensuite r\u00e9colt\u00e9 par la machine, cet objet en forme de betterave ou de pomme de terre, permet aux agriculteurs d\u2019enregistrer la fr\u00e9quence et l\u2019intensit\u00e9 des chocs afin d\u2019affiner les r\u00e9glages machines pour pr\u00e9server la qualit\u00e9 de la r\u00e9colte. D\u00e9velopp\u00e9e conjointement par l\u2019\u00e9quipe Nouvelles Technologies et le Service Agronomique du Groupe, cette innovation en test actuellement devrait \u00e0 terme \u00e9quiper les zones betteravi\u00e8res des 8 sucreries Tereos en France.<\/p>\n"},{"acf_fc_layout":"featured_pages","anchor_title":"","rows":[{"items":[{"title":"Innovation","image":false,"page":{"ID":1177,"post_author":"9","post_date":"2019-01-24 19:40:36","post_date_gmt":"2019-01-24 18:40:36","post_content":"","post_title":"Innover pour accompagner un monde qui change","post_excerpt":"","post_status":"publish","comment_status":"closed","ping_status":"closed","post_password":"","post_name":"innovation","to_ping":"","pinged":"","post_modified":"2023-08-16 14:47:30","post_modified_gmt":"2023-08-16 12:47:30","post_content_filtered":"","post_parent":319,"guid":"https:\/\/tereos.com\/?page_id=1177","menu_order":0,"post_type":"page","post_mime_type":"","comment_count":"0","filter":"raw"}},{"title":"Process industriel","image":false,"page":{"ID":1201,"post_author":"9","post_date":"2019-01-29 10:57:21","post_date_gmt":"2019-01-29 09:57:21","post_content":"","post_title":"Process industriel","post_excerpt":"","post_status":"publish","comment_status":"closed","ping_status":"closed","post_password":"","post_name":"process-industriel","to_ping":"","pinged":"","post_modified":"2023-07-11 09:24:43","post_modified_gmt":"2023-07-11 07:24:43","post_content_filtered":"","post_parent":1177,"guid":"https:\/\/tereos.com\/?page_id=1201","menu_order":0,"post_type":"page","post_mime_type":"","comment_count":"0","filter":"raw"}}]}]}],"flexible_editorial_clone":{"has_anchors":false,"sections":[{"acf_fc_layout":"rich_text","anchor_title":"","text":"<h2>Notre enjeu<\/h2>\n<p>D\u00e9velopper la performance agronomique en s\u2019appuyant sur des pratiques durables et r\u00e9silientes. \u00catre r\u00e9silient c\u2019est s\u2019adapter aux conditions climatiques qui \u00e9voluent. \u00catre durable, c\u2019est proposer des pratiques qui permettent de prot\u00e9ger les sols, la biodiversit\u00e9 et r\u00e9duire les d\u00e9penses \u00e9nerg\u00e9tiques et d\u2019eau.<\/p>\n<h2>Nos objectifs<\/h2>\n<p>Assurer une bonne fertilisation et une bonne qualit\u00e9 des sols gr\u00e2ce \u00e0 de nouvelles technologies, \u00e0 la m\u00e9canisation de nos pratiques agricoles, et au travail sur les vari\u00e9t\u00e9s et la rotation de cultures d\u2019int\u00e9r\u00eats pour Tereos.<\/p>\n"},{"acf_fc_layout":"media","anchor_title":"","type":"image","video":"","image":17988,"caption":"","is_downloadable":false,"items":false},{"acf_fc_layout":"rich_text","anchor_title":"","text":"<h2>Exemples d\u2019application<\/h2>\n<p>&nbsp;<\/p>\n<p><strong>Un robot de d\u00e9sherbage robotis\u00e9 <\/strong><\/p>\n<p>Pour la cinqui\u00e8me ann\u00e9e cons\u00e9cutive, les \u00e9quipes du service agronomique de Tereos ont accueilli celles d\u2019Ecorobotix \u00e0 la Ferme Polyculture de Tereos \u00e0 Chevri\u00e8res (Oise) pour tester leur derni\u00e8re innovation en mati\u00e8re de d\u00e9sherbage. Les essais 2021 ont permis de d\u00e9couvrir la troisi\u00e8me g\u00e9n\u00e9ration de d\u00e9sherbeur d\u2019Ecorobotix\u202f: l\u2019ARA. Pour Tereos, l\u2019objectif est de permettre \u00e0 ses coop\u00e9rateurs de b\u00e9n\u00e9ficier des derni\u00e8res technologies contribuant \u00e0 l\u2019am\u00e9lioration de la marge agricole de leurs exploitations et leur d\u00e9marche d\u2019agriculture durable.<\/p>\n<p>&nbsp;<\/p>\n<p><b><span data-contrast=\"auto\">Centre d&#8217;op\u00e9rations agro-industrielles<\/span><\/b><span data-ccp-props=\"{&quot;201341983&quot;:0,&quot;335551550&quot;:0,&quot;335551620&quot;:0,&quot;335559739&quot;:160,&quot;335559740&quot;:259}\">\u00a0<\/span><\/p>\n<p><span data-contrast=\"auto\">Au Br\u00e9sil, Tereos a consolid\u00e9 de nouvelles activit\u00e9s dans un centre d&#8217;op\u00e9rations int\u00e9gr\u00e9. Ce dernier vise \u00e0 accro\u00eetre l&#8217;efficacit\u00e9 et la productivit\u00e9 des sites gr\u00e2ce \u00e0 une vision int\u00e9gr\u00e9e des op\u00e9rations agricoles et industrielles : surveillance des \u00e9quipements agricoles, contr\u00f4le du trafic de la canne \u00e0 sucre, standardisation des processus et envoi de rapports, surveillance des stocks et des approvisionnements de canne \u00e0 sucre&#8230;\u00a0Parmi les r\u00e9sultats obtenus, il faut souligner une r\u00e9duction de 11 % de la consommation de carburant par tonne de canne \u00e0 sucre r\u00e9colt\u00e9e, un meilleur respect du plan de r\u00e9colte et une augmentation de la tonne de canne \u00e0 sucre transport\u00e9e par les v\u00e9hicules du Groupe p<\/span><span data-contrast=\"auto\">endant la r\u00e9colte.<\/span><span data-ccp-props=\"{&quot;201341983&quot;:0,&quot;335551550&quot;:0,&quot;335551620&quot;:0,&quot;335559739&quot;:160,&quot;335559740&quot;:259}\">\u00a0<\/span><\/p>\n<p>&nbsp;<\/p>\n<p><strong>Betterave et pomme de terre connect\u00e9es <\/strong><\/p>\n<p>D\u00e9pos\u00e9 dans les champs pour \u00eatre ensuite r\u00e9colt\u00e9 par la machine, cet objet en forme de betterave ou de pomme de terre, permet aux agriculteurs d\u2019enregistrer la fr\u00e9quence et l\u2019intensit\u00e9 des chocs afin d\u2019affiner les r\u00e9glages machines pour pr\u00e9server la qualit\u00e9 de la r\u00e9colte. D\u00e9velopp\u00e9e conjointement par l\u2019\u00e9quipe Nouvelles Technologies et le Service Agronomique du Groupe, cette innovation en test actuellement devrait \u00e0 terme \u00e9quiper les zones betteravi\u00e8res des 8 sucreries Tereos en France.<\/p>\n"},{"acf_fc_layout":"featured_pages","anchor_title":"","rows":[{"items":[{"title":"Innovation","image":false,"page":{"ID":1177,"post_author":"9","post_date":"2019-01-24 19:40:36","post_date_gmt":"2019-01-24 18:40:36","post_content":"","post_title":"Innover pour accompagner un monde qui change","post_excerpt":"","post_status":"publish","comment_status":"closed","ping_status":"closed","post_password":"","post_name":"innovation","to_ping":"","pinged":"","post_modified":"2023-08-16 14:47:30","post_modified_gmt":"2023-08-16 12:47:30","post_content_filtered":"","post_parent":319,"guid":"https:\/\/tereos.com\/?page_id=1177","menu_order":0,"post_type":"page","post_mime_type":"","comment_count":"0","filter":"raw"}},{"title":"Process industriel","image":false,"page":{"ID":1201,"post_author":"9","post_date":"2019-01-29 10:57:21","post_date_gmt":"2019-01-29 09:57:21","post_content":"","post_title":"Process industriel","post_excerpt":"","post_status":"publish","comment_status":"closed","ping_status":"closed","post_password":"","post_name":"process-industriel","to_ping":"","pinged":"","post_modified":"2023-07-11 09:24:43","post_modified_gmt":"2023-07-11 07:24:43","post_content_filtered":"","post_parent":1177,"guid":"https:\/\/tereos.com\/?page_id=1201","menu_order":0,"post_type":"page","post_mime_type":"","comment_count":"0","filter":"raw"}}]}]}]},"cover_mode":"classic","has_anchors":false},"yoast_head":"<!-- This site is optimized with the Yoast SEO plugin v23.7 - https:\/\/yoast.com\/wordpress\/plugins\/seo\/ -->\n<title>Agronomie - Tereos<\/title>\n<meta name=\"description\" content=\"Nous innovons sur l\u2019ensemble de la cha\u00eene de valeur afin d\u2019atteindre la meilleure comp\u00e9titivit\u00e9 agricole. Cela passe par l\u2019innovation et le d\u00e9veloppement de pratiques agricoles durables et performantes.\" \/>\n<meta name=\"robots\" content=\"index, follow, max-snippet:-1, max-image-preview:large, max-video-preview:-1\" \/>\n<link rel=\"canonical\" href=\"https:\/\/tereos.com\/fr\/groupe\/innovation\/agronomie\/\" \/>\n<meta property=\"og:locale\" content=\"fr_FR\" \/>\n<meta property=\"og:type\" content=\"article\" \/>\n<meta property=\"og:title\" content=\"Agronomie - Tereos\" \/>\n<meta property=\"og:description\" content=\"Nous innovons sur l\u2019ensemble de la cha\u00eene de valeur afin d\u2019atteindre la meilleure comp\u00e9titivit\u00e9 agricole. Cela passe par l\u2019innovation et le d\u00e9veloppement de pratiques agricoles durables et performantes.\" \/>\n<meta property=\"og:url\" content=\"https:\/\/tereos.com\/fr\/groupe\/innovation\/agronomie\/\" \/>\n<meta property=\"og:site_name\" content=\"Tereos\" \/>\n<meta property=\"article:modified_time\" content=\"2024-06-12T12:49:58+00:00\" \/>\n<meta property=\"og:image\" content=\"https:\/\/www.tereos.com\/app\/uploads\/2023\/09\/hev-sugar-beet-irrigation-pivotmichel-blossier1504-1-1.png\" \/>\n\t<meta property=\"og:image:width\" content=\"1024\" \/>\n\t<meta property=\"og:image:height\" content=\"268\" \/>\n\t<meta property=\"og:image:type\" content=\"image\/png\" \/>\n<meta name=\"twitter:card\" content=\"summary_large_image\" \/>\n<meta name=\"twitter:label1\" content=\"Est. reading time\" \/>\n\t<meta name=\"twitter:data1\" content=\"1 minute\" \/>\n<script type=\"application\/ld+json\" class=\"yoast-schema-graph\">{\"@context\":\"https:\/\/schema.org\",\"@graph\":[{\"@type\":\"WebPage\",\"@id\":\"https:\/\/tereos.com\/fr\/groupe\/innovation\/agronomie\/\",\"url\":\"https:\/\/tereos.com\/fr\/groupe\/innovation\/agronomie\/\",\"name\":\"Agronomie - Tereos\",\"isPartOf\":{\"@id\":\"https:\/\/tereos.com\/en\/#website\"},\"primaryImageOfPage\":{\"@id\":\"https:\/\/tereos.com\/fr\/groupe\/innovation\/agronomie\/#primaryimage\"},\"image\":{\"@id\":\"https:\/\/tereos.com\/fr\/groupe\/innovation\/agronomie\/#primaryimage\"},\"thumbnailUrl\":\"https:\/\/www.tereos.com\/app\/uploads\/2023\/09\/hev-sugar-beet-irrigation-pivotmichel-blossier1504-1-1.png\",\"datePublished\":\"2019-01-24T19:08:29+00:00\",\"dateModified\":\"2024-06-12T12:49:58+00:00\",\"description\":\"Nous innovons sur l\u2019ensemble de la cha\u00eene de valeur afin d\u2019atteindre la meilleure comp\u00e9titivit\u00e9 agricole. Cela passe par l\u2019innovation et le d\u00e9veloppement de pratiques agricoles durables et performantes.\",\"breadcrumb\":{\"@id\":\"https:\/\/tereos.com\/fr\/groupe\/innovation\/agronomie\/#breadcrumb\"},\"inLanguage\":\"fr-FR\",\"potentialAction\":[{\"@type\":\"ReadAction\",\"target\":[\"https:\/\/tereos.com\/fr\/groupe\/innovation\/agronomie\/\"]}]},{\"@type\":\"ImageObject\",\"inLanguage\":\"fr-FR\",\"@id\":\"https:\/\/tereos.com\/fr\/groupe\/innovation\/agronomie\/#primaryimage\",\"url\":\"https:\/\/www.tereos.com\/app\/uploads\/2023\/09\/hev-sugar-beet-irrigation-pivotmichel-blossier1504-1-1.png\",\"contentUrl\":\"https:\/\/www.tereos.com\/app\/uploads\/2023\/09\/hev-sugar-beet-irrigation-pivotmichel-blossier1504-1-1.png\",\"width\":4928,\"height\":1292},{\"@type\":\"BreadcrumbList\",\"@id\":\"https:\/\/tereos.com\/fr\/groupe\/innovation\/agronomie\/#breadcrumb\",\"itemListElement\":[{\"@type\":\"ListItem\",\"position\":1,\"name\":\"Home\",\"item\":\"https:\/\/tereos.com\/fr\/\"},{\"@type\":\"ListItem\",\"position\":2,\"name\":\"R\u00e9pondre aux besoins du quotidien gr\u00e2ce au v\u00e9g\u00e9tal en cr\u00e9ant de la valeur pour nos coop\u00e9rateurs\",\"item\":\"https:\/\/tereos.com\/fr\/groupe\/\"},{\"@type\":\"ListItem\",\"position\":3,\"name\":\"Innover pour accompagner un monde qui change\",\"item\":\"https:\/\/tereos.com\/fr\/groupe\/innovation\/\"},{\"@type\":\"ListItem\",\"position\":4,\"name\":\"Agronomie\"}]},{\"@type\":\"WebSite\",\"@id\":\"https:\/\/tereos.com\/en\/#website\",\"url\":\"https:\/\/tereos.com\/en\/\",\"name\":\"Tereos\",\"description\":\"Un site utilisant WordPress\",\"potentialAction\":[{\"@type\":\"SearchAction\",\"target\":{\"@type\":\"EntryPoint\",\"urlTemplate\":\"https:\/\/tereos.com\/en\/?s={search_term_string}\"},\"query-input\":{\"@type\":\"PropertyValueSpecification\",\"valueRequired\":true,\"valueName\":\"search_term_string\"}}],\"inLanguage\":\"fr-FR\"}]}<\/script>\n<!-- \/ Yoast SEO plugin. -->","yoast_head_json":{"title":"Agronomie - Tereos","description":"Nous innovons sur l\u2019ensemble de la cha\u00eene de valeur afin d\u2019atteindre la meilleure comp\u00e9titivit\u00e9 agricole. Cela passe par l\u2019innovation et le d\u00e9veloppement de pratiques agricoles durables et performantes.","robots":{"index":"index","follow":"follow","max-snippet":"max-snippet:-1","max-image-preview":"max-image-preview:large","max-video-preview":"max-video-preview:-1"},"canonical":"https:\/\/tereos.com\/fr\/groupe\/innovation\/agronomie\/","og_locale":"fr_FR","og_type":"article","og_title":"Agronomie - Tereos","og_description":"Nous innovons sur l\u2019ensemble de la cha\u00eene de valeur afin d\u2019atteindre la meilleure comp\u00e9titivit\u00e9 agricole. Cela passe par l\u2019innovation et le d\u00e9veloppement de pratiques agricoles durables et performantes.","og_url":"https:\/\/tereos.com\/fr\/groupe\/innovation\/agronomie\/","og_site_name":"Tereos","article_modified_time":"2024-06-12T12:49:58+00:00","og_image":[{"url":"https:\/\/www.tereos.com\/app\/uploads\/2023\/09\/hev-sugar-beet-irrigation-pivotmichel-blossier1504-1-1.png","width":1024,"height":268,"type":"image\/png"}],"twitter_card":"summary_large_image","twitter_misc":{"Est. reading time":"1 minute"},"schema":{"@context":"https:\/\/schema.org","@graph":[{"@type":"WebPage","@id":"https:\/\/tereos.com\/fr\/groupe\/innovation\/agronomie\/","url":"https:\/\/tereos.com\/fr\/groupe\/innovation\/agronomie\/","name":"Agronomie - Tereos","isPartOf":{"@id":"https:\/\/tereos.com\/en\/#website"},"primaryImageOfPage":{"@id":"https:\/\/tereos.com\/fr\/groupe\/innovation\/agronomie\/#primaryimage"},"image":{"@id":"https:\/\/tereos.com\/fr\/groupe\/innovation\/agronomie\/#primaryimage"},"thumbnailUrl":"https:\/\/www.tereos.com\/app\/uploads\/2023\/09\/hev-sugar-beet-irrigation-pivotmichel-blossier1504-1-1.png","datePublished":"2019-01-24T19:08:29+00:00","dateModified":"2024-06-12T12:49:58+00:00","description":"Nous innovons sur l\u2019ensemble de la cha\u00eene de valeur afin d\u2019atteindre la meilleure comp\u00e9titivit\u00e9 agricole. Cela passe par l\u2019innovation et le d\u00e9veloppement de pratiques agricoles durables et performantes.","breadcrumb":{"@id":"https:\/\/tereos.com\/fr\/groupe\/innovation\/agronomie\/#breadcrumb"},"inLanguage":"fr-FR","potentialAction":[{"@type":"ReadAction","target":["https:\/\/tereos.com\/fr\/groupe\/innovation\/agronomie\/"]}]},{"@type":"ImageObject","inLanguage":"fr-FR","@id":"https:\/\/tereos.com\/fr\/groupe\/innovation\/agronomie\/#primaryimage","url":"https:\/\/www.tereos.com\/app\/uploads\/2023\/09\/hev-sugar-beet-irrigation-pivotmichel-blossier1504-1-1.png","contentUrl":"https:\/\/www.tereos.com\/app\/uploads\/2023\/09\/hev-sugar-beet-irrigation-pivotmichel-blossier1504-1-1.png","width":4928,"height":1292},{"@type":"BreadcrumbList","@id":"https:\/\/tereos.com\/fr\/groupe\/innovation\/agronomie\/#breadcrumb","itemListElement":[{"@type":"ListItem","position":1,"name":"Home","item":"https:\/\/tereos.com\/fr\/"},{"@type":"ListItem","position":2,"name":"R\u00e9pondre aux besoins du quotidien gr\u00e2ce au v\u00e9g\u00e9tal en cr\u00e9ant de la valeur pour nos coop\u00e9rateurs","item":"https:\/\/tereos.com\/fr\/groupe\/"},{"@type":"ListItem","position":3,"name":"Innover pour accompagner un monde qui change","item":"https:\/\/tereos.com\/fr\/groupe\/innovation\/"},{"@type":"ListItem","position":4,"name":"Agronomie"}]},{"@type":"WebSite","@id":"https:\/\/tereos.com\/en\/#website","url":"https:\/\/tereos.com\/en\/","name":"Tereos","description":"Un site utilisant WordPress","potentialAction":[{"@type":"SearchAction","target":{"@type":"EntryPoint","urlTemplate":"https:\/\/tereos.com\/en\/?s={search_term_string}"},"query-input":{"@type":"PropertyValueSpecification","valueRequired":true,"valueName":"search_term_string"}}],"inLanguage":"fr-FR"}]}},"_links":{"self":[{"href":"https:\/\/tereos.com\/fr\/wp-json\/wp\/v2\/pages\/1184"}],"collection":[{"href":"https:\/\/tereos.com\/fr\/wp-json\/wp\/v2\/pages"}],"about":[{"href":"https:\/\/tereos.com\/fr\/wp-json\/wp\/v2\/types\/page"}],"author":[{"embeddable":true,"href":"https:\/\/tereos.com\/fr\/wp-json\/wp\/v2\/users\/9"}],"replies":[{"embeddable":true,"href":"https:\/\/tereos.com\/fr\/wp-json\/wp\/v2\/comments?post=1184"}],"version-history":[{"count":4,"href":"https:\/\/tereos.com\/fr\/wp-json\/wp\/v2\/pages\/1184\/revisions"}],"predecessor-version":[{"id":22612,"href":"https:\/\/tereos.com\/fr\/wp-json\/wp\/v2\/pages\/1184\/revisions\/22612"}],"up":[{"embeddable":true,"href":"https:\/\/tereos.com\/fr\/wp-json\/wp\/v2\/pages\/1177"}],"wp:featuredmedia":[{"embeddable":true,"href":"https:\/\/tereos.com\/fr\/wp-json\/wp\/v2\/media\/17997"}],"wp:attachment":[{"href":"https:\/\/tereos.com\/fr\/wp-json\/wp\/v2\/media?parent=1184"}],"curies":[{"name":"wp","href":"https:\/\/api.w.org\/{rel}","templated":true}]}}