{"id":1201,"date":"2019-01-29T10:57:21","date_gmt":"2019-01-29T09:57:21","guid":{"rendered":"https:\/\/tereos.com\/?page_id=1201"},"modified":"2023-07-11T09:24:43","modified_gmt":"2023-07-11T07:24:43","slug":"process-industriel","status":"publish","type":"page","link":"https:\/\/tereos.com\/fr\/groupe\/innovation\/process-industriel\/","title":{"rendered":"Process industriel"},"content":{"rendered":"","protected":false},"excerpt":{"rendered":"","protected":false},"author":9,"featured_media":17478,"parent":1177,"menu_order":0,"comment_status":"closed","ping_status":"closed","template":"page-editorial.php","meta":{"_acf_changed":false,"footnotes":""},"class_list":["post-1201","page","type-page","status-publish","has-post-thumbnail","hentry"],"acf":{"is_story":false,"is_testimonial":false,"cover_type":"image","cover_image":17478,"link":"","cover_video_clone":{"cover_mode":"classic","cover_image":17478},"subtitle":"","subtitle_clone":{"subtitle":""},"headline":"La transformation des mati\u00e8res premi\u00e8res agricoles n\u00e9cessite le d\u00e9veloppement de technologies tr\u00e8s vari\u00e9es. L\u2019am\u00e9lioration continue de nos proc\u00e9d\u00e9s pour plus de performance industrielle et environnementale et la mise en pratique de contr\u00f4le analytique renforc\u00e9 garantissent \u00e0 nos clients des ingr\u00e9dients de hautes qualit\u00e9 et fonctionnalit\u00e9.","headline_clone":{"headline":"La transformation des mati\u00e8res premi\u00e8res agricoles n\u00e9cessite le d\u00e9veloppement de technologies tr\u00e8s vari\u00e9es. L\u2019am\u00e9lioration continue de nos proc\u00e9d\u00e9s pour plus de performance industrielle et environnementale et la mise en pratique de contr\u00f4le analytique renforc\u00e9 garantissent \u00e0 nos clients des ingr\u00e9dients de hautes qualit\u00e9 et fonctionnalit\u00e9."},"sections":[{"acf_fc_layout":"rich_text","anchor_title":"","text":"<h2>Nos enjeux<\/h2>\n<p>\u00catre respectueux de l\u2019environnement et assurer une efficacit\u00e9 \u00e9nerg\u00e9tique via nos process industriels de fractionnement et de purification tout en favorisant la performance gr\u00e2ce \u00e0 une forte productivit\u00e9.<\/p>\n<p>&nbsp;<\/p>\n<h2>Nos objectifs<\/h2>\n<ul>\n<li>R\u00e9duire notre impact environnemental : d\u00e9velopper des proc\u00e9d\u00e9s \u00e9conomes en eau et en \u00e9nergie, valoriser les r\u00e9sidus et coproduits dans une optique z\u00e9ro d\u00e9chets.<\/li>\n<li>Valoriser tout le potentiel des mati\u00e8res premi\u00e8res transform\u00e9es, au niveau de qualit\u00e9 exig\u00e9 dans une logique de valorisation en cascade : alimentation et sant\u00e9 humaine, nutrition animale, usages non alimentaires et \u00e9nergie.<\/li>\n<li>Trouver de nouvelles techniques pour am\u00e9liorer de mani\u00e8re optimale les proc\u00e9d\u00e9s de transformation des mati\u00e8res premi\u00e8res<\/li>\n<li>D\u00e9velopper la production d\u2019\u00e9nergie par la fabrication d\u2019\u00e9thanol et la m\u00e9thanisation.<\/li>\n<\/ul>\n"},{"acf_fc_layout":"media","anchor_title":"","type":"image","video":"","image":17466,"caption":"","is_downloadable":false,"items":false},{"acf_fc_layout":"rich_text","anchor_title":"","text":"<h2>Exemples d\u2019application<\/h2>\n<p>&nbsp;<\/p>\n<p><strong>Un nouveau lavoir \u00e0 Connantre<\/strong><\/p>\n<p>La sucrerie-distillerie s\u2019est \u00e9quip\u00e9 d\u00e8s la campagne sucri\u00e8re 2021\/22, d\u2019un nouveau lavoir. Il a augment\u00e9 la capacit\u00e9 de l\u2019usine \u00e0 27 000 tonnes de betteraves par jour (+22%) et a plac\u00e9 Connantre parmi les toutes premi\u00e8res sucreries de betteraves au niveau mondial. Il a permis \u00e9galement de r\u00e9duire de 30% la consommation d\u2019\u00e9nergie et de 50% la consommation d\u2019eau de l\u2019activit\u00e9 de lavage qui est essentielle au processus de transformation de la betterave.<\/p>\n<p>&nbsp;<\/p>\n<p><strong>Au Br\u00e9sil, Tereos mise sur la m\u00e9thanisation <\/strong><\/p>\n<p>L\u2019amidonnerie Tereos de Palmital au Br\u00e9sil s\u2019appuie depuis deux ans sur un m\u00e9thaniseur pour traiter les effluents de la production d\u2019amidon, g\u00e9n\u00e9rer du biogaz utilis\u00e9 par l\u2019usine et r\u00e9duire les \u00e9missions de gaz \u00e0 effet de serre. Avec une capacit\u00e9 de traitement de 110 m3 d\u2019effluents par heure ce m\u00e9thaniseur est l\u2019un des plus grands \u00e9quipements de ce type install\u00e9s en Am\u00e9rique latine.<\/p>\n"},{"acf_fc_layout":"featured_pages","anchor_title":"","rows":[{"items":[{"title":"Agronomie","image":false,"page":{"ID":1184,"post_author":"9","post_date":"2019-01-24 20:08:29","post_date_gmt":"2019-01-24 19:08:29","post_content":"","post_title":"Agronomie","post_excerpt":"","post_status":"publish","comment_status":"closed","ping_status":"closed","post_password":"","post_name":"agronomie","to_ping":"","pinged":"","post_modified":"2024-06-12 14:49:58","post_modified_gmt":"2024-06-12 12:49:58","post_content_filtered":"","post_parent":1177,"guid":"https:\/\/tereos.com\/?page_id=1184","menu_order":0,"post_type":"page","post_mime_type":"","comment_count":"0","filter":"raw"}},{"title":"Energie","image":false,"page":{"ID":1209,"post_author":"9","post_date":"2019-01-29 11:34:31","post_date_gmt":"2019-01-29 10:34:31","post_content":"","post_title":"\u00c9nergie","post_excerpt":"","post_status":"publish","comment_status":"closed","ping_status":"closed","post_password":"","post_name":"energie","to_ping":"","pinged":"","post_modified":"2023-07-11 09:25:35","post_modified_gmt":"2023-07-11 07:25:35","post_content_filtered":"","post_parent":1177,"guid":"https:\/\/tereos.com\/?page_id=1209","menu_order":0,"post_type":"page","post_mime_type":"","comment_count":"0","filter":"raw"}}]}]}],"flexible_editorial_clone":{"has_anchors":false,"sections":[{"acf_fc_layout":"rich_text","anchor_title":"","text":"<h2>Nos enjeux<\/h2>\n<p>\u00catre respectueux de l\u2019environnement et assurer une efficacit\u00e9 \u00e9nerg\u00e9tique via nos process industriels de fractionnement et de purification tout en favorisant la performance gr\u00e2ce \u00e0 une forte productivit\u00e9.<\/p>\n<p>&nbsp;<\/p>\n<h2>Nos objectifs<\/h2>\n<ul>\n<li>R\u00e9duire notre impact environnemental : d\u00e9velopper des proc\u00e9d\u00e9s \u00e9conomes en eau et en \u00e9nergie, valoriser les r\u00e9sidus et coproduits dans une optique z\u00e9ro d\u00e9chets.<\/li>\n<li>Valoriser tout le potentiel des mati\u00e8res premi\u00e8res transform\u00e9es, au niveau de qualit\u00e9 exig\u00e9 dans une logique de valorisation en cascade : alimentation et sant\u00e9 humaine, nutrition animale, usages non alimentaires et \u00e9nergie.<\/li>\n<li>Trouver de nouvelles techniques pour am\u00e9liorer de mani\u00e8re optimale les proc\u00e9d\u00e9s de transformation des mati\u00e8res premi\u00e8res<\/li>\n<li>D\u00e9velopper la production d\u2019\u00e9nergie par la fabrication d\u2019\u00e9thanol et la m\u00e9thanisation.<\/li>\n<\/ul>\n"},{"acf_fc_layout":"media","anchor_title":"","type":"image","video":"","image":17466,"caption":"","is_downloadable":false,"items":false},{"acf_fc_layout":"rich_text","anchor_title":"","text":"<h2>Exemples d\u2019application<\/h2>\n<p>&nbsp;<\/p>\n<p><strong>Un nouveau lavoir \u00e0 Connantre<\/strong><\/p>\n<p>La sucrerie-distillerie s\u2019est \u00e9quip\u00e9 d\u00e8s la campagne sucri\u00e8re 2021\/22, d\u2019un nouveau lavoir. Il a augment\u00e9 la capacit\u00e9 de l\u2019usine \u00e0 27 000 tonnes de betteraves par jour (+22%) et a plac\u00e9 Connantre parmi les toutes premi\u00e8res sucreries de betteraves au niveau mondial. Il a permis \u00e9galement de r\u00e9duire de 30% la consommation d\u2019\u00e9nergie et de 50% la consommation d\u2019eau de l\u2019activit\u00e9 de lavage qui est essentielle au processus de transformation de la betterave.<\/p>\n<p>&nbsp;<\/p>\n<p><strong>Au Br\u00e9sil, Tereos mise sur la m\u00e9thanisation <\/strong><\/p>\n<p>L\u2019amidonnerie Tereos de Palmital au Br\u00e9sil s\u2019appuie depuis deux ans sur un m\u00e9thaniseur pour traiter les effluents de la production d\u2019amidon, g\u00e9n\u00e9rer du biogaz utilis\u00e9 par l\u2019usine et r\u00e9duire les \u00e9missions de gaz \u00e0 effet de serre. Avec une capacit\u00e9 de traitement de 110 m3 d\u2019effluents par heure ce m\u00e9thaniseur est l\u2019un des plus grands \u00e9quipements de ce type install\u00e9s en Am\u00e9rique latine.<\/p>\n"},{"acf_fc_layout":"featured_pages","anchor_title":"","rows":[{"items":[{"title":"Agronomie","image":false,"page":{"ID":1184,"post_author":"9","post_date":"2019-01-24 20:08:29","post_date_gmt":"2019-01-24 19:08:29","post_content":"","post_title":"Agronomie","post_excerpt":"","post_status":"publish","comment_status":"closed","ping_status":"closed","post_password":"","post_name":"agronomie","to_ping":"","pinged":"","post_modified":"2024-06-12 14:49:58","post_modified_gmt":"2024-06-12 12:49:58","post_content_filtered":"","post_parent":1177,"guid":"https:\/\/tereos.com\/?page_id=1184","menu_order":0,"post_type":"page","post_mime_type":"","comment_count":"0","filter":"raw"}},{"title":"Energie","image":false,"page":{"ID":1209,"post_author":"9","post_date":"2019-01-29 11:34:31","post_date_gmt":"2019-01-29 10:34:31","post_content":"","post_title":"\u00c9nergie","post_excerpt":"","post_status":"publish","comment_status":"closed","ping_status":"closed","post_password":"","post_name":"energie","to_ping":"","pinged":"","post_modified":"2023-07-11 09:25:35","post_modified_gmt":"2023-07-11 07:25:35","post_content_filtered":"","post_parent":1177,"guid":"https:\/\/tereos.com\/?page_id=1209","menu_order":0,"post_type":"page","post_mime_type":"","comment_count":"0","filter":"raw"}}]}]}]},"cover_mode":"classic","has_anchors":false},"yoast_head":"<!-- This site is optimized with the Yoast SEO plugin v23.7 - https:\/\/yoast.com\/wordpress\/plugins\/seo\/ -->\n<title>Process industriel - Tereos<\/title>\n<meta name=\"description\" content=\"La transformation des mati\u00e8res premi\u00e8res agricoles n\u00e9cessite le d\u00e9veloppement de technologies tr\u00e8s vari\u00e9es. L\u2019am\u00e9lioration continue de nos proc\u00e9d\u00e9s pour plus de performance industrielle et environnementale et la mise en pratique de contr\u00f4le analytique renforc\u00e9 garantissent \u00e0 nos clients des ingr\u00e9dients de hautes qualit\u00e9 et fonctionnalit\u00e9.\" \/>\n<meta name=\"robots\" content=\"index, follow, max-snippet:-1, max-image-preview:large, max-video-preview:-1\" \/>\n<link rel=\"canonical\" href=\"https:\/\/tereos.com\/fr\/groupe\/innovation\/process-industriel\/\" \/>\n<meta property=\"og:locale\" content=\"fr_FR\" \/>\n<meta property=\"og:type\" content=\"article\" \/>\n<meta property=\"og:title\" content=\"Process industriel - Tereos\" \/>\n<meta property=\"og:description\" content=\"La transformation des mati\u00e8res premi\u00e8res agricoles n\u00e9cessite le d\u00e9veloppement de technologies tr\u00e8s vari\u00e9es. L\u2019am\u00e9lioration continue de nos proc\u00e9d\u00e9s pour plus de performance industrielle et environnementale et la mise en pratique de contr\u00f4le analytique renforc\u00e9 garantissent \u00e0 nos clients des ingr\u00e9dients de hautes qualit\u00e9 et fonctionnalit\u00e9.\" \/>\n<meta property=\"og:url\" content=\"https:\/\/tereos.com\/fr\/groupe\/innovation\/process-industriel\/\" \/>\n<meta property=\"og:site_name\" content=\"Tereos\" \/>\n<meta property=\"article:modified_time\" content=\"2023-07-11T07:24:43+00:00\" \/>\n<meta property=\"og:image\" content=\"https:\/\/www.tereos.com\/app\/uploads\/2023\/06\/connantre-s-factorymichel-blossier3098-1.png\" \/>\n\t<meta property=\"og:image:width\" content=\"1024\" \/>\n\t<meta property=\"og:image:height\" content=\"684\" \/>\n\t<meta property=\"og:image:type\" content=\"image\/png\" \/>\n<meta name=\"twitter:card\" content=\"summary_large_image\" \/>\n<script type=\"application\/ld+json\" class=\"yoast-schema-graph\">{\"@context\":\"https:\/\/schema.org\",\"@graph\":[{\"@type\":\"WebPage\",\"@id\":\"https:\/\/tereos.com\/fr\/groupe\/innovation\/process-industriel\/\",\"url\":\"https:\/\/tereos.com\/fr\/groupe\/innovation\/process-industriel\/\",\"name\":\"Process industriel - Tereos\",\"isPartOf\":{\"@id\":\"https:\/\/tereos.com\/en\/#website\"},\"primaryImageOfPage\":{\"@id\":\"https:\/\/tereos.com\/fr\/groupe\/innovation\/process-industriel\/#primaryimage\"},\"image\":{\"@id\":\"https:\/\/tereos.com\/fr\/groupe\/innovation\/process-industriel\/#primaryimage\"},\"thumbnailUrl\":\"https:\/\/www.tereos.com\/app\/uploads\/2023\/06\/connantre-s-factorymichel-blossier3098-1.png\",\"datePublished\":\"2019-01-29T09:57:21+00:00\",\"dateModified\":\"2023-07-11T07:24:43+00:00\",\"description\":\"La transformation des mati\u00e8res premi\u00e8res agricoles n\u00e9cessite le d\u00e9veloppement de technologies tr\u00e8s vari\u00e9es. L\u2019am\u00e9lioration continue de nos proc\u00e9d\u00e9s pour plus de performance industrielle et environnementale et la mise en pratique de contr\u00f4le analytique renforc\u00e9 garantissent \u00e0 nos clients des ingr\u00e9dients de hautes qualit\u00e9 et fonctionnalit\u00e9.\",\"breadcrumb\":{\"@id\":\"https:\/\/tereos.com\/fr\/groupe\/innovation\/process-industriel\/#breadcrumb\"},\"inLanguage\":\"fr-FR\",\"potentialAction\":[{\"@type\":\"ReadAction\",\"target\":[\"https:\/\/tereos.com\/fr\/groupe\/innovation\/process-industriel\/\"]}]},{\"@type\":\"ImageObject\",\"inLanguage\":\"fr-FR\",\"@id\":\"https:\/\/tereos.com\/fr\/groupe\/innovation\/process-industriel\/#primaryimage\",\"url\":\"https:\/\/www.tereos.com\/app\/uploads\/2023\/06\/connantre-s-factorymichel-blossier3098-1.png\",\"contentUrl\":\"https:\/\/www.tereos.com\/app\/uploads\/2023\/06\/connantre-s-factorymichel-blossier3098-1.png\",\"width\":5986,\"height\":3996,\"caption\":\"Process Industriel Tereos\"},{\"@type\":\"BreadcrumbList\",\"@id\":\"https:\/\/tereos.com\/fr\/groupe\/innovation\/process-industriel\/#breadcrumb\",\"itemListElement\":[{\"@type\":\"ListItem\",\"position\":1,\"name\":\"Home\",\"item\":\"https:\/\/tereos.com\/fr\/\"},{\"@type\":\"ListItem\",\"position\":2,\"name\":\"R\u00e9pondre aux besoins du quotidien gr\u00e2ce au v\u00e9g\u00e9tal en cr\u00e9ant de la valeur pour nos coop\u00e9rateurs\",\"item\":\"https:\/\/tereos.com\/fr\/groupe\/\"},{\"@type\":\"ListItem\",\"position\":3,\"name\":\"Innover pour accompagner un monde qui change\",\"item\":\"https:\/\/tereos.com\/fr\/groupe\/innovation\/\"},{\"@type\":\"ListItem\",\"position\":4,\"name\":\"Process industriel\"}]},{\"@type\":\"WebSite\",\"@id\":\"https:\/\/tereos.com\/en\/#website\",\"url\":\"https:\/\/tereos.com\/en\/\",\"name\":\"Tereos\",\"description\":\"Un site utilisant WordPress\",\"potentialAction\":[{\"@type\":\"SearchAction\",\"target\":{\"@type\":\"EntryPoint\",\"urlTemplate\":\"https:\/\/tereos.com\/en\/?s={search_term_string}\"},\"query-input\":{\"@type\":\"PropertyValueSpecification\",\"valueRequired\":true,\"valueName\":\"search_term_string\"}}],\"inLanguage\":\"fr-FR\"}]}<\/script>\n<!-- \/ Yoast SEO plugin. -->","yoast_head_json":{"title":"Process industriel - Tereos","description":"La transformation des mati\u00e8res premi\u00e8res agricoles n\u00e9cessite le d\u00e9veloppement de technologies tr\u00e8s vari\u00e9es. L\u2019am\u00e9lioration continue de nos proc\u00e9d\u00e9s pour plus de performance industrielle et environnementale et la mise en pratique de contr\u00f4le analytique renforc\u00e9 garantissent \u00e0 nos clients des ingr\u00e9dients de hautes qualit\u00e9 et fonctionnalit\u00e9.","robots":{"index":"index","follow":"follow","max-snippet":"max-snippet:-1","max-image-preview":"max-image-preview:large","max-video-preview":"max-video-preview:-1"},"canonical":"https:\/\/tereos.com\/fr\/groupe\/innovation\/process-industriel\/","og_locale":"fr_FR","og_type":"article","og_title":"Process industriel - Tereos","og_description":"La transformation des mati\u00e8res premi\u00e8res agricoles n\u00e9cessite le d\u00e9veloppement de technologies tr\u00e8s vari\u00e9es. L\u2019am\u00e9lioration continue de nos proc\u00e9d\u00e9s pour plus de performance industrielle et environnementale et la mise en pratique de contr\u00f4le analytique renforc\u00e9 garantissent \u00e0 nos clients des ingr\u00e9dients de hautes qualit\u00e9 et fonctionnalit\u00e9.","og_url":"https:\/\/tereos.com\/fr\/groupe\/innovation\/process-industriel\/","og_site_name":"Tereos","article_modified_time":"2023-07-11T07:24:43+00:00","og_image":[{"url":"https:\/\/www.tereos.com\/app\/uploads\/2023\/06\/connantre-s-factorymichel-blossier3098-1.png","width":1024,"height":684,"type":"image\/png"}],"twitter_card":"summary_large_image","schema":{"@context":"https:\/\/schema.org","@graph":[{"@type":"WebPage","@id":"https:\/\/tereos.com\/fr\/groupe\/innovation\/process-industriel\/","url":"https:\/\/tereos.com\/fr\/groupe\/innovation\/process-industriel\/","name":"Process industriel - Tereos","isPartOf":{"@id":"https:\/\/tereos.com\/en\/#website"},"primaryImageOfPage":{"@id":"https:\/\/tereos.com\/fr\/groupe\/innovation\/process-industriel\/#primaryimage"},"image":{"@id":"https:\/\/tereos.com\/fr\/groupe\/innovation\/process-industriel\/#primaryimage"},"thumbnailUrl":"https:\/\/www.tereos.com\/app\/uploads\/2023\/06\/connantre-s-factorymichel-blossier3098-1.png","datePublished":"2019-01-29T09:57:21+00:00","dateModified":"2023-07-11T07:24:43+00:00","description":"La transformation des mati\u00e8res premi\u00e8res agricoles n\u00e9cessite le d\u00e9veloppement de technologies tr\u00e8s vari\u00e9es. L\u2019am\u00e9lioration continue de nos proc\u00e9d\u00e9s pour plus de performance industrielle et environnementale et la mise en pratique de contr\u00f4le analytique renforc\u00e9 garantissent \u00e0 nos clients des ingr\u00e9dients de hautes qualit\u00e9 et fonctionnalit\u00e9.","breadcrumb":{"@id":"https:\/\/tereos.com\/fr\/groupe\/innovation\/process-industriel\/#breadcrumb"},"inLanguage":"fr-FR","potentialAction":[{"@type":"ReadAction","target":["https:\/\/tereos.com\/fr\/groupe\/innovation\/process-industriel\/"]}]},{"@type":"ImageObject","inLanguage":"fr-FR","@id":"https:\/\/tereos.com\/fr\/groupe\/innovation\/process-industriel\/#primaryimage","url":"https:\/\/www.tereos.com\/app\/uploads\/2023\/06\/connantre-s-factorymichel-blossier3098-1.png","contentUrl":"https:\/\/www.tereos.com\/app\/uploads\/2023\/06\/connantre-s-factorymichel-blossier3098-1.png","width":5986,"height":3996,"caption":"Process Industriel Tereos"},{"@type":"BreadcrumbList","@id":"https:\/\/tereos.com\/fr\/groupe\/innovation\/process-industriel\/#breadcrumb","itemListElement":[{"@type":"ListItem","position":1,"name":"Home","item":"https:\/\/tereos.com\/fr\/"},{"@type":"ListItem","position":2,"name":"R\u00e9pondre aux besoins du quotidien gr\u00e2ce au v\u00e9g\u00e9tal en cr\u00e9ant de la valeur pour nos coop\u00e9rateurs","item":"https:\/\/tereos.com\/fr\/groupe\/"},{"@type":"ListItem","position":3,"name":"Innover pour accompagner un monde qui change","item":"https:\/\/tereos.com\/fr\/groupe\/innovation\/"},{"@type":"ListItem","position":4,"name":"Process industriel"}]},{"@type":"WebSite","@id":"https:\/\/tereos.com\/en\/#website","url":"https:\/\/tereos.com\/en\/","name":"Tereos","description":"Un site utilisant WordPress","potentialAction":[{"@type":"SearchAction","target":{"@type":"EntryPoint","urlTemplate":"https:\/\/tereos.com\/en\/?s={search_term_string}"},"query-input":{"@type":"PropertyValueSpecification","valueRequired":true,"valueName":"search_term_string"}}],"inLanguage":"fr-FR"}]}},"_links":{"self":[{"href":"https:\/\/tereos.com\/fr\/wp-json\/wp\/v2\/pages\/1201"}],"collection":[{"href":"https:\/\/tereos.com\/fr\/wp-json\/wp\/v2\/pages"}],"about":[{"href":"https:\/\/tereos.com\/fr\/wp-json\/wp\/v2\/types\/page"}],"author":[{"embeddable":true,"href":"https:\/\/tereos.com\/fr\/wp-json\/wp\/v2\/users\/9"}],"replies":[{"embeddable":true,"href":"https:\/\/tereos.com\/fr\/wp-json\/wp\/v2\/comments?post=1201"}],"version-history":[{"count":3,"href":"https:\/\/tereos.com\/fr\/wp-json\/wp\/v2\/pages\/1201\/revisions"}],"predecessor-version":[{"id":17604,"href":"https:\/\/tereos.com\/fr\/wp-json\/wp\/v2\/pages\/1201\/revisions\/17604"}],"up":[{"embeddable":true,"href":"https:\/\/tereos.com\/fr\/wp-json\/wp\/v2\/pages\/1177"}],"wp:featuredmedia":[{"embeddable":true,"href":"https:\/\/tereos.com\/fr\/wp-json\/wp\/v2\/media\/17478"}],"wp:attachment":[{"href":"https:\/\/tereos.com\/fr\/wp-json\/wp\/v2\/media?parent=1201"}],"curies":[{"name":"wp","href":"https:\/\/api.w.org\/{rel}","templated":true}]}}