{"id":1209,"date":"2019-01-29T11:34:31","date_gmt":"2019-01-29T10:34:31","guid":{"rendered":"https:\/\/tereos.com\/?page_id=1209"},"modified":"2023-07-11T09:25:35","modified_gmt":"2023-07-11T07:25:35","slug":"energie","status":"publish","type":"page","link":"https:\/\/tereos.com\/fr\/groupe\/innovation\/energie\/","title":{"rendered":"\u00c9nergie"},"content":{"rendered":"","protected":false},"excerpt":{"rendered":"","protected":false},"author":9,"featured_media":17489,"parent":1177,"menu_order":0,"comment_status":"closed","ping_status":"closed","template":"page-editorial.php","meta":{"_acf_changed":false,"footnotes":""},"class_list":["post-1209","page","type-page","status-publish","has-post-thumbnail","hentry"],"acf":{"is_story":false,"is_testimonial":false,"cover_type":"image","cover_image":17489,"link":"","cover_video_clone":{"cover_mode":"classic","cover_image":17489},"subtitle":"","subtitle_clone":{"subtitle":""},"headline":"La valorisation des r\u00e9sidus agricoles et industriels est essentielle pour remplacer durablement et \u00e9conomiquement une partie des mati\u00e8res premi\u00e8res d\u2019origine fossile. En maximisant la valorisation des productions agricoles nous assurons \u00e0 nos clients et consommateurs une bonne comp\u00e9titivit\u00e9 des produits et ingr\u00e9dients.","headline_clone":{"headline":"La valorisation des r\u00e9sidus agricoles et industriels est essentielle pour remplacer durablement et \u00e9conomiquement une partie des mati\u00e8res premi\u00e8res d\u2019origine fossile. En maximisant la valorisation des productions agricoles nous assurons \u00e0 nos clients et consommateurs une bonne comp\u00e9titivit\u00e9 des produits et ingr\u00e9dients."},"sections":[{"acf_fc_layout":"rich_text","anchor_title":"","text":"<h2>Nos enjeux<\/h2>\n<p>Mettre l\u2019\u00e9conomie circulaire et le territoire au c\u0153ur de nos actions en d\u00e9veloppant de nouvelles valorisations dans nos usines pour les re\u0301sidus non alimentaires et pr\u00e9server au maximum les ressources naturelles.<\/p>\n<p>&nbsp;<\/p>\n<h2>Nos objectifs<\/h2>\n<ul>\n<li>Favoriser l\u2019\u00e9nergie verte issue de nos mati\u00e8res premi\u00e8res en substitution des \u00e9nergies fossiles (gaz, p\u00e9trole, etc)<\/li>\n<li>Am\u00e9liorer la valorisation des produits agricoles en cr\u00e9ant de la valeur \u00e0 partir de sous-produits et des r\u00e9sidus.<\/li>\n<li>Augmenter notre efficacit\u00e9 \u00e9nerg\u00e9tique et r\u00e9duire notre empreinte carbone<\/li>\n<li>Int\u00e9grer nos bioraffineries dans leur territoire<\/li>\n<\/ul>\n"},{"acf_fc_layout":"media","anchor_title":"","type":"image","video":"","image":17486,"caption":"","is_downloadable":false,"items":false},{"acf_fc_layout":"rich_text","anchor_title":"","text":"<h2><strong>Exemples d\u2019application<br \/>\n<\/strong><\/h2>\n<p>50% de l\u2019\u00e9nergie consomm\u00e9e par les usines de Tereos est d\u2019origine renouvelable.<\/p>\n<p><strong><br \/>\nR\u00e9duire notre consommation de gaz <\/strong><\/p>\n<p>En mars 2021, Tereos et SUEZ ont annonc\u00e9 un projet de partenariat qui permettra de r\u00e9duire la consommation de gaz sur le site de la sucrerie d\u2019Origny-Sainte- Benoite, dans l\u2019Aisne. Il s\u2019appuie sur la fourniture par SUEZ d\u2019une \u00e9nergie renouvelable et de r\u00e9cup\u00e9ration sous forme de vapeur produite \u00e0 partir de combustibles solides de r\u00e9cup\u00e9ration (CSR). Cette chaudi\u00e8re couvrira pr\u00e8s de 40% des besoins \u00e9nerg\u00e9tiques du site.<\/p>\n<p>&nbsp;<\/p>\n<p><strong>De la vinasse au biogaz <\/strong><\/p>\n<p>Avec une capacit\u00e9 install\u00e9e de 1MW, la premi\u00e8re usine de biogaz de Tereos situ\u00e9e sur le site de Cruz Alta, au Br\u00e9sil, a \u00e9t\u00e9 inaugur\u00e9e en octobre 2022 : une premi\u00e8re pour le Groupe dans le pays. Au-del\u00e0 d\u2019offrir une nouvelle source d\u2019\u00e9nergie renouvelable \u00e0 Tereos, elle renforce la performance durable et l\u2019utilisation maximale de ses d\u00e9chets industriels.\u00a0<span data-ccp-props=\"{}\">Le <\/span>biogaz produit \u00e0 partir de la <span data-ccp-parastyle=\"Plain Text\">vinasse<\/span><span data-ccp-parastyle=\"Plain Text\">, un coproduit issu de la production d\u2019\u00e9thanol \u00e0 partir de la canne \u00e0 sucre, est transform\u00e9 en \u00e9nergie \u00e9lectrique et distribu\u00e9 sur les r\u00e9seaux de transport jusqu\u2019aux utilisateurs finaux. Il servira prochainement \u00e0 produire du biom\u00e9thane, une alternative propre aux \u00e9nergies fossiles, qui viendra alimenter 100% du parc de v\u00e9hicules agricoles du Groupe d\u2019ici \u00e0 2030.\u00a0<\/span><span data-ccp-props=\"{}\">\u00a0<\/span><\/p>\n<p>&nbsp;<\/p>\n<p><strong>La coge\u0301ne\u0301ration : une source d\u2019e\u0301lectricite\u0301 croissante <\/strong><\/p>\n<p>Au Bre\u0301sil et a\u0300 La Re\u0301union ou\u0300 nous transformons de la canne a\u0300 sucre, nos usines sont autosuffisantes en e\u0301nergie gra\u0302ce a\u0300 l\u2019e\u0301lectricite\u0301 verte produite a\u0300 partir de la bagasse, le re\u0301sidu fibreux de la canne broye\u0301e. Elle est bru\u0302le\u0301e dans des chaudie\u0300res a\u0300 haut rendement et alimente nos sites en e\u0301lectricite\u0301. L\u2019exc\u00e9dent d\u2019e\u0301lectricite\u0301 peut e\u0302tre injecte\u0301 dans le re\u0301seau public.<\/p>\n<p>&nbsp;<\/p>\n"},{"acf_fc_layout":"featured_pages","anchor_title":"","rows":[{"items":[{"title":"Process industriel","image":false,"page":{"ID":1201,"post_author":"9","post_date":"2019-01-29 10:57:21","post_date_gmt":"2019-01-29 09:57:21","post_content":"","post_title":"Process industriel","post_excerpt":"","post_status":"publish","comment_status":"closed","ping_status":"closed","post_password":"","post_name":"process-industriel","to_ping":"","pinged":"","post_modified":"2023-07-11 09:24:43","post_modified_gmt":"2023-07-11 07:24:43","post_content_filtered":"","post_parent":1177,"guid":"https:\/\/tereos.com\/?page_id=1201","menu_order":0,"post_type":"page","post_mime_type":"","comment_count":"0","filter":"raw"}},{"title":"Chimie verte","image":false,"page":{"ID":1215,"post_author":"9","post_date":"2019-01-29 12:00:54","post_date_gmt":"2019-01-29 11:00:54","post_content":"","post_title":"Chimie verte","post_excerpt":"","post_status":"publish","comment_status":"closed","ping_status":"closed","post_password":"","post_name":"chimie-verte","to_ping":"","pinged":"","post_modified":"2023-07-11 09:26:26","post_modified_gmt":"2023-07-11 07:26:26","post_content_filtered":"","post_parent":1177,"guid":"https:\/\/tereos.com\/?page_id=1215","menu_order":0,"post_type":"page","post_mime_type":"","comment_count":"0","filter":"raw"}}]}]}],"flexible_editorial_clone":{"has_anchors":false,"sections":[{"acf_fc_layout":"rich_text","anchor_title":"","text":"<h2>Nos enjeux<\/h2>\n<p>Mettre l\u2019\u00e9conomie circulaire et le territoire au c\u0153ur de nos actions en d\u00e9veloppant de nouvelles valorisations dans nos usines pour les re\u0301sidus non alimentaires et pr\u00e9server au maximum les ressources naturelles.<\/p>\n<p>&nbsp;<\/p>\n<h2>Nos objectifs<\/h2>\n<ul>\n<li>Favoriser l\u2019\u00e9nergie verte issue de nos mati\u00e8res premi\u00e8res en substitution des \u00e9nergies fossiles (gaz, p\u00e9trole, etc)<\/li>\n<li>Am\u00e9liorer la valorisation des produits agricoles en cr\u00e9ant de la valeur \u00e0 partir de sous-produits et des r\u00e9sidus.<\/li>\n<li>Augmenter notre efficacit\u00e9 \u00e9nerg\u00e9tique et r\u00e9duire notre empreinte carbone<\/li>\n<li>Int\u00e9grer nos bioraffineries dans leur territoire<\/li>\n<\/ul>\n"},{"acf_fc_layout":"media","anchor_title":"","type":"image","video":"","image":17486,"caption":"","is_downloadable":false,"items":false},{"acf_fc_layout":"rich_text","anchor_title":"","text":"<h2><strong>Exemples d\u2019application<br \/>\n<\/strong><\/h2>\n<p>50% de l\u2019\u00e9nergie consomm\u00e9e par les usines de Tereos est d\u2019origine renouvelable.<\/p>\n<p><strong><br \/>\nR\u00e9duire notre consommation de gaz <\/strong><\/p>\n<p>En mars 2021, Tereos et SUEZ ont annonc\u00e9 un projet de partenariat qui permettra de r\u00e9duire la consommation de gaz sur le site de la sucrerie d\u2019Origny-Sainte- Benoite, dans l\u2019Aisne. Il s\u2019appuie sur la fourniture par SUEZ d\u2019une \u00e9nergie renouvelable et de r\u00e9cup\u00e9ration sous forme de vapeur produite \u00e0 partir de combustibles solides de r\u00e9cup\u00e9ration (CSR). Cette chaudi\u00e8re couvrira pr\u00e8s de 40% des besoins \u00e9nerg\u00e9tiques du site.<\/p>\n<p>&nbsp;<\/p>\n<p><strong>De la vinasse au biogaz <\/strong><\/p>\n<p>Avec une capacit\u00e9 install\u00e9e de 1MW, la premi\u00e8re usine de biogaz de Tereos situ\u00e9e sur le site de Cruz Alta, au Br\u00e9sil, a \u00e9t\u00e9 inaugur\u00e9e en octobre 2022 : une premi\u00e8re pour le Groupe dans le pays. Au-del\u00e0 d\u2019offrir une nouvelle source d\u2019\u00e9nergie renouvelable \u00e0 Tereos, elle renforce la performance durable et l\u2019utilisation maximale de ses d\u00e9chets industriels.\u00a0<span data-ccp-props=\"{}\">Le <\/span>biogaz produit \u00e0 partir de la <span data-ccp-parastyle=\"Plain Text\">vinasse<\/span><span data-ccp-parastyle=\"Plain Text\">, un coproduit issu de la production d\u2019\u00e9thanol \u00e0 partir de la canne \u00e0 sucre, est transform\u00e9 en \u00e9nergie \u00e9lectrique et distribu\u00e9 sur les r\u00e9seaux de transport jusqu\u2019aux utilisateurs finaux. Il servira prochainement \u00e0 produire du biom\u00e9thane, une alternative propre aux \u00e9nergies fossiles, qui viendra alimenter 100% du parc de v\u00e9hicules agricoles du Groupe d\u2019ici \u00e0 2030.\u00a0<\/span><span data-ccp-props=\"{}\">\u00a0<\/span><\/p>\n<p>&nbsp;<\/p>\n<p><strong>La coge\u0301ne\u0301ration : une source d\u2019e\u0301lectricite\u0301 croissante <\/strong><\/p>\n<p>Au Bre\u0301sil et a\u0300 La Re\u0301union ou\u0300 nous transformons de la canne a\u0300 sucre, nos usines sont autosuffisantes en e\u0301nergie gra\u0302ce a\u0300 l\u2019e\u0301lectricite\u0301 verte produite a\u0300 partir de la bagasse, le re\u0301sidu fibreux de la canne broye\u0301e. Elle est bru\u0302le\u0301e dans des chaudie\u0300res a\u0300 haut rendement et alimente nos sites en e\u0301lectricite\u0301. L\u2019exc\u00e9dent d\u2019e\u0301lectricite\u0301 peut e\u0302tre injecte\u0301 dans le re\u0301seau public.<\/p>\n<p>&nbsp;<\/p>\n"},{"acf_fc_layout":"featured_pages","anchor_title":"","rows":[{"items":[{"title":"Process industriel","image":false,"page":{"ID":1201,"post_author":"9","post_date":"2019-01-29 10:57:21","post_date_gmt":"2019-01-29 09:57:21","post_content":"","post_title":"Process industriel","post_excerpt":"","post_status":"publish","comment_status":"closed","ping_status":"closed","post_password":"","post_name":"process-industriel","to_ping":"","pinged":"","post_modified":"2023-07-11 09:24:43","post_modified_gmt":"2023-07-11 07:24:43","post_content_filtered":"","post_parent":1177,"guid":"https:\/\/tereos.com\/?page_id=1201","menu_order":0,"post_type":"page","post_mime_type":"","comment_count":"0","filter":"raw"}},{"title":"Chimie verte","image":false,"page":{"ID":1215,"post_author":"9","post_date":"2019-01-29 12:00:54","post_date_gmt":"2019-01-29 11:00:54","post_content":"","post_title":"Chimie verte","post_excerpt":"","post_status":"publish","comment_status":"closed","ping_status":"closed","post_password":"","post_name":"chimie-verte","to_ping":"","pinged":"","post_modified":"2023-07-11 09:26:26","post_modified_gmt":"2023-07-11 07:26:26","post_content_filtered":"","post_parent":1177,"guid":"https:\/\/tereos.com\/?page_id=1215","menu_order":0,"post_type":"page","post_mime_type":"","comment_count":"0","filter":"raw"}}]}]}]},"cover_mode":"classic","has_anchors":false},"yoast_head":"<!-- This site is optimized with the Yoast SEO plugin v23.7 - https:\/\/yoast.com\/wordpress\/plugins\/seo\/ -->\n<title>\u00c9nergie - Tereos<\/title>\n<meta name=\"description\" content=\"La valorisation des r\u00e9sidus agricoles et industriels est essentielle pour remplacer durablement et \u00e9conomiquement une partie des mati\u00e8res premi\u00e8res d\u2019origine fossile. En maximisant la valorisation des productions agricoles nous assurons \u00e0 nos clients et consommateurs une bonne comp\u00e9titivit\u00e9 des produits et ingr\u00e9dients.\" \/>\n<meta name=\"robots\" content=\"index, follow, max-snippet:-1, max-image-preview:large, max-video-preview:-1\" \/>\n<link rel=\"canonical\" href=\"https:\/\/tereos.com\/fr\/groupe\/innovation\/energie\/\" \/>\n<meta property=\"og:locale\" content=\"fr_FR\" \/>\n<meta property=\"og:type\" content=\"article\" \/>\n<meta property=\"og:title\" content=\"\u00c9nergie - Tereos\" \/>\n<meta property=\"og:description\" content=\"La valorisation des r\u00e9sidus agricoles et industriels est essentielle pour remplacer durablement et \u00e9conomiquement une partie des mati\u00e8res premi\u00e8res d\u2019origine fossile. En maximisant la valorisation des productions agricoles nous assurons \u00e0 nos clients et consommateurs une bonne comp\u00e9titivit\u00e9 des produits et ingr\u00e9dients.\" \/>\n<meta property=\"og:url\" content=\"https:\/\/tereos.com\/fr\/groupe\/innovation\/energie\/\" \/>\n<meta property=\"og:site_name\" content=\"Tereos\" \/>\n<meta property=\"article:modified_time\" content=\"2023-07-11T07:25:35+00:00\" \/>\n<meta property=\"og:image\" content=\"https:\/\/www.tereos.com\/app\/uploads\/2023\/06\/woman-working-in-the-plant-with-ppegreg-gonzalez8774-2-1-1-1.png\" \/>\n\t<meta property=\"og:image:width\" content=\"1024\" \/>\n\t<meta property=\"og:image:height\" content=\"668\" \/>\n\t<meta property=\"og:image:type\" content=\"image\/png\" \/>\n<meta name=\"twitter:card\" content=\"summary_large_image\" \/>\n<script type=\"application\/ld+json\" class=\"yoast-schema-graph\">{\"@context\":\"https:\/\/schema.org\",\"@graph\":[{\"@type\":\"WebPage\",\"@id\":\"https:\/\/tereos.com\/fr\/groupe\/innovation\/energie\/\",\"url\":\"https:\/\/tereos.com\/fr\/groupe\/innovation\/energie\/\",\"name\":\"\u00c9nergie - Tereos\",\"isPartOf\":{\"@id\":\"https:\/\/tereos.com\/en\/#website\"},\"primaryImageOfPage\":{\"@id\":\"https:\/\/tereos.com\/fr\/groupe\/innovation\/energie\/#primaryimage\"},\"image\":{\"@id\":\"https:\/\/tereos.com\/fr\/groupe\/innovation\/energie\/#primaryimage\"},\"thumbnailUrl\":\"https:\/\/www.tereos.com\/app\/uploads\/2023\/06\/woman-working-in-the-plant-with-ppegreg-gonzalez8774-2-1-1-1.png\",\"datePublished\":\"2019-01-29T10:34:31+00:00\",\"dateModified\":\"2023-07-11T07:25:35+00:00\",\"description\":\"La valorisation des r\u00e9sidus agricoles et industriels est essentielle pour remplacer durablement et \u00e9conomiquement une partie des mati\u00e8res premi\u00e8res d\u2019origine fossile. En maximisant la valorisation des productions agricoles nous assurons \u00e0 nos clients et consommateurs une bonne comp\u00e9titivit\u00e9 des produits et ingr\u00e9dients.\",\"breadcrumb\":{\"@id\":\"https:\/\/tereos.com\/fr\/groupe\/innovation\/energie\/#breadcrumb\"},\"inLanguage\":\"fr-FR\",\"potentialAction\":[{\"@type\":\"ReadAction\",\"target\":[\"https:\/\/tereos.com\/fr\/groupe\/innovation\/energie\/\"]}]},{\"@type\":\"ImageObject\",\"inLanguage\":\"fr-FR\",\"@id\":\"https:\/\/tereos.com\/fr\/groupe\/innovation\/energie\/#primaryimage\",\"url\":\"https:\/\/www.tereos.com\/app\/uploads\/2023\/06\/woman-working-in-the-plant-with-ppegreg-gonzalez8774-2-1-1-1.png\",\"contentUrl\":\"https:\/\/www.tereos.com\/app\/uploads\/2023\/06\/woman-working-in-the-plant-with-ppegreg-gonzalez8774-2-1-1-1.png\",\"width\":6496,\"height\":4237,\"caption\":\"Technicienne dans une Usine Tereos\"},{\"@type\":\"BreadcrumbList\",\"@id\":\"https:\/\/tereos.com\/fr\/groupe\/innovation\/energie\/#breadcrumb\",\"itemListElement\":[{\"@type\":\"ListItem\",\"position\":1,\"name\":\"Home\",\"item\":\"https:\/\/tereos.com\/fr\/\"},{\"@type\":\"ListItem\",\"position\":2,\"name\":\"R\u00e9pondre aux besoins du quotidien gr\u00e2ce au v\u00e9g\u00e9tal en cr\u00e9ant de la valeur pour nos coop\u00e9rateurs\",\"item\":\"https:\/\/tereos.com\/fr\/groupe\/\"},{\"@type\":\"ListItem\",\"position\":3,\"name\":\"Innover pour accompagner un monde qui change\",\"item\":\"https:\/\/tereos.com\/fr\/groupe\/innovation\/\"},{\"@type\":\"ListItem\",\"position\":4,\"name\":\"\u00c9nergie\"}]},{\"@type\":\"WebSite\",\"@id\":\"https:\/\/tereos.com\/en\/#website\",\"url\":\"https:\/\/tereos.com\/en\/\",\"name\":\"Tereos\",\"description\":\"Un site utilisant WordPress\",\"potentialAction\":[{\"@type\":\"SearchAction\",\"target\":{\"@type\":\"EntryPoint\",\"urlTemplate\":\"https:\/\/tereos.com\/en\/?s={search_term_string}\"},\"query-input\":{\"@type\":\"PropertyValueSpecification\",\"valueRequired\":true,\"valueName\":\"search_term_string\"}}],\"inLanguage\":\"fr-FR\"}]}<\/script>\n<!-- \/ Yoast SEO plugin. -->","yoast_head_json":{"title":"\u00c9nergie - Tereos","description":"La valorisation des r\u00e9sidus agricoles et industriels est essentielle pour remplacer durablement et \u00e9conomiquement une partie des mati\u00e8res premi\u00e8res d\u2019origine fossile. En maximisant la valorisation des productions agricoles nous assurons \u00e0 nos clients et consommateurs une bonne comp\u00e9titivit\u00e9 des produits et ingr\u00e9dients.","robots":{"index":"index","follow":"follow","max-snippet":"max-snippet:-1","max-image-preview":"max-image-preview:large","max-video-preview":"max-video-preview:-1"},"canonical":"https:\/\/tereos.com\/fr\/groupe\/innovation\/energie\/","og_locale":"fr_FR","og_type":"article","og_title":"\u00c9nergie - Tereos","og_description":"La valorisation des r\u00e9sidus agricoles et industriels est essentielle pour remplacer durablement et \u00e9conomiquement une partie des mati\u00e8res premi\u00e8res d\u2019origine fossile. En maximisant la valorisation des productions agricoles nous assurons \u00e0 nos clients et consommateurs une bonne comp\u00e9titivit\u00e9 des produits et ingr\u00e9dients.","og_url":"https:\/\/tereos.com\/fr\/groupe\/innovation\/energie\/","og_site_name":"Tereos","article_modified_time":"2023-07-11T07:25:35+00:00","og_image":[{"url":"https:\/\/www.tereos.com\/app\/uploads\/2023\/06\/woman-working-in-the-plant-with-ppegreg-gonzalez8774-2-1-1-1.png","width":1024,"height":668,"type":"image\/png"}],"twitter_card":"summary_large_image","schema":{"@context":"https:\/\/schema.org","@graph":[{"@type":"WebPage","@id":"https:\/\/tereos.com\/fr\/groupe\/innovation\/energie\/","url":"https:\/\/tereos.com\/fr\/groupe\/innovation\/energie\/","name":"\u00c9nergie - Tereos","isPartOf":{"@id":"https:\/\/tereos.com\/en\/#website"},"primaryImageOfPage":{"@id":"https:\/\/tereos.com\/fr\/groupe\/innovation\/energie\/#primaryimage"},"image":{"@id":"https:\/\/tereos.com\/fr\/groupe\/innovation\/energie\/#primaryimage"},"thumbnailUrl":"https:\/\/www.tereos.com\/app\/uploads\/2023\/06\/woman-working-in-the-plant-with-ppegreg-gonzalez8774-2-1-1-1.png","datePublished":"2019-01-29T10:34:31+00:00","dateModified":"2023-07-11T07:25:35+00:00","description":"La valorisation des r\u00e9sidus agricoles et industriels est essentielle pour remplacer durablement et \u00e9conomiquement une partie des mati\u00e8res premi\u00e8res d\u2019origine fossile. En maximisant la valorisation des productions agricoles nous assurons \u00e0 nos clients et consommateurs une bonne comp\u00e9titivit\u00e9 des produits et ingr\u00e9dients.","breadcrumb":{"@id":"https:\/\/tereos.com\/fr\/groupe\/innovation\/energie\/#breadcrumb"},"inLanguage":"fr-FR","potentialAction":[{"@type":"ReadAction","target":["https:\/\/tereos.com\/fr\/groupe\/innovation\/energie\/"]}]},{"@type":"ImageObject","inLanguage":"fr-FR","@id":"https:\/\/tereos.com\/fr\/groupe\/innovation\/energie\/#primaryimage","url":"https:\/\/www.tereos.com\/app\/uploads\/2023\/06\/woman-working-in-the-plant-with-ppegreg-gonzalez8774-2-1-1-1.png","contentUrl":"https:\/\/www.tereos.com\/app\/uploads\/2023\/06\/woman-working-in-the-plant-with-ppegreg-gonzalez8774-2-1-1-1.png","width":6496,"height":4237,"caption":"Technicienne dans une Usine Tereos"},{"@type":"BreadcrumbList","@id":"https:\/\/tereos.com\/fr\/groupe\/innovation\/energie\/#breadcrumb","itemListElement":[{"@type":"ListItem","position":1,"name":"Home","item":"https:\/\/tereos.com\/fr\/"},{"@type":"ListItem","position":2,"name":"R\u00e9pondre aux besoins du quotidien gr\u00e2ce au v\u00e9g\u00e9tal en cr\u00e9ant de la valeur pour nos coop\u00e9rateurs","item":"https:\/\/tereos.com\/fr\/groupe\/"},{"@type":"ListItem","position":3,"name":"Innover pour accompagner un monde qui change","item":"https:\/\/tereos.com\/fr\/groupe\/innovation\/"},{"@type":"ListItem","position":4,"name":"\u00c9nergie"}]},{"@type":"WebSite","@id":"https:\/\/tereos.com\/en\/#website","url":"https:\/\/tereos.com\/en\/","name":"Tereos","description":"Un site utilisant WordPress","potentialAction":[{"@type":"SearchAction","target":{"@type":"EntryPoint","urlTemplate":"https:\/\/tereos.com\/en\/?s={search_term_string}"},"query-input":{"@type":"PropertyValueSpecification","valueRequired":true,"valueName":"search_term_string"}}],"inLanguage":"fr-FR"}]}},"_links":{"self":[{"href":"https:\/\/tereos.com\/fr\/wp-json\/wp\/v2\/pages\/1209"}],"collection":[{"href":"https:\/\/tereos.com\/fr\/wp-json\/wp\/v2\/pages"}],"about":[{"href":"https:\/\/tereos.com\/fr\/wp-json\/wp\/v2\/types\/page"}],"author":[{"embeddable":true,"href":"https:\/\/tereos.com\/fr\/wp-json\/wp\/v2\/users\/9"}],"replies":[{"embeddable":true,"href":"https:\/\/tereos.com\/fr\/wp-json\/wp\/v2\/comments?post=1209"}],"version-history":[{"count":3,"href":"https:\/\/tereos.com\/fr\/wp-json\/wp\/v2\/pages\/1209\/revisions"}],"predecessor-version":[{"id":17605,"href":"https:\/\/tereos.com\/fr\/wp-json\/wp\/v2\/pages\/1209\/revisions\/17605"}],"up":[{"embeddable":true,"href":"https:\/\/tereos.com\/fr\/wp-json\/wp\/v2\/pages\/1177"}],"wp:featuredmedia":[{"embeddable":true,"href":"https:\/\/tereos.com\/fr\/wp-json\/wp\/v2\/media\/17489"}],"wp:attachment":[{"href":"https:\/\/tereos.com\/fr\/wp-json\/wp\/v2\/media?parent=1209"}],"curies":[{"name":"wp","href":"https:\/\/api.w.org\/{rel}","templated":true}]}}