{"id":1215,"date":"2019-01-29T12:00:54","date_gmt":"2019-01-29T11:00:54","guid":{"rendered":"https:\/\/tereos.com\/?page_id=1215"},"modified":"2023-07-11T09:26:26","modified_gmt":"2023-07-11T07:26:26","slug":"chimie-verte","status":"publish","type":"page","link":"https:\/\/tereos.com\/fr\/groupe\/innovation\/chimie-verte\/","title":{"rendered":"Chimie verte"},"content":{"rendered":"","protected":false},"excerpt":{"rendered":"","protected":false},"author":9,"featured_media":1443,"parent":1177,"menu_order":0,"comment_status":"closed","ping_status":"closed","template":"page-editorial.php","meta":{"_acf_changed":false,"footnotes":""},"class_list":["post-1215","page","type-page","status-publish","has-post-thumbnail","hentry"],"acf":{"is_story":false,"is_testimonial":false,"cover_type":"image","cover_image":1443,"link":"","cover_video_clone":{"cover_mode":"classic","cover_image":1443},"subtitle":"","subtitle_clone":{"subtitle":""},"headline":"La chimie du v\u00e9g\u00e9tal utilise les mati\u00e8res premi\u00e8res v\u00e9g\u00e9tales comme source de carbone afin de se substituer au carbone d\u2019origine fossile pour produire des mat\u00e9riaux ou des synthons (mol\u00e9cules) pour la chimie. Le savoir-faire de Tereos en termes de biotechnologie et de chimie lui permet d\u2019\u00eatre un partenaire de r\u00e9f\u00e9rence du d\u00e9veloppement de la chimie du v\u00e9g\u00e9tal et des biomat\u00e9riaux.","headline_clone":{"headline":"La chimie du v\u00e9g\u00e9tal utilise les mati\u00e8res premi\u00e8res v\u00e9g\u00e9tales comme source de carbone afin de se substituer au carbone d\u2019origine fossile pour produire des mat\u00e9riaux ou des synthons (mol\u00e9cules) pour la chimie. Le savoir-faire de Tereos en termes de biotechnologie et de chimie lui permet d\u2019\u00eatre un partenaire de r\u00e9f\u00e9rence du d\u00e9veloppement de la chimie du v\u00e9g\u00e9tal et des biomat\u00e9riaux."},"sections":[{"acf_fc_layout":"rich_text","anchor_title":"","text":"<h2>Notre enjeu<\/h2>\n<p>Tereos vise \u00e0 r\u00e9duire la d\u00e9pendance des industries chimiques aux ressources fossiles et \u00e0 substituer des produits fortement polluants ou toxiques par des produits plus respectueux de l\u2019environnement. Ces derniers contribuent \u00e0 la r\u00e9duction globale des \u00e9missions de gaz \u00e0 effet de serre.<\/p>\n<p>&nbsp;<\/p>\n<h2>Nos objectifs<\/h2>\n<ul>\n<li>D\u00e9velopper la chimie du renouvelable, c\u2019est \u00e0 dire favoriser une chimie qui permette de diminuer l&#8217;usage d&#8217;\u00e9nergies fossiles, mati\u00e8res premi\u00e8res fossiles ou la g\u00e9n\u00e9ration de substances n\u00e9fastes pour l&#8217;environnement<\/li>\n<li>Renforcer la valorisation des mati\u00e8res premi\u00e8res agricoles et la p\u00e9rennit\u00e9 de la fili\u00e8re<\/li>\n<li>D\u00e9velopper des synthons (mol\u00e9cules) \u00e9conomiquement viables et pouvant concurrencer les mol\u00e9cules issues de la p\u00e9trochimie.<\/li>\n<\/ul>\n"},{"acf_fc_layout":"media","anchor_title":"","type":"image","video":"","image":2813,"caption":"","is_downloadable":false,"items":false},{"acf_fc_layout":"rich_text","anchor_title":"","text":"<h2>Exemples d\u2019application<\/h2>\n<p><strong>Tensioactifs base polyol <\/strong><\/p>\n<p>Les \u00e9quipes d\u00e9veloppent une r\u00e9action de synth\u00e8se chimique base d\u2019un polyol, issu de la betterave, qui permet de produire un tensioactif, capable d\u2019augmenter l\u2019action mouillante ou moussante par exemple et ayant un effet biocide c\u2019est-\u00e0-dire d\u00e9truisant les bact\u00e9ries. Ce tensioactif peut par exemple \u00eatre utilis\u00e9 dans le savon. Les \u00e9quipes Recherche &amp; D\u00e9veloppement du Groupe m\u00e8nent un projet pour am\u00e9liorer la performance des colles pour cartons d\u2019emballage, \u00e0 partir de l\u2019amidon.<\/p>\n<p><strong>Les mousses polyur\u00e9thanes<br \/>\n<\/strong><\/p>\n<p>Tereos a d\u00e9velopp\u00e9 en partenariat avec un laboratoire de recherche d\u2019excellence et un client industriel l\u2019un des proc\u00e9d\u00e9s de production de mousses polyur\u00e9thanes \u00e0 base 100% v\u00e9g\u00e9tale pour l\u2019isolation des b\u00e2timents.<\/p>\n"},{"acf_fc_layout":"featured_pages","anchor_title":"","rows":[{"items":[{"title":"Energie","image":false,"page":{"ID":1209,"post_author":"9","post_date":"2019-01-29 11:34:31","post_date_gmt":"2019-01-29 10:34:31","post_content":"","post_title":"\u00c9nergie","post_excerpt":"","post_status":"publish","comment_status":"closed","ping_status":"closed","post_password":"","post_name":"energie","to_ping":"","pinged":"","post_modified":"2023-07-11 09:25:35","post_modified_gmt":"2023-07-11 07:25:35","post_content_filtered":"","post_parent":1177,"guid":"https:\/\/tereos.com\/?page_id=1209","menu_order":0,"post_type":"page","post_mime_type":"","comment_count":"0","filter":"raw"}},{"title":"Pharmacie","image":false,"page":{"ID":1220,"post_author":"9","post_date":"2019-01-31 11:59:38","post_date_gmt":"2019-01-31 10:59:38","post_content":"","post_title":"Pharmacie","post_excerpt":"","post_status":"publish","comment_status":"closed","ping_status":"closed","post_password":"","post_name":"pharmacie","to_ping":"","pinged":"","post_modified":"2023-07-11 09:27:16","post_modified_gmt":"2023-07-11 07:27:16","post_content_filtered":"","post_parent":1177,"guid":"https:\/\/tereos.com\/?page_id=1220","menu_order":0,"post_type":"page","post_mime_type":"","comment_count":"0","filter":"raw"}}]}]}],"flexible_editorial_clone":{"has_anchors":false,"sections":[{"acf_fc_layout":"rich_text","anchor_title":"","text":"<h2>Notre enjeu<\/h2>\n<p>Tereos vise \u00e0 r\u00e9duire la d\u00e9pendance des industries chimiques aux ressources fossiles et \u00e0 substituer des produits fortement polluants ou toxiques par des produits plus respectueux de l\u2019environnement. Ces derniers contribuent \u00e0 la r\u00e9duction globale des \u00e9missions de gaz \u00e0 effet de serre.<\/p>\n<p>&nbsp;<\/p>\n<h2>Nos objectifs<\/h2>\n<ul>\n<li>D\u00e9velopper la chimie du renouvelable, c\u2019est \u00e0 dire favoriser une chimie qui permette de diminuer l&#8217;usage d&#8217;\u00e9nergies fossiles, mati\u00e8res premi\u00e8res fossiles ou la g\u00e9n\u00e9ration de substances n\u00e9fastes pour l&#8217;environnement<\/li>\n<li>Renforcer la valorisation des mati\u00e8res premi\u00e8res agricoles et la p\u00e9rennit\u00e9 de la fili\u00e8re<\/li>\n<li>D\u00e9velopper des synthons (mol\u00e9cules) \u00e9conomiquement viables et pouvant concurrencer les mol\u00e9cules issues de la p\u00e9trochimie.<\/li>\n<\/ul>\n"},{"acf_fc_layout":"media","anchor_title":"","type":"image","video":"","image":2813,"caption":"","is_downloadable":false,"items":false},{"acf_fc_layout":"rich_text","anchor_title":"","text":"<h2>Exemples d\u2019application<\/h2>\n<p><strong>Tensioactifs base polyol <\/strong><\/p>\n<p>Les \u00e9quipes d\u00e9veloppent une r\u00e9action de synth\u00e8se chimique base d\u2019un polyol, issu de la betterave, qui permet de produire un tensioactif, capable d\u2019augmenter l\u2019action mouillante ou moussante par exemple et ayant un effet biocide c\u2019est-\u00e0-dire d\u00e9truisant les bact\u00e9ries. Ce tensioactif peut par exemple \u00eatre utilis\u00e9 dans le savon. Les \u00e9quipes Recherche &amp; D\u00e9veloppement du Groupe m\u00e8nent un projet pour am\u00e9liorer la performance des colles pour cartons d\u2019emballage, \u00e0 partir de l\u2019amidon.<\/p>\n<p><strong>Les mousses polyur\u00e9thanes<br \/>\n<\/strong><\/p>\n<p>Tereos a d\u00e9velopp\u00e9 en partenariat avec un laboratoire de recherche d\u2019excellence et un client industriel l\u2019un des proc\u00e9d\u00e9s de production de mousses polyur\u00e9thanes \u00e0 base 100% v\u00e9g\u00e9tale pour l\u2019isolation des b\u00e2timents.<\/p>\n"},{"acf_fc_layout":"featured_pages","anchor_title":"","rows":[{"items":[{"title":"Energie","image":false,"page":{"ID":1209,"post_author":"9","post_date":"2019-01-29 11:34:31","post_date_gmt":"2019-01-29 10:34:31","post_content":"","post_title":"\u00c9nergie","post_excerpt":"","post_status":"publish","comment_status":"closed","ping_status":"closed","post_password":"","post_name":"energie","to_ping":"","pinged":"","post_modified":"2023-07-11 09:25:35","post_modified_gmt":"2023-07-11 07:25:35","post_content_filtered":"","post_parent":1177,"guid":"https:\/\/tereos.com\/?page_id=1209","menu_order":0,"post_type":"page","post_mime_type":"","comment_count":"0","filter":"raw"}},{"title":"Pharmacie","image":false,"page":{"ID":1220,"post_author":"9","post_date":"2019-01-31 11:59:38","post_date_gmt":"2019-01-31 10:59:38","post_content":"","post_title":"Pharmacie","post_excerpt":"","post_status":"publish","comment_status":"closed","ping_status":"closed","post_password":"","post_name":"pharmacie","to_ping":"","pinged":"","post_modified":"2023-07-11 09:27:16","post_modified_gmt":"2023-07-11 07:27:16","post_content_filtered":"","post_parent":1177,"guid":"https:\/\/tereos.com\/?page_id=1220","menu_order":0,"post_type":"page","post_mime_type":"","comment_count":"0","filter":"raw"}}]}]}]},"cover_mode":"classic","has_anchors":false},"yoast_head":"<!-- This site is optimized with the Yoast SEO plugin v23.7 - https:\/\/yoast.com\/wordpress\/plugins\/seo\/ -->\n<title>Chimie verte - Tereos<\/title>\n<meta name=\"description\" content=\"La chimie du v\u00e9g\u00e9tal utilise les mati\u00e8res premi\u00e8res v\u00e9g\u00e9tales comme source de carbone afin de se substituer au carbone d\u2019origine fossile pour produire des mat\u00e9riaux ou des synthons (mol\u00e9cules) pour la chimie. Le savoir-faire de Tereos en termes de biotechnologie et de chimie lui permet d\u2019\u00eatre un partenaire de r\u00e9f\u00e9rence du d\u00e9veloppement de la chimie du v\u00e9g\u00e9tal et des biomat\u00e9riaux.\" \/>\n<meta name=\"robots\" content=\"index, follow, max-snippet:-1, max-image-preview:large, max-video-preview:-1\" \/>\n<link rel=\"canonical\" href=\"https:\/\/tereos.com\/fr\/groupe\/innovation\/chimie-verte\/\" \/>\n<meta property=\"og:locale\" content=\"fr_FR\" \/>\n<meta property=\"og:type\" content=\"article\" \/>\n<meta property=\"og:title\" content=\"Chimie verte - Tereos\" \/>\n<meta property=\"og:description\" content=\"La chimie du v\u00e9g\u00e9tal utilise les mati\u00e8res premi\u00e8res v\u00e9g\u00e9tales comme source de carbone afin de se substituer au carbone d\u2019origine fossile pour produire des mat\u00e9riaux ou des synthons (mol\u00e9cules) pour la chimie. Le savoir-faire de Tereos en termes de biotechnologie et de chimie lui permet d\u2019\u00eatre un partenaire de r\u00e9f\u00e9rence du d\u00e9veloppement de la chimie du v\u00e9g\u00e9tal et des biomat\u00e9riaux.\" \/>\n<meta property=\"og:url\" content=\"https:\/\/tereos.com\/fr\/groupe\/innovation\/chimie-verte\/\" \/>\n<meta property=\"og:site_name\" content=\"Tereos\" \/>\n<meta property=\"article:modified_time\" content=\"2023-07-11T07:26:26+00:00\" \/>\n<meta property=\"og:image\" content=\"https:\/\/tereos.com\/app\/uploads\/2018\/07\/green-chemistry.jpg\" \/>\n\t<meta property=\"og:image:width\" content=\"2560\" \/>\n\t<meta property=\"og:image:height\" content=\"1000\" \/>\n\t<meta property=\"og:image:type\" content=\"image\/jpeg\" \/>\n<meta name=\"twitter:card\" content=\"summary_large_image\" \/>\n<script type=\"application\/ld+json\" class=\"yoast-schema-graph\">{\"@context\":\"https:\/\/schema.org\",\"@graph\":[{\"@type\":\"WebPage\",\"@id\":\"https:\/\/tereos.com\/fr\/groupe\/innovation\/chimie-verte\/\",\"url\":\"https:\/\/tereos.com\/fr\/groupe\/innovation\/chimie-verte\/\",\"name\":\"Chimie verte - Tereos\",\"isPartOf\":{\"@id\":\"https:\/\/tereos.com\/en\/#website\"},\"primaryImageOfPage\":{\"@id\":\"https:\/\/tereos.com\/fr\/groupe\/innovation\/chimie-verte\/#primaryimage\"},\"image\":{\"@id\":\"https:\/\/tereos.com\/fr\/groupe\/innovation\/chimie-verte\/#primaryimage\"},\"thumbnailUrl\":\"https:\/\/www.tereos.com\/app\/uploads\/2018\/07\/green-chemistry.jpg\",\"datePublished\":\"2019-01-29T11:00:54+00:00\",\"dateModified\":\"2023-07-11T07:26:26+00:00\",\"description\":\"La chimie du v\u00e9g\u00e9tal utilise les mati\u00e8res premi\u00e8res v\u00e9g\u00e9tales comme source de carbone afin de se substituer au carbone d\u2019origine fossile pour produire des mat\u00e9riaux ou des synthons (mol\u00e9cules) pour la chimie. Le savoir-faire de Tereos en termes de biotechnologie et de chimie lui permet d\u2019\u00eatre un partenaire de r\u00e9f\u00e9rence du d\u00e9veloppement de la chimie du v\u00e9g\u00e9tal et des biomat\u00e9riaux.\",\"breadcrumb\":{\"@id\":\"https:\/\/tereos.com\/fr\/groupe\/innovation\/chimie-verte\/#breadcrumb\"},\"inLanguage\":\"fr-FR\",\"potentialAction\":[{\"@type\":\"ReadAction\",\"target\":[\"https:\/\/tereos.com\/fr\/groupe\/innovation\/chimie-verte\/\"]}]},{\"@type\":\"ImageObject\",\"inLanguage\":\"fr-FR\",\"@id\":\"https:\/\/tereos.com\/fr\/groupe\/innovation\/chimie-verte\/#primaryimage\",\"url\":\"https:\/\/www.tereos.com\/app\/uploads\/2018\/07\/green-chemistry.jpg\",\"contentUrl\":\"https:\/\/www.tereos.com\/app\/uploads\/2018\/07\/green-chemistry.jpg\",\"width\":2560,\"height\":1000,\"caption\":\"Chimie Verte Tereos\"},{\"@type\":\"BreadcrumbList\",\"@id\":\"https:\/\/tereos.com\/fr\/groupe\/innovation\/chimie-verte\/#breadcrumb\",\"itemListElement\":[{\"@type\":\"ListItem\",\"position\":1,\"name\":\"Home\",\"item\":\"https:\/\/tereos.com\/fr\/\"},{\"@type\":\"ListItem\",\"position\":2,\"name\":\"R\u00e9pondre aux besoins du quotidien gr\u00e2ce au v\u00e9g\u00e9tal en cr\u00e9ant de la valeur pour nos coop\u00e9rateurs\",\"item\":\"https:\/\/tereos.com\/fr\/groupe\/\"},{\"@type\":\"ListItem\",\"position\":3,\"name\":\"Innover pour accompagner un monde qui change\",\"item\":\"https:\/\/tereos.com\/fr\/groupe\/innovation\/\"},{\"@type\":\"ListItem\",\"position\":4,\"name\":\"Chimie verte\"}]},{\"@type\":\"WebSite\",\"@id\":\"https:\/\/tereos.com\/en\/#website\",\"url\":\"https:\/\/tereos.com\/en\/\",\"name\":\"Tereos\",\"description\":\"Un site utilisant WordPress\",\"potentialAction\":[{\"@type\":\"SearchAction\",\"target\":{\"@type\":\"EntryPoint\",\"urlTemplate\":\"https:\/\/tereos.com\/en\/?s={search_term_string}\"},\"query-input\":{\"@type\":\"PropertyValueSpecification\",\"valueRequired\":true,\"valueName\":\"search_term_string\"}}],\"inLanguage\":\"fr-FR\"}]}<\/script>\n<!-- \/ Yoast SEO plugin. -->","yoast_head_json":{"title":"Chimie verte - Tereos","description":"La chimie du v\u00e9g\u00e9tal utilise les mati\u00e8res premi\u00e8res v\u00e9g\u00e9tales comme source de carbone afin de se substituer au carbone d\u2019origine fossile pour produire des mat\u00e9riaux ou des synthons (mol\u00e9cules) pour la chimie. Le savoir-faire de Tereos en termes de biotechnologie et de chimie lui permet d\u2019\u00eatre un partenaire de r\u00e9f\u00e9rence du d\u00e9veloppement de la chimie du v\u00e9g\u00e9tal et des biomat\u00e9riaux.","robots":{"index":"index","follow":"follow","max-snippet":"max-snippet:-1","max-image-preview":"max-image-preview:large","max-video-preview":"max-video-preview:-1"},"canonical":"https:\/\/tereos.com\/fr\/groupe\/innovation\/chimie-verte\/","og_locale":"fr_FR","og_type":"article","og_title":"Chimie verte - Tereos","og_description":"La chimie du v\u00e9g\u00e9tal utilise les mati\u00e8res premi\u00e8res v\u00e9g\u00e9tales comme source de carbone afin de se substituer au carbone d\u2019origine fossile pour produire des mat\u00e9riaux ou des synthons (mol\u00e9cules) pour la chimie. Le savoir-faire de Tereos en termes de biotechnologie et de chimie lui permet d\u2019\u00eatre un partenaire de r\u00e9f\u00e9rence du d\u00e9veloppement de la chimie du v\u00e9g\u00e9tal et des biomat\u00e9riaux.","og_url":"https:\/\/tereos.com\/fr\/groupe\/innovation\/chimie-verte\/","og_site_name":"Tereos","article_modified_time":"2023-07-11T07:26:26+00:00","og_image":[{"width":2560,"height":1000,"url":"https:\/\/tereos.com\/app\/uploads\/2018\/07\/green-chemistry.jpg","type":"image\/jpeg"}],"twitter_card":"summary_large_image","schema":{"@context":"https:\/\/schema.org","@graph":[{"@type":"WebPage","@id":"https:\/\/tereos.com\/fr\/groupe\/innovation\/chimie-verte\/","url":"https:\/\/tereos.com\/fr\/groupe\/innovation\/chimie-verte\/","name":"Chimie verte - Tereos","isPartOf":{"@id":"https:\/\/tereos.com\/en\/#website"},"primaryImageOfPage":{"@id":"https:\/\/tereos.com\/fr\/groupe\/innovation\/chimie-verte\/#primaryimage"},"image":{"@id":"https:\/\/tereos.com\/fr\/groupe\/innovation\/chimie-verte\/#primaryimage"},"thumbnailUrl":"https:\/\/www.tereos.com\/app\/uploads\/2018\/07\/green-chemistry.jpg","datePublished":"2019-01-29T11:00:54+00:00","dateModified":"2023-07-11T07:26:26+00:00","description":"La chimie du v\u00e9g\u00e9tal utilise les mati\u00e8res premi\u00e8res v\u00e9g\u00e9tales comme source de carbone afin de se substituer au carbone d\u2019origine fossile pour produire des mat\u00e9riaux ou des synthons (mol\u00e9cules) pour la chimie. Le savoir-faire de Tereos en termes de biotechnologie et de chimie lui permet d\u2019\u00eatre un partenaire de r\u00e9f\u00e9rence du d\u00e9veloppement de la chimie du v\u00e9g\u00e9tal et des biomat\u00e9riaux.","breadcrumb":{"@id":"https:\/\/tereos.com\/fr\/groupe\/innovation\/chimie-verte\/#breadcrumb"},"inLanguage":"fr-FR","potentialAction":[{"@type":"ReadAction","target":["https:\/\/tereos.com\/fr\/groupe\/innovation\/chimie-verte\/"]}]},{"@type":"ImageObject","inLanguage":"fr-FR","@id":"https:\/\/tereos.com\/fr\/groupe\/innovation\/chimie-verte\/#primaryimage","url":"https:\/\/www.tereos.com\/app\/uploads\/2018\/07\/green-chemistry.jpg","contentUrl":"https:\/\/www.tereos.com\/app\/uploads\/2018\/07\/green-chemistry.jpg","width":2560,"height":1000,"caption":"Chimie Verte Tereos"},{"@type":"BreadcrumbList","@id":"https:\/\/tereos.com\/fr\/groupe\/innovation\/chimie-verte\/#breadcrumb","itemListElement":[{"@type":"ListItem","position":1,"name":"Home","item":"https:\/\/tereos.com\/fr\/"},{"@type":"ListItem","position":2,"name":"R\u00e9pondre aux besoins du quotidien gr\u00e2ce au v\u00e9g\u00e9tal en cr\u00e9ant de la valeur pour nos coop\u00e9rateurs","item":"https:\/\/tereos.com\/fr\/groupe\/"},{"@type":"ListItem","position":3,"name":"Innover pour accompagner un monde qui change","item":"https:\/\/tereos.com\/fr\/groupe\/innovation\/"},{"@type":"ListItem","position":4,"name":"Chimie verte"}]},{"@type":"WebSite","@id":"https:\/\/tereos.com\/en\/#website","url":"https:\/\/tereos.com\/en\/","name":"Tereos","description":"Un site utilisant WordPress","potentialAction":[{"@type":"SearchAction","target":{"@type":"EntryPoint","urlTemplate":"https:\/\/tereos.com\/en\/?s={search_term_string}"},"query-input":{"@type":"PropertyValueSpecification","valueRequired":true,"valueName":"search_term_string"}}],"inLanguage":"fr-FR"}]}},"_links":{"self":[{"href":"https:\/\/tereos.com\/fr\/wp-json\/wp\/v2\/pages\/1215"}],"collection":[{"href":"https:\/\/tereos.com\/fr\/wp-json\/wp\/v2\/pages"}],"about":[{"href":"https:\/\/tereos.com\/fr\/wp-json\/wp\/v2\/types\/page"}],"author":[{"embeddable":true,"href":"https:\/\/tereos.com\/fr\/wp-json\/wp\/v2\/users\/9"}],"replies":[{"embeddable":true,"href":"https:\/\/tereos.com\/fr\/wp-json\/wp\/v2\/comments?post=1215"}],"version-history":[{"count":4,"href":"https:\/\/tereos.com\/fr\/wp-json\/wp\/v2\/pages\/1215\/revisions"}],"predecessor-version":[{"id":17607,"href":"https:\/\/tereos.com\/fr\/wp-json\/wp\/v2\/pages\/1215\/revisions\/17607"}],"up":[{"embeddable":true,"href":"https:\/\/tereos.com\/fr\/wp-json\/wp\/v2\/pages\/1177"}],"wp:featuredmedia":[{"embeddable":true,"href":"https:\/\/tereos.com\/fr\/wp-json\/wp\/v2\/media\/1443"}],"wp:attachment":[{"href":"https:\/\/tereos.com\/fr\/wp-json\/wp\/v2\/media?parent=1215"}],"curies":[{"name":"wp","href":"https:\/\/api.w.org\/{rel}","templated":true}]}}