{"id":1220,"date":"2019-01-31T11:59:38","date_gmt":"2019-01-31T10:59:38","guid":{"rendered":"https:\/\/tereos.com\/?page_id=1220"},"modified":"2023-07-11T09:27:16","modified_gmt":"2023-07-11T07:27:16","slug":"pharmacie","status":"publish","type":"page","link":"https:\/\/tereos.com\/fr\/groupe\/innovation\/pharmacie\/","title":{"rendered":"Pharmacie"},"content":{"rendered":"","protected":false},"excerpt":{"rendered":"","protected":false},"author":9,"featured_media":17511,"parent":1177,"menu_order":0,"comment_status":"closed","ping_status":"closed","template":"page-editorial.php","meta":{"_acf_changed":false,"footnotes":""},"class_list":["post-1220","page","type-page","status-publish","has-post-thumbnail","hentry"],"acf":{"is_story":false,"is_testimonial":false,"cover_type":"image","cover_image":17511,"link":"","cover_video_clone":{"cover_mode":"classic","cover_image":17511},"subtitle":"","subtitle_clone":{"subtitle":""},"headline":"Avec un accroissement tr\u00e8s important de la population mondiale, les besoins soci\u00e9taux se modifient \u00e0 la fois quantitativement et qualitativement. Le vieillissement des populations dans les zones d\u00e9velopp\u00e9es, tout comme la forte natalit\u00e9 et l\u2019acc\u00e8s aux soins dans d\u2019autres zones, notamment en Afrique et en Asie, engendrent un besoin croissant de m\u00e9dicaments. C\u2019est pourquoi Tereos d\u00e9veloppe une gamme d\u2019excipients et de principes actifs \u00e0 partir de son portfolio de produits respectant les exigences des pharmacop\u00e9es et accompagne ses clients du secteur pharmaceutique.","headline_clone":{"headline":"Avec un accroissement tr\u00e8s important de la population mondiale, les besoins soci\u00e9taux se modifient \u00e0 la fois quantitativement et qualitativement. Le vieillissement des populations dans les zones d\u00e9velopp\u00e9es, tout comme la forte natalit\u00e9 et l\u2019acc\u00e8s aux soins dans d\u2019autres zones, notamment en Afrique et en Asie, engendrent un besoin croissant de m\u00e9dicaments. C\u2019est pourquoi Tereos d\u00e9veloppe une gamme d\u2019excipients et de principes actifs \u00e0 partir de son portfolio de produits respectant les exigences des pharmacop\u00e9es et accompagne ses clients du secteur pharmaceutique."},"sections":[{"acf_fc_layout":"rich_text","anchor_title":"","text":"<h2>Nos enjeux<\/h2>\n<p>Que ce soit dans le cas d\u2019excipient, d\u2019ingr\u00e9dient pharmaceutique actif (API) ou de nutrition clinique artificielle, Tereos garantit la s\u00e9curit\u00e9 et la conformit\u00e9 aux pharmacop\u00e9es en vigueur. Les \u00e9quipes R&amp;D de Tereos travaillent chaque jour pour adapter et \u00e9largir certaines gammes de produits en termes de fonctionnalit\u00e9s telles que la stabilit\u00e9, la forme, la dissolution, le ciblage, la couleur ou le go\u00fbt.<\/p>\n<p>&nbsp;<\/p>\n<h2>Nos objectifs<\/h2>\n<ul>\n<li>D\u00e9velopper le soin et contribuer au bien-\u00eatre des personnes hospitalis\u00e9es gr\u00e2ce \u00e0 une large gamme de produits adapt\u00e9s aux usages de l\u2019industrie pharmaceutique.<\/li>\n<li>Adapter et \u00e9largir certaines gammes de produits utilis\u00e9s comme excipients pour l\u2019industrie pharmaceutique (comprim\u00e9 \u00e0 dissolution contr\u00f4l\u00e9e, sirop antitussif, etc).<\/li>\n<li>\u00c9largir la gamme de produits aux principes actifs. Tereos est un fournisseur reconnu d\u2019excipients \u00e0 base de sucre &amp; d\u00e9riv\u00e9s d\u2019amidon pour l\u2019industrie pharmaceutique. Les principes actifs permettent \u00e0 nos clients de mettre sur le march\u00e9 des m\u00e9dicaments s\u00fbrs, efficaces &amp; de bonne qualit\u00e9.<\/li>\n<\/ul>\n"},{"acf_fc_layout":"media","anchor_title":"","type":"image","video":"","image":17504,"caption":"","is_downloadable":false,"items":false},{"acf_fc_layout":"rich_text","anchor_title":"","text":"<h2>Exemples d\u2019application<\/h2>\n<p>&nbsp;<\/p>\n<p><strong>Tereos : fournisseur d\u2019excipients pour l\u2019industrie pharmaceutique<\/strong><\/p>\n<p>Un des leaders mondiaux de la perfusion, transfusion, nutrition clinique et dialyse est maintenant livr\u00e9 en Meridex\u00ae par Tereos. Depuis pr\u00e8s de 20 ans, Tereos est un fournisseur reconnu d\u2019excipients \u00e0 base de sucre et de d\u00e9riv\u00e9s d\u2019amidon pour l\u2019industrie pharmaceutique.<\/p>\n<p>&nbsp;<\/p>\n<p><strong>Une gamme \u00e9largie aux principes actifs<\/strong><\/p>\n<p>Tereos a investi en Espagne pour y construire un atelier d\u00e9di\u00e9 \u00e0 la production de glucose monohydrate, principe actif. Tereos a obtenu le certificat de conformit\u00e9 \u00e0 la pharmacop\u00e9e europ\u00e9enne (CEP) pour ce glucose monohydrate produit dans son unit\u00e9 de Saragosse. Ce glucose est utilis\u00e9 en injection intraveineuse ou pour r\u00e9aliser des solutions de dialyse.<\/p>\n<p>&nbsp;<\/p>\n"},{"acf_fc_layout":"featured_pages","anchor_title":"","rows":[{"items":[{"title":"Chimie verte","image":false,"page":{"ID":1215,"post_author":"9","post_date":"2019-01-29 12:00:54","post_date_gmt":"2019-01-29 11:00:54","post_content":"","post_title":"Chimie verte","post_excerpt":"","post_status":"publish","comment_status":"closed","ping_status":"closed","post_password":"","post_name":"chimie-verte","to_ping":"","pinged":"","post_modified":"2023-07-11 09:26:26","post_modified_gmt":"2023-07-11 07:26:26","post_content_filtered":"","post_parent":1177,"guid":"https:\/\/tereos.com\/?page_id=1215","menu_order":0,"post_type":"page","post_mime_type":"","comment_count":"0","filter":"raw"}},{"title":"Nutrition Sant\u00e9","image":false,"page":{"ID":1231,"post_author":"9","post_date":"2019-01-31 14:03:34","post_date_gmt":"2019-01-31 13:03:34","post_content":"","post_title":"Nutrition Sant\u00e9","post_excerpt":"","post_status":"publish","comment_status":"closed","ping_status":"closed","post_password":"","post_name":"nutrition-sante","to_ping":"","pinged":"","post_modified":"2024-04-17 14:45:01","post_modified_gmt":"2024-04-17 12:45:01","post_content_filtered":"","post_parent":1177,"guid":"https:\/\/tereos.com\/?page_id=1231","menu_order":0,"post_type":"page","post_mime_type":"","comment_count":"0","filter":"raw"}}]}]}],"flexible_editorial_clone":{"has_anchors":false,"sections":[{"acf_fc_layout":"rich_text","anchor_title":"","text":"<h2>Nos enjeux<\/h2>\n<p>Que ce soit dans le cas d\u2019excipient, d\u2019ingr\u00e9dient pharmaceutique actif (API) ou de nutrition clinique artificielle, Tereos garantit la s\u00e9curit\u00e9 et la conformit\u00e9 aux pharmacop\u00e9es en vigueur. Les \u00e9quipes R&amp;D de Tereos travaillent chaque jour pour adapter et \u00e9largir certaines gammes de produits en termes de fonctionnalit\u00e9s telles que la stabilit\u00e9, la forme, la dissolution, le ciblage, la couleur ou le go\u00fbt.<\/p>\n<p>&nbsp;<\/p>\n<h2>Nos objectifs<\/h2>\n<ul>\n<li>D\u00e9velopper le soin et contribuer au bien-\u00eatre des personnes hospitalis\u00e9es gr\u00e2ce \u00e0 une large gamme de produits adapt\u00e9s aux usages de l\u2019industrie pharmaceutique.<\/li>\n<li>Adapter et \u00e9largir certaines gammes de produits utilis\u00e9s comme excipients pour l\u2019industrie pharmaceutique (comprim\u00e9 \u00e0 dissolution contr\u00f4l\u00e9e, sirop antitussif, etc).<\/li>\n<li>\u00c9largir la gamme de produits aux principes actifs. Tereos est un fournisseur reconnu d\u2019excipients \u00e0 base de sucre &amp; d\u00e9riv\u00e9s d\u2019amidon pour l\u2019industrie pharmaceutique. Les principes actifs permettent \u00e0 nos clients de mettre sur le march\u00e9 des m\u00e9dicaments s\u00fbrs, efficaces &amp; de bonne qualit\u00e9.<\/li>\n<\/ul>\n"},{"acf_fc_layout":"media","anchor_title":"","type":"image","video":"","image":17504,"caption":"","is_downloadable":false,"items":false},{"acf_fc_layout":"rich_text","anchor_title":"","text":"<h2>Exemples d\u2019application<\/h2>\n<p>&nbsp;<\/p>\n<p><strong>Tereos : fournisseur d\u2019excipients pour l\u2019industrie pharmaceutique<\/strong><\/p>\n<p>Un des leaders mondiaux de la perfusion, transfusion, nutrition clinique et dialyse est maintenant livr\u00e9 en Meridex\u00ae par Tereos. Depuis pr\u00e8s de 20 ans, Tereos est un fournisseur reconnu d\u2019excipients \u00e0 base de sucre et de d\u00e9riv\u00e9s d\u2019amidon pour l\u2019industrie pharmaceutique.<\/p>\n<p>&nbsp;<\/p>\n<p><strong>Une gamme \u00e9largie aux principes actifs<\/strong><\/p>\n<p>Tereos a investi en Espagne pour y construire un atelier d\u00e9di\u00e9 \u00e0 la production de glucose monohydrate, principe actif. Tereos a obtenu le certificat de conformit\u00e9 \u00e0 la pharmacop\u00e9e europ\u00e9enne (CEP) pour ce glucose monohydrate produit dans son unit\u00e9 de Saragosse. Ce glucose est utilis\u00e9 en injection intraveineuse ou pour r\u00e9aliser des solutions de dialyse.<\/p>\n<p>&nbsp;<\/p>\n"},{"acf_fc_layout":"featured_pages","anchor_title":"","rows":[{"items":[{"title":"Chimie verte","image":false,"page":{"ID":1215,"post_author":"9","post_date":"2019-01-29 12:00:54","post_date_gmt":"2019-01-29 11:00:54","post_content":"","post_title":"Chimie verte","post_excerpt":"","post_status":"publish","comment_status":"closed","ping_status":"closed","post_password":"","post_name":"chimie-verte","to_ping":"","pinged":"","post_modified":"2023-07-11 09:26:26","post_modified_gmt":"2023-07-11 07:26:26","post_content_filtered":"","post_parent":1177,"guid":"https:\/\/tereos.com\/?page_id=1215","menu_order":0,"post_type":"page","post_mime_type":"","comment_count":"0","filter":"raw"}},{"title":"Nutrition Sant\u00e9","image":false,"page":{"ID":1231,"post_author":"9","post_date":"2019-01-31 14:03:34","post_date_gmt":"2019-01-31 13:03:34","post_content":"","post_title":"Nutrition Sant\u00e9","post_excerpt":"","post_status":"publish","comment_status":"closed","ping_status":"closed","post_password":"","post_name":"nutrition-sante","to_ping":"","pinged":"","post_modified":"2024-04-17 14:45:01","post_modified_gmt":"2024-04-17 12:45:01","post_content_filtered":"","post_parent":1177,"guid":"https:\/\/tereos.com\/?page_id=1231","menu_order":0,"post_type":"page","post_mime_type":"","comment_count":"0","filter":"raw"}}]}]}]},"cover_mode":"classic","has_anchors":false},"yoast_head":"<!-- This site is optimized with the Yoast SEO plugin v23.7 - https:\/\/yoast.com\/wordpress\/plugins\/seo\/ -->\n<title>Pharmacie - Tereos<\/title>\n<meta name=\"description\" content=\"Avec un accroissement tr\u00e8s important de la population mondiale, les besoins soci\u00e9taux se modifient \u00e0 la fois quantitativement et qualitativement. Le vieillissement des populations dans les zones d\u00e9velopp\u00e9es, tout comme la forte natalit\u00e9 et l\u2019acc\u00e8s aux soins dans d\u2019autres zones, notamment en Afrique et en Asie, engendrent un besoin croissant de m\u00e9dicaments. C\u2019est pourquoi Tereos d\u00e9veloppe une gamme d\u2019excipients et de principes actifs \u00e0 partir de son portfolio de produits respectant les exigences des pharmacop\u00e9es et accompagne ses clients du secteur pharmaceutique.\" \/>\n<meta name=\"robots\" content=\"index, follow, max-snippet:-1, max-image-preview:large, max-video-preview:-1\" \/>\n<link rel=\"canonical\" href=\"https:\/\/tereos.com\/fr\/groupe\/innovation\/pharmacie\/\" \/>\n<meta property=\"og:locale\" content=\"fr_FR\" \/>\n<meta property=\"og:type\" content=\"article\" \/>\n<meta property=\"og:title\" content=\"Pharmacie - Tereos\" \/>\n<meta property=\"og:description\" content=\"Avec un accroissement tr\u00e8s important de la population mondiale, les besoins soci\u00e9taux se modifient \u00e0 la fois quantitativement et qualitativement. Le vieillissement des populations dans les zones d\u00e9velopp\u00e9es, tout comme la forte natalit\u00e9 et l\u2019acc\u00e8s aux soins dans d\u2019autres zones, notamment en Afrique et en Asie, engendrent un besoin croissant de m\u00e9dicaments. C\u2019est pourquoi Tereos d\u00e9veloppe une gamme d\u2019excipients et de principes actifs \u00e0 partir de son portfolio de produits respectant les exigences des pharmacop\u00e9es et accompagne ses clients du secteur pharmaceutique.\" \/>\n<meta property=\"og:url\" content=\"https:\/\/tereos.com\/fr\/groupe\/innovation\/pharmacie\/\" \/>\n<meta property=\"og:site_name\" content=\"Tereos\" \/>\n<meta property=\"article:modified_time\" content=\"2023-07-11T07:27:16+00:00\" \/>\n<meta property=\"og:image\" content=\"https:\/\/tereos.com\/app\/uploads\/2023\/06\/shutterstock-737475256-1-scaled.jpg\" \/>\n\t<meta property=\"og:image:width\" content=\"2560\" \/>\n\t<meta property=\"og:image:height\" content=\"2520\" \/>\n\t<meta property=\"og:image:type\" content=\"image\/jpeg\" \/>\n<meta name=\"twitter:card\" content=\"summary_large_image\" \/>\n<script type=\"application\/ld+json\" class=\"yoast-schema-graph\">{\"@context\":\"https:\/\/schema.org\",\"@graph\":[{\"@type\":\"WebPage\",\"@id\":\"https:\/\/tereos.com\/fr\/groupe\/innovation\/pharmacie\/\",\"url\":\"https:\/\/tereos.com\/fr\/groupe\/innovation\/pharmacie\/\",\"name\":\"Pharmacie - Tereos\",\"isPartOf\":{\"@id\":\"https:\/\/tereos.com\/en\/#website\"},\"primaryImageOfPage\":{\"@id\":\"https:\/\/tereos.com\/fr\/groupe\/innovation\/pharmacie\/#primaryimage\"},\"image\":{\"@id\":\"https:\/\/tereos.com\/fr\/groupe\/innovation\/pharmacie\/#primaryimage\"},\"thumbnailUrl\":\"https:\/\/www.tereos.com\/app\/uploads\/2023\/06\/shutterstock-737475256-1-scaled.jpg\",\"datePublished\":\"2019-01-31T10:59:38+00:00\",\"dateModified\":\"2023-07-11T07:27:16+00:00\",\"description\":\"Avec un accroissement tr\u00e8s important de la population mondiale, les besoins soci\u00e9taux se modifient \u00e0 la fois quantitativement et qualitativement. Le vieillissement des populations dans les zones d\u00e9velopp\u00e9es, tout comme la forte natalit\u00e9 et l\u2019acc\u00e8s aux soins dans d\u2019autres zones, notamment en Afrique et en Asie, engendrent un besoin croissant de m\u00e9dicaments. C\u2019est pourquoi Tereos d\u00e9veloppe une gamme d\u2019excipients et de principes actifs \u00e0 partir de son portfolio de produits respectant les exigences des pharmacop\u00e9es et accompagne ses clients du secteur pharmaceutique.\",\"breadcrumb\":{\"@id\":\"https:\/\/tereos.com\/fr\/groupe\/innovation\/pharmacie\/#breadcrumb\"},\"inLanguage\":\"fr-FR\",\"potentialAction\":[{\"@type\":\"ReadAction\",\"target\":[\"https:\/\/tereos.com\/fr\/groupe\/innovation\/pharmacie\/\"]}]},{\"@type\":\"ImageObject\",\"inLanguage\":\"fr-FR\",\"@id\":\"https:\/\/tereos.com\/fr\/groupe\/innovation\/pharmacie\/#primaryimage\",\"url\":\"https:\/\/www.tereos.com\/app\/uploads\/2023\/06\/shutterstock-737475256-1-scaled.jpg\",\"contentUrl\":\"https:\/\/www.tereos.com\/app\/uploads\/2023\/06\/shutterstock-737475256-1-scaled.jpg\",\"width\":2560,\"height\":2520,\"caption\":\"Medicament Tereos\"},{\"@type\":\"BreadcrumbList\",\"@id\":\"https:\/\/tereos.com\/fr\/groupe\/innovation\/pharmacie\/#breadcrumb\",\"itemListElement\":[{\"@type\":\"ListItem\",\"position\":1,\"name\":\"Home\",\"item\":\"https:\/\/tereos.com\/fr\/\"},{\"@type\":\"ListItem\",\"position\":2,\"name\":\"R\u00e9pondre aux besoins du quotidien gr\u00e2ce au v\u00e9g\u00e9tal en cr\u00e9ant de la valeur pour nos coop\u00e9rateurs\",\"item\":\"https:\/\/tereos.com\/fr\/groupe\/\"},{\"@type\":\"ListItem\",\"position\":3,\"name\":\"Innover pour accompagner un monde qui change\",\"item\":\"https:\/\/tereos.com\/fr\/groupe\/innovation\/\"},{\"@type\":\"ListItem\",\"position\":4,\"name\":\"Pharmacie\"}]},{\"@type\":\"WebSite\",\"@id\":\"https:\/\/tereos.com\/en\/#website\",\"url\":\"https:\/\/tereos.com\/en\/\",\"name\":\"Tereos\",\"description\":\"Un site utilisant WordPress\",\"potentialAction\":[{\"@type\":\"SearchAction\",\"target\":{\"@type\":\"EntryPoint\",\"urlTemplate\":\"https:\/\/tereos.com\/en\/?s={search_term_string}\"},\"query-input\":{\"@type\":\"PropertyValueSpecification\",\"valueRequired\":true,\"valueName\":\"search_term_string\"}}],\"inLanguage\":\"fr-FR\"}]}<\/script>\n<!-- \/ Yoast SEO plugin. -->","yoast_head_json":{"title":"Pharmacie - Tereos","description":"Avec un accroissement tr\u00e8s important de la population mondiale, les besoins soci\u00e9taux se modifient \u00e0 la fois quantitativement et qualitativement. Le vieillissement des populations dans les zones d\u00e9velopp\u00e9es, tout comme la forte natalit\u00e9 et l\u2019acc\u00e8s aux soins dans d\u2019autres zones, notamment en Afrique et en Asie, engendrent un besoin croissant de m\u00e9dicaments. C\u2019est pourquoi Tereos d\u00e9veloppe une gamme d\u2019excipients et de principes actifs \u00e0 partir de son portfolio de produits respectant les exigences des pharmacop\u00e9es et accompagne ses clients du secteur pharmaceutique.","robots":{"index":"index","follow":"follow","max-snippet":"max-snippet:-1","max-image-preview":"max-image-preview:large","max-video-preview":"max-video-preview:-1"},"canonical":"https:\/\/tereos.com\/fr\/groupe\/innovation\/pharmacie\/","og_locale":"fr_FR","og_type":"article","og_title":"Pharmacie - Tereos","og_description":"Avec un accroissement tr\u00e8s important de la population mondiale, les besoins soci\u00e9taux se modifient \u00e0 la fois quantitativement et qualitativement. Le vieillissement des populations dans les zones d\u00e9velopp\u00e9es, tout comme la forte natalit\u00e9 et l\u2019acc\u00e8s aux soins dans d\u2019autres zones, notamment en Afrique et en Asie, engendrent un besoin croissant de m\u00e9dicaments. C\u2019est pourquoi Tereos d\u00e9veloppe une gamme d\u2019excipients et de principes actifs \u00e0 partir de son portfolio de produits respectant les exigences des pharmacop\u00e9es et accompagne ses clients du secteur pharmaceutique.","og_url":"https:\/\/tereos.com\/fr\/groupe\/innovation\/pharmacie\/","og_site_name":"Tereos","article_modified_time":"2023-07-11T07:27:16+00:00","og_image":[{"width":2560,"height":2520,"url":"https:\/\/tereos.com\/app\/uploads\/2023\/06\/shutterstock-737475256-1-scaled.jpg","type":"image\/jpeg"}],"twitter_card":"summary_large_image","schema":{"@context":"https:\/\/schema.org","@graph":[{"@type":"WebPage","@id":"https:\/\/tereos.com\/fr\/groupe\/innovation\/pharmacie\/","url":"https:\/\/tereos.com\/fr\/groupe\/innovation\/pharmacie\/","name":"Pharmacie - Tereos","isPartOf":{"@id":"https:\/\/tereos.com\/en\/#website"},"primaryImageOfPage":{"@id":"https:\/\/tereos.com\/fr\/groupe\/innovation\/pharmacie\/#primaryimage"},"image":{"@id":"https:\/\/tereos.com\/fr\/groupe\/innovation\/pharmacie\/#primaryimage"},"thumbnailUrl":"https:\/\/www.tereos.com\/app\/uploads\/2023\/06\/shutterstock-737475256-1-scaled.jpg","datePublished":"2019-01-31T10:59:38+00:00","dateModified":"2023-07-11T07:27:16+00:00","description":"Avec un accroissement tr\u00e8s important de la population mondiale, les besoins soci\u00e9taux se modifient \u00e0 la fois quantitativement et qualitativement. Le vieillissement des populations dans les zones d\u00e9velopp\u00e9es, tout comme la forte natalit\u00e9 et l\u2019acc\u00e8s aux soins dans d\u2019autres zones, notamment en Afrique et en Asie, engendrent un besoin croissant de m\u00e9dicaments. C\u2019est pourquoi Tereos d\u00e9veloppe une gamme d\u2019excipients et de principes actifs \u00e0 partir de son portfolio de produits respectant les exigences des pharmacop\u00e9es et accompagne ses clients du secteur pharmaceutique.","breadcrumb":{"@id":"https:\/\/tereos.com\/fr\/groupe\/innovation\/pharmacie\/#breadcrumb"},"inLanguage":"fr-FR","potentialAction":[{"@type":"ReadAction","target":["https:\/\/tereos.com\/fr\/groupe\/innovation\/pharmacie\/"]}]},{"@type":"ImageObject","inLanguage":"fr-FR","@id":"https:\/\/tereos.com\/fr\/groupe\/innovation\/pharmacie\/#primaryimage","url":"https:\/\/www.tereos.com\/app\/uploads\/2023\/06\/shutterstock-737475256-1-scaled.jpg","contentUrl":"https:\/\/www.tereos.com\/app\/uploads\/2023\/06\/shutterstock-737475256-1-scaled.jpg","width":2560,"height":2520,"caption":"Medicament Tereos"},{"@type":"BreadcrumbList","@id":"https:\/\/tereos.com\/fr\/groupe\/innovation\/pharmacie\/#breadcrumb","itemListElement":[{"@type":"ListItem","position":1,"name":"Home","item":"https:\/\/tereos.com\/fr\/"},{"@type":"ListItem","position":2,"name":"R\u00e9pondre aux besoins du quotidien gr\u00e2ce au v\u00e9g\u00e9tal en cr\u00e9ant de la valeur pour nos coop\u00e9rateurs","item":"https:\/\/tereos.com\/fr\/groupe\/"},{"@type":"ListItem","position":3,"name":"Innover pour accompagner un monde qui change","item":"https:\/\/tereos.com\/fr\/groupe\/innovation\/"},{"@type":"ListItem","position":4,"name":"Pharmacie"}]},{"@type":"WebSite","@id":"https:\/\/tereos.com\/en\/#website","url":"https:\/\/tereos.com\/en\/","name":"Tereos","description":"Un site utilisant WordPress","potentialAction":[{"@type":"SearchAction","target":{"@type":"EntryPoint","urlTemplate":"https:\/\/tereos.com\/en\/?s={search_term_string}"},"query-input":{"@type":"PropertyValueSpecification","valueRequired":true,"valueName":"search_term_string"}}],"inLanguage":"fr-FR"}]}},"_links":{"self":[{"href":"https:\/\/tereos.com\/fr\/wp-json\/wp\/v2\/pages\/1220"}],"collection":[{"href":"https:\/\/tereos.com\/fr\/wp-json\/wp\/v2\/pages"}],"about":[{"href":"https:\/\/tereos.com\/fr\/wp-json\/wp\/v2\/types\/page"}],"author":[{"embeddable":true,"href":"https:\/\/tereos.com\/fr\/wp-json\/wp\/v2\/users\/9"}],"replies":[{"embeddable":true,"href":"https:\/\/tereos.com\/fr\/wp-json\/wp\/v2\/comments?post=1220"}],"version-history":[{"count":4,"href":"https:\/\/tereos.com\/fr\/wp-json\/wp\/v2\/pages\/1220\/revisions"}],"predecessor-version":[{"id":17608,"href":"https:\/\/tereos.com\/fr\/wp-json\/wp\/v2\/pages\/1220\/revisions\/17608"}],"up":[{"embeddable":true,"href":"https:\/\/tereos.com\/fr\/wp-json\/wp\/v2\/pages\/1177"}],"wp:featuredmedia":[{"embeddable":true,"href":"https:\/\/tereos.com\/fr\/wp-json\/wp\/v2\/media\/17511"}],"wp:attachment":[{"href":"https:\/\/tereos.com\/fr\/wp-json\/wp\/v2\/media?parent=1220"}],"curies":[{"name":"wp","href":"https:\/\/api.w.org\/{rel}","templated":true}]}}