{"id":1231,"date":"2019-01-31T14:03:34","date_gmt":"2019-01-31T13:03:34","guid":{"rendered":"https:\/\/tereos.com\/?page_id=1231"},"modified":"2024-04-17T14:45:01","modified_gmt":"2024-04-17T12:45:01","slug":"nutrition-sante","status":"publish","type":"page","link":"https:\/\/tereos.com\/fr\/groupe\/innovation\/nutrition-sante\/","title":{"rendered":"Nutrition Sant\u00e9"},"content":{"rendered":"","protected":false},"excerpt":{"rendered":"","protected":false},"author":9,"featured_media":17531,"parent":1177,"menu_order":0,"comment_status":"closed","ping_status":"closed","template":"page-editorial.php","meta":{"_acf_changed":false,"footnotes":""},"class_list":["post-1231","page","type-page","status-publish","has-post-thumbnail","hentry"],"acf":{"is_story":false,"is_testimonial":false,"cover_type":"image","cover_image":17531,"link":"","cover_video_clone":{"cover_mode":"classic","cover_image":17531},"subtitle":"","subtitle_clone":{"subtitle":""},"headline":"La Nutrition Sant\u00e9 est l\u2019un des axes de recherche &amp; d\u00e9veloppement majeur chez Tereos. Notre objectif est de mettre \u00e0 la disposition des consommateurs et de nos clients des ingr\u00e9dients permettant de couvrir de fa\u00e7on optimale les besoins nutritionnels et fonctionnels. Pour que chacun puisse satisfaire ses besoins alimentaires en termes de quantit\u00e9 et de qualit\u00e9.","headline_clone":{"headline":"La Nutrition Sant\u00e9 est l\u2019un des axes de recherche &amp; d\u00e9veloppement majeur chez Tereos. Notre objectif est de mettre \u00e0 la disposition des consommateurs et de nos clients des ingr\u00e9dients permettant de couvrir de fa\u00e7on optimale les besoins nutritionnels et fonctionnels. Pour que chacun puisse satisfaire ses besoins alimentaires en termes de quantit\u00e9 et de qualit\u00e9."},"sections":[{"acf_fc_layout":"rich_text","anchor_title":"","text":"<h2>Nos enjeux<\/h2>\n<p>Notre enjeu majeur est de r\u00e9pondre aux besoins alimentaires des consommateurs en termes d\u2019accessibilit\u00e9 et de nutrition-sant\u00e9 qu\u2019elle soit humaine ou animale. Pour cela nous d\u00e9veloppons des formulations de produits innovantes tout en accompagnant le d\u00e9veloppement de nos clients, partout dans le monde.<\/p>\n<p>&nbsp;<\/p>\n<h2>Nos objectifs<\/h2>\n<ul>\n<li>R\u00e9pondre aux besoins nutritionnels sp\u00e9cialis\u00e9s tant pour les nourrissons que pour les personnes \u00e2g\u00e9es et accompagner les personnes n\u00e9cessitant une alimentation sp\u00e9cialis\u00e9e.<\/li>\n<li>Adapter les aliments aux usages sp\u00e9cifiques.<\/li>\n<li>D\u00e9velopper des aliments denses en \u00e9nergie et hyper-prot\u00e9in\u00e9s.<\/li>\n<li>Trouver des solutions nutritionnelles adapt\u00e9es aux maladies chroniques : fibres, prot\u00e9ines, produits sucrants (polyols, etc).<\/li>\n<li>Accompagner nos clients dans la formulation nutritionnelle optimale de leurs produits en d\u00e9veloppant des produits &amp; services innovants pour r\u00e9pondre aux besoins nutritionnels du futur.<\/li>\n<\/ul>\n"},{"acf_fc_layout":"media_split","anchor_title":"","title":"","text":"","type":"images","video":"","caption":"","image":false,"items":[{"image":21914},{"image":21918}]},{"acf_fc_layout":"rich_text","anchor_title":"","text":"<h2>Exemple d&#8217;application<\/h2>\n<h4><span class=\"TextRun SCXW241576417 BCX0\" lang=\"FR-FR\" xml:lang=\"FR-FR\" data-contrast=\"auto\"><span class=\"NormalTextRun SCXW241576417 BCX0\">Ensemble\u2122<\/span><\/span><\/h4>\n<p><span class=\"TextRun Highlight SCXW100785263 BCX0\" lang=\"FR-FR\" xml:lang=\"FR-FR\" data-contrast=\"none\"><span class=\"NormalTextRun SCXW100785263 BCX0\" data-ccp-charstyle=\"normaltextrun\" data-ccp-charstyle-defn=\"{&quot;ObjectId&quot;:&quot;3f3868f1-6d35-44c2-869f-5970f7bdb3af|28&quot;,&quot;ClassId&quot;:1073872969,&quot;Properties&quot;:[469775450,&quot;normaltextrun&quot;,201340122,&quot;1&quot;,134233614,&quot;true&quot;,469778129,&quot;normaltextrun&quot;,335572020,&quot;1&quot;,469778324,&quot;Default Paragraph Font&quot;]}\">D\u00e9but\u00e9e en 2019, l\u2019aventure de la gamme de recettes Tereos 100% v\u00e9g\u00e9tales, simples et saines, a pris un nouveau tournant en 2022. Fabriqu\u00e9e \u00e0 partir de 5 ingr\u00e9dients principaux &#8211; bl\u00e9, pois chiche, huile de tournesol, fibres et bouillon v\u00e9g\u00e9tal -, elle a \u00e9t\u00e9 revue et am\u00e9lior\u00e9e l\u2019an dernier pour devenir \u00ab <\/span><span class=\"NormalTextRun SCXW100785263 BCX0\" data-ccp-charstyle=\"findhit\" data-ccp-charstyle-defn=\"{&quot;ObjectId&quot;:&quot;3f3868f1-6d35-44c2-869f-5970f7bdb3af|29&quot;,&quot;ClassId&quot;:1073872969,&quot;Properties&quot;:[469775450,&quot;findhit&quot;,201340122,&quot;1&quot;,134233614,&quot;true&quot;,469778129,&quot;findhit&quot;,335572020,&quot;1&quot;,469778324,&quot;Default Paragraph Font&quot;]}\">Ensemble<\/span><span class=\"NormalTextRun SCXW100785263 BCX0\" data-ccp-charstyle=\"normaltextrun\">\u2122 \u00bb, afin d\u2019acc\u00e9l\u00e9rer son d\u00e9veloppement commercial. Dans le m\u00eame temps, elle est aussi devenue une activit\u00e9 \u00e0 part enti\u00e8re de Tereos, avec une \u00e9quipe d\u00e9di\u00e9e \u00e0 son d\u00e9veloppement. Cette nouvelle organisation traduit les ambitions de cette marque, qui s\u2019inscrit sur le march\u00e9 de la prot\u00e9ine v\u00e9g\u00e9tale en progression de 7 \u00e0 8 % chaque ann\u00e9e. R\u00e9pondant au double enjeu du \u00ab bon pour moi, bon pour la plan\u00e8te\u202f\u00bb, <\/span><span class=\"NormalTextRun SCXW100785263 BCX0\" data-ccp-charstyle=\"findhit\">Ensemble<\/span><span class=\"NormalTextRun SCXW100785263 BCX0\" data-ccp-charstyle=\"normaltextrun\">\u2122 a vu ses ventes progresser de 56% sur l\u2019exercice 2022\/23. Elle est aujourd\u2019hui amen\u00e9e \u00e0 devenir un pilier de la croissance du Groupe et fait d\u00e9sormais ses preuves \u00e0 l\u2019international, principalement en Europe, mais aussi aux \u00c9tats-Unis, o\u00f9 Tereos a fait ses premiers pas, en ouvrant un bureau \u00e0 Chicago fin 2022 pour acc\u00e9l\u00e9rer sa distribution.\u202f<\/span><span class=\"NormalTextRun SCXW100785263 BCX0\" data-ccp-charstyle=\"eop\" data-ccp-charstyle-defn=\"{&quot;ObjectId&quot;:&quot;3f3868f1-6d35-44c2-869f-5970f7bdb3af|30&quot;,&quot;ClassId&quot;:1073872969,&quot;Properties&quot;:[469775450,&quot;eop&quot;,201340122,&quot;1&quot;,134233614,&quot;true&quot;,469778129,&quot;eop&quot;,335572020,&quot;1&quot;,469778324,&quot;Default Paragraph Font&quot;]}\">\u202f<\/span><\/span><span class=\"EOP SCXW100785263 BCX0\" data-ccp-props=\"{&quot;201341983&quot;:0,&quot;335559739&quot;:160,&quot;335559740&quot;:259}\">\u00a0<\/span><\/p>\n"},{"acf_fc_layout":"featured_pages","anchor_title":"","rows":[{"items":[{"title":"Pharmacie","image":2832,"page":{"ID":1220,"post_author":"9","post_date":"2019-01-31 11:59:38","post_date_gmt":"2019-01-31 10:59:38","post_content":"","post_title":"Pharmacie","post_excerpt":"","post_status":"publish","comment_status":"closed","ping_status":"closed","post_password":"","post_name":"pharmacie","to_ping":"","pinged":"","post_modified":"2023-07-11 09:27:16","post_modified_gmt":"2023-07-11 07:27:16","post_content_filtered":"","post_parent":1177,"guid":"https:\/\/tereos.com\/?page_id=1220","menu_order":0,"post_type":"page","post_mime_type":"","comment_count":"0","filter":"raw"}},{"title":"Innovation","image":false,"page":{"ID":1177,"post_author":"9","post_date":"2019-01-24 19:40:36","post_date_gmt":"2019-01-24 18:40:36","post_content":"","post_title":"Innover pour accompagner un monde qui change","post_excerpt":"","post_status":"publish","comment_status":"closed","ping_status":"closed","post_password":"","post_name":"innovation","to_ping":"","pinged":"","post_modified":"2023-08-16 14:47:30","post_modified_gmt":"2023-08-16 12:47:30","post_content_filtered":"","post_parent":319,"guid":"https:\/\/tereos.com\/?page_id=1177","menu_order":0,"post_type":"page","post_mime_type":"","comment_count":"0","filter":"raw"}}]}]}],"flexible_editorial_clone":{"has_anchors":false,"sections":[{"acf_fc_layout":"rich_text","anchor_title":"","text":"<h2>Nos enjeux<\/h2>\n<p>Notre enjeu majeur est de r\u00e9pondre aux besoins alimentaires des consommateurs en termes d\u2019accessibilit\u00e9 et de nutrition-sant\u00e9 qu\u2019elle soit humaine ou animale. Pour cela nous d\u00e9veloppons des formulations de produits innovantes tout en accompagnant le d\u00e9veloppement de nos clients, partout dans le monde.<\/p>\n<p>&nbsp;<\/p>\n<h2>Nos objectifs<\/h2>\n<ul>\n<li>R\u00e9pondre aux besoins nutritionnels sp\u00e9cialis\u00e9s tant pour les nourrissons que pour les personnes \u00e2g\u00e9es et accompagner les personnes n\u00e9cessitant une alimentation sp\u00e9cialis\u00e9e.<\/li>\n<li>Adapter les aliments aux usages sp\u00e9cifiques.<\/li>\n<li>D\u00e9velopper des aliments denses en \u00e9nergie et hyper-prot\u00e9in\u00e9s.<\/li>\n<li>Trouver des solutions nutritionnelles adapt\u00e9es aux maladies chroniques : fibres, prot\u00e9ines, produits sucrants (polyols, etc).<\/li>\n<li>Accompagner nos clients dans la formulation nutritionnelle optimale de leurs produits en d\u00e9veloppant des produits &amp; services innovants pour r\u00e9pondre aux besoins nutritionnels du futur.<\/li>\n<\/ul>\n"},{"acf_fc_layout":"media_split","anchor_title":"","title":"","text":"","type":"images","video":"","caption":"","image":false,"items":[{"image":21914},{"image":21918}]},{"acf_fc_layout":"rich_text","anchor_title":"","text":"<h2>Exemple d&#8217;application<\/h2>\n<h4><span class=\"TextRun SCXW241576417 BCX0\" lang=\"FR-FR\" xml:lang=\"FR-FR\" data-contrast=\"auto\"><span class=\"NormalTextRun SCXW241576417 BCX0\">Ensemble\u2122<\/span><\/span><\/h4>\n<p><span class=\"TextRun Highlight SCXW100785263 BCX0\" lang=\"FR-FR\" xml:lang=\"FR-FR\" data-contrast=\"none\"><span class=\"NormalTextRun SCXW100785263 BCX0\" data-ccp-charstyle=\"normaltextrun\" data-ccp-charstyle-defn=\"{&quot;ObjectId&quot;:&quot;3f3868f1-6d35-44c2-869f-5970f7bdb3af|28&quot;,&quot;ClassId&quot;:1073872969,&quot;Properties&quot;:[469775450,&quot;normaltextrun&quot;,201340122,&quot;1&quot;,134233614,&quot;true&quot;,469778129,&quot;normaltextrun&quot;,335572020,&quot;1&quot;,469778324,&quot;Default Paragraph Font&quot;]}\">D\u00e9but\u00e9e en 2019, l\u2019aventure de la gamme de recettes Tereos 100% v\u00e9g\u00e9tales, simples et saines, a pris un nouveau tournant en 2022. Fabriqu\u00e9e \u00e0 partir de 5 ingr\u00e9dients principaux &#8211; bl\u00e9, pois chiche, huile de tournesol, fibres et bouillon v\u00e9g\u00e9tal -, elle a \u00e9t\u00e9 revue et am\u00e9lior\u00e9e l\u2019an dernier pour devenir \u00ab <\/span><span class=\"NormalTextRun SCXW100785263 BCX0\" data-ccp-charstyle=\"findhit\" data-ccp-charstyle-defn=\"{&quot;ObjectId&quot;:&quot;3f3868f1-6d35-44c2-869f-5970f7bdb3af|29&quot;,&quot;ClassId&quot;:1073872969,&quot;Properties&quot;:[469775450,&quot;findhit&quot;,201340122,&quot;1&quot;,134233614,&quot;true&quot;,469778129,&quot;findhit&quot;,335572020,&quot;1&quot;,469778324,&quot;Default Paragraph Font&quot;]}\">Ensemble<\/span><span class=\"NormalTextRun SCXW100785263 BCX0\" data-ccp-charstyle=\"normaltextrun\">\u2122 \u00bb, afin d\u2019acc\u00e9l\u00e9rer son d\u00e9veloppement commercial. Dans le m\u00eame temps, elle est aussi devenue une activit\u00e9 \u00e0 part enti\u00e8re de Tereos, avec une \u00e9quipe d\u00e9di\u00e9e \u00e0 son d\u00e9veloppement. Cette nouvelle organisation traduit les ambitions de cette marque, qui s\u2019inscrit sur le march\u00e9 de la prot\u00e9ine v\u00e9g\u00e9tale en progression de 7 \u00e0 8 % chaque ann\u00e9e. R\u00e9pondant au double enjeu du \u00ab bon pour moi, bon pour la plan\u00e8te\u202f\u00bb, <\/span><span class=\"NormalTextRun SCXW100785263 BCX0\" data-ccp-charstyle=\"findhit\">Ensemble<\/span><span class=\"NormalTextRun SCXW100785263 BCX0\" data-ccp-charstyle=\"normaltextrun\">\u2122 a vu ses ventes progresser de 56% sur l\u2019exercice 2022\/23. Elle est aujourd\u2019hui amen\u00e9e \u00e0 devenir un pilier de la croissance du Groupe et fait d\u00e9sormais ses preuves \u00e0 l\u2019international, principalement en Europe, mais aussi aux \u00c9tats-Unis, o\u00f9 Tereos a fait ses premiers pas, en ouvrant un bureau \u00e0 Chicago fin 2022 pour acc\u00e9l\u00e9rer sa distribution.\u202f<\/span><span class=\"NormalTextRun SCXW100785263 BCX0\" data-ccp-charstyle=\"eop\" data-ccp-charstyle-defn=\"{&quot;ObjectId&quot;:&quot;3f3868f1-6d35-44c2-869f-5970f7bdb3af|30&quot;,&quot;ClassId&quot;:1073872969,&quot;Properties&quot;:[469775450,&quot;eop&quot;,201340122,&quot;1&quot;,134233614,&quot;true&quot;,469778129,&quot;eop&quot;,335572020,&quot;1&quot;,469778324,&quot;Default Paragraph Font&quot;]}\">\u202f<\/span><\/span><span class=\"EOP SCXW100785263 BCX0\" data-ccp-props=\"{&quot;201341983&quot;:0,&quot;335559739&quot;:160,&quot;335559740&quot;:259}\">\u00a0<\/span><\/p>\n"},{"acf_fc_layout":"featured_pages","anchor_title":"","rows":[{"items":[{"title":"Pharmacie","image":2832,"page":{"ID":1220,"post_author":"9","post_date":"2019-01-31 11:59:38","post_date_gmt":"2019-01-31 10:59:38","post_content":"","post_title":"Pharmacie","post_excerpt":"","post_status":"publish","comment_status":"closed","ping_status":"closed","post_password":"","post_name":"pharmacie","to_ping":"","pinged":"","post_modified":"2023-07-11 09:27:16","post_modified_gmt":"2023-07-11 07:27:16","post_content_filtered":"","post_parent":1177,"guid":"https:\/\/tereos.com\/?page_id=1220","menu_order":0,"post_type":"page","post_mime_type":"","comment_count":"0","filter":"raw"}},{"title":"Innovation","image":false,"page":{"ID":1177,"post_author":"9","post_date":"2019-01-24 19:40:36","post_date_gmt":"2019-01-24 18:40:36","post_content":"","post_title":"Innover pour accompagner un monde qui change","post_excerpt":"","post_status":"publish","comment_status":"closed","ping_status":"closed","post_password":"","post_name":"innovation","to_ping":"","pinged":"","post_modified":"2023-08-16 14:47:30","post_modified_gmt":"2023-08-16 12:47:30","post_content_filtered":"","post_parent":319,"guid":"https:\/\/tereos.com\/?page_id=1177","menu_order":0,"post_type":"page","post_mime_type":"","comment_count":"0","filter":"raw"}}]}]}]},"cover_mode":"classic","has_anchors":false},"yoast_head":"<!-- This site is optimized with the Yoast SEO plugin v23.7 - https:\/\/yoast.com\/wordpress\/plugins\/seo\/ -->\n<title>Nutrition Sant\u00e9 - Tereos<\/title>\n<meta name=\"description\" content=\"La nutrition-sant\u00e9 est l\u2019un des axes de recherche &amp; d\u00e9veloppement majeur chez Tereos. Notre objectif est de mettre \u00e0 la disposition des consommateurs et de nos clients des ingr\u00e9dients permettant de couvrir de fa\u00e7on optimale les besoins nutritionnels et fonctionnels. Pour que chacun puisse satisfaire ses besoins alimentaires en terme de quantit\u00e9 et de qualit\u00e9.\" \/>\n<meta name=\"robots\" content=\"index, follow, max-snippet:-1, max-image-preview:large, max-video-preview:-1\" \/>\n<link rel=\"canonical\" href=\"https:\/\/tereos.com\/fr\/groupe\/innovation\/nutrition-sante\/\" \/>\n<meta property=\"og:locale\" content=\"fr_FR\" \/>\n<meta property=\"og:type\" content=\"article\" \/>\n<meta property=\"og:title\" content=\"Nutrition Sant\u00e9 - Tereos\" \/>\n<meta property=\"og:description\" content=\"La nutrition-sant\u00e9 est l\u2019un des axes de recherche &amp; d\u00e9veloppement majeur chez Tereos. Notre objectif est de mettre \u00e0 la disposition des consommateurs et de nos clients des ingr\u00e9dients permettant de couvrir de fa\u00e7on optimale les besoins nutritionnels et fonctionnels. Pour que chacun puisse satisfaire ses besoins alimentaires en terme de quantit\u00e9 et de qualit\u00e9.\" \/>\n<meta property=\"og:url\" content=\"https:\/\/tereos.com\/fr\/groupe\/innovation\/nutrition-sante\/\" \/>\n<meta property=\"og:site_name\" content=\"Tereos\" \/>\n<meta property=\"article:modified_time\" content=\"2024-04-17T12:45:01+00:00\" \/>\n<meta property=\"og:image\" content=\"https:\/\/www.tereos.com\/app\/uploads\/2023\/06\/family-breakfastgetty-images1941.png\" \/>\n\t<meta property=\"og:image:width\" content=\"1024\" \/>\n\t<meta property=\"og:image:height\" content=\"683\" \/>\n\t<meta property=\"og:image:type\" content=\"image\/png\" \/>\n<meta name=\"twitter:card\" content=\"summary_large_image\" \/>\n<meta name=\"twitter:label1\" content=\"Est. reading time\" \/>\n\t<meta name=\"twitter:data1\" content=\"1 minute\" \/>\n<script type=\"application\/ld+json\" class=\"yoast-schema-graph\">{\"@context\":\"https:\/\/schema.org\",\"@graph\":[{\"@type\":\"WebPage\",\"@id\":\"https:\/\/tereos.com\/fr\/groupe\/innovation\/nutrition-sante\/\",\"url\":\"https:\/\/tereos.com\/fr\/groupe\/innovation\/nutrition-sante\/\",\"name\":\"Nutrition Sant\u00e9 - Tereos\",\"isPartOf\":{\"@id\":\"https:\/\/tereos.com\/en\/#website\"},\"primaryImageOfPage\":{\"@id\":\"https:\/\/tereos.com\/fr\/groupe\/innovation\/nutrition-sante\/#primaryimage\"},\"image\":{\"@id\":\"https:\/\/tereos.com\/fr\/groupe\/innovation\/nutrition-sante\/#primaryimage\"},\"thumbnailUrl\":\"https:\/\/www.tereos.com\/app\/uploads\/2023\/06\/family-breakfastgetty-images1941.png\",\"datePublished\":\"2019-01-31T13:03:34+00:00\",\"dateModified\":\"2024-04-17T12:45:01+00:00\",\"description\":\"La nutrition-sant\u00e9 est l\u2019un des axes de recherche & d\u00e9veloppement majeur chez Tereos. Notre objectif est de mettre \u00e0 la disposition des consommateurs et de nos clients des ingr\u00e9dients permettant de couvrir de fa\u00e7on optimale les besoins nutritionnels et fonctionnels. Pour que chacun puisse satisfaire ses besoins alimentaires en terme de quantit\u00e9 et de qualit\u00e9.\",\"breadcrumb\":{\"@id\":\"https:\/\/tereos.com\/fr\/groupe\/innovation\/nutrition-sante\/#breadcrumb\"},\"inLanguage\":\"fr-FR\",\"potentialAction\":[{\"@type\":\"ReadAction\",\"target\":[\"https:\/\/tereos.com\/fr\/groupe\/innovation\/nutrition-sante\/\"]}]},{\"@type\":\"ImageObject\",\"inLanguage\":\"fr-FR\",\"@id\":\"https:\/\/tereos.com\/fr\/groupe\/innovation\/nutrition-sante\/#primaryimage\",\"url\":\"https:\/\/www.tereos.com\/app\/uploads\/2023\/06\/family-breakfastgetty-images1941.png\",\"contentUrl\":\"https:\/\/www.tereos.com\/app\/uploads\/2023\/06\/family-breakfastgetty-images1941.png\",\"width\":2121,\"height\":1414,\"caption\":\"Petite d\u00e9jeuner en famille\"},{\"@type\":\"BreadcrumbList\",\"@id\":\"https:\/\/tereos.com\/fr\/groupe\/innovation\/nutrition-sante\/#breadcrumb\",\"itemListElement\":[{\"@type\":\"ListItem\",\"position\":1,\"name\":\"Home\",\"item\":\"https:\/\/tereos.com\/fr\/\"},{\"@type\":\"ListItem\",\"position\":2,\"name\":\"R\u00e9pondre aux besoins du quotidien gr\u00e2ce au v\u00e9g\u00e9tal en cr\u00e9ant de la valeur pour nos coop\u00e9rateurs\",\"item\":\"https:\/\/tereos.com\/fr\/groupe\/\"},{\"@type\":\"ListItem\",\"position\":3,\"name\":\"Innover pour accompagner un monde qui change\",\"item\":\"https:\/\/tereos.com\/fr\/groupe\/innovation\/\"},{\"@type\":\"ListItem\",\"position\":4,\"name\":\"Nutrition Sant\u00e9\"}]},{\"@type\":\"WebSite\",\"@id\":\"https:\/\/tereos.com\/en\/#website\",\"url\":\"https:\/\/tereos.com\/en\/\",\"name\":\"Tereos\",\"description\":\"Un site utilisant WordPress\",\"potentialAction\":[{\"@type\":\"SearchAction\",\"target\":{\"@type\":\"EntryPoint\",\"urlTemplate\":\"https:\/\/tereos.com\/en\/?s={search_term_string}\"},\"query-input\":{\"@type\":\"PropertyValueSpecification\",\"valueRequired\":true,\"valueName\":\"search_term_string\"}}],\"inLanguage\":\"fr-FR\"}]}<\/script>\n<!-- \/ Yoast SEO plugin. -->","yoast_head_json":{"title":"Nutrition Sant\u00e9 - Tereos","description":"La nutrition-sant\u00e9 est l\u2019un des axes de recherche & d\u00e9veloppement majeur chez Tereos. Notre objectif est de mettre \u00e0 la disposition des consommateurs et de nos clients des ingr\u00e9dients permettant de couvrir de fa\u00e7on optimale les besoins nutritionnels et fonctionnels. Pour que chacun puisse satisfaire ses besoins alimentaires en terme de quantit\u00e9 et de qualit\u00e9.","robots":{"index":"index","follow":"follow","max-snippet":"max-snippet:-1","max-image-preview":"max-image-preview:large","max-video-preview":"max-video-preview:-1"},"canonical":"https:\/\/tereos.com\/fr\/groupe\/innovation\/nutrition-sante\/","og_locale":"fr_FR","og_type":"article","og_title":"Nutrition Sant\u00e9 - Tereos","og_description":"La nutrition-sant\u00e9 est l\u2019un des axes de recherche & d\u00e9veloppement majeur chez Tereos. Notre objectif est de mettre \u00e0 la disposition des consommateurs et de nos clients des ingr\u00e9dients permettant de couvrir de fa\u00e7on optimale les besoins nutritionnels et fonctionnels. Pour que chacun puisse satisfaire ses besoins alimentaires en terme de quantit\u00e9 et de qualit\u00e9.","og_url":"https:\/\/tereos.com\/fr\/groupe\/innovation\/nutrition-sante\/","og_site_name":"Tereos","article_modified_time":"2024-04-17T12:45:01+00:00","og_image":[{"url":"https:\/\/www.tereos.com\/app\/uploads\/2023\/06\/family-breakfastgetty-images1941.png","width":1024,"height":683,"type":"image\/png"}],"twitter_card":"summary_large_image","twitter_misc":{"Est. reading time":"1 minute"},"schema":{"@context":"https:\/\/schema.org","@graph":[{"@type":"WebPage","@id":"https:\/\/tereos.com\/fr\/groupe\/innovation\/nutrition-sante\/","url":"https:\/\/tereos.com\/fr\/groupe\/innovation\/nutrition-sante\/","name":"Nutrition Sant\u00e9 - Tereos","isPartOf":{"@id":"https:\/\/tereos.com\/en\/#website"},"primaryImageOfPage":{"@id":"https:\/\/tereos.com\/fr\/groupe\/innovation\/nutrition-sante\/#primaryimage"},"image":{"@id":"https:\/\/tereos.com\/fr\/groupe\/innovation\/nutrition-sante\/#primaryimage"},"thumbnailUrl":"https:\/\/www.tereos.com\/app\/uploads\/2023\/06\/family-breakfastgetty-images1941.png","datePublished":"2019-01-31T13:03:34+00:00","dateModified":"2024-04-17T12:45:01+00:00","description":"La nutrition-sant\u00e9 est l\u2019un des axes de recherche & d\u00e9veloppement majeur chez Tereos. Notre objectif est de mettre \u00e0 la disposition des consommateurs et de nos clients des ingr\u00e9dients permettant de couvrir de fa\u00e7on optimale les besoins nutritionnels et fonctionnels. Pour que chacun puisse satisfaire ses besoins alimentaires en terme de quantit\u00e9 et de qualit\u00e9.","breadcrumb":{"@id":"https:\/\/tereos.com\/fr\/groupe\/innovation\/nutrition-sante\/#breadcrumb"},"inLanguage":"fr-FR","potentialAction":[{"@type":"ReadAction","target":["https:\/\/tereos.com\/fr\/groupe\/innovation\/nutrition-sante\/"]}]},{"@type":"ImageObject","inLanguage":"fr-FR","@id":"https:\/\/tereos.com\/fr\/groupe\/innovation\/nutrition-sante\/#primaryimage","url":"https:\/\/www.tereos.com\/app\/uploads\/2023\/06\/family-breakfastgetty-images1941.png","contentUrl":"https:\/\/www.tereos.com\/app\/uploads\/2023\/06\/family-breakfastgetty-images1941.png","width":2121,"height":1414,"caption":"Petite d\u00e9jeuner en famille"},{"@type":"BreadcrumbList","@id":"https:\/\/tereos.com\/fr\/groupe\/innovation\/nutrition-sante\/#breadcrumb","itemListElement":[{"@type":"ListItem","position":1,"name":"Home","item":"https:\/\/tereos.com\/fr\/"},{"@type":"ListItem","position":2,"name":"R\u00e9pondre aux besoins du quotidien gr\u00e2ce au v\u00e9g\u00e9tal en cr\u00e9ant de la valeur pour nos coop\u00e9rateurs","item":"https:\/\/tereos.com\/fr\/groupe\/"},{"@type":"ListItem","position":3,"name":"Innover pour accompagner un monde qui change","item":"https:\/\/tereos.com\/fr\/groupe\/innovation\/"},{"@type":"ListItem","position":4,"name":"Nutrition Sant\u00e9"}]},{"@type":"WebSite","@id":"https:\/\/tereos.com\/en\/#website","url":"https:\/\/tereos.com\/en\/","name":"Tereos","description":"Un site utilisant WordPress","potentialAction":[{"@type":"SearchAction","target":{"@type":"EntryPoint","urlTemplate":"https:\/\/tereos.com\/en\/?s={search_term_string}"},"query-input":{"@type":"PropertyValueSpecification","valueRequired":true,"valueName":"search_term_string"}}],"inLanguage":"fr-FR"}]}},"_links":{"self":[{"href":"https:\/\/tereos.com\/fr\/wp-json\/wp\/v2\/pages\/1231"}],"collection":[{"href":"https:\/\/tereos.com\/fr\/wp-json\/wp\/v2\/pages"}],"about":[{"href":"https:\/\/tereos.com\/fr\/wp-json\/wp\/v2\/types\/page"}],"author":[{"embeddable":true,"href":"https:\/\/tereos.com\/fr\/wp-json\/wp\/v2\/users\/9"}],"replies":[{"embeddable":true,"href":"https:\/\/tereos.com\/fr\/wp-json\/wp\/v2\/comments?post=1231"}],"version-history":[{"count":3,"href":"https:\/\/tereos.com\/fr\/wp-json\/wp\/v2\/pages\/1231\/revisions"}],"predecessor-version":[{"id":21926,"href":"https:\/\/tereos.com\/fr\/wp-json\/wp\/v2\/pages\/1231\/revisions\/21926"}],"up":[{"embeddable":true,"href":"https:\/\/tereos.com\/fr\/wp-json\/wp\/v2\/pages\/1177"}],"wp:featuredmedia":[{"embeddable":true,"href":"https:\/\/tereos.com\/fr\/wp-json\/wp\/v2\/media\/17531"}],"wp:attachment":[{"href":"https:\/\/tereos.com\/fr\/wp-json\/wp\/v2\/media?parent=1231"}],"curies":[{"name":"wp","href":"https:\/\/api.w.org\/{rel}","templated":true}]}}