{"id":12640,"date":"2021-05-25T15:34:20","date_gmt":"2021-05-25T13:34:20","guid":{"rendered":"https:\/\/tereos.com\/?page_id=12640"},"modified":"2022-06-27T11:14:03","modified_gmt":"2022-06-27T09:14:03","slug":"politique-relative-a-lutilisation-des-cookies-et-autres-traceurs","status":"publish","type":"page","link":"https:\/\/tereos.com\/fr\/politique-relative-a-lutilisation-des-cookies-et-autres-traceurs\/","title":{"rendered":"POLITIQUE RELATIVE A L\u2019UTILISATION DES COOKIES ET AUTRES TRACEURS"},"content":{"rendered":"<p><span style=\"font-weight: 400;\">Afin de faciliter votre navigation sur l\u2019Intranet, Tereos Participations, une <\/span><i><span style=\"font-weight: 400;\">Soci\u00e9t\u00e9 par actions simplifi\u00e9e<\/span><\/i><span style=\"font-weight: 400;\">, (\u00ab SAS \u00bb) dont le si\u00e8ge se situe Rue de Senlis, 77230 Moussy le Vieux, France, enregistr\u00e9e dans le Registre du commerce et des soci\u00e9t\u00e9s de Meaux sous le num\u00e9ro 444 413 058 (ci-apr\u00e8s \u00ab Tereos \u00bb) utilise des cookies et d\u2019autres dispositifs sur les sites du groupe Tereos.\u00a0<\/span><\/p>\n<p>&nbsp;<\/p>\n<p><span style=\"font-weight: 400;\">En acc\u00e9dant au site Internet Tereos.com, vous \u00eates en capacit\u00e9 de choisir les cookies que vous souhaitez accepter, ou refuser. Ces cookies ne s\u2019installent pas sans votre consentement.\u00a0<\/span><\/p>\n<p>&nbsp;<\/p>\n<h2><b>D\u00e9finition des cookies\u00a0<\/b><\/h2>\n<p><span style=\"font-weight: 400;\">Les cookies sont de petites quantit\u00e9s d\u2019informations stock\u00e9es sur l\u2019\u00e9quipement informatique (au sein m\u00eame de votre navigateur Internet) que vous utilisez lors de votre navigation sur Internet. Ces cookies sont accessibles et enregistr\u00e9s par les sites Internet que vous consultez, et par les soci\u00e9t\u00e9s qui traitent vos donn\u00e9es \u00e0 caract\u00e8re personnel pour r\u00e9pondre aux finalit\u00e9s qui leurs sont propres. Tereos ne peut acc\u00e9der qu\u2019aux seuls cookies qu\u2019elle a elle-m\u00eame d\u00e9pos\u00e9, et ne peut acc\u00e9der aux cookies d\u00e9pos\u00e9s par d\u2019autres soci\u00e9t\u00e9s.\u00a0<\/span><\/p>\n<p>&nbsp;<\/p>\n<h2><b>Quels types de cookies et pendant combien de temps sont utilis\u00e9s par Tereos<\/b><b><\/b><\/h2>\n<table class=\"table\">\n<tbody>\n<tr>\n<td><\/td>\n<td><b>Description\/ But<\/b><\/td>\n<td><b>Cookies<\/b><\/td>\n<td><b>Dur\u00e9e de conservation<\/b><\/td>\n<\/tr>\n<tr>\n<td><span style=\"font-weight: 400;\">Cookies essentiels\u00a0<\/span><\/td>\n<td><span style=\"font-weight: 400;\">Ces cookies sont n\u00e9cessaires pour le bon fonctionnement du site Internet Tereos.com.<\/span><\/td>\n<td><b>tarteaucitron\u00a0:<\/b><span style=\"font-weight: 400;\">\u00a0Permet de garder en m\u00e9moire le choix de l\u2019utilisateur concernant les cookies.<\/span><span style=\"font-weight: 400;\"><br \/>\n<\/span><b>PHPSESSID\u00a0:<\/b><span style=\"font-weight: 400;\"> Ce cookie est automatiquement d\u00e9pos\u00e9 et permet de faire fonctionner le site Internet.<\/span><\/td>\n<td><span style=\"font-weight: 400;\">12 mois<\/span><\/td>\n<\/tr>\n<tr>\n<td><span style=\"font-weight: 400;\">Cookies d\u2019analyse\u00a0<\/span><\/td>\n<td><span style=\"font-weight: 400;\">Ces cookies permettent \u00e0 Tereos d\u2019analyser comment vous utilisez le site Internet Tereos.com afin d\u2019am\u00e9liorer son qualit\u00e9 et votre navigation.<\/span><\/td>\n<td><b>ga :<\/b><span style=\"font-weight: 400;\">\u00a0Cookie de tracking Google Analytics permet une analyse des donn\u00e9es \u00e0 long terme des utilisateurs.\u00a0<\/span><\/p>\n<p><b>gid :<\/b><span style=\"font-weight: 400;\">\u00a0Cookie de tracking de Google Analytics permettant une analyse des donn\u00e9es en temps r\u00e9el des utilisateurs.\u00a0<\/span><\/td>\n<td><span style=\"font-weight: 400;\">12 mois\u00a0<\/span><\/p>\n<p><span style=\"font-weight: 400;\">Jusqu\u2019\u00e0 24 heures\u00a0<\/span><\/td>\n<\/tr>\n<\/tbody>\n<\/table>\n<p>&nbsp;<\/p>\n<h2><b>D\u2019autres moyens sont \u00e0 votre disposition pour vous opposer aux cookies\u00a0:<\/b><b><\/b><\/h2>\n<p><span style=\"font-weight: 400;\">Vous avez le\u00a0choix\u00a0d&#8217;accepter ou non les cookies,\u00a0\u00e0 l\u2019exceptions des cookies strictement n\u00e9cessaires \u00e0 la d\u00e9livrance de nos services qui seront syst\u00e9matiquement d\u00e9pos\u00e9s. Pour les cookies soumis \u00e0 votre consentement pr\u00e9alable, vous pouvez formuler ces choix dans le <\/span><span style=\"font-weight: 400;\">\u00ab\u00a0Panneau de gestion des cookies\u00a0\u00bb, qui<\/span><span style=\"font-weight: 400;\"> s\u2019affiche\u00a0lors de votre premi\u00e8re connexion au site Internet Tereos.com. Vous pouvez revenir sur vos choix de cookies dans la fen\u00eatre de gestion de cookies, en cliquant sur un bouton \u00ab\u00a0Gestion des cookies\u00a0\u00bb en bas \u00e0 droite du site Internet Tereos.com.\u00a0<\/span><\/p>\n<p><span style=\"font-weight: 400;\">Les navigateurs proposent \u00e9galement des options sp\u00e9cifiques aux cookies et g\u00e9n\u00e9ralement une option \u00ab\u00a0do not track\u00a0\u00bb (ne pas me tracer) afin de vous y opposer\u00a0:<\/span><\/p>\n<ul>\n<li style=\"font-weight: 400;\" aria-level=\"1\"><span style=\"font-weight: 400;\">Pour Mozilla Firefox\u00a0: <\/span><a href=\"https:\/\/support.mozilla.org\/fr\/kb\/activer-desactiver-cookies-preferences\"><span style=\"font-weight: 400;\">https:\/\/support.mozilla.org\/fr\/kb\/activer-desactiver-cookies-preferences<\/span><\/a><\/li>\n<li style=\"font-weight: 400;\" aria-level=\"1\"><span style=\"font-weight: 400;\">Pour Google Chrome\u00a0: <\/span><a href=\"https:\/\/support.google.com\/chrome\/answer\/95647?co=GENIE.Platform%3DDesktop&amp;hl=fr\"><span style=\"font-weight: 400;\">https:\/\/support.google.com\/chrome\/answer\/95647?co=GENIE.Platform%3DDesktop&amp;hl=fr<\/span><\/a><\/li>\n<li style=\"font-weight: 400;\" aria-level=\"1\"><span style=\"font-weight: 400;\">Pour Microsoft Edge\u00a0: <\/span><a href=\"https:\/\/privacy.microsoft.com\/fr-fr\/windows-10-microsoft-edge-and-privacy\"><span style=\"font-weight: 400;\">https:\/\/privacy.microsoft.com\/fr-fr\/windows-10-microsoft-edge-and-privacy<\/span><\/a><\/li>\n<li style=\"font-weight: 400;\" aria-level=\"1\"><span style=\"font-weight: 400;\">Pour Apple Safari\u00a0: <\/span><a href=\"https:\/\/support.apple.com\/kb\/ph21411?locale=fr_CA\"><span style=\"font-weight: 400;\">https:\/\/support.apple.com\/kb\/ph21411?locale=fr_CA<\/span><\/a><\/li>\n<li style=\"font-weight: 400;\" aria-level=\"1\"><span style=\"font-weight: 400;\">Pour Opera\u00a0: <\/span><a href=\"http:\/\/help.opera.com\/Windows\/10.20\/fr\/cookies.html\"><span style=\"font-weight: 400;\">http:\/\/help.opera.com\/Windows\/10.20\/fr\/cookies.html<\/span><\/a><\/li>\n<li style=\"font-weight: 400;\" aria-level=\"1\"><span style=\"font-weight: 400;\">Sur smartphone Apple, des informations \u00e0 ce sujet est pr\u00e9sent \u00e0 cette adresse\u00a0: <\/span><a href=\"https:\/\/support.apple.com\/fr-fr\/HT205223\"><span style=\"font-weight: 400;\">https:\/\/support.apple.com\/fr-fr\/HT205223<\/span><\/a><\/li>\n<li style=\"font-weight: 400;\" aria-level=\"1\"><span style=\"font-weight: 400;\">Sur smartphone Android\u00a0: Allez dans les param\u00e8tres du t\u00e9l\u00e9phone, puis dans \u00ab\u00a0Google\u00a0\u00bb, \u00ab\u00a0Annonces\u00a0\u00bb puis activer l\u2019option \u00ab\u00a0d\u00e9sactiver personnalisation des annonces\u00a0\u00bb. Nous vous conseillons de r\u00e9initialiser votre identifiant par la m\u00eame.\u00a0<\/span><\/li>\n<\/ul>\n<p><span style=\"font-weight: 400;\">Divers outils sp\u00e9cifiques afin de s\u2019opposer au d\u00e9p\u00f4t de cookies existent :<\/span><\/p>\n<ul>\n<li style=\"font-weight: 400;\" aria-level=\"1\"><span style=\"font-weight: 400;\">Youronlicechoices.com\u00a0: ce site vous permet de notifier vos choix concernant les cookies publicitaires ;<\/span><\/li>\n<li style=\"font-weight: 400;\" aria-level=\"1\"><span style=\"font-weight: 400;\">Des extensions pour navigateur internet tel que Ghostery\u00a0ou Privacy Badger.<\/span><\/li>\n<\/ul>\n<p>&nbsp;<\/p>\n<h2><b>Modifications de la Politique relative \u00e0 l\u2019utilisation des cookies et autres traceurs\u00a0<\/b><\/h2>\n<p><span style=\"font-weight: 400;\">Cette Politique a \u00e9t\u00e9 publi\u00e9e le 25 mai 2018. En cas de modification de cette Politique par Tereos, vous serez inform\u00e9s des modifications sur cette page.<\/span><\/p>\n<p>&nbsp;<\/p>\n","protected":false},"excerpt":{"rendered":"<p>Afin de faciliter votre navigation sur l\u2019Intranet, Tereos Participations, une Soci\u00e9t\u00e9 par actions simplifi\u00e9e, (\u00ab SAS \u00bb) dont le si\u00e8ge se situe Rue de Senlis, 77230 Moussy le Vieux, France, enregistr\u00e9e dans le Registre du commerce et des soci\u00e9t\u00e9s de Meaux sous le num\u00e9ro 444 413 058 (ci-apr\u00e8s \u00ab Tereos \u00bb) utilise des cookies et [&hellip;]<\/p>\n","protected":false},"author":4,"featured_media":0,"parent":0,"menu_order":0,"comment_status":"closed","ping_status":"closed","template":"","meta":{"_acf_changed":false,"footnotes":""},"class_list":["post-12640","page","type-page","status-publish","hentry"],"acf":[],"yoast_head":"<!-- This site is optimized with the Yoast SEO plugin v23.7 - https:\/\/yoast.com\/wordpress\/plugins\/seo\/ -->\n<title>POLITIQUE RELATIVE A L\u2019UTILISATION DES COOKIES ET AUTRES TRACEURS - Tereos<\/title>\n<meta name=\"robots\" content=\"index, follow, max-snippet:-1, max-image-preview:large, max-video-preview:-1\" \/>\n<link rel=\"canonical\" href=\"https:\/\/tereos.com\/fr\/politique-relative-a-lutilisation-des-cookies-et-autres-traceurs\/\" \/>\n<meta property=\"og:locale\" content=\"fr_FR\" \/>\n<meta property=\"og:type\" content=\"article\" \/>\n<meta property=\"og:title\" content=\"POLITIQUE RELATIVE A L\u2019UTILISATION DES COOKIES ET AUTRES TRACEURS - Tereos\" \/>\n<meta property=\"og:description\" content=\"Afin de faciliter votre navigation sur l\u2019Intranet, Tereos Participations, une Soci\u00e9t\u00e9 par actions simplifi\u00e9e, (\u00ab SAS \u00bb) dont le si\u00e8ge se situe Rue de Senlis, 77230 Moussy le Vieux, France, enregistr\u00e9e dans le Registre du commerce et des soci\u00e9t\u00e9s de Meaux sous le num\u00e9ro 444 413 058 (ci-apr\u00e8s \u00ab Tereos \u00bb) utilise des cookies et [&hellip;]\" \/>\n<meta property=\"og:url\" content=\"https:\/\/tereos.com\/fr\/politique-relative-a-lutilisation-des-cookies-et-autres-traceurs\/\" \/>\n<meta property=\"og:site_name\" content=\"Tereos\" \/>\n<meta property=\"article:modified_time\" content=\"2022-06-27T09:14:03+00:00\" \/>\n<meta name=\"twitter:card\" content=\"summary_large_image\" \/>\n<meta name=\"twitter:label1\" content=\"Est. reading time\" \/>\n\t<meta name=\"twitter:data1\" content=\"3 minutes\" \/>\n<script type=\"application\/ld+json\" class=\"yoast-schema-graph\">{\"@context\":\"https:\/\/schema.org\",\"@graph\":[{\"@type\":\"WebPage\",\"@id\":\"https:\/\/tereos.com\/fr\/politique-relative-a-lutilisation-des-cookies-et-autres-traceurs\/\",\"url\":\"https:\/\/tereos.com\/fr\/politique-relative-a-lutilisation-des-cookies-et-autres-traceurs\/\",\"name\":\"POLITIQUE RELATIVE A L\u2019UTILISATION DES COOKIES ET AUTRES TRACEURS - Tereos\",\"isPartOf\":{\"@id\":\"https:\/\/tereos.com\/en\/#website\"},\"datePublished\":\"2021-05-25T13:34:20+00:00\",\"dateModified\":\"2022-06-27T09:14:03+00:00\",\"breadcrumb\":{\"@id\":\"https:\/\/tereos.com\/fr\/politique-relative-a-lutilisation-des-cookies-et-autres-traceurs\/#breadcrumb\"},\"inLanguage\":\"fr-FR\",\"potentialAction\":[{\"@type\":\"ReadAction\",\"target\":[\"https:\/\/tereos.com\/fr\/politique-relative-a-lutilisation-des-cookies-et-autres-traceurs\/\"]}]},{\"@type\":\"BreadcrumbList\",\"@id\":\"https:\/\/tereos.com\/fr\/politique-relative-a-lutilisation-des-cookies-et-autres-traceurs\/#breadcrumb\",\"itemListElement\":[{\"@type\":\"ListItem\",\"position\":1,\"name\":\"Home\",\"item\":\"https:\/\/tereos.com\/fr\/\"},{\"@type\":\"ListItem\",\"position\":2,\"name\":\"POLITIQUE RELATIVE A L\u2019UTILISATION DES COOKIES ET AUTRES TRACEURS\"}]},{\"@type\":\"WebSite\",\"@id\":\"https:\/\/tereos.com\/en\/#website\",\"url\":\"https:\/\/tereos.com\/en\/\",\"name\":\"Tereos\",\"description\":\"Un site utilisant WordPress\",\"potentialAction\":[{\"@type\":\"SearchAction\",\"target\":{\"@type\":\"EntryPoint\",\"urlTemplate\":\"https:\/\/tereos.com\/en\/?s={search_term_string}\"},\"query-input\":{\"@type\":\"PropertyValueSpecification\",\"valueRequired\":true,\"valueName\":\"search_term_string\"}}],\"inLanguage\":\"fr-FR\"}]}<\/script>\n<!-- \/ Yoast SEO plugin. -->","yoast_head_json":{"title":"POLITIQUE RELATIVE A L\u2019UTILISATION DES COOKIES ET AUTRES TRACEURS - Tereos","robots":{"index":"index","follow":"follow","max-snippet":"max-snippet:-1","max-image-preview":"max-image-preview:large","max-video-preview":"max-video-preview:-1"},"canonical":"https:\/\/tereos.com\/fr\/politique-relative-a-lutilisation-des-cookies-et-autres-traceurs\/","og_locale":"fr_FR","og_type":"article","og_title":"POLITIQUE RELATIVE A L\u2019UTILISATION DES COOKIES ET AUTRES TRACEURS - Tereos","og_description":"Afin de faciliter votre navigation sur l\u2019Intranet, Tereos Participations, une Soci\u00e9t\u00e9 par actions simplifi\u00e9e, (\u00ab SAS \u00bb) dont le si\u00e8ge se situe Rue de Senlis, 77230 Moussy le Vieux, France, enregistr\u00e9e dans le Registre du commerce et des soci\u00e9t\u00e9s de Meaux sous le num\u00e9ro 444 413 058 (ci-apr\u00e8s \u00ab Tereos \u00bb) utilise des cookies et [&hellip;]","og_url":"https:\/\/tereos.com\/fr\/politique-relative-a-lutilisation-des-cookies-et-autres-traceurs\/","og_site_name":"Tereos","article_modified_time":"2022-06-27T09:14:03+00:00","twitter_card":"summary_large_image","twitter_misc":{"Est. reading time":"3 minutes"},"schema":{"@context":"https:\/\/schema.org","@graph":[{"@type":"WebPage","@id":"https:\/\/tereos.com\/fr\/politique-relative-a-lutilisation-des-cookies-et-autres-traceurs\/","url":"https:\/\/tereos.com\/fr\/politique-relative-a-lutilisation-des-cookies-et-autres-traceurs\/","name":"POLITIQUE RELATIVE A L\u2019UTILISATION DES COOKIES ET AUTRES TRACEURS - Tereos","isPartOf":{"@id":"https:\/\/tereos.com\/en\/#website"},"datePublished":"2021-05-25T13:34:20+00:00","dateModified":"2022-06-27T09:14:03+00:00","breadcrumb":{"@id":"https:\/\/tereos.com\/fr\/politique-relative-a-lutilisation-des-cookies-et-autres-traceurs\/#breadcrumb"},"inLanguage":"fr-FR","potentialAction":[{"@type":"ReadAction","target":["https:\/\/tereos.com\/fr\/politique-relative-a-lutilisation-des-cookies-et-autres-traceurs\/"]}]},{"@type":"BreadcrumbList","@id":"https:\/\/tereos.com\/fr\/politique-relative-a-lutilisation-des-cookies-et-autres-traceurs\/#breadcrumb","itemListElement":[{"@type":"ListItem","position":1,"name":"Home","item":"https:\/\/tereos.com\/fr\/"},{"@type":"ListItem","position":2,"name":"POLITIQUE RELATIVE A L\u2019UTILISATION DES COOKIES ET AUTRES TRACEURS"}]},{"@type":"WebSite","@id":"https:\/\/tereos.com\/en\/#website","url":"https:\/\/tereos.com\/en\/","name":"Tereos","description":"Un site utilisant WordPress","potentialAction":[{"@type":"SearchAction","target":{"@type":"EntryPoint","urlTemplate":"https:\/\/tereos.com\/en\/?s={search_term_string}"},"query-input":{"@type":"PropertyValueSpecification","valueRequired":true,"valueName":"search_term_string"}}],"inLanguage":"fr-FR"}]}},"_links":{"self":[{"href":"https:\/\/tereos.com\/fr\/wp-json\/wp\/v2\/pages\/12640"}],"collection":[{"href":"https:\/\/tereos.com\/fr\/wp-json\/wp\/v2\/pages"}],"about":[{"href":"https:\/\/tereos.com\/fr\/wp-json\/wp\/v2\/types\/page"}],"author":[{"embeddable":true,"href":"https:\/\/tereos.com\/fr\/wp-json\/wp\/v2\/users\/4"}],"replies":[{"embeddable":true,"href":"https:\/\/tereos.com\/fr\/wp-json\/wp\/v2\/comments?post=12640"}],"version-history":[{"count":4,"href":"https:\/\/tereos.com\/fr\/wp-json\/wp\/v2\/pages\/12640\/revisions"}],"predecessor-version":[{"id":16334,"href":"https:\/\/tereos.com\/fr\/wp-json\/wp\/v2\/pages\/12640\/revisions\/16334"}],"wp:attachment":[{"href":"https:\/\/tereos.com\/fr\/wp-json\/wp\/v2\/media?parent=12640"}],"curies":[{"name":"wp","href":"https:\/\/api.w.org\/{rel}","templated":true}]}}