{"id":15678,"date":"2022-03-16T19:11:10","date_gmt":"2022-03-16T18:11:10","guid":{"rendered":"https:\/\/tereos.com\/?page_id=15678"},"modified":"2023-11-07T13:48:03","modified_gmt":"2023-11-07T12:48:03","slug":"qualite-produit","status":"publish","type":"page","link":"https:\/\/tereos.com\/fr\/activites-et-produits\/qualite-produit\/","title":{"rendered":"Qualit\u00e9"},"content":{"rendered":"","protected":false},"excerpt":{"rendered":"","protected":false},"author":248,"featured_media":20176,"parent":273,"menu_order":0,"comment_status":"closed","ping_status":"closed","template":"page-activity-products.php","meta":{"_acf_changed":false,"footnotes":""},"class_list":["post-15678","page","type-page","status-publish","has-post-thumbnail","hentry"],"acf":{"cover_type":"image","cover_image":20176,"link":"","cover_video_clone":{"cover_type":"image","cover_image":20176,"cover_video_uploaded":false,"hide_title":false,"link":""},"subtitle":"","subtitle_clone":{"subtitle":""},"headline":"","headline_clone":{"headline":""},"sections":[{"acf_fc_layout":"media_split","title":"La qualit\u00e9, l'affaire de tous !","text":"<p>R\u00e9pondre aux exigences de nos clients, aussi bien sous l\u2019angle qualit\u00e9 et s\u00e9curit\u00e9 des produits que vis-\u00e0-vis des services propos\u00e9s, fait partie des engagements forts du groupe Tereos envers ses clients.<\/p>\n<p>Nos \u00e9quipes travaillent quotidiennement \u00e0 leurs fournir des produits s\u00fbrs, conformes \u00e0 la r\u00e9glementation et aux standards qualit\u00e9.<\/p>\n<p>Ce sont \u00e9galement les attentes de nos clients qui nous incitent \u00e0 nous imposer des exigences plus strictes encore que les exigences l\u00e9gales en vigueur. Notre objectif : \u00eatre exemplaire en mati\u00e8re de qualit\u00e9 et de s\u00e9curit\u00e9 alimentaire (hygi\u00e8ne, tra\u00e7abilit\u00e9, etc).<\/p>\n","type":"images","video":"","caption":"","image":false,"items":[{"image":20181},{"image":20184}]},{"acf_fc_layout":"title_text","title":"Un engagement formalis\u00e9 dans la charte qualit\u00e9 Tereos","text":"<p>Notre engagement se d\u00e9cline concr\u00e8tement au travers des r\u00e8gles d\u2019or qualit\u00e9 et des priorit\u00e9s qualit\u00e9 du Groupe.<\/p>\n<p>La qualit\u00e9 fait partie int\u00e9grante des missions quotidiennes de chacun, quel que soit sa fonction. Elle est pr\u00e9sente \u00e0 toutes les \u00e9tapes de nos proc\u00e9d\u00e9s et de la vie de nos produits et s\u2019inscrit pleinement dans notre d\u00e9marche d\u2019am\u00e9lioration continue.<\/p>\n<p>Consultez notre <a href=\"https:\/\/tereos.com\/app\/uploads\/2022\/10\/charte-qualite-2023-fr.pdf\" target=\"_blank\" rel=\"noopener\">Charte Qualit\u00e9<\/a>.<\/p>\n"},{"acf_fc_layout":"rich_text","text":"<p style=\"text-align: center;\"><a class=\"btn btn-red-2-black btn-xl\" href=\"https:\/\/tereos.com\/fr\/documentation-qualite-tereos-starch-sweeteners\/\">Acc\u00e9der \u00e0 la documentation qualit\u00e9<\/a><\/p>\n"}],"flexible_ap_cpt_clone":{"sections":[{"acf_fc_layout":"media_split","title":"La qualit\u00e9, l'affaire de tous !","text":"<p>R\u00e9pondre aux exigences de nos clients, aussi bien sous l\u2019angle qualit\u00e9 et s\u00e9curit\u00e9 des produits que vis-\u00e0-vis des services propos\u00e9s, fait partie des engagements forts du groupe Tereos envers ses clients.<\/p>\n<p>Nos \u00e9quipes travaillent quotidiennement \u00e0 leurs fournir des produits s\u00fbrs, conformes \u00e0 la r\u00e9glementation et aux standards qualit\u00e9.<\/p>\n<p>Ce sont \u00e9galement les attentes de nos clients qui nous incitent \u00e0 nous imposer des exigences plus strictes encore que les exigences l\u00e9gales en vigueur. Notre objectif : \u00eatre exemplaire en mati\u00e8re de qualit\u00e9 et de s\u00e9curit\u00e9 alimentaire (hygi\u00e8ne, tra\u00e7abilit\u00e9, etc).<\/p>\n","type":"images","video":"","caption":"","image":false,"items":[{"image":20181},{"image":20184}]},{"acf_fc_layout":"title_text","title":"Un engagement formalis\u00e9 dans la charte qualit\u00e9 Tereos","text":"<p>Notre engagement se d\u00e9cline concr\u00e8tement au travers des r\u00e8gles d\u2019or qualit\u00e9 et des priorit\u00e9s qualit\u00e9 du Groupe.<\/p>\n<p>La qualit\u00e9 fait partie int\u00e9grante des missions quotidiennes de chacun, quel que soit sa fonction. Elle est pr\u00e9sente \u00e0 toutes les \u00e9tapes de nos proc\u00e9d\u00e9s et de la vie de nos produits et s\u2019inscrit pleinement dans notre d\u00e9marche d\u2019am\u00e9lioration continue.<\/p>\n<p>Consultez notre <a href=\"https:\/\/tereos.com\/app\/uploads\/2022\/10\/charte-qualite-2023-fr.pdf\" target=\"_blank\" rel=\"noopener\">Charte Qualit\u00e9<\/a>.<\/p>\n"},{"acf_fc_layout":"rich_text","text":"<p style=\"text-align: center;\"><a class=\"btn btn-red-2-black btn-xl\" href=\"https:\/\/tereos.com\/fr\/documentation-qualite-tereos-starch-sweeteners\/\">Acc\u00e9der \u00e0 la documentation qualit\u00e9<\/a><\/p>\n"}]},"has_related_content":false,"related_content_clone":{"has_related_content":false,"related_title":"","related_items":false}},"yoast_head":"<!-- This site is optimized with the Yoast SEO plugin v23.7 - https:\/\/yoast.com\/wordpress\/plugins\/seo\/ -->\n<title>Qualit\u00e9 - Tereos<\/title>\n<meta name=\"description\" content=\"Nos \u00e9quipes travaillent quotidiennement \u00e0 leurs fournir des produits s\u00fbrs, conformes \u00e0 la r\u00e9glementation et aux standards qualit\u00e9.\" \/>\n<meta name=\"robots\" content=\"index, follow, max-snippet:-1, max-image-preview:large, max-video-preview:-1\" \/>\n<link rel=\"canonical\" href=\"https:\/\/tereos.com\/fr\/activites-et-produits\/qualite-produit\/\" \/>\n<meta property=\"og:locale\" content=\"fr_FR\" \/>\n<meta property=\"og:type\" content=\"article\" \/>\n<meta property=\"og:title\" content=\"Qualit\u00e9 - Tereos\" \/>\n<meta property=\"og:description\" content=\"Nos \u00e9quipes travaillent quotidiennement \u00e0 leurs fournir des produits s\u00fbrs, conformes \u00e0 la r\u00e9glementation et aux standards qualit\u00e9.\" \/>\n<meta property=\"og:url\" content=\"https:\/\/tereos.com\/fr\/activites-et-produits\/qualite-produit\/\" \/>\n<meta property=\"og:site_name\" content=\"Tereos\" \/>\n<meta property=\"article:modified_time\" content=\"2023-11-07T12:48:03+00:00\" \/>\n<meta property=\"og:image\" content=\"https:\/\/tereos.com\/app\/uploads\/2023\/10\/modern-laboratory-with-microscope-and-test-tubesshutterstock10371-scaled.jpg\" \/>\n\t<meta property=\"og:image:width\" content=\"2560\" \/>\n\t<meta property=\"og:image:height\" content=\"1440\" \/>\n\t<meta property=\"og:image:type\" content=\"image\/jpeg\" \/>\n<meta name=\"twitter:card\" content=\"summary_large_image\" \/>\n<script type=\"application\/ld+json\" class=\"yoast-schema-graph\">{\"@context\":\"https:\/\/schema.org\",\"@graph\":[{\"@type\":\"WebPage\",\"@id\":\"https:\/\/tereos.com\/fr\/activites-et-produits\/qualite-produit\/\",\"url\":\"https:\/\/tereos.com\/fr\/activites-et-produits\/qualite-produit\/\",\"name\":\"Qualit\u00e9 - Tereos\",\"isPartOf\":{\"@id\":\"https:\/\/tereos.com\/en\/#website\"},\"primaryImageOfPage\":{\"@id\":\"https:\/\/tereos.com\/fr\/activites-et-produits\/qualite-produit\/#primaryimage\"},\"image\":{\"@id\":\"https:\/\/tereos.com\/fr\/activites-et-produits\/qualite-produit\/#primaryimage\"},\"thumbnailUrl\":\"https:\/\/www.tereos.com\/app\/uploads\/2023\/10\/modern-laboratory-with-microscope-and-test-tubesshutterstock10371-scaled.jpg\",\"datePublished\":\"2022-03-16T18:11:10+00:00\",\"dateModified\":\"2023-11-07T12:48:03+00:00\",\"description\":\"Nos \u00e9quipes travaillent quotidiennement \u00e0 leurs fournir des produits s\u00fbrs, conformes \u00e0 la r\u00e9glementation et aux standards qualit\u00e9.\",\"breadcrumb\":{\"@id\":\"https:\/\/tereos.com\/fr\/activites-et-produits\/qualite-produit\/#breadcrumb\"},\"inLanguage\":\"fr-FR\",\"potentialAction\":[{\"@type\":\"ReadAction\",\"target\":[\"https:\/\/tereos.com\/fr\/activites-et-produits\/qualite-produit\/\"]}]},{\"@type\":\"ImageObject\",\"inLanguage\":\"fr-FR\",\"@id\":\"https:\/\/tereos.com\/fr\/activites-et-produits\/qualite-produit\/#primaryimage\",\"url\":\"https:\/\/www.tereos.com\/app\/uploads\/2023\/10\/modern-laboratory-with-microscope-and-test-tubesshutterstock10371-scaled.jpg\",\"contentUrl\":\"https:\/\/www.tereos.com\/app\/uploads\/2023\/10\/modern-laboratory-with-microscope-and-test-tubesshutterstock10371-scaled.jpg\",\"width\":2560,\"height\":1440},{\"@type\":\"BreadcrumbList\",\"@id\":\"https:\/\/tereos.com\/fr\/activites-et-produits\/qualite-produit\/#breadcrumb\",\"itemListElement\":[{\"@type\":\"ListItem\",\"position\":1,\"name\":\"Home\",\"item\":\"https:\/\/tereos.com\/fr\/\"},{\"@type\":\"ListItem\",\"position\":2,\"name\":\"Notre expertise au service de la qualit\u00e9 de nos produits\",\"item\":\"https:\/\/tereos.com\/fr\/activites-et-produits\/\"},{\"@type\":\"ListItem\",\"position\":3,\"name\":\"Qualit\u00e9\"}]},{\"@type\":\"WebSite\",\"@id\":\"https:\/\/tereos.com\/en\/#website\",\"url\":\"https:\/\/tereos.com\/en\/\",\"name\":\"Tereos\",\"description\":\"Un site utilisant WordPress\",\"potentialAction\":[{\"@type\":\"SearchAction\",\"target\":{\"@type\":\"EntryPoint\",\"urlTemplate\":\"https:\/\/tereos.com\/en\/?s={search_term_string}\"},\"query-input\":{\"@type\":\"PropertyValueSpecification\",\"valueRequired\":true,\"valueName\":\"search_term_string\"}}],\"inLanguage\":\"fr-FR\"}]}<\/script>\n<!-- \/ Yoast SEO plugin. -->","yoast_head_json":{"title":"Qualit\u00e9 - Tereos","description":"Nos \u00e9quipes travaillent quotidiennement \u00e0 leurs fournir des produits s\u00fbrs, conformes \u00e0 la r\u00e9glementation et aux standards qualit\u00e9.","robots":{"index":"index","follow":"follow","max-snippet":"max-snippet:-1","max-image-preview":"max-image-preview:large","max-video-preview":"max-video-preview:-1"},"canonical":"https:\/\/tereos.com\/fr\/activites-et-produits\/qualite-produit\/","og_locale":"fr_FR","og_type":"article","og_title":"Qualit\u00e9 - Tereos","og_description":"Nos \u00e9quipes travaillent quotidiennement \u00e0 leurs fournir des produits s\u00fbrs, conformes \u00e0 la r\u00e9glementation et aux standards qualit\u00e9.","og_url":"https:\/\/tereos.com\/fr\/activites-et-produits\/qualite-produit\/","og_site_name":"Tereos","article_modified_time":"2023-11-07T12:48:03+00:00","og_image":[{"width":2560,"height":1440,"url":"https:\/\/tereos.com\/app\/uploads\/2023\/10\/modern-laboratory-with-microscope-and-test-tubesshutterstock10371-scaled.jpg","type":"image\/jpeg"}],"twitter_card":"summary_large_image","schema":{"@context":"https:\/\/schema.org","@graph":[{"@type":"WebPage","@id":"https:\/\/tereos.com\/fr\/activites-et-produits\/qualite-produit\/","url":"https:\/\/tereos.com\/fr\/activites-et-produits\/qualite-produit\/","name":"Qualit\u00e9 - Tereos","isPartOf":{"@id":"https:\/\/tereos.com\/en\/#website"},"primaryImageOfPage":{"@id":"https:\/\/tereos.com\/fr\/activites-et-produits\/qualite-produit\/#primaryimage"},"image":{"@id":"https:\/\/tereos.com\/fr\/activites-et-produits\/qualite-produit\/#primaryimage"},"thumbnailUrl":"https:\/\/www.tereos.com\/app\/uploads\/2023\/10\/modern-laboratory-with-microscope-and-test-tubesshutterstock10371-scaled.jpg","datePublished":"2022-03-16T18:11:10+00:00","dateModified":"2023-11-07T12:48:03+00:00","description":"Nos \u00e9quipes travaillent quotidiennement \u00e0 leurs fournir des produits s\u00fbrs, conformes \u00e0 la r\u00e9glementation et aux standards qualit\u00e9.","breadcrumb":{"@id":"https:\/\/tereos.com\/fr\/activites-et-produits\/qualite-produit\/#breadcrumb"},"inLanguage":"fr-FR","potentialAction":[{"@type":"ReadAction","target":["https:\/\/tereos.com\/fr\/activites-et-produits\/qualite-produit\/"]}]},{"@type":"ImageObject","inLanguage":"fr-FR","@id":"https:\/\/tereos.com\/fr\/activites-et-produits\/qualite-produit\/#primaryimage","url":"https:\/\/www.tereos.com\/app\/uploads\/2023\/10\/modern-laboratory-with-microscope-and-test-tubesshutterstock10371-scaled.jpg","contentUrl":"https:\/\/www.tereos.com\/app\/uploads\/2023\/10\/modern-laboratory-with-microscope-and-test-tubesshutterstock10371-scaled.jpg","width":2560,"height":1440},{"@type":"BreadcrumbList","@id":"https:\/\/tereos.com\/fr\/activites-et-produits\/qualite-produit\/#breadcrumb","itemListElement":[{"@type":"ListItem","position":1,"name":"Home","item":"https:\/\/tereos.com\/fr\/"},{"@type":"ListItem","position":2,"name":"Notre expertise au service de la qualit\u00e9 de nos produits","item":"https:\/\/tereos.com\/fr\/activites-et-produits\/"},{"@type":"ListItem","position":3,"name":"Qualit\u00e9"}]},{"@type":"WebSite","@id":"https:\/\/tereos.com\/en\/#website","url":"https:\/\/tereos.com\/en\/","name":"Tereos","description":"Un site utilisant WordPress","potentialAction":[{"@type":"SearchAction","target":{"@type":"EntryPoint","urlTemplate":"https:\/\/tereos.com\/en\/?s={search_term_string}"},"query-input":{"@type":"PropertyValueSpecification","valueRequired":true,"valueName":"search_term_string"}}],"inLanguage":"fr-FR"}]}},"_links":{"self":[{"href":"https:\/\/tereos.com\/fr\/wp-json\/wp\/v2\/pages\/15678"}],"collection":[{"href":"https:\/\/tereos.com\/fr\/wp-json\/wp\/v2\/pages"}],"about":[{"href":"https:\/\/tereos.com\/fr\/wp-json\/wp\/v2\/types\/page"}],"author":[{"embeddable":true,"href":"https:\/\/tereos.com\/fr\/wp-json\/wp\/v2\/users\/248"}],"replies":[{"embeddable":true,"href":"https:\/\/tereos.com\/fr\/wp-json\/wp\/v2\/comments?post=15678"}],"version-history":[{"count":3,"href":"https:\/\/tereos.com\/fr\/wp-json\/wp\/v2\/pages\/15678\/revisions"}],"predecessor-version":[{"id":20474,"href":"https:\/\/tereos.com\/fr\/wp-json\/wp\/v2\/pages\/15678\/revisions\/20474"}],"up":[{"embeddable":true,"href":"https:\/\/tereos.com\/fr\/wp-json\/wp\/v2\/pages\/273"}],"wp:featuredmedia":[{"embeddable":true,"href":"https:\/\/tereos.com\/fr\/wp-json\/wp\/v2\/media\/20176"}],"wp:attachment":[{"href":"https:\/\/tereos.com\/fr\/wp-json\/wp\/v2\/media?parent=15678"}],"curies":[{"name":"wp","href":"https:\/\/api.w.org\/{rel}","templated":true}]}}