{"id":1764,"date":"2019-04-16T17:47:18","date_gmt":"2019-04-16T15:47:18","guid":{"rendered":"https:\/\/tereos.com\/?page_id=1764"},"modified":"2021-07-26T09:38:08","modified_gmt":"2021-07-26T07:38:08","slug":"finance","status":"publish","type":"page","link":"https:\/\/tereos.com\/fr\/groupe\/finance\/","title":{"rendered":"Finance"},"content":{"rendered":"","protected":false},"excerpt":{"rendered":"","protected":false},"author":9,"featured_media":0,"parent":319,"menu_order":0,"comment_status":"closed","ping_status":"closed","template":"page-editorial.php","meta":{"_acf_changed":false,"footnotes":""},"class_list":["post-1764","page","type-page","status-publish","hentry"],"acf":{"is_story":false,"is_testimonial":false,"cover_type":"image","cover_image":false,"link":"","cover_video_clone":{"cover_mode":"classic","cover_image":false},"subtitle":"Groupe","subtitle_clone":{"subtitle":"Groupe"},"headline":"Retrouvez toutes les informations financi\u00e8res du Groupe Tereos","headline_clone":{"headline":"Retrouvez toutes les informations financi\u00e8res du Groupe Tereos"},"sections":[{"acf_fc_layout":"rich_text","anchor_title":"","text":"<h3 style=\"text-align: center;\"><b><span data-contrast=\"auto\">***<\/span><\/b><\/h3>\n<p>&nbsp;<\/p>\n<h3 style=\"text-align: center;\">R\u00e9sultats annuels 2020\/21 : EBITDA en progression et annonce d\u2019un plan strat\u00e9gique \u00e0 horizon 2024<\/h3>\n<p>&nbsp;<\/p>\n<p style=\"text-align: center;\">Le Directoire de Tereos a pr\u00e9sent\u00e9 le mercredi 2 juin 2021 au Conseil de Surveillance les comptes du Groupe arr\u00eat\u00e9s pour l\u2019exercice clos au 31 mars 2021.<\/p>\n<p><img decoding=\"async\" class=\"aligncenter\" src=\"https:\/\/tereos.com\/sites\/default\/files\/ebitda_ajuste.png\" alt=\"\" \/><\/p>\n"},{"acf_fc_layout":"document_list","anchor_title":"","title":"","items":[{"ID":13359,"post_author":"248","post_date":"2021-07-23 16:54:04","post_date_gmt":"2021-07-23 14:54:04","post_content":"","post_title":"R\u00e9sultats annuels 2020\/2021 (communiqu\u00e9 de presse)","post_excerpt":"","post_status":"publish","comment_status":"closed","ping_status":"closed","post_password":"","post_name":"resultats-annuels-2020-2021-communique-de-presse","to_ping":"","pinged":"","post_modified":"2021-07-23 16:59:57","post_modified_gmt":"2021-07-23 14:59:57","post_content_filtered":"","post_parent":0,"guid":"https:\/\/tereos.com\/?post_type=document&#038;p=13359","menu_order":0,"post_type":"document","post_mime_type":"","comment_count":"0","filter":"raw"}]},{"acf_fc_layout":"document_list","anchor_title":"","title":"","items":[{"ID":13344,"post_author":"248","post_date":"2021-07-23 15:59:58","post_date_gmt":"2021-07-23 13:59:58","post_content":"","post_title":"DPEF - D\u00e9claration de Performance Extra-Financi\u00e8re 2020\/21","post_excerpt":"","post_status":"publish","comment_status":"closed","ping_status":"closed","post_password":"","post_name":"declaration-de-performance-extra-financiere","to_ping":"","pinged":"","post_modified":"2021-07-23 16:39:17","post_modified_gmt":"2021-07-23 14:39:17","post_content_filtered":"","post_parent":0,"guid":"https:\/\/tereos.com\/?post_type=document&#038;p=13344","menu_order":0,"post_type":"document","post_mime_type":"","comment_count":"0","filter":"raw"}]},{"acf_fc_layout":"document_list","anchor_title":"","title":"","items":[{"ID":8851,"post_author":"9","post_date":"2020-06-09 09:41:29","post_date_gmt":"2020-06-09 07:41:29","post_content":"","post_title":"DPEF - D\u00e9claration de Performance Extra-Financi\u00e8re 2019\/20","post_excerpt":"","post_status":"publish","comment_status":"closed","ping_status":"closed","post_password":"","post_name":"declaration-de-performance-extra-financiere-2019-20","to_ping":"","pinged":"","post_modified":"2021-07-23 16:38:35","post_modified_gmt":"2021-07-23 14:38:35","post_content_filtered":"","post_parent":0,"guid":"https:\/\/tereos.com\/?post_type=document&#038;p=8851","menu_order":0,"post_type":"document","post_mime_type":"","comment_count":"0","filter":"raw"}]},{"acf_fc_layout":"document_list","anchor_title":"","title":"","items":[{"ID":13380,"post_author":"248","post_date":"2021-07-23 17:12:24","post_date_gmt":"2021-07-23 15:12:24","post_content":"","post_title":"DPEF \u2013 D\u00e9claration de Performance Extra-Financi\u00e8re 2018\/19","post_excerpt":"","post_status":"publish","comment_status":"closed","ping_status":"closed","post_password":"","post_name":"dpef-declaration-de-performance-extra-financiere-2018-19","to_ping":"","pinged":"","post_modified":"2021-07-23 17:12:24","post_modified_gmt":"2021-07-23 15:12:24","post_content_filtered":"","post_parent":0,"guid":"https:\/\/tereos.com\/?post_type=document&#038;p=13380","menu_order":0,"post_type":"document","post_mime_type":"","comment_count":"0","filter":"raw"}]}],"flexible_editorial_clone":{"has_anchors":false,"sections":[{"acf_fc_layout":"rich_text","anchor_title":"","text":"<h3 style=\"text-align: center;\"><b><span data-contrast=\"auto\">***<\/span><\/b><\/h3>\n<p>&nbsp;<\/p>\n<h3 style=\"text-align: center;\">R\u00e9sultats annuels 2020\/21 : EBITDA en progression et annonce d\u2019un plan strat\u00e9gique \u00e0 horizon 2024<\/h3>\n<p>&nbsp;<\/p>\n<p style=\"text-align: center;\">Le Directoire de Tereos a pr\u00e9sent\u00e9 le mercredi 2 juin 2021 au Conseil de Surveillance les comptes du Groupe arr\u00eat\u00e9s pour l\u2019exercice clos au 31 mars 2021.<\/p>\n<p><img decoding=\"async\" class=\"aligncenter\" src=\"https:\/\/tereos.com\/sites\/default\/files\/ebitda_ajuste.png\" alt=\"\" \/><\/p>\n"},{"acf_fc_layout":"document_list","anchor_title":"","title":"","items":[{"ID":13359,"post_author":"248","post_date":"2021-07-23 16:54:04","post_date_gmt":"2021-07-23 14:54:04","post_content":"","post_title":"R\u00e9sultats annuels 2020\/2021 (communiqu\u00e9 de presse)","post_excerpt":"","post_status":"publish","comment_status":"closed","ping_status":"closed","post_password":"","post_name":"resultats-annuels-2020-2021-communique-de-presse","to_ping":"","pinged":"","post_modified":"2021-07-23 16:59:57","post_modified_gmt":"2021-07-23 14:59:57","post_content_filtered":"","post_parent":0,"guid":"https:\/\/tereos.com\/?post_type=document&#038;p=13359","menu_order":0,"post_type":"document","post_mime_type":"","comment_count":"0","filter":"raw"}]},{"acf_fc_layout":"document_list","anchor_title":"","title":"","items":[{"ID":13344,"post_author":"248","post_date":"2021-07-23 15:59:58","post_date_gmt":"2021-07-23 13:59:58","post_content":"","post_title":"DPEF - D\u00e9claration de Performance Extra-Financi\u00e8re 2020\/21","post_excerpt":"","post_status":"publish","comment_status":"closed","ping_status":"closed","post_password":"","post_name":"declaration-de-performance-extra-financiere","to_ping":"","pinged":"","post_modified":"2021-07-23 16:39:17","post_modified_gmt":"2021-07-23 14:39:17","post_content_filtered":"","post_parent":0,"guid":"https:\/\/tereos.com\/?post_type=document&#038;p=13344","menu_order":0,"post_type":"document","post_mime_type":"","comment_count":"0","filter":"raw"}]},{"acf_fc_layout":"document_list","anchor_title":"","title":"","items":[{"ID":8851,"post_author":"9","post_date":"2020-06-09 09:41:29","post_date_gmt":"2020-06-09 07:41:29","post_content":"","post_title":"DPEF - D\u00e9claration de Performance Extra-Financi\u00e8re 2019\/20","post_excerpt":"","post_status":"publish","comment_status":"closed","ping_status":"closed","post_password":"","post_name":"declaration-de-performance-extra-financiere-2019-20","to_ping":"","pinged":"","post_modified":"2021-07-23 16:38:35","post_modified_gmt":"2021-07-23 14:38:35","post_content_filtered":"","post_parent":0,"guid":"https:\/\/tereos.com\/?post_type=document&#038;p=8851","menu_order":0,"post_type":"document","post_mime_type":"","comment_count":"0","filter":"raw"}]},{"acf_fc_layout":"document_list","anchor_title":"","title":"","items":[{"ID":13380,"post_author":"248","post_date":"2021-07-23 17:12:24","post_date_gmt":"2021-07-23 15:12:24","post_content":"","post_title":"DPEF \u2013 D\u00e9claration de Performance Extra-Financi\u00e8re 2018\/19","post_excerpt":"","post_status":"publish","comment_status":"closed","ping_status":"closed","post_password":"","post_name":"dpef-declaration-de-performance-extra-financiere-2018-19","to_ping":"","pinged":"","post_modified":"2021-07-23 17:12:24","post_modified_gmt":"2021-07-23 15:12:24","post_content_filtered":"","post_parent":0,"guid":"https:\/\/tereos.com\/?post_type=document&#038;p=13380","menu_order":0,"post_type":"document","post_mime_type":"","comment_count":"0","filter":"raw"}]}]},"cover_mode":"classic","has_anchors":false},"yoast_head":"<!-- This site is optimized with the Yoast SEO plugin v23.7 - https:\/\/yoast.com\/wordpress\/plugins\/seo\/ -->\n<title>Finance - Tereos<\/title>\n<meta name=\"description\" content=\"Retrouvez toutes les informations relatives \u00e0 la Finance de Tereos : R\u00e9sultats annuels, interm\u00e9diaires et rapports annuels.\" \/>\n<meta name=\"robots\" content=\"index, follow, max-snippet:-1, max-image-preview:large, max-video-preview:-1\" \/>\n<link rel=\"canonical\" href=\"https:\/\/tereos.com\/fr\/groupe\/finance\/\" \/>\n<meta property=\"og:locale\" content=\"fr_FR\" \/>\n<meta property=\"og:type\" content=\"article\" \/>\n<meta property=\"og:title\" content=\"Finance - Tereos\" \/>\n<meta property=\"og:description\" content=\"Retrouvez toutes les informations relatives \u00e0 la Finance de Tereos : R\u00e9sultats annuels, interm\u00e9diaires et rapports annuels.\" \/>\n<meta property=\"og:url\" content=\"https:\/\/tereos.com\/fr\/groupe\/finance\/\" \/>\n<meta property=\"og:site_name\" content=\"Tereos\" \/>\n<meta property=\"article:modified_time\" content=\"2021-07-26T07:38:08+00:00\" \/>\n<meta name=\"twitter:card\" content=\"summary_large_image\" \/>\n<script type=\"application\/ld+json\" class=\"yoast-schema-graph\">{\"@context\":\"https:\/\/schema.org\",\"@graph\":[{\"@type\":\"WebPage\",\"@id\":\"https:\/\/tereos.com\/fr\/groupe\/finance\/\",\"url\":\"https:\/\/tereos.com\/fr\/groupe\/finance\/\",\"name\":\"Finance - Tereos\",\"isPartOf\":{\"@id\":\"https:\/\/tereos.com\/en\/#website\"},\"datePublished\":\"2019-04-16T15:47:18+00:00\",\"dateModified\":\"2021-07-26T07:38:08+00:00\",\"description\":\"Retrouvez toutes les informations relatives \u00e0 la Finance de Tereos : R\u00e9sultats annuels, interm\u00e9diaires et rapports annuels.\",\"breadcrumb\":{\"@id\":\"https:\/\/tereos.com\/fr\/groupe\/finance\/#breadcrumb\"},\"inLanguage\":\"fr-FR\",\"potentialAction\":[{\"@type\":\"ReadAction\",\"target\":[\"https:\/\/tereos.com\/fr\/groupe\/finance\/\"]}]},{\"@type\":\"BreadcrumbList\",\"@id\":\"https:\/\/tereos.com\/fr\/groupe\/finance\/#breadcrumb\",\"itemListElement\":[{\"@type\":\"ListItem\",\"position\":1,\"name\":\"Home\",\"item\":\"https:\/\/tereos.com\/fr\/\"},{\"@type\":\"ListItem\",\"position\":2,\"name\":\"R\u00e9pondre aux besoins du quotidien gr\u00e2ce au v\u00e9g\u00e9tal en cr\u00e9ant de la valeur pour nos coop\u00e9rateurs\",\"item\":\"https:\/\/tereos.com\/fr\/groupe\/\"},{\"@type\":\"ListItem\",\"position\":3,\"name\":\"Finance\"}]},{\"@type\":\"WebSite\",\"@id\":\"https:\/\/tereos.com\/en\/#website\",\"url\":\"https:\/\/tereos.com\/en\/\",\"name\":\"Tereos\",\"description\":\"Un site utilisant WordPress\",\"potentialAction\":[{\"@type\":\"SearchAction\",\"target\":{\"@type\":\"EntryPoint\",\"urlTemplate\":\"https:\/\/tereos.com\/en\/?s={search_term_string}\"},\"query-input\":{\"@type\":\"PropertyValueSpecification\",\"valueRequired\":true,\"valueName\":\"search_term_string\"}}],\"inLanguage\":\"fr-FR\"}]}<\/script>\n<!-- \/ Yoast SEO plugin. -->","yoast_head_json":{"title":"Finance - Tereos","description":"Retrouvez toutes les informations relatives \u00e0 la Finance de Tereos : R\u00e9sultats annuels, interm\u00e9diaires et rapports annuels.","robots":{"index":"index","follow":"follow","max-snippet":"max-snippet:-1","max-image-preview":"max-image-preview:large","max-video-preview":"max-video-preview:-1"},"canonical":"https:\/\/tereos.com\/fr\/groupe\/finance\/","og_locale":"fr_FR","og_type":"article","og_title":"Finance - Tereos","og_description":"Retrouvez toutes les informations relatives \u00e0 la Finance de Tereos : R\u00e9sultats annuels, interm\u00e9diaires et rapports annuels.","og_url":"https:\/\/tereos.com\/fr\/groupe\/finance\/","og_site_name":"Tereos","article_modified_time":"2021-07-26T07:38:08+00:00","twitter_card":"summary_large_image","schema":{"@context":"https:\/\/schema.org","@graph":[{"@type":"WebPage","@id":"https:\/\/tereos.com\/fr\/groupe\/finance\/","url":"https:\/\/tereos.com\/fr\/groupe\/finance\/","name":"Finance - Tereos","isPartOf":{"@id":"https:\/\/tereos.com\/en\/#website"},"datePublished":"2019-04-16T15:47:18+00:00","dateModified":"2021-07-26T07:38:08+00:00","description":"Retrouvez toutes les informations relatives \u00e0 la Finance de Tereos : R\u00e9sultats annuels, interm\u00e9diaires et rapports annuels.","breadcrumb":{"@id":"https:\/\/tereos.com\/fr\/groupe\/finance\/#breadcrumb"},"inLanguage":"fr-FR","potentialAction":[{"@type":"ReadAction","target":["https:\/\/tereos.com\/fr\/groupe\/finance\/"]}]},{"@type":"BreadcrumbList","@id":"https:\/\/tereos.com\/fr\/groupe\/finance\/#breadcrumb","itemListElement":[{"@type":"ListItem","position":1,"name":"Home","item":"https:\/\/tereos.com\/fr\/"},{"@type":"ListItem","position":2,"name":"R\u00e9pondre aux besoins du quotidien gr\u00e2ce au v\u00e9g\u00e9tal en cr\u00e9ant de la valeur pour nos coop\u00e9rateurs","item":"https:\/\/tereos.com\/fr\/groupe\/"},{"@type":"ListItem","position":3,"name":"Finance"}]},{"@type":"WebSite","@id":"https:\/\/tereos.com\/en\/#website","url":"https:\/\/tereos.com\/en\/","name":"Tereos","description":"Un site utilisant WordPress","potentialAction":[{"@type":"SearchAction","target":{"@type":"EntryPoint","urlTemplate":"https:\/\/tereos.com\/en\/?s={search_term_string}"},"query-input":{"@type":"PropertyValueSpecification","valueRequired":true,"valueName":"search_term_string"}}],"inLanguage":"fr-FR"}]}},"_links":{"self":[{"href":"https:\/\/tereos.com\/fr\/wp-json\/wp\/v2\/pages\/1764"}],"collection":[{"href":"https:\/\/tereos.com\/fr\/wp-json\/wp\/v2\/pages"}],"about":[{"href":"https:\/\/tereos.com\/fr\/wp-json\/wp\/v2\/types\/page"}],"author":[{"embeddable":true,"href":"https:\/\/tereos.com\/fr\/wp-json\/wp\/v2\/users\/9"}],"replies":[{"embeddable":true,"href":"https:\/\/tereos.com\/fr\/wp-json\/wp\/v2\/comments?post=1764"}],"version-history":[{"count":3,"href":"https:\/\/tereos.com\/fr\/wp-json\/wp\/v2\/pages\/1764\/revisions"}],"predecessor-version":[{"id":13398,"href":"https:\/\/tereos.com\/fr\/wp-json\/wp\/v2\/pages\/1764\/revisions\/13398"}],"up":[{"embeddable":true,"href":"https:\/\/tereos.com\/fr\/wp-json\/wp\/v2\/pages\/319"}],"wp:attachment":[{"href":"https:\/\/tereos.com\/fr\/wp-json\/wp\/v2\/media?parent=1764"}],"curies":[{"name":"wp","href":"https:\/\/api.w.org\/{rel}","templated":true}]}}