{"id":21840,"date":"2024-04-17T14:51:14","date_gmt":"2024-04-17T12:51:14","guid":{"rendered":"https:\/\/tereos.com\/?page_id=21840"},"modified":"2024-04-17T20:11:53","modified_gmt":"2024-04-17T18:11:53","slug":"centre-dinnovation-client","status":"publish","type":"page","link":"https:\/\/tereos.com\/fr\/centre-dinnovation-client\/","title":{"rendered":"Centre d&#8217;Innovation Client"},"content":{"rendered":"","protected":false},"excerpt":{"rendered":"","protected":false},"author":1962,"featured_media":21935,"parent":0,"menu_order":0,"comment_status":"closed","ping_status":"closed","template":"page-editorial.php","meta":{"_acf_changed":false,"footnotes":""},"class_list":["post-21840","page","type-page","status-publish","has-post-thumbnail","hentry"],"acf":{"is_story":false,"is_testimonial":false,"cover_mode":"classic","cover_image":21935,"cover_video_clone":{"cover_mode":"classic","cover_image":21935},"subtitle":"Innovation","subtitle_clone":{"subtitle":"Innovation"},"headline":"Notre Centre d\u2019Innovation Client nouvellement \u00e9tabli \u00e0 Aalst (Belgique) est \u00e9quip\u00e9 d\u2019un laboratoire de pointe, de pilotes, d\u2019\u00e9quipements analytiques modernes, de laboratoires et d\u2019ateliers pilotes d\u00e9di\u00e9s pour fournir des services de qualit\u00e9 \u00e0 nos clients.","headline_clone":{"headline":"Notre Centre d\u2019Innovation Client nouvellement \u00e9tabli \u00e0 Aalst (Belgique) est \u00e9quip\u00e9 d\u2019un laboratoire de pointe, de pilotes, d\u2019\u00e9quipements analytiques modernes, de laboratoires et d\u2019ateliers pilotes d\u00e9di\u00e9s pour fournir des services de qualit\u00e9 \u00e0 nos clients."},"has_anchors":false,"sections":[{"acf_fc_layout":"rich_text","anchor_title":"","text":"<p>Notre \u00e9quipe d\u2019experts produit, teste et d\u00e9veloppe des solutions pour une large gamme de produits et applications : <strong>ALIMENTAIRE<\/strong> (confiserie, chocolats, produits laitiers, produits de boulangerie et produits sal\u00e9s), <strong>PHARMACEUTIQUES, COSM\u00c9TIQUES<\/strong> et<strong> MAT\u00c9RIAUX INDUSTRIELS<\/strong> (tels que le papier et le carton).<\/p>\n"},{"acf_fc_layout":"media_split","anchor_title":"","title":"","text":"","type":"images","video":"<iframe class=\"embed-responsive-item\" title=\"Centre d&#039;Innovation Client Tereos\" src=\"https:\/\/www.youtube.com\/embed\/kX2nzvZJTkI?feature=oembed\" frameborder=\"0\" allow=\"accelerometer; autoplay; clipboard-write; encrypted-media; gyroscope; picture-in-picture; web-share\" referrerpolicy=\"strict-origin-when-cross-origin\" allowfullscreen allow=\"autoplay; encrypted-media\"><\/iframe>","caption":"","image":false,"items":[{"image":21858},{"image":21872}]},{"acf_fc_layout":"rich_text","anchor_title":"","text":"<p><strong>Nos services comprennent :<\/strong><\/p>\n<ul>\n<li><strong>REFORMULATION :<\/strong> Notre expertise r\u00e9side dans la formulation ou la reformulation de produits alimentaires pour am\u00e9liorer leur profil nutritionnel. Nous nous concentrons sur l\u2019augmentation de la teneur en fibres et en prot\u00e9ines et la r\u00e9duction des calories et du sucre tout en assurant un excellent go\u00fbt et une bonne dur\u00e9e de conservation.<\/li>\n<li><strong>D\u00c9VELOPPEMENT DE PRODUITS :<\/strong> Nos installations contribuent au d\u00e9veloppement de nouveaux produits dans les applications alimentaires et non alimentaires. Notre \u00e9quipe fournit des conseils personnalis\u00e9s sur les ingr\u00e9dients qui correspondent aux besoins des clients, offre des propositions de formulation pour optimiser les recettes et la performance des produits.<\/li>\n<li><strong>TESTS ANALYTIQUES :<\/strong> Nous pouvons effectuer une large gamme de tests analytiques complets, tels que des mesures physiques, des analyses de la composition en sucre, des \u00e9valuations par des panels sensoriels et des \u00e9valuations de la stabilit\u00e9 en rayon.<\/li>\n<li><strong>SUPPORT D\u2019EXPERTS :<\/strong> Nos experts en r\u00e9glementation, marketing et technologie fournissent des conseils adapt\u00e9s \u00e0 chacun de nos clients.<\/li>\n<li><strong>FORMATION :<\/strong> Nous proposons des sessions de formation sur les produits de Tereos, leurs propri\u00e9t\u00e9s et leurs applications.<\/li>\n<\/ul>\n"},{"acf_fc_layout":"media","anchor_title":"","type":"video","video":"<iframe class=\"embed-responsive-item\" title=\"Centre d&#039;Innovation Client Tereos\" src=\"https:\/\/www.youtube.com\/embed\/kX2nzvZJTkI?feature=oembed\" frameborder=\"0\" allow=\"accelerometer; autoplay; clipboard-write; encrypted-media; gyroscope; picture-in-picture; web-share\" referrerpolicy=\"strict-origin-when-cross-origin\" allowfullscreen allow=\"autoplay; encrypted-media\"><\/iframe>","image":false,"caption":"","is_downloadable":false,"items":false}],"flexible_editorial_clone":{"has_anchors":false,"sections":[{"acf_fc_layout":"rich_text","anchor_title":"","text":"<p>Notre \u00e9quipe d\u2019experts produit, teste et d\u00e9veloppe des solutions pour une large gamme de produits et applications : <strong>ALIMENTAIRE<\/strong> (confiserie, chocolats, produits laitiers, produits de boulangerie et produits sal\u00e9s), <strong>PHARMACEUTIQUES, COSM\u00c9TIQUES<\/strong> et<strong> MAT\u00c9RIAUX INDUSTRIELS<\/strong> (tels que le papier et le carton).<\/p>\n"},{"acf_fc_layout":"media_split","anchor_title":"","title":"","text":"","type":"images","video":"<iframe class=\"embed-responsive-item\" title=\"Centre d&#039;Innovation Client Tereos\" src=\"https:\/\/www.youtube.com\/embed\/kX2nzvZJTkI?feature=oembed\" frameborder=\"0\" allow=\"accelerometer; autoplay; clipboard-write; encrypted-media; gyroscope; picture-in-picture; web-share\" referrerpolicy=\"strict-origin-when-cross-origin\" allowfullscreen allow=\"autoplay; encrypted-media\"><\/iframe>","caption":"","image":false,"items":[{"image":21858},{"image":21872}]},{"acf_fc_layout":"rich_text","anchor_title":"","text":"<p><strong>Nos services comprennent :<\/strong><\/p>\n<ul>\n<li><strong>REFORMULATION :<\/strong> Notre expertise r\u00e9side dans la formulation ou la reformulation de produits alimentaires pour am\u00e9liorer leur profil nutritionnel. Nous nous concentrons sur l\u2019augmentation de la teneur en fibres et en prot\u00e9ines et la r\u00e9duction des calories et du sucre tout en assurant un excellent go\u00fbt et une bonne dur\u00e9e de conservation.<\/li>\n<li><strong>D\u00c9VELOPPEMENT DE PRODUITS :<\/strong> Nos installations contribuent au d\u00e9veloppement de nouveaux produits dans les applications alimentaires et non alimentaires. Notre \u00e9quipe fournit des conseils personnalis\u00e9s sur les ingr\u00e9dients qui correspondent aux besoins des clients, offre des propositions de formulation pour optimiser les recettes et la performance des produits.<\/li>\n<li><strong>TESTS ANALYTIQUES :<\/strong> Nous pouvons effectuer une large gamme de tests analytiques complets, tels que des mesures physiques, des analyses de la composition en sucre, des \u00e9valuations par des panels sensoriels et des \u00e9valuations de la stabilit\u00e9 en rayon.<\/li>\n<li><strong>SUPPORT D\u2019EXPERTS :<\/strong> Nos experts en r\u00e9glementation, marketing et technologie fournissent des conseils adapt\u00e9s \u00e0 chacun de nos clients.<\/li>\n<li><strong>FORMATION :<\/strong> Nous proposons des sessions de formation sur les produits de Tereos, leurs propri\u00e9t\u00e9s et leurs applications.<\/li>\n<\/ul>\n"},{"acf_fc_layout":"media","anchor_title":"","type":"video","video":"<iframe class=\"embed-responsive-item\" title=\"Centre d&#039;Innovation Client Tereos\" src=\"https:\/\/www.youtube.com\/embed\/kX2nzvZJTkI?feature=oembed\" frameborder=\"0\" allow=\"accelerometer; autoplay; clipboard-write; encrypted-media; gyroscope; picture-in-picture; web-share\" referrerpolicy=\"strict-origin-when-cross-origin\" allowfullscreen allow=\"autoplay; encrypted-media\"><\/iframe>","image":false,"caption":"","is_downloadable":false,"items":false}]}},"yoast_head":"<!-- This site is optimized with the Yoast SEO plugin v23.7 - https:\/\/yoast.com\/wordpress\/plugins\/seo\/ -->\n<title>Centre d&#039;Innovation Client - Tereos<\/title>\n<meta name=\"description\" content=\"Notre Centre d\u2019Innovation Client nouvellement \u00e9tabli \u00e0 Aalst est \u00e9quip\u00e9 d\u2019un laboratoire de pointe, de pilotes, d\u2019\u00e9quipements analytiques modernes, de laboratoires et d\u2019ateliers pilotes d\u00e9di\u00e9s pour fournir des services de qualit\u00e9 \u00e0 nos clients.\" \/>\n<meta name=\"robots\" content=\"index, follow, max-snippet:-1, max-image-preview:large, max-video-preview:-1\" \/>\n<link rel=\"canonical\" href=\"https:\/\/tereos.com\/fr\/centre-dinnovation-client\/\" \/>\n<meta property=\"og:locale\" content=\"fr_FR\" \/>\n<meta property=\"og:type\" content=\"article\" \/>\n<meta property=\"og:title\" content=\"Centre d&#039;Innovation Client - Tereos\" \/>\n<meta property=\"og:description\" content=\"Notre Centre d\u2019Innovation Client nouvellement \u00e9tabli \u00e0 Aalst est \u00e9quip\u00e9 d\u2019un laboratoire de pointe, de pilotes, d\u2019\u00e9quipements analytiques modernes, de laboratoires et d\u2019ateliers pilotes d\u00e9di\u00e9s pour fournir des services de qualit\u00e9 \u00e0 nos clients.\" \/>\n<meta property=\"og:url\" content=\"https:\/\/tereos.com\/fr\/centre-dinnovation-client\/\" \/>\n<meta property=\"og:site_name\" content=\"Tereos\" \/>\n<meta property=\"article:modified_time\" content=\"2024-04-17T18:11:53+00:00\" \/>\n<meta property=\"og:image\" content=\"https:\/\/www.tereos.com\/app\/uploads\/2024\/04\/tereos1230-1-scaled.jpg\" \/>\n\t<meta property=\"og:image:width\" content=\"2560\" \/>\n\t<meta property=\"og:image:height\" content=\"1707\" \/>\n\t<meta property=\"og:image:type\" content=\"image\/jpeg\" \/>\n<meta name=\"twitter:card\" content=\"summary_large_image\" \/>\n<meta name=\"twitter:label1\" content=\"Est. reading time\" \/>\n\t<meta name=\"twitter:data1\" content=\"1 minute\" \/>\n<script type=\"application\/ld+json\" class=\"yoast-schema-graph\">{\"@context\":\"https:\/\/schema.org\",\"@graph\":[{\"@type\":\"WebPage\",\"@id\":\"https:\/\/tereos.com\/fr\/centre-dinnovation-client\/\",\"url\":\"https:\/\/tereos.com\/fr\/centre-dinnovation-client\/\",\"name\":\"Centre d'Innovation Client - Tereos\",\"isPartOf\":{\"@id\":\"https:\/\/tereos.com\/en\/#website\"},\"primaryImageOfPage\":{\"@id\":\"https:\/\/tereos.com\/fr\/centre-dinnovation-client\/#primaryimage\"},\"image\":{\"@id\":\"https:\/\/tereos.com\/fr\/centre-dinnovation-client\/#primaryimage\"},\"thumbnailUrl\":\"https:\/\/www.tereos.com\/app\/uploads\/2024\/04\/tereos1230-1-scaled.jpg\",\"datePublished\":\"2024-04-17T12:51:14+00:00\",\"dateModified\":\"2024-04-17T18:11:53+00:00\",\"description\":\"Notre Centre d\u2019Innovation Client nouvellement \u00e9tabli \u00e0 Aalst est \u00e9quip\u00e9 d\u2019un laboratoire de pointe, de pilotes, d\u2019\u00e9quipements analytiques modernes, de laboratoires et d\u2019ateliers pilotes d\u00e9di\u00e9s pour fournir des services de qualit\u00e9 \u00e0 nos clients.\",\"breadcrumb\":{\"@id\":\"https:\/\/tereos.com\/fr\/centre-dinnovation-client\/#breadcrumb\"},\"inLanguage\":\"fr-FR\",\"potentialAction\":[{\"@type\":\"ReadAction\",\"target\":[\"https:\/\/tereos.com\/fr\/centre-dinnovation-client\/\"]}]},{\"@type\":\"ImageObject\",\"inLanguage\":\"fr-FR\",\"@id\":\"https:\/\/tereos.com\/fr\/centre-dinnovation-client\/#primaryimage\",\"url\":\"https:\/\/www.tereos.com\/app\/uploads\/2024\/04\/tereos1230-1-scaled.jpg\",\"contentUrl\":\"https:\/\/www.tereos.com\/app\/uploads\/2024\/04\/tereos1230-1-scaled.jpg\",\"width\":2560,\"height\":1707},{\"@type\":\"BreadcrumbList\",\"@id\":\"https:\/\/tereos.com\/fr\/centre-dinnovation-client\/#breadcrumb\",\"itemListElement\":[{\"@type\":\"ListItem\",\"position\":1,\"name\":\"Home\",\"item\":\"https:\/\/tereos.com\/fr\/\"},{\"@type\":\"ListItem\",\"position\":2,\"name\":\"Centre d&#8217;Innovation Client\"}]},{\"@type\":\"WebSite\",\"@id\":\"https:\/\/tereos.com\/en\/#website\",\"url\":\"https:\/\/tereos.com\/en\/\",\"name\":\"Tereos\",\"description\":\"Un site utilisant WordPress\",\"potentialAction\":[{\"@type\":\"SearchAction\",\"target\":{\"@type\":\"EntryPoint\",\"urlTemplate\":\"https:\/\/tereos.com\/en\/?s={search_term_string}\"},\"query-input\":{\"@type\":\"PropertyValueSpecification\",\"valueRequired\":true,\"valueName\":\"search_term_string\"}}],\"inLanguage\":\"fr-FR\"}]}<\/script>\n<!-- \/ Yoast SEO plugin. -->","yoast_head_json":{"title":"Centre d'Innovation Client - Tereos","description":"Notre Centre d\u2019Innovation Client nouvellement \u00e9tabli \u00e0 Aalst est \u00e9quip\u00e9 d\u2019un laboratoire de pointe, de pilotes, d\u2019\u00e9quipements analytiques modernes, de laboratoires et d\u2019ateliers pilotes d\u00e9di\u00e9s pour fournir des services de qualit\u00e9 \u00e0 nos clients.","robots":{"index":"index","follow":"follow","max-snippet":"max-snippet:-1","max-image-preview":"max-image-preview:large","max-video-preview":"max-video-preview:-1"},"canonical":"https:\/\/tereos.com\/fr\/centre-dinnovation-client\/","og_locale":"fr_FR","og_type":"article","og_title":"Centre d'Innovation Client - Tereos","og_description":"Notre Centre d\u2019Innovation Client nouvellement \u00e9tabli \u00e0 Aalst est \u00e9quip\u00e9 d\u2019un laboratoire de pointe, de pilotes, d\u2019\u00e9quipements analytiques modernes, de laboratoires et d\u2019ateliers pilotes d\u00e9di\u00e9s pour fournir des services de qualit\u00e9 \u00e0 nos clients.","og_url":"https:\/\/tereos.com\/fr\/centre-dinnovation-client\/","og_site_name":"Tereos","article_modified_time":"2024-04-17T18:11:53+00:00","og_image":[{"width":2560,"height":1707,"url":"https:\/\/www.tereos.com\/app\/uploads\/2024\/04\/tereos1230-1-scaled.jpg","type":"image\/jpeg"}],"twitter_card":"summary_large_image","twitter_misc":{"Est. reading time":"1 minute"},"schema":{"@context":"https:\/\/schema.org","@graph":[{"@type":"WebPage","@id":"https:\/\/tereos.com\/fr\/centre-dinnovation-client\/","url":"https:\/\/tereos.com\/fr\/centre-dinnovation-client\/","name":"Centre d'Innovation Client - Tereos","isPartOf":{"@id":"https:\/\/tereos.com\/en\/#website"},"primaryImageOfPage":{"@id":"https:\/\/tereos.com\/fr\/centre-dinnovation-client\/#primaryimage"},"image":{"@id":"https:\/\/tereos.com\/fr\/centre-dinnovation-client\/#primaryimage"},"thumbnailUrl":"https:\/\/www.tereos.com\/app\/uploads\/2024\/04\/tereos1230-1-scaled.jpg","datePublished":"2024-04-17T12:51:14+00:00","dateModified":"2024-04-17T18:11:53+00:00","description":"Notre Centre d\u2019Innovation Client nouvellement \u00e9tabli \u00e0 Aalst est \u00e9quip\u00e9 d\u2019un laboratoire de pointe, de pilotes, d\u2019\u00e9quipements analytiques modernes, de laboratoires et d\u2019ateliers pilotes d\u00e9di\u00e9s pour fournir des services de qualit\u00e9 \u00e0 nos clients.","breadcrumb":{"@id":"https:\/\/tereos.com\/fr\/centre-dinnovation-client\/#breadcrumb"},"inLanguage":"fr-FR","potentialAction":[{"@type":"ReadAction","target":["https:\/\/tereos.com\/fr\/centre-dinnovation-client\/"]}]},{"@type":"ImageObject","inLanguage":"fr-FR","@id":"https:\/\/tereos.com\/fr\/centre-dinnovation-client\/#primaryimage","url":"https:\/\/www.tereos.com\/app\/uploads\/2024\/04\/tereos1230-1-scaled.jpg","contentUrl":"https:\/\/www.tereos.com\/app\/uploads\/2024\/04\/tereos1230-1-scaled.jpg","width":2560,"height":1707},{"@type":"BreadcrumbList","@id":"https:\/\/tereos.com\/fr\/centre-dinnovation-client\/#breadcrumb","itemListElement":[{"@type":"ListItem","position":1,"name":"Home","item":"https:\/\/tereos.com\/fr\/"},{"@type":"ListItem","position":2,"name":"Centre d&#8217;Innovation Client"}]},{"@type":"WebSite","@id":"https:\/\/tereos.com\/en\/#website","url":"https:\/\/tereos.com\/en\/","name":"Tereos","description":"Un site utilisant WordPress","potentialAction":[{"@type":"SearchAction","target":{"@type":"EntryPoint","urlTemplate":"https:\/\/tereos.com\/en\/?s={search_term_string}"},"query-input":{"@type":"PropertyValueSpecification","valueRequired":true,"valueName":"search_term_string"}}],"inLanguage":"fr-FR"}]}},"_links":{"self":[{"href":"https:\/\/tereos.com\/fr\/wp-json\/wp\/v2\/pages\/21840"}],"collection":[{"href":"https:\/\/tereos.com\/fr\/wp-json\/wp\/v2\/pages"}],"about":[{"href":"https:\/\/tereos.com\/fr\/wp-json\/wp\/v2\/types\/page"}],"author":[{"embeddable":true,"href":"https:\/\/tereos.com\/fr\/wp-json\/wp\/v2\/users\/1962"}],"replies":[{"embeddable":true,"href":"https:\/\/tereos.com\/fr\/wp-json\/wp\/v2\/comments?post=21840"}],"version-history":[{"count":3,"href":"https:\/\/tereos.com\/fr\/wp-json\/wp\/v2\/pages\/21840\/revisions"}],"predecessor-version":[{"id":21948,"href":"https:\/\/tereos.com\/fr\/wp-json\/wp\/v2\/pages\/21840\/revisions\/21948"}],"wp:featuredmedia":[{"embeddable":true,"href":"https:\/\/tereos.com\/fr\/wp-json\/wp\/v2\/media\/21935"}],"wp:attachment":[{"href":"https:\/\/tereos.com\/fr\/wp-json\/wp\/v2\/media?parent=21840"}],"curies":[{"name":"wp","href":"https:\/\/api.w.org\/{rel}","templated":true}]}}