{"id":22650,"date":"2024-06-24T09:53:46","date_gmt":"2024-06-24T07:53:46","guid":{"rendered":"https:\/\/tereos.com\/?page_id=22650"},"modified":"2024-07-01T11:54:14","modified_gmt":"2024-07-01T09:54:14","slug":"notre-raison-detre","status":"publish","type":"page","link":"https:\/\/tereos.com\/fr\/notre-raison-detre\/","title":{"rendered":"Notre raison d&#8217;\u00eatre"},"content":{"rendered":"","protected":false},"excerpt":{"rendered":"","protected":false},"author":1962,"featured_media":22741,"parent":0,"menu_order":0,"comment_status":"closed","ping_status":"closed","template":"page-editorial.php","meta":{"_acf_changed":false,"footnotes":""},"class_list":["post-22650","page","type-page","status-publish","has-post-thumbnail","hentry"],"acf":{"is_story":false,"is_testimonial":false,"cover_mode":"classic","cover_image":22741,"cover_video_clone":{"cover_mode":"classic","cover_image":22741},"subtitle":"","subtitle_clone":{"subtitle":""},"headline":"","headline_clone":{"headline":""},"has_anchors":false,"sections":[{"acf_fc_layout":"rich_text","anchor_title":"","text":"<h1 style=\"text-align: center;\"><strong>Manifeste<\/strong><\/h1>\n<p>&nbsp;<\/p>\n<p style=\"text-align: center;\">Cultiver. Depuis toujours, c&#8217;est notre passion.<br \/>\nChaque jour, par tous les temps, nous prenons soin de la Terre et des Hommes.<\/p>\n<p style=\"text-align: center;\">Cultiver. Pour Tereos, c&#8217;est un \u00e9lan vital.<br \/>\nRaisonn\u00e9, puissant et collectif. Celui des hommes, qui cultivent et transforment le v\u00e9g\u00e9tal avec pragmatisme et exigence. Toujours tourn\u00e9s vers l&#8217;avenir et la performance. Pour que notre pr\u00e9sence dans le quotidien de tous soit notre grande fiert\u00e9.<\/p>\n<p style=\"text-align: center;\">Cultiver, c&#8217;est aussi coop\u00e9rer.<br \/>\nDe la terre \u00e0 l&#8217;usine, de l\u2019agriculteur au collaborateur et jusqu\u2019\u00e0 nos clients, nos savoir-faire et notre audace nous guident. Ensemble faisons grandir les talents pour que demain d&#8217;autres rejoignent notre aventure.<\/p>\n<p style=\"text-align: center;\">Cultiver enfin, c&#8217;est renforcer notre lien \u00e0 la Nature en prot\u00e9geant nos ressources.<br \/>\nParce qu&#8217;on sait ce que nous devons \u00e0 la Terre. Simplement parce que notre avenir en d\u00e9pend.<\/p>\n<p style=\"text-align: center;\"><strong>&#8220;Cultiver un avenir commun pour la Terre et les Hommes en r\u00e9pondant aux besoins essentiels du quotidien&#8221;<\/strong><\/p>\n<p>&nbsp;<\/p>\n<p style=\"text-align: center;\">C&#8217;est notre raison d&#8217;\u00eatre.<\/p>\n"},{"acf_fc_layout":"media","anchor_title":"","type":"video","video":"<iframe class=\"embed-responsive-item\" title=\"Tereos - Notre Raison d&#039;\u00catre\" src=\"https:\/\/www.youtube.com\/embed\/xWdqK4pskY4?feature=oembed\" frameborder=\"0\" allow=\"accelerometer; autoplay; clipboard-write; encrypted-media; gyroscope; picture-in-picture; web-share\" referrerpolicy=\"strict-origin-when-cross-origin\" allowfullscreen allow=\"autoplay; encrypted-media\"><\/iframe>","image":false,"caption":"","is_downloadable":false,"items":false},{"acf_fc_layout":"rich_text","anchor_title":"","text":"<h1 style=\"text-align: center;\">Raison d&#8217;\u00eatre<\/h1>\n<p>&nbsp;<\/p>\n<h2 style=\"text-align: left;\"><strong>Cultiver<\/strong><\/h2>\n<p style=\"text-align: left;\">Nous cultivons les m\u00e9tiers de la Terre. C\u2019est un m\u00e9tier de c\u0153ur, un \u00e9tat d\u2019esprit et une passion. Cultiver, c\u2019est semer et r\u00e9colter, et cultiver les talents, pr\u00e9parer l\u2019avenir. La nature est premi\u00e8re<br \/>\nmais elle a besoin de la culture, dans toutes ses dimensions. Cultiver est le moteur de notre action.<\/p>\n<p><img loading=\"lazy\" decoding=\"async\" class=\"alignnone wp-image-22745\" src=\"https:\/\/www.tereos.com\/app\/uploads\/2024\/06\/banniere-site-corpo-300x175.png\" alt=\"\" width=\"571\" height=\"333\" srcset=\"https:\/\/www.tereos.com\/app\/uploads\/2024\/06\/banniere-site-corpo-300x175.png 300w, https:\/\/www.tereos.com\/app\/uploads\/2024\/06\/banniere-site-corpo-1536x897.png 1536w, https:\/\/www.tereos.com\/app\/uploads\/2024\/06\/banniere-site-corpo-2048x1195.png 2048w\" sizes=\"(max-width: 571px) 100vw, 571px\" \/><\/p>\n<p>&nbsp;<\/p>\n<p>&nbsp;<\/p>\n<h2><\/h2>\n<p>&nbsp;<\/p>\n<h2 style=\"text-align: right;\"><strong>un avenir commun<\/strong><\/h2>\n<p style=\"text-align: right;\">Nous cultivons pour aujourd\u2019hui\u2026 et pour demain : nos pratiques agricoles responsables et r\u00e9silientes pr\u00e9parent l\u2019adaptation aux changements du climat, des modes de consommations et des technologies. Nous nous impliquons collectivement, en tant qu\u2019entreprise, pour la soci\u00e9t\u00e9.<\/p>\n<p><img loading=\"lazy\" decoding=\"async\" class=\" wp-image-22755 alignright\" src=\"https:\/\/www.tereos.com\/app\/uploads\/2024\/06\/banniere-site-corpo-un-avenir-commun-300x175.png\" alt=\"\" width=\"578\" height=\"337\" srcset=\"https:\/\/www.tereos.com\/app\/uploads\/2024\/06\/banniere-site-corpo-un-avenir-commun-300x175.png 300w, https:\/\/www.tereos.com\/app\/uploads\/2024\/06\/banniere-site-corpo-un-avenir-commun-1536x897.png 1536w, https:\/\/www.tereos.com\/app\/uploads\/2024\/06\/banniere-site-corpo-un-avenir-commun-2048x1195.png 2048w\" sizes=\"(max-width: 578px) 100vw, 578px\" \/><\/p>\n<p>&nbsp;<\/p>\n<h2><\/h2>\n<h2><\/h2>\n<p>&nbsp;<\/p>\n<p>&nbsp;<\/p>\n<p>&nbsp;<\/p>\n<p>&nbsp;<\/p>\n<p>&nbsp;<\/p>\n<p>&nbsp;<\/p>\n<p>&nbsp;<\/p>\n<p>&nbsp;<\/p>\n<h2 style=\"text-align: left;\"><strong>pour la Terre et les Hommes<\/strong><\/h2>\n<p style=\"text-align: left;\">Sans Terre, il n\u2019y a pas d\u2019agriculture, pas de vie. C\u2019est sur la terre que grandit Tereos. C\u2019est l\u00e0 que tout commence, avec nos mati\u00e8res premi\u00e8res v\u00e9g\u00e9tales. La terre a donn\u00e9 son nom \u00e0 notre coop\u00e9rative : Tereos. La Terre&#8230; mais aussi les femmes et les hommes : ce sont nos coop\u00e9rateurs, nos collaborateurs, nos parties prenantes, nos clients et consommateurs. Ce sont les citoyens et les communaut\u00e9s des r\u00e9gions o\u00f9 nous sommes implant\u00e9s. \u00ab Pour la Terre et les Hommes\u2026 \u00bb souligne notre interd\u00e9pendance et la r\u00e9ciprocit\u00e9 qui r\u00e9git nos relations et qui conf\u00e8re toute son humanit\u00e9 \u00e0 notre action.<\/p>\n<p><img loading=\"lazy\" decoding=\"async\" class=\"alignnone wp-image-22752\" src=\"https:\/\/www.tereos.com\/app\/uploads\/2024\/06\/banniere-site-corpo-pour-la-terre-et-les-hommes-300x175.png\" alt=\"\" width=\"569\" height=\"332\" srcset=\"https:\/\/www.tereos.com\/app\/uploads\/2024\/06\/banniere-site-corpo-pour-la-terre-et-les-hommes-300x175.png 300w, https:\/\/www.tereos.com\/app\/uploads\/2024\/06\/banniere-site-corpo-pour-la-terre-et-les-hommes-1536x897.png 1536w, https:\/\/www.tereos.com\/app\/uploads\/2024\/06\/banniere-site-corpo-pour-la-terre-et-les-hommes-2048x1195.png 2048w\" sizes=\"(max-width: 569px) 100vw, 569px\" \/><\/p>\n<p>&nbsp;<\/p>\n<h2><\/h2>\n<h2 style=\"text-align: right;\"><strong>en r\u00e9pondant aux besoins essentiels du quotidien<\/strong><\/h2>\n<p style=\"text-align: right;\">Cette derni\u00e8re partie exprime tout notre savoir-faire, le service que nous rendons directement aux consommateurs. Elle raconte notre fiert\u00e9 de mettre sur le march\u00e9 des produits utiles \u00e0 la vie. Alimentation, \u00e9nergie, nutrition animale, chimie verte, pharmacie et cosm\u00e9tique, papier et carton&#8230; nous r\u00e9pondons \u00e0 beaucoup de besoins du quotidien.<\/p>\n<p style=\"text-align: right;\"><img loading=\"lazy\" decoding=\"async\" class=\"alignnone wp-image-22749\" src=\"https:\/\/www.tereos.com\/app\/uploads\/2024\/06\/banniere-site-corpo-besoins-essentiels-du-quotidien-300x175.png\" alt=\"\" width=\"588\" height=\"343\" srcset=\"https:\/\/www.tereos.com\/app\/uploads\/2024\/06\/banniere-site-corpo-besoins-essentiels-du-quotidien-300x175.png 300w, https:\/\/www.tereos.com\/app\/uploads\/2024\/06\/banniere-site-corpo-besoins-essentiels-du-quotidien-1536x897.png 1536w, https:\/\/www.tereos.com\/app\/uploads\/2024\/06\/banniere-site-corpo-besoins-essentiels-du-quotidien-2048x1195.png 2048w\" sizes=\"(max-width: 588px) 100vw, 588px\" \/><\/p>\n<p>&nbsp;<\/p>\n"},{"acf_fc_layout":"rich_text","anchor_title":"","text":"<h1 style=\"text-align: center;\"><strong>Signature<\/strong><\/h1>\n<p>&nbsp;<\/p>\n<p style=\"text-align: center;\"><strong>Jour apr\u00e8s jour, cultivons l\u2019avenir.\u00a0<\/strong><\/p>\n<p style=\"text-align: center;\"><span data-contrast=\"auto\">Notre signature joue un r\u00f4le essentiel dans l&#8217;identit\u00e9 de Tereos. Elle est une expression concise et puissante de la promesse envers nos parties prenantes. Notre signature est une mani\u00e8re de communiquer et d\u2019incarner notre raison d&#8217;\u00eatre de mani\u00e8re m\u00e9morable et distinctive.<\/span><span data-ccp-props=\"{&quot;201341983&quot;:0,&quot;335551550&quot;:6,&quot;335551620&quot;:6,&quot;335559739&quot;:0,&quot;335559740&quot;:240}\">\u00a0<\/span><\/p>\n<p>&nbsp;<\/p>\n<p><img loading=\"lazy\" decoding=\"async\" class=\"size-full wp-image-22901 aligncenter\" src=\"https:\/\/www.tereos.com\/app\/uploads\/2024\/07\/logo-tereos-signature-rvb-300x115-1.jpg\" alt=\"\" width=\"300\" height=\"115\" \/><\/p>\n"}],"flexible_editorial_clone":{"has_anchors":false,"sections":[{"acf_fc_layout":"rich_text","anchor_title":"","text":"<h1 style=\"text-align: center;\"><strong>Manifeste<\/strong><\/h1>\n<p>&nbsp;<\/p>\n<p style=\"text-align: center;\">Cultiver. Depuis toujours, c&#8217;est notre passion.<br \/>\nChaque jour, par tous les temps, nous prenons soin de la Terre et des Hommes.<\/p>\n<p style=\"text-align: center;\">Cultiver. Pour Tereos, c&#8217;est un \u00e9lan vital.<br \/>\nRaisonn\u00e9, puissant et collectif. Celui des hommes, qui cultivent et transforment le v\u00e9g\u00e9tal avec pragmatisme et exigence. Toujours tourn\u00e9s vers l&#8217;avenir et la performance. Pour que notre pr\u00e9sence dans le quotidien de tous soit notre grande fiert\u00e9.<\/p>\n<p style=\"text-align: center;\">Cultiver, c&#8217;est aussi coop\u00e9rer.<br \/>\nDe la terre \u00e0 l&#8217;usine, de l\u2019agriculteur au collaborateur et jusqu\u2019\u00e0 nos clients, nos savoir-faire et notre audace nous guident. Ensemble faisons grandir les talents pour que demain d&#8217;autres rejoignent notre aventure.<\/p>\n<p style=\"text-align: center;\">Cultiver enfin, c&#8217;est renforcer notre lien \u00e0 la Nature en prot\u00e9geant nos ressources.<br \/>\nParce qu&#8217;on sait ce que nous devons \u00e0 la Terre. Simplement parce que notre avenir en d\u00e9pend.<\/p>\n<p style=\"text-align: center;\"><strong>&#8220;Cultiver un avenir commun pour la Terre et les Hommes en r\u00e9pondant aux besoins essentiels du quotidien&#8221;<\/strong><\/p>\n<p>&nbsp;<\/p>\n<p style=\"text-align: center;\">C&#8217;est notre raison d&#8217;\u00eatre.<\/p>\n"},{"acf_fc_layout":"media","anchor_title":"","type":"video","video":"<iframe class=\"embed-responsive-item\" title=\"Tereos - Notre Raison d&#039;\u00catre\" src=\"https:\/\/www.youtube.com\/embed\/xWdqK4pskY4?feature=oembed\" frameborder=\"0\" allow=\"accelerometer; autoplay; clipboard-write; encrypted-media; gyroscope; picture-in-picture; web-share\" referrerpolicy=\"strict-origin-when-cross-origin\" allowfullscreen allow=\"autoplay; encrypted-media\"><\/iframe>","image":false,"caption":"","is_downloadable":false,"items":false},{"acf_fc_layout":"rich_text","anchor_title":"","text":"<h1 style=\"text-align: center;\">Raison d&#8217;\u00eatre<\/h1>\n<p>&nbsp;<\/p>\n<h2 style=\"text-align: left;\"><strong>Cultiver<\/strong><\/h2>\n<p style=\"text-align: left;\">Nous cultivons les m\u00e9tiers de la Terre. C\u2019est un m\u00e9tier de c\u0153ur, un \u00e9tat d\u2019esprit et une passion. Cultiver, c\u2019est semer et r\u00e9colter, et cultiver les talents, pr\u00e9parer l\u2019avenir. La nature est premi\u00e8re<br \/>\nmais elle a besoin de la culture, dans toutes ses dimensions. Cultiver est le moteur de notre action.<\/p>\n<p><img loading=\"lazy\" decoding=\"async\" class=\"alignnone wp-image-22745\" src=\"https:\/\/www.tereos.com\/app\/uploads\/2024\/06\/banniere-site-corpo-300x175.png\" alt=\"\" width=\"571\" height=\"333\" srcset=\"https:\/\/www.tereos.com\/app\/uploads\/2024\/06\/banniere-site-corpo-300x175.png 300w, https:\/\/www.tereos.com\/app\/uploads\/2024\/06\/banniere-site-corpo-1536x897.png 1536w, https:\/\/www.tereos.com\/app\/uploads\/2024\/06\/banniere-site-corpo-2048x1195.png 2048w\" sizes=\"(max-width: 571px) 100vw, 571px\" \/><\/p>\n<p>&nbsp;<\/p>\n<p>&nbsp;<\/p>\n<h2><\/h2>\n<p>&nbsp;<\/p>\n<h2 style=\"text-align: right;\"><strong>un avenir commun<\/strong><\/h2>\n<p style=\"text-align: right;\">Nous cultivons pour aujourd\u2019hui\u2026 et pour demain : nos pratiques agricoles responsables et r\u00e9silientes pr\u00e9parent l\u2019adaptation aux changements du climat, des modes de consommations et des technologies. Nous nous impliquons collectivement, en tant qu\u2019entreprise, pour la soci\u00e9t\u00e9.<\/p>\n<p><img loading=\"lazy\" decoding=\"async\" class=\" wp-image-22755 alignright\" src=\"https:\/\/www.tereos.com\/app\/uploads\/2024\/06\/banniere-site-corpo-un-avenir-commun-300x175.png\" alt=\"\" width=\"578\" height=\"337\" srcset=\"https:\/\/www.tereos.com\/app\/uploads\/2024\/06\/banniere-site-corpo-un-avenir-commun-300x175.png 300w, https:\/\/www.tereos.com\/app\/uploads\/2024\/06\/banniere-site-corpo-un-avenir-commun-1536x897.png 1536w, https:\/\/www.tereos.com\/app\/uploads\/2024\/06\/banniere-site-corpo-un-avenir-commun-2048x1195.png 2048w\" sizes=\"(max-width: 578px) 100vw, 578px\" \/><\/p>\n<p>&nbsp;<\/p>\n<h2><\/h2>\n<h2><\/h2>\n<p>&nbsp;<\/p>\n<p>&nbsp;<\/p>\n<p>&nbsp;<\/p>\n<p>&nbsp;<\/p>\n<p>&nbsp;<\/p>\n<p>&nbsp;<\/p>\n<p>&nbsp;<\/p>\n<p>&nbsp;<\/p>\n<h2 style=\"text-align: left;\"><strong>pour la Terre et les Hommes<\/strong><\/h2>\n<p style=\"text-align: left;\">Sans Terre, il n\u2019y a pas d\u2019agriculture, pas de vie. C\u2019est sur la terre que grandit Tereos. C\u2019est l\u00e0 que tout commence, avec nos mati\u00e8res premi\u00e8res v\u00e9g\u00e9tales. La terre a donn\u00e9 son nom \u00e0 notre coop\u00e9rative : Tereos. La Terre&#8230; mais aussi les femmes et les hommes : ce sont nos coop\u00e9rateurs, nos collaborateurs, nos parties prenantes, nos clients et consommateurs. Ce sont les citoyens et les communaut\u00e9s des r\u00e9gions o\u00f9 nous sommes implant\u00e9s. \u00ab Pour la Terre et les Hommes\u2026 \u00bb souligne notre interd\u00e9pendance et la r\u00e9ciprocit\u00e9 qui r\u00e9git nos relations et qui conf\u00e8re toute son humanit\u00e9 \u00e0 notre action.<\/p>\n<p><img loading=\"lazy\" decoding=\"async\" class=\"alignnone wp-image-22752\" src=\"https:\/\/www.tereos.com\/app\/uploads\/2024\/06\/banniere-site-corpo-pour-la-terre-et-les-hommes-300x175.png\" alt=\"\" width=\"569\" height=\"332\" srcset=\"https:\/\/www.tereos.com\/app\/uploads\/2024\/06\/banniere-site-corpo-pour-la-terre-et-les-hommes-300x175.png 300w, https:\/\/www.tereos.com\/app\/uploads\/2024\/06\/banniere-site-corpo-pour-la-terre-et-les-hommes-1536x897.png 1536w, https:\/\/www.tereos.com\/app\/uploads\/2024\/06\/banniere-site-corpo-pour-la-terre-et-les-hommes-2048x1195.png 2048w\" sizes=\"(max-width: 569px) 100vw, 569px\" \/><\/p>\n<p>&nbsp;<\/p>\n<h2><\/h2>\n<h2 style=\"text-align: right;\"><strong>en r\u00e9pondant aux besoins essentiels du quotidien<\/strong><\/h2>\n<p style=\"text-align: right;\">Cette derni\u00e8re partie exprime tout notre savoir-faire, le service que nous rendons directement aux consommateurs. Elle raconte notre fiert\u00e9 de mettre sur le march\u00e9 des produits utiles \u00e0 la vie. Alimentation, \u00e9nergie, nutrition animale, chimie verte, pharmacie et cosm\u00e9tique, papier et carton&#8230; nous r\u00e9pondons \u00e0 beaucoup de besoins du quotidien.<\/p>\n<p style=\"text-align: right;\"><img loading=\"lazy\" decoding=\"async\" class=\"alignnone wp-image-22749\" src=\"https:\/\/www.tereos.com\/app\/uploads\/2024\/06\/banniere-site-corpo-besoins-essentiels-du-quotidien-300x175.png\" alt=\"\" width=\"588\" height=\"343\" srcset=\"https:\/\/www.tereos.com\/app\/uploads\/2024\/06\/banniere-site-corpo-besoins-essentiels-du-quotidien-300x175.png 300w, https:\/\/www.tereos.com\/app\/uploads\/2024\/06\/banniere-site-corpo-besoins-essentiels-du-quotidien-1536x897.png 1536w, https:\/\/www.tereos.com\/app\/uploads\/2024\/06\/banniere-site-corpo-besoins-essentiels-du-quotidien-2048x1195.png 2048w\" sizes=\"(max-width: 588px) 100vw, 588px\" \/><\/p>\n<p>&nbsp;<\/p>\n"},{"acf_fc_layout":"rich_text","anchor_title":"","text":"<h1 style=\"text-align: center;\"><strong>Signature<\/strong><\/h1>\n<p>&nbsp;<\/p>\n<p style=\"text-align: center;\"><strong>Jour apr\u00e8s jour, cultivons l\u2019avenir.\u00a0<\/strong><\/p>\n<p style=\"text-align: center;\"><span data-contrast=\"auto\">Notre signature joue un r\u00f4le essentiel dans l&#8217;identit\u00e9 de Tereos. Elle est une expression concise et puissante de la promesse envers nos parties prenantes. Notre signature est une mani\u00e8re de communiquer et d\u2019incarner notre raison d&#8217;\u00eatre de mani\u00e8re m\u00e9morable et distinctive.<\/span><span data-ccp-props=\"{&quot;201341983&quot;:0,&quot;335551550&quot;:6,&quot;335551620&quot;:6,&quot;335559739&quot;:0,&quot;335559740&quot;:240}\">\u00a0<\/span><\/p>\n<p>&nbsp;<\/p>\n<p><img loading=\"lazy\" decoding=\"async\" class=\"size-full wp-image-22901 aligncenter\" src=\"https:\/\/www.tereos.com\/app\/uploads\/2024\/07\/logo-tereos-signature-rvb-300x115-1.jpg\" alt=\"\" width=\"300\" height=\"115\" \/><\/p>\n"}]}},"yoast_head":"<!-- This site is optimized with the Yoast SEO plugin v23.7 - https:\/\/yoast.com\/wordpress\/plugins\/seo\/ -->\n<title>Notre raison d&#039;\u00eatre - Tereos<\/title>\n<meta name=\"robots\" content=\"index, follow, max-snippet:-1, max-image-preview:large, max-video-preview:-1\" \/>\n<link rel=\"canonical\" href=\"https:\/\/tereos.com\/fr\/notre-raison-detre\/\" \/>\n<meta property=\"og:locale\" content=\"fr_FR\" \/>\n<meta property=\"og:type\" content=\"article\" \/>\n<meta property=\"og:title\" content=\"Notre raison d&#039;\u00eatre - Tereos\" \/>\n<meta property=\"og:url\" content=\"https:\/\/tereos.com\/fr\/notre-raison-detre\/\" \/>\n<meta property=\"og:site_name\" content=\"Tereos\" \/>\n<meta property=\"article:modified_time\" content=\"2024-07-01T09:54:14+00:00\" \/>\n<meta property=\"og:image\" content=\"https:\/\/www.tereos.com\/app\/uploads\/2024\/06\/banniere-site-corpo-fr-1.png\" \/>\n\t<meta property=\"og:image:width\" content=\"1024\" \/>\n\t<meta property=\"og:image:height\" content=\"400\" \/>\n\t<meta property=\"og:image:type\" content=\"image\/png\" \/>\n<meta name=\"twitter:card\" content=\"summary_large_image\" \/>\n<meta name=\"twitter:label1\" content=\"Est. reading time\" \/>\n\t<meta name=\"twitter:data1\" content=\"1 minute\" \/>\n<script type=\"application\/ld+json\" class=\"yoast-schema-graph\">{\"@context\":\"https:\/\/schema.org\",\"@graph\":[{\"@type\":\"WebPage\",\"@id\":\"https:\/\/tereos.com\/fr\/notre-raison-detre\/\",\"url\":\"https:\/\/tereos.com\/fr\/notre-raison-detre\/\",\"name\":\"Notre raison d'\u00eatre - Tereos\",\"isPartOf\":{\"@id\":\"https:\/\/tereos.com\/en\/#website\"},\"primaryImageOfPage\":{\"@id\":\"https:\/\/tereos.com\/fr\/notre-raison-detre\/#primaryimage\"},\"image\":{\"@id\":\"https:\/\/tereos.com\/fr\/notre-raison-detre\/#primaryimage\"},\"thumbnailUrl\":\"https:\/\/www.tereos.com\/app\/uploads\/2024\/06\/banniere-site-corpo-fr-1.png\",\"datePublished\":\"2024-06-24T07:53:46+00:00\",\"dateModified\":\"2024-07-01T09:54:14+00:00\",\"breadcrumb\":{\"@id\":\"https:\/\/tereos.com\/fr\/notre-raison-detre\/#breadcrumb\"},\"inLanguage\":\"fr-FR\",\"potentialAction\":[{\"@type\":\"ReadAction\",\"target\":[\"https:\/\/tereos.com\/fr\/notre-raison-detre\/\"]}]},{\"@type\":\"ImageObject\",\"inLanguage\":\"fr-FR\",\"@id\":\"https:\/\/tereos.com\/fr\/notre-raison-detre\/#primaryimage\",\"url\":\"https:\/\/www.tereos.com\/app\/uploads\/2024\/06\/banniere-site-corpo-fr-1.png\",\"contentUrl\":\"https:\/\/www.tereos.com\/app\/uploads\/2024\/06\/banniere-site-corpo-fr-1.png\",\"width\":1920,\"height\":750},{\"@type\":\"BreadcrumbList\",\"@id\":\"https:\/\/tereos.com\/fr\/notre-raison-detre\/#breadcrumb\",\"itemListElement\":[{\"@type\":\"ListItem\",\"position\":1,\"name\":\"Home\",\"item\":\"https:\/\/tereos.com\/fr\/\"},{\"@type\":\"ListItem\",\"position\":2,\"name\":\"Notre raison d&#8217;\u00eatre\"}]},{\"@type\":\"WebSite\",\"@id\":\"https:\/\/tereos.com\/en\/#website\",\"url\":\"https:\/\/tereos.com\/en\/\",\"name\":\"Tereos\",\"description\":\"Un site utilisant WordPress\",\"potentialAction\":[{\"@type\":\"SearchAction\",\"target\":{\"@type\":\"EntryPoint\",\"urlTemplate\":\"https:\/\/tereos.com\/en\/?s={search_term_string}\"},\"query-input\":{\"@type\":\"PropertyValueSpecification\",\"valueRequired\":true,\"valueName\":\"search_term_string\"}}],\"inLanguage\":\"fr-FR\"}]}<\/script>\n<!-- \/ Yoast SEO plugin. -->","yoast_head_json":{"title":"Notre raison d'\u00eatre - Tereos","robots":{"index":"index","follow":"follow","max-snippet":"max-snippet:-1","max-image-preview":"max-image-preview:large","max-video-preview":"max-video-preview:-1"},"canonical":"https:\/\/tereos.com\/fr\/notre-raison-detre\/","og_locale":"fr_FR","og_type":"article","og_title":"Notre raison d'\u00eatre - Tereos","og_url":"https:\/\/tereos.com\/fr\/notre-raison-detre\/","og_site_name":"Tereos","article_modified_time":"2024-07-01T09:54:14+00:00","og_image":[{"url":"https:\/\/www.tereos.com\/app\/uploads\/2024\/06\/banniere-site-corpo-fr-1.png","width":1024,"height":400,"type":"image\/png"}],"twitter_card":"summary_large_image","twitter_misc":{"Est. reading time":"1 minute"},"schema":{"@context":"https:\/\/schema.org","@graph":[{"@type":"WebPage","@id":"https:\/\/tereos.com\/fr\/notre-raison-detre\/","url":"https:\/\/tereos.com\/fr\/notre-raison-detre\/","name":"Notre raison d'\u00eatre - Tereos","isPartOf":{"@id":"https:\/\/tereos.com\/en\/#website"},"primaryImageOfPage":{"@id":"https:\/\/tereos.com\/fr\/notre-raison-detre\/#primaryimage"},"image":{"@id":"https:\/\/tereos.com\/fr\/notre-raison-detre\/#primaryimage"},"thumbnailUrl":"https:\/\/www.tereos.com\/app\/uploads\/2024\/06\/banniere-site-corpo-fr-1.png","datePublished":"2024-06-24T07:53:46+00:00","dateModified":"2024-07-01T09:54:14+00:00","breadcrumb":{"@id":"https:\/\/tereos.com\/fr\/notre-raison-detre\/#breadcrumb"},"inLanguage":"fr-FR","potentialAction":[{"@type":"ReadAction","target":["https:\/\/tereos.com\/fr\/notre-raison-detre\/"]}]},{"@type":"ImageObject","inLanguage":"fr-FR","@id":"https:\/\/tereos.com\/fr\/notre-raison-detre\/#primaryimage","url":"https:\/\/www.tereos.com\/app\/uploads\/2024\/06\/banniere-site-corpo-fr-1.png","contentUrl":"https:\/\/www.tereos.com\/app\/uploads\/2024\/06\/banniere-site-corpo-fr-1.png","width":1920,"height":750},{"@type":"BreadcrumbList","@id":"https:\/\/tereos.com\/fr\/notre-raison-detre\/#breadcrumb","itemListElement":[{"@type":"ListItem","position":1,"name":"Home","item":"https:\/\/tereos.com\/fr\/"},{"@type":"ListItem","position":2,"name":"Notre raison d&#8217;\u00eatre"}]},{"@type":"WebSite","@id":"https:\/\/tereos.com\/en\/#website","url":"https:\/\/tereos.com\/en\/","name":"Tereos","description":"Un site utilisant WordPress","potentialAction":[{"@type":"SearchAction","target":{"@type":"EntryPoint","urlTemplate":"https:\/\/tereos.com\/en\/?s={search_term_string}"},"query-input":{"@type":"PropertyValueSpecification","valueRequired":true,"valueName":"search_term_string"}}],"inLanguage":"fr-FR"}]}},"_links":{"self":[{"href":"https:\/\/tereos.com\/fr\/wp-json\/wp\/v2\/pages\/22650"}],"collection":[{"href":"https:\/\/tereos.com\/fr\/wp-json\/wp\/v2\/pages"}],"about":[{"href":"https:\/\/tereos.com\/fr\/wp-json\/wp\/v2\/types\/page"}],"author":[{"embeddable":true,"href":"https:\/\/tereos.com\/fr\/wp-json\/wp\/v2\/users\/1962"}],"replies":[{"embeddable":true,"href":"https:\/\/tereos.com\/fr\/wp-json\/wp\/v2\/comments?post=22650"}],"version-history":[{"count":3,"href":"https:\/\/tereos.com\/fr\/wp-json\/wp\/v2\/pages\/22650\/revisions"}],"predecessor-version":[{"id":22904,"href":"https:\/\/tereos.com\/fr\/wp-json\/wp\/v2\/pages\/22650\/revisions\/22904"}],"wp:featuredmedia":[{"embeddable":true,"href":"https:\/\/tereos.com\/fr\/wp-json\/wp\/v2\/media\/22741"}],"wp:attachment":[{"href":"https:\/\/tereos.com\/fr\/wp-json\/wp\/v2\/media?parent=22650"}],"curies":[{"name":"wp","href":"https:\/\/api.w.org\/{rel}","templated":true}]}}