{"id":2454,"date":"2019-05-03T11:27:16","date_gmt":"2019-05-03T09:27:16","guid":{"rendered":"https:\/\/tereos.com\/?page_id=2454"},"modified":"2025-03-31T15:09:30","modified_gmt":"2025-03-31T13:09:30","slug":"mentions-legales","status":"publish","type":"page","link":"https:\/\/tereos.com\/fr\/mentions-legales\/","title":{"rendered":"Mentions l\u00e9gales"},"content":{"rendered":"","protected":false},"excerpt":{"rendered":"","protected":false},"author":4,"featured_media":0,"parent":0,"menu_order":0,"comment_status":"closed","ping_status":"closed","template":"page-editorial.php","meta":{"_acf_changed":false,"footnotes":""},"class_list":["post-2454","page","type-page","status-publish","hentry"],"acf":{"is_story":false,"is_testimonial":false,"headline":"","headline_clone":{"headline":""},"sections":[{"acf_fc_layout":"rich_text","anchor_title":"","text":"<p>Merci de lire attentivement les pr\u00e9sentes modalit\u00e9s d&#8217;utilisation du pr\u00e9sent site avant de le parcourir. En vous connectant sur ce site, vous acceptez, sans r\u00e9serve, les conditions g\u00e9n\u00e9rales d\u2019utilisation en vigueur de ce site exploit\u00e9 dans le respect de la l\u00e9gislation fran\u00e7aise, ainsi que la charte de donn\u00e9es personnelles et la politique cookies disponibles sur <a href=\"https:\/\/tereos.com\">https:\/\/tereos.com<\/a><\/p>\n<p><strong>Editeur du site<\/strong><\/p>\n<p>TEREOS PARTICIPATIONS<\/p>\n<p>Rue de Senlis, 77230 Moussy le Vieux<\/p>\n<p>E-mail\u00a0: group-communications@tereos.com<\/p>\n<p>TEROS PARTICIPATIONS\u00a0est une\u00a0SAS\u00a0au capital de\u00a0496\u202f679 850\u20ac<br \/>\nSiret : 444 413 058 00058 \u2013 NAF : 6630Z<\/p>\n<p><strong>Responsable \u00e9ditorial<\/strong><\/p>\n<p>TEREOS PARTICIPATIONS<\/p>\n<p>group-communications@tereos.com<\/p>\n<p>Rue de Senlis, 77230 Moussy le Vieux<\/p>\n<p><strong>Limitation de responsabilit\u00e9<\/strong><\/p>\n<p>Les informations contenues sur ce site sont aussi pr\u00e9cises que possibles et le site est p\u00e9riodiquement remis \u00e0 jour, mais peut toutefois contenir des inexactitudes, des omissions ou des lacunes. Si vous constatez une lacune, erreur ou ce qui parait \u00eatre un dysfonctionnement, merci de bien vouloir le signaler sur l\u2019adresse e-mail group-communications@tereos.com en d\u00e9crivant le probl\u00e8me de la mani\u00e8re la plus pr\u00e9cise possible (page posant probl\u00e8me, action d\u00e9clenchante, type d\u2019ordinateur et de navigateur utilis\u00e9, \u2026)<\/p>\n<p><strong>Litiges<\/strong><\/p>\n<p>Les pr\u00e9sentes conditions sont r\u00e9gies par les lois fran\u00e7aises et toute contestation ou litiges qui pourraient na\u00eetre de l&#8217;interpr\u00e9tation ou de l&#8217;ex\u00e9cution de celles-ci seront de la comp\u00e9tence exclusive du Tribunal de Commerce de Paris.<\/p>\n<p><strong>Propri\u00e9t\u00e9 intellectuelle<\/strong><\/p>\n<p>Toute reproduction, distribution, modification, adaptation, retransmission ou publication, m\u00eame partielle, des diff\u00e9rents \u00e9l\u00e9ments contenus sur ce site est strictement interdite sans l&#8217;accord expr\u00e8s par \u00e9crit de TEREOS PARTICIPATIONS et constitue une contrefa\u00e7on sanctionn\u00e9e par les articles L.3335-2 et suivants du Code de la propri\u00e9t\u00e9 intellectuelle.<\/p>\n<p><strong>H\u00e9bergeur<\/strong><\/p>\n<p>Agence PROPAL<\/p>\n<p>54 rue Hermel,<\/p>\n<p>75018 Paris, France<\/p>\n<p><strong>Liens hypertextes<\/strong><\/p>\n<p>TEREOS PARTICIPATIONS ne dispose d&#8217;aucun moyen pour contr\u00f4ler les sites en connexion avec ses sites internet. TEREOS PARTICIPATIONS ne r\u00e9pond pas de la disponibilit\u00e9 de tels sites et sources externes, ni ne la garantit. Elle ne peut \u00eatre tenue pour responsable de tout dommage, de quelque nature que ce soit, r\u00e9sultant du contenu de ces sites ou sources externes, et notamment des informations, produits ou services qu\u2019ils proposent, ou de tout usage qui peut \u00eatre fait de ces \u00e9l\u00e9ments.<\/p>\n<p><strong>Contactez-nous<\/strong><\/p>\n<p>TEREOS PARTICIPATIONS est \u00e0 votre disposition pour tous vos commentaires ou suggestions. Vous pouvez nous \u00e9crire en fran\u00e7ais ou an anglais par courrier \u00e9lectronique \u00e0 : group-communications@tereos.com<\/p>\n"}],"flexible_editorial_clone":{"has_anchors":false,"sections":[{"acf_fc_layout":"rich_text","anchor_title":"","text":"<p>Merci de lire attentivement les pr\u00e9sentes modalit\u00e9s d&#8217;utilisation du pr\u00e9sent site avant de le parcourir. En vous connectant sur ce site, vous acceptez, sans r\u00e9serve, les conditions g\u00e9n\u00e9rales d\u2019utilisation en vigueur de ce site exploit\u00e9 dans le respect de la l\u00e9gislation fran\u00e7aise, ainsi que la charte de donn\u00e9es personnelles et la politique cookies disponibles sur <a href=\"https:\/\/tereos.com\">https:\/\/tereos.com<\/a><\/p>\n<p><strong>Editeur du site<\/strong><\/p>\n<p>TEREOS PARTICIPATIONS<\/p>\n<p>Rue de Senlis, 77230 Moussy le Vieux<\/p>\n<p>E-mail\u00a0: group-communications@tereos.com<\/p>\n<p>TEROS PARTICIPATIONS\u00a0est une\u00a0SAS\u00a0au capital de\u00a0496\u202f679 850\u20ac<br \/>\nSiret : 444 413 058 00058 \u2013 NAF : 6630Z<\/p>\n<p><strong>Responsable \u00e9ditorial<\/strong><\/p>\n<p>TEREOS PARTICIPATIONS<\/p>\n<p>group-communications@tereos.com<\/p>\n<p>Rue de Senlis, 77230 Moussy le Vieux<\/p>\n<p><strong>Limitation de responsabilit\u00e9<\/strong><\/p>\n<p>Les informations contenues sur ce site sont aussi pr\u00e9cises que possibles et le site est p\u00e9riodiquement remis \u00e0 jour, mais peut toutefois contenir des inexactitudes, des omissions ou des lacunes. Si vous constatez une lacune, erreur ou ce qui parait \u00eatre un dysfonctionnement, merci de bien vouloir le signaler sur l\u2019adresse e-mail group-communications@tereos.com en d\u00e9crivant le probl\u00e8me de la mani\u00e8re la plus pr\u00e9cise possible (page posant probl\u00e8me, action d\u00e9clenchante, type d\u2019ordinateur et de navigateur utilis\u00e9, \u2026)<\/p>\n<p><strong>Litiges<\/strong><\/p>\n<p>Les pr\u00e9sentes conditions sont r\u00e9gies par les lois fran\u00e7aises et toute contestation ou litiges qui pourraient na\u00eetre de l&#8217;interpr\u00e9tation ou de l&#8217;ex\u00e9cution de celles-ci seront de la comp\u00e9tence exclusive du Tribunal de Commerce de Paris.<\/p>\n<p><strong>Propri\u00e9t\u00e9 intellectuelle<\/strong><\/p>\n<p>Toute reproduction, distribution, modification, adaptation, retransmission ou publication, m\u00eame partielle, des diff\u00e9rents \u00e9l\u00e9ments contenus sur ce site est strictement interdite sans l&#8217;accord expr\u00e8s par \u00e9crit de TEREOS PARTICIPATIONS et constitue une contrefa\u00e7on sanctionn\u00e9e par les articles L.3335-2 et suivants du Code de la propri\u00e9t\u00e9 intellectuelle.<\/p>\n<p><strong>H\u00e9bergeur<\/strong><\/p>\n<p>Agence PROPAL<\/p>\n<p>54 rue Hermel,<\/p>\n<p>75018 Paris, France<\/p>\n<p><strong>Liens hypertextes<\/strong><\/p>\n<p>TEREOS PARTICIPATIONS ne dispose d&#8217;aucun moyen pour contr\u00f4ler les sites en connexion avec ses sites internet. TEREOS PARTICIPATIONS ne r\u00e9pond pas de la disponibilit\u00e9 de tels sites et sources externes, ni ne la garantit. Elle ne peut \u00eatre tenue pour responsable de tout dommage, de quelque nature que ce soit, r\u00e9sultant du contenu de ces sites ou sources externes, et notamment des informations, produits ou services qu\u2019ils proposent, ou de tout usage qui peut \u00eatre fait de ces \u00e9l\u00e9ments.<\/p>\n<p><strong>Contactez-nous<\/strong><\/p>\n<p>TEREOS PARTICIPATIONS est \u00e0 votre disposition pour tous vos commentaires ou suggestions. Vous pouvez nous \u00e9crire en fran\u00e7ais ou an anglais par courrier \u00e9lectronique \u00e0 : group-communications@tereos.com<\/p>\n"}]},"cover_image":false,"cover_video_clone":{"cover_mode":"classic","cover_image":false},"subtitle":"","subtitle_clone":{"subtitle":""},"cover_mode":"classic","has_anchors":false},"yoast_head":"<!-- This site is optimized with the Yoast SEO plugin v23.7 - https:\/\/yoast.com\/wordpress\/plugins\/seo\/ -->\n<title>Mentions l\u00e9gales - Tereos<\/title>\n<meta name=\"robots\" content=\"index, follow, max-snippet:-1, max-image-preview:large, max-video-preview:-1\" \/>\n<link rel=\"canonical\" href=\"https:\/\/tereos.com\/fr\/mentions-legales\/\" \/>\n<meta property=\"og:locale\" content=\"fr_FR\" \/>\n<meta property=\"og:type\" content=\"article\" \/>\n<meta property=\"og:title\" content=\"Mentions l\u00e9gales - Tereos\" \/>\n<meta property=\"og:url\" content=\"https:\/\/tereos.com\/fr\/mentions-legales\/\" \/>\n<meta property=\"og:site_name\" content=\"Tereos\" \/>\n<meta property=\"article:modified_time\" content=\"2025-03-31T13:09:30+00:00\" \/>\n<meta name=\"twitter:card\" content=\"summary_large_image\" \/>\n<script type=\"application\/ld+json\" class=\"yoast-schema-graph\">{\"@context\":\"https:\/\/schema.org\",\"@graph\":[{\"@type\":\"WebPage\",\"@id\":\"https:\/\/tereos.com\/fr\/mentions-legales\/\",\"url\":\"https:\/\/tereos.com\/fr\/mentions-legales\/\",\"name\":\"Mentions l\u00e9gales - Tereos\",\"isPartOf\":{\"@id\":\"https:\/\/tereos.com\/en\/#website\"},\"datePublished\":\"2019-05-03T09:27:16+00:00\",\"dateModified\":\"2025-03-31T13:09:30+00:00\",\"breadcrumb\":{\"@id\":\"https:\/\/tereos.com\/fr\/mentions-legales\/#breadcrumb\"},\"inLanguage\":\"fr-FR\",\"potentialAction\":[{\"@type\":\"ReadAction\",\"target\":[\"https:\/\/tereos.com\/fr\/mentions-legales\/\"]}]},{\"@type\":\"BreadcrumbList\",\"@id\":\"https:\/\/tereos.com\/fr\/mentions-legales\/#breadcrumb\",\"itemListElement\":[{\"@type\":\"ListItem\",\"position\":1,\"name\":\"Home\",\"item\":\"https:\/\/tereos.com\/fr\/\"},{\"@type\":\"ListItem\",\"position\":2,\"name\":\"Mentions l\u00e9gales\"}]},{\"@type\":\"WebSite\",\"@id\":\"https:\/\/tereos.com\/en\/#website\",\"url\":\"https:\/\/tereos.com\/en\/\",\"name\":\"Tereos\",\"description\":\"Un site utilisant WordPress\",\"potentialAction\":[{\"@type\":\"SearchAction\",\"target\":{\"@type\":\"EntryPoint\",\"urlTemplate\":\"https:\/\/tereos.com\/en\/?s={search_term_string}\"},\"query-input\":{\"@type\":\"PropertyValueSpecification\",\"valueRequired\":true,\"valueName\":\"search_term_string\"}}],\"inLanguage\":\"fr-FR\"}]}<\/script>\n<!-- \/ Yoast SEO plugin. -->","yoast_head_json":{"title":"Mentions l\u00e9gales - Tereos","robots":{"index":"index","follow":"follow","max-snippet":"max-snippet:-1","max-image-preview":"max-image-preview:large","max-video-preview":"max-video-preview:-1"},"canonical":"https:\/\/tereos.com\/fr\/mentions-legales\/","og_locale":"fr_FR","og_type":"article","og_title":"Mentions l\u00e9gales - Tereos","og_url":"https:\/\/tereos.com\/fr\/mentions-legales\/","og_site_name":"Tereos","article_modified_time":"2025-03-31T13:09:30+00:00","twitter_card":"summary_large_image","schema":{"@context":"https:\/\/schema.org","@graph":[{"@type":"WebPage","@id":"https:\/\/tereos.com\/fr\/mentions-legales\/","url":"https:\/\/tereos.com\/fr\/mentions-legales\/","name":"Mentions l\u00e9gales - Tereos","isPartOf":{"@id":"https:\/\/tereos.com\/en\/#website"},"datePublished":"2019-05-03T09:27:16+00:00","dateModified":"2025-03-31T13:09:30+00:00","breadcrumb":{"@id":"https:\/\/tereos.com\/fr\/mentions-legales\/#breadcrumb"},"inLanguage":"fr-FR","potentialAction":[{"@type":"ReadAction","target":["https:\/\/tereos.com\/fr\/mentions-legales\/"]}]},{"@type":"BreadcrumbList","@id":"https:\/\/tereos.com\/fr\/mentions-legales\/#breadcrumb","itemListElement":[{"@type":"ListItem","position":1,"name":"Home","item":"https:\/\/tereos.com\/fr\/"},{"@type":"ListItem","position":2,"name":"Mentions l\u00e9gales"}]},{"@type":"WebSite","@id":"https:\/\/tereos.com\/en\/#website","url":"https:\/\/tereos.com\/en\/","name":"Tereos","description":"Un site utilisant WordPress","potentialAction":[{"@type":"SearchAction","target":{"@type":"EntryPoint","urlTemplate":"https:\/\/tereos.com\/en\/?s={search_term_string}"},"query-input":{"@type":"PropertyValueSpecification","valueRequired":true,"valueName":"search_term_string"}}],"inLanguage":"fr-FR"}]}},"_links":{"self":[{"href":"https:\/\/tereos.com\/fr\/wp-json\/wp\/v2\/pages\/2454"}],"collection":[{"href":"https:\/\/tereos.com\/fr\/wp-json\/wp\/v2\/pages"}],"about":[{"href":"https:\/\/tereos.com\/fr\/wp-json\/wp\/v2\/types\/page"}],"author":[{"embeddable":true,"href":"https:\/\/tereos.com\/fr\/wp-json\/wp\/v2\/users\/4"}],"replies":[{"embeddable":true,"href":"https:\/\/tereos.com\/fr\/wp-json\/wp\/v2\/comments?post=2454"}],"version-history":[{"count":3,"href":"https:\/\/tereos.com\/fr\/wp-json\/wp\/v2\/pages\/2454\/revisions"}],"predecessor-version":[{"id":23859,"href":"https:\/\/tereos.com\/fr\/wp-json\/wp\/v2\/pages\/2454\/revisions\/23859"}],"wp:attachment":[{"href":"https:\/\/tereos.com\/fr\/wp-json\/wp\/v2\/media?parent=2454"}],"curies":[{"name":"wp","href":"https:\/\/api.w.org\/{rel}","templated":true}]}}