{"id":24739,"date":"2025-07-09T16:15:36","date_gmt":"2025-07-09T14:15:36","guid":{"rendered":"https:\/\/tereos.com\/?page_id=24739"},"modified":"2026-01-21T11:35:05","modified_gmt":"2026-01-21T10:35:05","slug":"cultivatenetzero","status":"publish","type":"page","link":"https:\/\/tereos.com\/fr\/cultivatenetzero\/","title":{"rendered":""},"content":{"rendered":"","protected":false},"excerpt":{"rendered":"","protected":false},"author":2226,"featured_media":0,"parent":0,"menu_order":0,"comment_status":"closed","ping_status":"closed","template":"page-editorial.php","meta":{"_acf_changed":false,"footnotes":""},"class_list":["post-24739","page","type-page","status-publish","hentry"],"acf":{"is_story":false,"is_testimonial":false,"cover_mode":"classic","cover_image":false,"cover_video_clone":{"cover_mode":"classic","cover_image":false},"subtitle":"","subtitle_clone":{"subtitle":""},"headline":"","headline_clone":{"headline":""},"has_anchors":false,"sections":[{"acf_fc_layout":"media","anchor_title":"","type":"image","video":"","image":24774,"caption":"","is_downloadable":false,"items":false},{"acf_fc_layout":"rich_text","anchor_title":"","text":"<h3 style=\"text-align: center\">Tereos franchit une nouvelle \u00e9tape dans son engagement pour la d\u00e9carbonation et l\u2019agriculture r\u00e9g\u00e9n\u00e9ratrice, et r\u00e9affirme sa capacit\u00e9 \u00e0 proposer des offres durables et concr\u00e8tes en lan\u00e7ant Cultivate Net-Zero. Cette offre exclusive est destin\u00e9e \u00e0 accompagner nos clients industriels (agroalimentaire, cosm\u00e9tique, pharmaceutique\u2026) dans la d\u00e9carbonation de leur cha\u00eene de valeur, d\u00e8s l\u2019amont agricole, tout en valorisant l\u2019engagement de nos coop\u00e9rateurs et de nos fournisseurs de mati\u00e8res premi\u00e8res v\u00e9g\u00e9tales dans une agriculture plus r\u00e9siliente et plus durable.<\/h3>\n<p>&nbsp;<\/p>\n<p style=\"text-align: left\">Cultivate Net-Zero, trois solutions fiables et cr\u00e9atrices de valeur pour une agriculture et une industrie durables et d\u00e9carbon\u00e9es.<\/p>\n<p>&nbsp;<\/p>\n<p><img loading=\"lazy\" decoding=\"async\" class=\"aligncenter size-full wp-image-24796\" src=\"https:\/\/www.tereos.com\/app\/uploads\/2025\/07\/fr.png\" alt=\"\" width=\"1943\" height=\"636\" srcset=\"https:\/\/www.tereos.com\/app\/uploads\/2025\/07\/fr.png 1943w, https:\/\/www.tereos.com\/app\/uploads\/2025\/07\/fr-300x98.png 300w, https:\/\/www.tereos.com\/app\/uploads\/2025\/07\/fr-1536x503.png 1536w\" sizes=\"(max-width: 1943px) 100vw, 1943px\" \/><\/p>\n"},{"acf_fc_layout":"rich_text","anchor_title":"","text":"<p><em>Cultivate Net Zero se compose de <\/em>trois solutions compl\u00e9mentaires\u00a0:<\/p>\n<ul>\n<li><strong>Activate : <\/strong>pour amorcer la trajectoire de d\u00e9carbonation avec des mati\u00e8res premi\u00e8res pour une r\u00e9duction imm\u00e9diate de l\u2019empreinte carbone<\/li>\n<\/ul>\n<ul>\n<li><strong>Connect : <\/strong>pour acc\u00e9l\u00e9rer la trajectoire vers la neutralit\u00e9 carbone gr\u00e2ce \u00e0 un programme personnalis\u00e9 pour un pilotage pr\u00e9cis de la performance carbone<\/li>\n<\/ul>\n<ul>\n<li><strong>Engage : <\/strong>pour s\u2019engager dans l\u2019agriculture r\u00e9g\u00e9n\u00e9ratrice via un partenariat structurant, fond\u00e9 sur des indicateurs robustes.<\/li>\n<\/ul>\n<p>Cultivate Net-Zero s\u2019appuie sur la strat\u00e9gie de d\u00e9carbonation de Tereos dont les cibles ont \u00e9t\u00e9 valid\u00e9es sur l\u2019ensemble de sa cha\u00eene de valeur et avec un objectif Net-Zero par le standard international de r\u00e9f\u00e9rence Science-Based Targets initiative (SBTi\/FLAG), garantissant une trajectoire align\u00e9e avec l\u2019objectif de limitation du r\u00e9chauffement \u00e0 1,5\u00b0C. Les r\u00e9ductions d\u2019\u00e9missions propos\u00e9es sont mesurables, v\u00e9rifiables et directement int\u00e9gr\u00e9es dans l&#8217;offre pour nos clients.<\/p>\n<p>&nbsp;<\/p>\n<p><strong>Cultivate Net-Zero, la premi\u00e8re \u00e9tape d\u2019un produit fini d\u00e9carbon\u00e9<\/strong><\/p>\n<p>Tereos fait de ses mati\u00e8res premi\u00e8res le point de d\u00e9part de produits finis plus responsables. En choisissant des sucres, alcools et amidons d\u00e9carbon\u00e9s \u00e0 la source, nos clients peuvent agir concr\u00e8tement sur l\u2019impact carbone de leurs produits \u2013 d\u00e8s le premier maillon.<\/p>\n<p>Cette approche int\u00e9gr\u00e9e s\u2019appuie sur une transformation industrielle majeure. Nous investissons pr\u00e8s de 800 millions d\u2019euros depuis 2022 et jusqu\u2019en 2033 pour r\u00e9aliser plus de 100 projets de d\u00e9carbonation r\u00e9partis sur 16 sites, permettant une r\u00e9duction de 65% d\u2019\u00e9mission de gaz \u00e0 effet de serre en Europe. Gr\u00e2ce \u00e0 ces efforts, l\u2019offre Cultivate Net-Zero peut aujourd\u2019hui s\u2019appuyer sur des sites industriels modernis\u00e9s permettant de r\u00e9pondre aux engagements climatiques de nos clients.<\/p>\n<p>&nbsp;<\/p>\n<p><strong><img loading=\"lazy\" decoding=\"async\" class=\" wp-image-24879 alignleft\" src=\"https:\/\/www.tereos.com\/app\/uploads\/2025\/07\/pg-6-sylvain-bailleul-troisvaux-121020-\u252c\u00ae-michel-blossier-pour-tereos-25-sur-43.png\" alt=\"\" width=\"282\" height=\"426\" srcset=\"https:\/\/www.tereos.com\/app\/uploads\/2025\/07\/pg-6-sylvain-bailleul-troisvaux-121020-\u252c\u00ae-michel-blossier-pour-tereos-25-sur-43.png 3264w, https:\/\/www.tereos.com\/app\/uploads\/2025\/07\/pg-6-sylvain-bailleul-troisvaux-121020-\u252c\u00ae-michel-blossier-pour-tereos-25-sur-43-199x300.png 199w, https:\/\/www.tereos.com\/app\/uploads\/2025\/07\/pg-6-sylvain-bailleul-troisvaux-121020-\u252c\u00ae-michel-blossier-pour-tereos-25-sur-43-1017x1536.png 1017w, https:\/\/www.tereos.com\/app\/uploads\/2025\/07\/pg-6-sylvain-bailleul-troisvaux-121020-\u252c\u00ae-michel-blossier-pour-tereos-25-sur-43-1356x2048.png 1356w\" sizes=\"(max-width: 282px) 100vw, 282px\" \/>Cultivate Net-Zero, une d\u00e9marche qui valorise l\u2019engagement de nos coop\u00e9rateurs et fournisseurs en faveur de l\u2019agriculture r\u00e9g\u00e9n\u00e9ratrice et bas carbone<\/strong><\/p>\n<p>Tereos vise deux objectifs ambitieux d\u2019ici 2032-33 :<\/p>\n<ul>\n<li>20 % de nos approvisionnements en mati\u00e8res premi\u00e8res v\u00e9g\u00e9tales seront issus de l\u2019agriculture r\u00e9g\u00e9n\u00e9ratrice ou bas carbone<\/li>\n<li>36 % de r\u00e9duction de nos \u00e9missions de gaz \u00e0 effet de serre sur le volet agricole de ses activit\u00e9s par rapport \u00e0 2022-23<\/li>\n<\/ul>\n<p>Tereos encourage et soutient la transition vers une agriculture plus r\u00e9siliente et plus durable. Cela passe notamment par l\u2019engagement de nos coop\u00e9rateurs et de nos fournisseurs en faveur de l\u2019agriculture r\u00e9g\u00e9n\u00e9ratrice et bas carbone, align\u00e9e pour assurer les enjeux climatiques des clients.<\/p>\n<p>En France, nous soutenons d\u00e9j\u00e0 nos coop\u00e9rateurs dans ces d\u00e9marches, notamment en prenant en charge 75% du co\u00fbt financier de 1 000 diagnostics carbone, et en participant \u00e0 des programmes ambitieux d\u2019agriculture r\u00e9g\u00e9n\u00e9ratrice, tels que Transitions et Transitions Noriap port\u00e9s par Vivescia, Pour une Agriculture Du Vivant (PADV) via son programme \u00ab COVALO \u00bb, ou encore le programme multifili\u00e8res en Hauts-de-France d\u2019Earthworm.<\/p>\n<p>De plus, selon le programme et la performance de l\u2019exploitation, Tereos verse \u00e0 ses coop\u00e9rateurs une Prime fili\u00e8re pour les surfaces engag\u00e9es en betteraves, allant de 50 euros jusqu\u2019\u00e0 150 euros\/ha, pour les soutenir dans leurs pratiques r\u00e9g\u00e9n\u00e9ratrices et bas carbone.<\/p>\n<p>&nbsp;<\/p>\n<p>Pour en savoir plus sur <a href=\"https:\/\/tereos.com\/fr\/developpement-durable\/\">notre feuille de route RSE<\/a>.<\/p>\n"},{"acf_fc_layout":"media","anchor_title":"","type":"video","video":"<iframe class=\"embed-responsive-item\" title=\"Cultivate Net-Zero (FR)\" src=\"https:\/\/www.youtube.com\/embed\/RWOOBQOYrGg?feature=oembed\" frameborder=\"0\" allow=\"accelerometer; autoplay; clipboard-write; encrypted-media; gyroscope; picture-in-picture; web-share\" referrerpolicy=\"strict-origin-when-cross-origin\" allowfullscreen allow=\"autoplay; encrypted-media\"><\/iframe>","image":false,"caption":"","is_downloadable":false,"items":false}],"flexible_editorial_clone":{"has_anchors":false,"sections":[{"acf_fc_layout":"media","anchor_title":"","type":"image","video":"","image":24774,"caption":"","is_downloadable":false,"items":false},{"acf_fc_layout":"rich_text","anchor_title":"","text":"<h3 style=\"text-align: center\">Tereos franchit une nouvelle \u00e9tape dans son engagement pour la d\u00e9carbonation et l\u2019agriculture r\u00e9g\u00e9n\u00e9ratrice, et r\u00e9affirme sa capacit\u00e9 \u00e0 proposer des offres durables et concr\u00e8tes en lan\u00e7ant Cultivate Net-Zero. Cette offre exclusive est destin\u00e9e \u00e0 accompagner nos clients industriels (agroalimentaire, cosm\u00e9tique, pharmaceutique\u2026) dans la d\u00e9carbonation de leur cha\u00eene de valeur, d\u00e8s l\u2019amont agricole, tout en valorisant l\u2019engagement de nos coop\u00e9rateurs et de nos fournisseurs de mati\u00e8res premi\u00e8res v\u00e9g\u00e9tales dans une agriculture plus r\u00e9siliente et plus durable.<\/h3>\n<p>&nbsp;<\/p>\n<p style=\"text-align: left\">Cultivate Net-Zero, trois solutions fiables et cr\u00e9atrices de valeur pour une agriculture et une industrie durables et d\u00e9carbon\u00e9es.<\/p>\n<p>&nbsp;<\/p>\n<p><img loading=\"lazy\" decoding=\"async\" class=\"aligncenter size-full wp-image-24796\" src=\"https:\/\/www.tereos.com\/app\/uploads\/2025\/07\/fr.png\" alt=\"\" width=\"1943\" height=\"636\" srcset=\"https:\/\/www.tereos.com\/app\/uploads\/2025\/07\/fr.png 1943w, https:\/\/www.tereos.com\/app\/uploads\/2025\/07\/fr-300x98.png 300w, https:\/\/www.tereos.com\/app\/uploads\/2025\/07\/fr-1536x503.png 1536w\" sizes=\"(max-width: 1943px) 100vw, 1943px\" \/><\/p>\n"},{"acf_fc_layout":"rich_text","anchor_title":"","text":"<p><em>Cultivate Net Zero se compose de <\/em>trois solutions compl\u00e9mentaires\u00a0:<\/p>\n<ul>\n<li><strong>Activate : <\/strong>pour amorcer la trajectoire de d\u00e9carbonation avec des mati\u00e8res premi\u00e8res pour une r\u00e9duction imm\u00e9diate de l\u2019empreinte carbone<\/li>\n<\/ul>\n<ul>\n<li><strong>Connect : <\/strong>pour acc\u00e9l\u00e9rer la trajectoire vers la neutralit\u00e9 carbone gr\u00e2ce \u00e0 un programme personnalis\u00e9 pour un pilotage pr\u00e9cis de la performance carbone<\/li>\n<\/ul>\n<ul>\n<li><strong>Engage : <\/strong>pour s\u2019engager dans l\u2019agriculture r\u00e9g\u00e9n\u00e9ratrice via un partenariat structurant, fond\u00e9 sur des indicateurs robustes.<\/li>\n<\/ul>\n<p>Cultivate Net-Zero s\u2019appuie sur la strat\u00e9gie de d\u00e9carbonation de Tereos dont les cibles ont \u00e9t\u00e9 valid\u00e9es sur l\u2019ensemble de sa cha\u00eene de valeur et avec un objectif Net-Zero par le standard international de r\u00e9f\u00e9rence Science-Based Targets initiative (SBTi\/FLAG), garantissant une trajectoire align\u00e9e avec l\u2019objectif de limitation du r\u00e9chauffement \u00e0 1,5\u00b0C. Les r\u00e9ductions d\u2019\u00e9missions propos\u00e9es sont mesurables, v\u00e9rifiables et directement int\u00e9gr\u00e9es dans l&#8217;offre pour nos clients.<\/p>\n<p>&nbsp;<\/p>\n<p><strong>Cultivate Net-Zero, la premi\u00e8re \u00e9tape d\u2019un produit fini d\u00e9carbon\u00e9<\/strong><\/p>\n<p>Tereos fait de ses mati\u00e8res premi\u00e8res le point de d\u00e9part de produits finis plus responsables. En choisissant des sucres, alcools et amidons d\u00e9carbon\u00e9s \u00e0 la source, nos clients peuvent agir concr\u00e8tement sur l\u2019impact carbone de leurs produits \u2013 d\u00e8s le premier maillon.<\/p>\n<p>Cette approche int\u00e9gr\u00e9e s\u2019appuie sur une transformation industrielle majeure. Nous investissons pr\u00e8s de 800 millions d\u2019euros depuis 2022 et jusqu\u2019en 2033 pour r\u00e9aliser plus de 100 projets de d\u00e9carbonation r\u00e9partis sur 16 sites, permettant une r\u00e9duction de 65% d\u2019\u00e9mission de gaz \u00e0 effet de serre en Europe. Gr\u00e2ce \u00e0 ces efforts, l\u2019offre Cultivate Net-Zero peut aujourd\u2019hui s\u2019appuyer sur des sites industriels modernis\u00e9s permettant de r\u00e9pondre aux engagements climatiques de nos clients.<\/p>\n<p>&nbsp;<\/p>\n<p><strong><img loading=\"lazy\" decoding=\"async\" class=\" wp-image-24879 alignleft\" src=\"https:\/\/www.tereos.com\/app\/uploads\/2025\/07\/pg-6-sylvain-bailleul-troisvaux-121020-\u252c\u00ae-michel-blossier-pour-tereos-25-sur-43.png\" alt=\"\" width=\"282\" height=\"426\" srcset=\"https:\/\/www.tereos.com\/app\/uploads\/2025\/07\/pg-6-sylvain-bailleul-troisvaux-121020-\u252c\u00ae-michel-blossier-pour-tereos-25-sur-43.png 3264w, https:\/\/www.tereos.com\/app\/uploads\/2025\/07\/pg-6-sylvain-bailleul-troisvaux-121020-\u252c\u00ae-michel-blossier-pour-tereos-25-sur-43-199x300.png 199w, https:\/\/www.tereos.com\/app\/uploads\/2025\/07\/pg-6-sylvain-bailleul-troisvaux-121020-\u252c\u00ae-michel-blossier-pour-tereos-25-sur-43-1017x1536.png 1017w, https:\/\/www.tereos.com\/app\/uploads\/2025\/07\/pg-6-sylvain-bailleul-troisvaux-121020-\u252c\u00ae-michel-blossier-pour-tereos-25-sur-43-1356x2048.png 1356w\" sizes=\"(max-width: 282px) 100vw, 282px\" \/>Cultivate Net-Zero, une d\u00e9marche qui valorise l\u2019engagement de nos coop\u00e9rateurs et fournisseurs en faveur de l\u2019agriculture r\u00e9g\u00e9n\u00e9ratrice et bas carbone<\/strong><\/p>\n<p>Tereos vise deux objectifs ambitieux d\u2019ici 2032-33 :<\/p>\n<ul>\n<li>20 % de nos approvisionnements en mati\u00e8res premi\u00e8res v\u00e9g\u00e9tales seront issus de l\u2019agriculture r\u00e9g\u00e9n\u00e9ratrice ou bas carbone<\/li>\n<li>36 % de r\u00e9duction de nos \u00e9missions de gaz \u00e0 effet de serre sur le volet agricole de ses activit\u00e9s par rapport \u00e0 2022-23<\/li>\n<\/ul>\n<p>Tereos encourage et soutient la transition vers une agriculture plus r\u00e9siliente et plus durable. Cela passe notamment par l\u2019engagement de nos coop\u00e9rateurs et de nos fournisseurs en faveur de l\u2019agriculture r\u00e9g\u00e9n\u00e9ratrice et bas carbone, align\u00e9e pour assurer les enjeux climatiques des clients.<\/p>\n<p>En France, nous soutenons d\u00e9j\u00e0 nos coop\u00e9rateurs dans ces d\u00e9marches, notamment en prenant en charge 75% du co\u00fbt financier de 1 000 diagnostics carbone, et en participant \u00e0 des programmes ambitieux d\u2019agriculture r\u00e9g\u00e9n\u00e9ratrice, tels que Transitions et Transitions Noriap port\u00e9s par Vivescia, Pour une Agriculture Du Vivant (PADV) via son programme \u00ab COVALO \u00bb, ou encore le programme multifili\u00e8res en Hauts-de-France d\u2019Earthworm.<\/p>\n<p>De plus, selon le programme et la performance de l\u2019exploitation, Tereos verse \u00e0 ses coop\u00e9rateurs une Prime fili\u00e8re pour les surfaces engag\u00e9es en betteraves, allant de 50 euros jusqu\u2019\u00e0 150 euros\/ha, pour les soutenir dans leurs pratiques r\u00e9g\u00e9n\u00e9ratrices et bas carbone.<\/p>\n<p>&nbsp;<\/p>\n<p>Pour en savoir plus sur <a href=\"https:\/\/tereos.com\/fr\/developpement-durable\/\">notre feuille de route RSE<\/a>.<\/p>\n"},{"acf_fc_layout":"media","anchor_title":"","type":"video","video":"<iframe class=\"embed-responsive-item\" title=\"Cultivate Net-Zero (FR)\" src=\"https:\/\/www.youtube.com\/embed\/RWOOBQOYrGg?feature=oembed\" frameborder=\"0\" allow=\"accelerometer; autoplay; clipboard-write; encrypted-media; gyroscope; picture-in-picture; web-share\" referrerpolicy=\"strict-origin-when-cross-origin\" allowfullscreen allow=\"autoplay; encrypted-media\"><\/iframe>","image":false,"caption":"","is_downloadable":false,"items":false}]}},"yoast_head":"<!-- This site is optimized with the Yoast SEO plugin v23.7 - https:\/\/yoast.com\/wordpress\/plugins\/seo\/ -->\n<title>- Tereos<\/title>\n<meta name=\"description\" content=\"Tereos franchit une nouvelle \u00e9tape dans son engagement pour la d\u00e9carbonation et l\u2019agriculture r\u00e9g\u00e9n\u00e9ratrice, et r\u00e9affirme sa capacit\u00e9 \u00e0 proposer des offres durables et concr\u00e8tes en lan\u00e7ant Cultivate Net-Zero.\" \/>\n<meta name=\"robots\" content=\"index, follow, max-snippet:-1, max-image-preview:large, max-video-preview:-1\" \/>\n<link rel=\"canonical\" href=\"https:\/\/tereos.com\/fr\/cultivatenetzero\/\" \/>\n<meta property=\"og:locale\" content=\"fr_FR\" \/>\n<meta property=\"og:type\" content=\"article\" \/>\n<meta property=\"og:title\" content=\"- Tereos\" \/>\n<meta property=\"og:description\" content=\"Tereos franchit une nouvelle \u00e9tape dans son engagement pour la d\u00e9carbonation et l\u2019agriculture r\u00e9g\u00e9n\u00e9ratrice, et r\u00e9affirme sa capacit\u00e9 \u00e0 proposer des offres durables et concr\u00e8tes en lan\u00e7ant Cultivate Net-Zero.\" \/>\n<meta property=\"og:url\" content=\"https:\/\/tereos.com\/fr\/cultivatenetzero\/\" \/>\n<meta property=\"og:site_name\" content=\"Tereos\" \/>\n<meta property=\"article:modified_time\" content=\"2026-01-21T10:35:05+00:00\" \/>\n<meta name=\"twitter:card\" content=\"summary_large_image\" \/>\n<script type=\"application\/ld+json\" class=\"yoast-schema-graph\">{\"@context\":\"https:\/\/schema.org\",\"@graph\":[{\"@type\":\"WebPage\",\"@id\":\"https:\/\/tereos.com\/fr\/cultivatenetzero\/\",\"url\":\"https:\/\/tereos.com\/fr\/cultivatenetzero\/\",\"name\":\"- Tereos\",\"isPartOf\":{\"@id\":\"https:\/\/tereos.com\/en\/#website\"},\"datePublished\":\"2025-07-09T14:15:36+00:00\",\"dateModified\":\"2026-01-21T10:35:05+00:00\",\"description\":\"Tereos franchit une nouvelle \u00e9tape dans son engagement pour la d\u00e9carbonation et l\u2019agriculture r\u00e9g\u00e9n\u00e9ratrice, et r\u00e9affirme sa capacit\u00e9 \u00e0 proposer des offres durables et concr\u00e8tes en lan\u00e7ant Cultivate Net-Zero.\",\"inLanguage\":\"fr-FR\",\"potentialAction\":[{\"@type\":\"ReadAction\",\"target\":[\"https:\/\/tereos.com\/fr\/cultivatenetzero\/\"]}]},{\"@type\":\"WebSite\",\"@id\":\"https:\/\/tereos.com\/en\/#website\",\"url\":\"https:\/\/tereos.com\/en\/\",\"name\":\"Tereos\",\"description\":\"Un site utilisant WordPress\",\"potentialAction\":[{\"@type\":\"SearchAction\",\"target\":{\"@type\":\"EntryPoint\",\"urlTemplate\":\"https:\/\/tereos.com\/en\/?s={search_term_string}\"},\"query-input\":{\"@type\":\"PropertyValueSpecification\",\"valueRequired\":true,\"valueName\":\"search_term_string\"}}],\"inLanguage\":\"fr-FR\"}]}<\/script>\n<!-- \/ Yoast SEO plugin. -->","yoast_head_json":{"title":"- Tereos","description":"Tereos franchit une nouvelle \u00e9tape dans son engagement pour la d\u00e9carbonation et l\u2019agriculture r\u00e9g\u00e9n\u00e9ratrice, et r\u00e9affirme sa capacit\u00e9 \u00e0 proposer des offres durables et concr\u00e8tes en lan\u00e7ant Cultivate Net-Zero.","robots":{"index":"index","follow":"follow","max-snippet":"max-snippet:-1","max-image-preview":"max-image-preview:large","max-video-preview":"max-video-preview:-1"},"canonical":"https:\/\/tereos.com\/fr\/cultivatenetzero\/","og_locale":"fr_FR","og_type":"article","og_title":"- Tereos","og_description":"Tereos franchit une nouvelle \u00e9tape dans son engagement pour la d\u00e9carbonation et l\u2019agriculture r\u00e9g\u00e9n\u00e9ratrice, et r\u00e9affirme sa capacit\u00e9 \u00e0 proposer des offres durables et concr\u00e8tes en lan\u00e7ant Cultivate Net-Zero.","og_url":"https:\/\/tereos.com\/fr\/cultivatenetzero\/","og_site_name":"Tereos","article_modified_time":"2026-01-21T10:35:05+00:00","twitter_card":"summary_large_image","schema":{"@context":"https:\/\/schema.org","@graph":[{"@type":"WebPage","@id":"https:\/\/tereos.com\/fr\/cultivatenetzero\/","url":"https:\/\/tereos.com\/fr\/cultivatenetzero\/","name":"- Tereos","isPartOf":{"@id":"https:\/\/tereos.com\/en\/#website"},"datePublished":"2025-07-09T14:15:36+00:00","dateModified":"2026-01-21T10:35:05+00:00","description":"Tereos franchit une nouvelle \u00e9tape dans son engagement pour la d\u00e9carbonation et l\u2019agriculture r\u00e9g\u00e9n\u00e9ratrice, et r\u00e9affirme sa capacit\u00e9 \u00e0 proposer des offres durables et concr\u00e8tes en lan\u00e7ant Cultivate Net-Zero.","inLanguage":"fr-FR","potentialAction":[{"@type":"ReadAction","target":["https:\/\/tereos.com\/fr\/cultivatenetzero\/"]}]},{"@type":"WebSite","@id":"https:\/\/tereos.com\/en\/#website","url":"https:\/\/tereos.com\/en\/","name":"Tereos","description":"Un site utilisant WordPress","potentialAction":[{"@type":"SearchAction","target":{"@type":"EntryPoint","urlTemplate":"https:\/\/tereos.com\/en\/?s={search_term_string}"},"query-input":{"@type":"PropertyValueSpecification","valueRequired":true,"valueName":"search_term_string"}}],"inLanguage":"fr-FR"}]}},"_links":{"self":[{"href":"https:\/\/tereos.com\/fr\/wp-json\/wp\/v2\/pages\/24739"}],"collection":[{"href":"https:\/\/tereos.com\/fr\/wp-json\/wp\/v2\/pages"}],"about":[{"href":"https:\/\/tereos.com\/fr\/wp-json\/wp\/v2\/types\/page"}],"author":[{"embeddable":true,"href":"https:\/\/tereos.com\/fr\/wp-json\/wp\/v2\/users\/2226"}],"replies":[{"embeddable":true,"href":"https:\/\/tereos.com\/fr\/wp-json\/wp\/v2\/comments?post=24739"}],"version-history":[{"count":3,"href":"https:\/\/tereos.com\/fr\/wp-json\/wp\/v2\/pages\/24739\/revisions"}],"predecessor-version":[{"id":26032,"href":"https:\/\/tereos.com\/fr\/wp-json\/wp\/v2\/pages\/24739\/revisions\/26032"}],"wp:attachment":[{"href":"https:\/\/tereos.com\/fr\/wp-json\/wp\/v2\/media?parent=24739"}],"curies":[{"name":"wp","href":"https:\/\/api.w.org\/{rel}","templated":true}]}}