{"id":25465,"date":"2025-11-13T07:50:58","date_gmt":"2025-11-13T06:50:58","guid":{"rendered":"https:\/\/tereos.com\/?page_id=25465"},"modified":"2025-11-13T08:40:30","modified_gmt":"2025-11-13T07:40:30","slug":"actifiber","status":"publish","type":"page","link":"https:\/\/tereos.com\/fr\/actifiber\/","title":{"rendered":""},"content":{"rendered":"","protected":false},"excerpt":{"rendered":"","protected":false},"author":17,"featured_media":0,"parent":0,"menu_order":0,"comment_status":"closed","ping_status":"closed","template":"page-editorial.php","meta":{"_acf_changed":false,"footnotes":""},"class_list":["post-25465","page","type-page","status-publish","hentry"],"acf":{"is_story":false,"is_testimonial":false,"cover_mode":"classic","cover_image":false,"cover_video_clone":{"cover_mode":"classic","cover_image":false},"subtitle":"","subtitle_clone":{"subtitle":""},"headline":"","headline_clone":{"headline":""},"has_anchors":false,"sections":[{"acf_fc_layout":"rich_text","anchor_title":"","text":"<h2><img loading=\"lazy\" decoding=\"async\" class=\"aligncenter wp-image-25476\" src=\"https:\/\/www.tereos.com\/app\/uploads\/2025\/11\/actifiber-rvb.png\" alt=\"\" width=\"575\" height=\"206\" srcset=\"https:\/\/www.tereos.com\/app\/uploads\/2025\/11\/actifiber-rvb.png 3544w, https:\/\/www.tereos.com\/app\/uploads\/2025\/11\/actifiber-rvb-300x107.png 300w, https:\/\/www.tereos.com\/app\/uploads\/2025\/11\/actifiber-rvb-1536x549.png 1536w, https:\/\/www.tereos.com\/app\/uploads\/2025\/11\/actifiber-rvb-2048x732.png 2048w\" sizes=\"(max-width: 575px) 100vw, 575px\" \/><\/h2>\n<p>&nbsp;<\/p>\n<h2 style=\"text-align: center\"><em>Plus de fibres, moins de calories, le m\u00eame bon go\u00fbt !<\/em><\/h2>\n<p>Les consommateurs recherchent activement une alimentation plus saine et plus transparente. Les fibres jouent un r\u00f4le essentiel dans la sant\u00e9 digestive, pourtant la majorit\u00e9 des adultes n\u2019atteint pas les apports journaliers recommand\u00e9s. Pour r\u00e9pondre \u00e0 cette demande croissante, Tereos lance Actifiber\u00ae, une fibre soluble de ma\u00efs unique con\u00e7ue pour de meilleures reformulations nutritionnelles sans compromis sur le go\u00fbt ou la texture.<\/p>\n<p>&nbsp;<\/p>\n<p><strong>Actifiber\u00ae<\/strong> est un ingr\u00e9dient d\u2019origine v\u00e9g\u00e9tale, issu d\u2019amidon de ma\u00efs non-OGM, produit en France via un proc\u00e9d\u00e9 enzymatique qui pr\u00e9serve ses propri\u00e9t\u00e9s nutritionnelles et fonctionnelles. Id\u00e9al pour am\u00e9liorer l\u2019\u00e9tiquetage des packagings (i.e Nutriscore, HFSS), Actifiber\u00ae n\u2019est pas consid\u00e9r\u00e9 comme un additif, et peut \u00eatre d\u00e9clar\u00e9 comme \u00ab fibre soluble de ma\u00efs \u00bb.<\/p>\n<p>&nbsp;<\/p>\n<p>&nbsp;<\/p>\n<h2><strong>Principaux b\u00e9n\u00e9fices :<img loading=\"lazy\" decoding=\"async\" class=\" wp-image-25505 alignright\" src=\"https:\/\/www.tereos.com\/app\/uploads\/2025\/11\/gettyimages-85633769-resized.png\" alt=\"\" width=\"224\" height=\"300\" \/><\/strong><\/h2>\n<ul>\n<li>Permet l\u2019enrichissement en fibres et la r\u00e9duction calorique dans les produits finis<\/li>\n<li>Un meilleur Nutri-Score (ou \u00e9quivalent type HFSS)<\/li>\n<li>Une pr\u00e9servation du go\u00fbt original du produit<\/li>\n<li>Maintient la texture originale du produit final<\/li>\n<li>Une transparence en solution et une excellente solubilit\u00e9<\/li>\n<li>Convient aux r\u00e9gimes v\u00e9g\u00e9taliens<\/li>\n<\/ul>\n<p>&nbsp;<\/p>\n<h2><strong>Applications :<\/strong><\/h2>\n<p>Actifiber\u00ae s\u2019int\u00e8gre facilement dans une large gamme de cat\u00e9gories alimentaires et boissons :<\/p>\n<ul>\n<li>Boissons : sodas, eaux aromatis\u00e9es, th\u00e9s\/caf\u00e9s pr\u00eats \u00e0 boire, boissons aux fruits<\/li>\n<li>Boulangerie &amp; c\u00e9r\u00e9ales : g\u00e2teaux, viennoiseries, biscuits, pains, barres c\u00e9r\u00e9ali\u00e8res, snacks<\/li>\n<li>Chocolat et confiserie : p\u00e2tes \u00e0 tartiner, fourrages, bonbons, caramels<\/li>\n<li>Produits laitiers et v\u00e9g\u00e9taux : yaourts, glaces, cr\u00e8mes desserts, milkshakes, boissons v\u00e9g\u00e9tales<\/li>\n<\/ul>\n<p>&nbsp;<\/p>\n<h2><strong>Impact nutritionnel concret :<\/strong><\/h2>\n<ul>\n<li>Une eau enrichie en fibres (250 ml) avec Actifiber\u00ae peut couvrir jusqu\u2019\u00e0 20 % des besoins quotidiens en fibres<\/li>\n<li>Un g\u00e2teau avec Actifiber\u00ae peut passer d\u2019un Nutri-Score D \u00e0 C et obtenir une all\u00e9gation \u00ab riche en fibres \u00bb<\/li>\n<li>Une glace reformul\u00e9e avec Actifiber\u00ae peut am\u00e9liorer son Nutri-Score de C \u00e0 A<\/li>\n<li>Une barre c\u00e9r\u00e9ali\u00e8re peut passer de D \u00e0 B gr\u00e2ce \u00e0 Actifiber\u00ae<\/li>\n<li>Un chocolat contenant 8 % d\u2019Actifiber\u00ae peut pr\u00e9tendre \u00e0 une all\u00e9gation \u00ab riche en fibres \u00bb<\/li>\n<\/ul>\n<p><img loading=\"lazy\" decoding=\"async\" class=\"wp-image-25495 aligncenter\" src=\"https:\/\/www.tereos.com\/app\/uploads\/2025\/11\/aliments-scaled.jpg\" alt=\"\" width=\"510\" height=\"300\" srcset=\"https:\/\/www.tereos.com\/app\/uploads\/2025\/11\/aliments-scaled.jpg 2560w, https:\/\/www.tereos.com\/app\/uploads\/2025\/11\/aliments-300x176.jpg 300w, https:\/\/www.tereos.com\/app\/uploads\/2025\/11\/aliments-1536x903.jpg 1536w, https:\/\/www.tereos.com\/app\/uploads\/2025\/11\/aliments-2048x1204.jpg 2048w\" sizes=\"(max-width: 510px) 100vw, 510px\" \/><\/p>\n<h2><\/h2>\n<p>&nbsp;<\/p>\n<h2><strong>Services de reformulation<\/strong><\/h2>\n<p>Tereos ne se limite pas \u00e0 la fourniture d\u2019ingr\u00e9dients. Gr\u00e2ce \u00e0 son <strong>Customer Innovation Centre<\/strong> et \u00e0 son \u00e9quipe d\u2019experts en reformulation, Tereos accompagne les marques alimentaires dans l\u2019int\u00e9gration efficace d\u2019Actifiber\u00ae, pour r\u00e9pondre aux attentes des consommateurs et aux exigences r\u00e9glementaires.<\/p>\n<p>&nbsp;<\/p>\n<blockquote><p>\u00ab Avec Actifiber\u00ae, Tereos propose bien plus qu\u2019un apport en fibres : c\u2019est un levier strat\u00e9gique pour valoriser les produits et renforcer le positionnement des marques en lien avec les attentes de consommateurs. \u00bb<\/p><\/blockquote>\n<p style=\"text-align: right\"><em>Marion Hoff, Directrice Commerciale Europe<\/em><\/p>\n<p>&nbsp;<\/p>\n<blockquote><p>\u00ab Notre approche collaborative garantit que les b\u00e9n\u00e9fices nutritionnels d\u2019Actifiber\u00ae ne se font jamais au d\u00e9triment du go\u00fbt ou de la texture. \u00bb<\/p><\/blockquote>\n<p style=\"text-align: right\"><em>Michel Flambeau, Directeur du Customer Innovation Centre<\/em><\/p>\n<h4><\/h4>\n<p>&nbsp;<\/p>\n<p><img loading=\"lazy\" decoding=\"async\" class=\"wp-image-25484 aligncenter\" src=\"https:\/\/www.tereos.com\/app\/uploads\/2025\/11\/gettyimages-973270736-scaled.jpg\" alt=\"\" width=\"536\" height=\"357\" srcset=\"https:\/\/www.tereos.com\/app\/uploads\/2025\/11\/gettyimages-973270736-scaled.jpg 2560w, https:\/\/www.tereos.com\/app\/uploads\/2025\/11\/gettyimages-973270736-300x200.jpg 300w, https:\/\/www.tereos.com\/app\/uploads\/2025\/11\/gettyimages-973270736-1536x1024.jpg 1536w, https:\/\/www.tereos.com\/app\/uploads\/2025\/11\/gettyimages-973270736-2048x1365.jpg 2048w\" sizes=\"(max-width: 536px) 100vw, 536px\" \/><\/p>\n<h3 style=\"text-align: center\"><strong>****<\/strong><\/h3>\n<ul>\n<li><a href=\"https:\/\/www.tereos.com\/app\/uploads\/2025\/11\/actifiber%C2%AE-leaflet-2025.pdf\">Brochure<\/a><\/li>\n<li><a href=\"https:\/\/tereos.com\/fr\/communiques\/tereos-lance-actifiber-une-nouvelle-fibre-dorigine-vegetale-pour-concilier-plaisir-et-equilibre-nutritionnel-dans-notre-alimentation-du-quotidien\/\">Communiqu\u00e9 de presse<\/a><\/li>\n<li>Contactez-nous pour d\u00e9couvrir comment Actifiber\u00ae peut enrichir votre portefeuille produits : <a href=\"mailto:contact@tereos.com\">contact@tereos.com<\/a><\/li>\n<\/ul>\n<p>&nbsp;<\/p>\n<h4 style=\"text-align: center\"><em>Actifiber\u00ae est fabriqu\u00e9 sous licence de Nagase Viita, Japon.<\/em><\/h4>\n"},{"acf_fc_layout":"media","anchor_title":"","type":"video","video":"<iframe class=\"embed-responsive-item\" title=\"Actifiber\u00ae, plus de fibres, moins de calories, le m\u00eame bon go\u00fbt !\" src=\"https:\/\/www.youtube.com\/embed\/5hSiOQtwjC0?feature=oembed\" frameborder=\"0\" allow=\"accelerometer; autoplay; clipboard-write; encrypted-media; gyroscope; picture-in-picture; web-share\" referrerpolicy=\"strict-origin-when-cross-origin\" allowfullscreen allow=\"autoplay; encrypted-media\"><\/iframe>","image":false,"caption":"","is_downloadable":false,"items":false}],"flexible_editorial_clone":{"has_anchors":false,"sections":[{"acf_fc_layout":"rich_text","anchor_title":"","text":"<h2><img loading=\"lazy\" decoding=\"async\" class=\"aligncenter wp-image-25476\" src=\"https:\/\/www.tereos.com\/app\/uploads\/2025\/11\/actifiber-rvb.png\" alt=\"\" width=\"575\" height=\"206\" srcset=\"https:\/\/www.tereos.com\/app\/uploads\/2025\/11\/actifiber-rvb.png 3544w, https:\/\/www.tereos.com\/app\/uploads\/2025\/11\/actifiber-rvb-300x107.png 300w, https:\/\/www.tereos.com\/app\/uploads\/2025\/11\/actifiber-rvb-1536x549.png 1536w, https:\/\/www.tereos.com\/app\/uploads\/2025\/11\/actifiber-rvb-2048x732.png 2048w\" sizes=\"(max-width: 575px) 100vw, 575px\" \/><\/h2>\n<p>&nbsp;<\/p>\n<h2 style=\"text-align: center\"><em>Plus de fibres, moins de calories, le m\u00eame bon go\u00fbt !<\/em><\/h2>\n<p>Les consommateurs recherchent activement une alimentation plus saine et plus transparente. Les fibres jouent un r\u00f4le essentiel dans la sant\u00e9 digestive, pourtant la majorit\u00e9 des adultes n\u2019atteint pas les apports journaliers recommand\u00e9s. Pour r\u00e9pondre \u00e0 cette demande croissante, Tereos lance Actifiber\u00ae, une fibre soluble de ma\u00efs unique con\u00e7ue pour de meilleures reformulations nutritionnelles sans compromis sur le go\u00fbt ou la texture.<\/p>\n<p>&nbsp;<\/p>\n<p><strong>Actifiber\u00ae<\/strong> est un ingr\u00e9dient d\u2019origine v\u00e9g\u00e9tale, issu d\u2019amidon de ma\u00efs non-OGM, produit en France via un proc\u00e9d\u00e9 enzymatique qui pr\u00e9serve ses propri\u00e9t\u00e9s nutritionnelles et fonctionnelles. Id\u00e9al pour am\u00e9liorer l\u2019\u00e9tiquetage des packagings (i.e Nutriscore, HFSS), Actifiber\u00ae n\u2019est pas consid\u00e9r\u00e9 comme un additif, et peut \u00eatre d\u00e9clar\u00e9 comme \u00ab fibre soluble de ma\u00efs \u00bb.<\/p>\n<p>&nbsp;<\/p>\n<p>&nbsp;<\/p>\n<h2><strong>Principaux b\u00e9n\u00e9fices :<img loading=\"lazy\" decoding=\"async\" class=\" wp-image-25505 alignright\" src=\"https:\/\/www.tereos.com\/app\/uploads\/2025\/11\/gettyimages-85633769-resized.png\" alt=\"\" width=\"224\" height=\"300\" \/><\/strong><\/h2>\n<ul>\n<li>Permet l\u2019enrichissement en fibres et la r\u00e9duction calorique dans les produits finis<\/li>\n<li>Un meilleur Nutri-Score (ou \u00e9quivalent type HFSS)<\/li>\n<li>Une pr\u00e9servation du go\u00fbt original du produit<\/li>\n<li>Maintient la texture originale du produit final<\/li>\n<li>Une transparence en solution et une excellente solubilit\u00e9<\/li>\n<li>Convient aux r\u00e9gimes v\u00e9g\u00e9taliens<\/li>\n<\/ul>\n<p>&nbsp;<\/p>\n<h2><strong>Applications :<\/strong><\/h2>\n<p>Actifiber\u00ae s\u2019int\u00e8gre facilement dans une large gamme de cat\u00e9gories alimentaires et boissons :<\/p>\n<ul>\n<li>Boissons : sodas, eaux aromatis\u00e9es, th\u00e9s\/caf\u00e9s pr\u00eats \u00e0 boire, boissons aux fruits<\/li>\n<li>Boulangerie &amp; c\u00e9r\u00e9ales : g\u00e2teaux, viennoiseries, biscuits, pains, barres c\u00e9r\u00e9ali\u00e8res, snacks<\/li>\n<li>Chocolat et confiserie : p\u00e2tes \u00e0 tartiner, fourrages, bonbons, caramels<\/li>\n<li>Produits laitiers et v\u00e9g\u00e9taux : yaourts, glaces, cr\u00e8mes desserts, milkshakes, boissons v\u00e9g\u00e9tales<\/li>\n<\/ul>\n<p>&nbsp;<\/p>\n<h2><strong>Impact nutritionnel concret :<\/strong><\/h2>\n<ul>\n<li>Une eau enrichie en fibres (250 ml) avec Actifiber\u00ae peut couvrir jusqu\u2019\u00e0 20 % des besoins quotidiens en fibres<\/li>\n<li>Un g\u00e2teau avec Actifiber\u00ae peut passer d\u2019un Nutri-Score D \u00e0 C et obtenir une all\u00e9gation \u00ab riche en fibres \u00bb<\/li>\n<li>Une glace reformul\u00e9e avec Actifiber\u00ae peut am\u00e9liorer son Nutri-Score de C \u00e0 A<\/li>\n<li>Une barre c\u00e9r\u00e9ali\u00e8re peut passer de D \u00e0 B gr\u00e2ce \u00e0 Actifiber\u00ae<\/li>\n<li>Un chocolat contenant 8 % d\u2019Actifiber\u00ae peut pr\u00e9tendre \u00e0 une all\u00e9gation \u00ab riche en fibres \u00bb<\/li>\n<\/ul>\n<p><img loading=\"lazy\" decoding=\"async\" class=\"wp-image-25495 aligncenter\" src=\"https:\/\/www.tereos.com\/app\/uploads\/2025\/11\/aliments-scaled.jpg\" alt=\"\" width=\"510\" height=\"300\" srcset=\"https:\/\/www.tereos.com\/app\/uploads\/2025\/11\/aliments-scaled.jpg 2560w, https:\/\/www.tereos.com\/app\/uploads\/2025\/11\/aliments-300x176.jpg 300w, https:\/\/www.tereos.com\/app\/uploads\/2025\/11\/aliments-1536x903.jpg 1536w, https:\/\/www.tereos.com\/app\/uploads\/2025\/11\/aliments-2048x1204.jpg 2048w\" sizes=\"(max-width: 510px) 100vw, 510px\" \/><\/p>\n<h2><\/h2>\n<p>&nbsp;<\/p>\n<h2><strong>Services de reformulation<\/strong><\/h2>\n<p>Tereos ne se limite pas \u00e0 la fourniture d\u2019ingr\u00e9dients. Gr\u00e2ce \u00e0 son <strong>Customer Innovation Centre<\/strong> et \u00e0 son \u00e9quipe d\u2019experts en reformulation, Tereos accompagne les marques alimentaires dans l\u2019int\u00e9gration efficace d\u2019Actifiber\u00ae, pour r\u00e9pondre aux attentes des consommateurs et aux exigences r\u00e9glementaires.<\/p>\n<p>&nbsp;<\/p>\n<blockquote><p>\u00ab Avec Actifiber\u00ae, Tereos propose bien plus qu\u2019un apport en fibres : c\u2019est un levier strat\u00e9gique pour valoriser les produits et renforcer le positionnement des marques en lien avec les attentes de consommateurs. \u00bb<\/p><\/blockquote>\n<p style=\"text-align: right\"><em>Marion Hoff, Directrice Commerciale Europe<\/em><\/p>\n<p>&nbsp;<\/p>\n<blockquote><p>\u00ab Notre approche collaborative garantit que les b\u00e9n\u00e9fices nutritionnels d\u2019Actifiber\u00ae ne se font jamais au d\u00e9triment du go\u00fbt ou de la texture. \u00bb<\/p><\/blockquote>\n<p style=\"text-align: right\"><em>Michel Flambeau, Directeur du Customer Innovation Centre<\/em><\/p>\n<h4><\/h4>\n<p>&nbsp;<\/p>\n<p><img loading=\"lazy\" decoding=\"async\" class=\"wp-image-25484 aligncenter\" src=\"https:\/\/www.tereos.com\/app\/uploads\/2025\/11\/gettyimages-973270736-scaled.jpg\" alt=\"\" width=\"536\" height=\"357\" srcset=\"https:\/\/www.tereos.com\/app\/uploads\/2025\/11\/gettyimages-973270736-scaled.jpg 2560w, https:\/\/www.tereos.com\/app\/uploads\/2025\/11\/gettyimages-973270736-300x200.jpg 300w, https:\/\/www.tereos.com\/app\/uploads\/2025\/11\/gettyimages-973270736-1536x1024.jpg 1536w, https:\/\/www.tereos.com\/app\/uploads\/2025\/11\/gettyimages-973270736-2048x1365.jpg 2048w\" sizes=\"(max-width: 536px) 100vw, 536px\" \/><\/p>\n<h3 style=\"text-align: center\"><strong>****<\/strong><\/h3>\n<ul>\n<li><a href=\"https:\/\/www.tereos.com\/app\/uploads\/2025\/11\/actifiber%C2%AE-leaflet-2025.pdf\">Brochure<\/a><\/li>\n<li><a href=\"https:\/\/tereos.com\/fr\/communiques\/tereos-lance-actifiber-une-nouvelle-fibre-dorigine-vegetale-pour-concilier-plaisir-et-equilibre-nutritionnel-dans-notre-alimentation-du-quotidien\/\">Communiqu\u00e9 de presse<\/a><\/li>\n<li>Contactez-nous pour d\u00e9couvrir comment Actifiber\u00ae peut enrichir votre portefeuille produits : <a href=\"mailto:contact@tereos.com\">contact@tereos.com<\/a><\/li>\n<\/ul>\n<p>&nbsp;<\/p>\n<h4 style=\"text-align: center\"><em>Actifiber\u00ae est fabriqu\u00e9 sous licence de Nagase Viita, Japon.<\/em><\/h4>\n"},{"acf_fc_layout":"media","anchor_title":"","type":"video","video":"<iframe class=\"embed-responsive-item\" title=\"Actifiber\u00ae, plus de fibres, moins de calories, le m\u00eame bon go\u00fbt !\" src=\"https:\/\/www.youtube.com\/embed\/5hSiOQtwjC0?feature=oembed\" frameborder=\"0\" allow=\"accelerometer; autoplay; clipboard-write; encrypted-media; gyroscope; picture-in-picture; web-share\" referrerpolicy=\"strict-origin-when-cross-origin\" allowfullscreen allow=\"autoplay; encrypted-media\"><\/iframe>","image":false,"caption":"","is_downloadable":false,"items":false}]}},"yoast_head":"<!-- This site is optimized with the Yoast SEO plugin v23.7 - https:\/\/yoast.com\/wordpress\/plugins\/seo\/ -->\n<title>Actifiber\u00ae - Tereos<\/title>\n<meta name=\"description\" content=\"Tereos lance Actifiber\u00ae, une fibre soluble de ma\u00efs unique con\u00e7ue pour de meilleures reformulations nutritionnelles sans compromis sur le go\u00fbt ou la texture.\" \/>\n<meta name=\"robots\" content=\"index, follow, max-snippet:-1, max-image-preview:large, max-video-preview:-1\" \/>\n<link rel=\"canonical\" href=\"https:\/\/tereos.com\/fr\/actifiber\/\" \/>\n<meta property=\"og:locale\" content=\"fr_FR\" \/>\n<meta property=\"og:type\" content=\"article\" \/>\n<meta property=\"og:title\" content=\"Actifiber\u00ae - Tereos\" \/>\n<meta property=\"og:description\" content=\"Tereos lance Actifiber\u00ae, une fibre soluble de ma\u00efs unique con\u00e7ue pour de meilleures reformulations nutritionnelles sans compromis sur le go\u00fbt ou la texture.\" \/>\n<meta property=\"og:url\" content=\"https:\/\/tereos.com\/fr\/actifiber\/\" \/>\n<meta property=\"og:site_name\" content=\"Tereos\" \/>\n<meta property=\"article:modified_time\" content=\"2025-11-13T07:40:30+00:00\" \/>\n<meta name=\"twitter:card\" content=\"summary_large_image\" \/>\n<script type=\"application\/ld+json\" class=\"yoast-schema-graph\">{\"@context\":\"https:\/\/schema.org\",\"@graph\":[{\"@type\":\"WebPage\",\"@id\":\"https:\/\/tereos.com\/fr\/actifiber\/\",\"url\":\"https:\/\/tereos.com\/fr\/actifiber\/\",\"name\":\"Actifiber\u00ae - Tereos\",\"isPartOf\":{\"@id\":\"https:\/\/tereos.com\/en\/#website\"},\"datePublished\":\"2025-11-13T06:50:58+00:00\",\"dateModified\":\"2025-11-13T07:40:30+00:00\",\"description\":\"Tereos lance Actifiber\u00ae, une fibre soluble de ma\u00efs unique con\u00e7ue pour de meilleures reformulations nutritionnelles sans compromis sur le go\u00fbt ou la texture.\",\"inLanguage\":\"fr-FR\",\"potentialAction\":[{\"@type\":\"ReadAction\",\"target\":[\"https:\/\/tereos.com\/fr\/actifiber\/\"]}]},{\"@type\":\"WebSite\",\"@id\":\"https:\/\/tereos.com\/en\/#website\",\"url\":\"https:\/\/tereos.com\/en\/\",\"name\":\"Tereos\",\"description\":\"Un site utilisant WordPress\",\"potentialAction\":[{\"@type\":\"SearchAction\",\"target\":{\"@type\":\"EntryPoint\",\"urlTemplate\":\"https:\/\/tereos.com\/en\/?s={search_term_string}\"},\"query-input\":{\"@type\":\"PropertyValueSpecification\",\"valueRequired\":true,\"valueName\":\"search_term_string\"}}],\"inLanguage\":\"fr-FR\"}]}<\/script>\n<!-- \/ Yoast SEO plugin. -->","yoast_head_json":{"title":"Actifiber\u00ae - Tereos","description":"Tereos lance Actifiber\u00ae, une fibre soluble de ma\u00efs unique con\u00e7ue pour de meilleures reformulations nutritionnelles sans compromis sur le go\u00fbt ou la texture.","robots":{"index":"index","follow":"follow","max-snippet":"max-snippet:-1","max-image-preview":"max-image-preview:large","max-video-preview":"max-video-preview:-1"},"canonical":"https:\/\/tereos.com\/fr\/actifiber\/","og_locale":"fr_FR","og_type":"article","og_title":"Actifiber\u00ae - Tereos","og_description":"Tereos lance Actifiber\u00ae, une fibre soluble de ma\u00efs unique con\u00e7ue pour de meilleures reformulations nutritionnelles sans compromis sur le go\u00fbt ou la texture.","og_url":"https:\/\/tereos.com\/fr\/actifiber\/","og_site_name":"Tereos","article_modified_time":"2025-11-13T07:40:30+00:00","twitter_card":"summary_large_image","schema":{"@context":"https:\/\/schema.org","@graph":[{"@type":"WebPage","@id":"https:\/\/tereos.com\/fr\/actifiber\/","url":"https:\/\/tereos.com\/fr\/actifiber\/","name":"Actifiber\u00ae - Tereos","isPartOf":{"@id":"https:\/\/tereos.com\/en\/#website"},"datePublished":"2025-11-13T06:50:58+00:00","dateModified":"2025-11-13T07:40:30+00:00","description":"Tereos lance Actifiber\u00ae, une fibre soluble de ma\u00efs unique con\u00e7ue pour de meilleures reformulations nutritionnelles sans compromis sur le go\u00fbt ou la texture.","inLanguage":"fr-FR","potentialAction":[{"@type":"ReadAction","target":["https:\/\/tereos.com\/fr\/actifiber\/"]}]},{"@type":"WebSite","@id":"https:\/\/tereos.com\/en\/#website","url":"https:\/\/tereos.com\/en\/","name":"Tereos","description":"Un site utilisant WordPress","potentialAction":[{"@type":"SearchAction","target":{"@type":"EntryPoint","urlTemplate":"https:\/\/tereos.com\/en\/?s={search_term_string}"},"query-input":{"@type":"PropertyValueSpecification","valueRequired":true,"valueName":"search_term_string"}}],"inLanguage":"fr-FR"}]}},"_links":{"self":[{"href":"https:\/\/tereos.com\/fr\/wp-json\/wp\/v2\/pages\/25465"}],"collection":[{"href":"https:\/\/tereos.com\/fr\/wp-json\/wp\/v2\/pages"}],"about":[{"href":"https:\/\/tereos.com\/fr\/wp-json\/wp\/v2\/types\/page"}],"author":[{"embeddable":true,"href":"https:\/\/tereos.com\/fr\/wp-json\/wp\/v2\/users\/17"}],"replies":[{"embeddable":true,"href":"https:\/\/tereos.com\/fr\/wp-json\/wp\/v2\/comments?post=25465"}],"version-history":[{"count":3,"href":"https:\/\/tereos.com\/fr\/wp-json\/wp\/v2\/pages\/25465\/revisions"}],"predecessor-version":[{"id":25516,"href":"https:\/\/tereos.com\/fr\/wp-json\/wp\/v2\/pages\/25465\/revisions\/25516"}],"wp:attachment":[{"href":"https:\/\/tereos.com\/fr\/wp-json\/wp\/v2\/media?parent=25465"}],"curies":[{"name":"wp","href":"https:\/\/api.w.org\/{rel}","templated":true}]}}