{"id":25752,"date":"2025-12-18T15:51:44","date_gmt":"2025-12-18T14:51:44","guid":{"rendered":"https:\/\/tereos.com\/?page_id=25752"},"modified":"2026-02-23T10:41:03","modified_gmt":"2026-02-23T09:41:03","slug":"zaragoza","status":"publish","type":"page","link":"https:\/\/tereos.com\/fr\/zaragoza\/","title":{"rendered":"Grupo cooperativo azucarero franc\u00e9s"},"content":{"rendered":"","protected":false},"excerpt":{"rendered":"","protected":false},"author":2226,"featured_media":25768,"parent":0,"menu_order":0,"comment_status":"closed","ping_status":"closed","template":"page-activity-products.php","meta":{"_acf_changed":false,"footnotes":""},"class_list":["post-25752","page","type-page","status-publish","has-post-thumbnail","hentry"],"acf":{"cover_type":"image","cover_image":25768,"hide_title":false,"link":"","cover_video_clone":{"cover_type":"image","cover_image":25768,"cover_video_uploaded":false,"hide_title":false,"link":""},"subtitle":"TEREOS ZARAGOZA","subtitle_clone":{"subtitle":"TEREOS ZARAGOZA"},"headline":"","headline_clone":{"headline":""},"sections":[{"acf_fc_layout":"accordions_split","title":"Sobre Tereos Zaragoza","text":"<p>La planta de Tereos en Zaragoza se dedica a la transformaci\u00f3n del ma\u00edz para producir almidones y glucosas que se emplean en la industria alimentaria y farmac\u00e9utica y tambi\u00e9n en el sector industrial.<\/p>\n<p>Nuestra misi\u00f3n es aportar soluciones innovadoras y sostenibles para la industria alimentaria, farmac\u00e9utica y otros sectores, contribuyendo al desarrollo econ\u00f3mico y social de Arag\u00f3n.<\/p>\n","image":false,"items":[{"title":"Nuestra Historia","image":false,"text":"<p>La planta de Zaragoza cuenta con una s\u00f3lida trayectoria en la transformaci\u00f3n del ma\u00edz, adapt\u00e1ndose a las necesidades del mercado y apostando por la innovaci\u00f3n y la calidad. Desde su integraci\u00f3n en el grupo Tereos, ha reforzado su posici\u00f3n como referente en el sector.<\/p>\n<p>La planta de Zaragoza naci\u00f3 en 1964 bajo el nombre de Campo Ebro Industrial, impulsada por empresarios locales y la antigua Caja de Ahorros de Zaragoza (hoy Ibercaja), junto con el apoyo de entidades como Banco Industrial de Bilbao y el grupo belga Amylum. Inici\u00f3 su actividad en 1966, convirti\u00e9ndose en un referente de la transformaci\u00f3n del ma\u00edz en Arag\u00f3n y generando un impacto social y econ\u00f3mico que hoy alcanza a m\u00e1s de 1.000 familias.<\/p>\n<p>A lo largo de las d\u00e9cadas, la f\u00e1brica ha evolucionado y diversificado su producci\u00f3n: desde los primeros almidones y glucosas, pasando por la fabricaci\u00f3n de isoglucosas y dextrosas, hasta convertirse en proveedor para sectores como la alimentaci\u00f3n humana y animal, la industria farmac\u00e9utica, la qu\u00edmica verde y el papel.<\/p>\n<p>La planta ha pasado por diferentes etapas y propietarios, destacando su integraci\u00f3n en Amylum, posteriormente en Tate &amp; Lyle, y en 2008 en el grupo franc\u00e9s Syral, uno de los brazos del grupo cooperativo Tereos. En estos a\u00f1os, la f\u00e1brica ha apostado por la modernizaci\u00f3n tecnol\u00f3gica, la trazabilidad y la sostenibilidad, manteni\u00e9ndose a la vanguardia en eficiencia y calidad.<\/p>\n"},{"title":"Nuestra Materia Prima","image":false,"text":"<p>En Zaragoza, el ma\u00edz es su \u00fanica materia prima. Contamos con un equipo dedicado a garantizar la trazabilidad y calidad del grano, colaborando estrechamente con agricultores locales y nacionales.<\/p>\n<p>Tradicionalmente, el ma\u00edz procesado por Tereos en Zaragoza procede principalmente del Valle del Ebro, una de las zonas m\u00e1s productoras de Espa\u00f1a, donde la empresa colabora con m\u00e1s de 700 agricultores locales, adem\u00e1s de adquirir parte del grano en el sur de Francia para complementar la demanda. En las primeras d\u00e9cadas, la compra era sencilla y el ma\u00edz era \u00edntegramente local, pero a finales del siglo XX surgieron nuevos retos, como la aparici\u00f3n de plagas (el taladro) que afectaban gravemente a las cosechas. Para combatirlas, se introdujo el ma\u00edz modificado gen\u00e9ticamente MON 810, uno de los pocos cultivos transg\u00e9nicos permitidos en Europa. Nuestra planta solo puede procesar ma\u00edz No Modificado Gen\u00e9ticamente, dadas sus aplicaciones en los sectores alimentarios y farmac\u00e9uticos y as\u00ed lo certifica.<\/p>\n<p>&nbsp;<\/p>\n<p>[Picture]<\/p>\n<p>&nbsp;<\/p>\n<p>La apuesta por la calidad y la sostenibilidad ha llevado a Tereos Zaragoza a certificar su ma\u00edz bajo el sello FSA (Farm Sustainability Assessment) y a invertir en proyectos de investigaci\u00f3n pioneros.<\/p>\n<p>Entre los m\u00e1s destacados, el proyecto \u201cFUN&amp;SAFE Corn\u201d (2016-2021), desarrollado junto a la Universidad de Zaragoza y el Parque Cient\u00edfico Tecnol\u00f3gico Aula Dei, permiti\u00f3 crear un manual de buenas pr\u00e1cticas agr\u00edcolas para prevenir micotoxinas en el cultivo del ma\u00edz.<\/p>\n<p>Posteriormente, el proyecto \u201cVATAMA\u201d (2018-2022) demostr\u00f3 que, mediante herramientas no qu\u00edmicas, es posible aumentar la superficie de ma\u00edz no transg\u00e9nico y combatir la plaga del taladro. Actualmente, la planta participa en el proyecto \u201cFUSPREDICT\u201d (2023-2025), cuyo objetivo es desarrollar un modelo predictivo basado en la nube para anticipar la evoluci\u00f3n de hongos Fusarium spp y la generaci\u00f3n de micotoxinas en grano, reforzando as\u00ed la seguridad alimentaria y la calidad del producto.<\/p>\n<p>&nbsp;<\/p>\n<p>Adem\u00e1s, en 2023 se ha iniciado la construcci\u00f3n de un nuevo centro log\u00edstico de ma\u00edz en Villanueva de G\u00e1llego, que os est\u00e1 permitiendo mejorar el control de calidad y posibilitar\u00e1 en un futuro el almacenamiento del grano antes de su transporte a la planta.<\/p>\n"},{"title":"Nuestros Productos","image":false,"text":"<p>Los productos elaborados en Tereos Zaragoza tienen aplicaciones en sectores clave:<\/p>\n<ul>\n<li>Industria alimentaria: Almidones y jarabes para la fabricaci\u00f3n de productos de panader\u00eda, confiter\u00eda, bebidas, l\u00e1cteos y alimentos infantiles. Nuestros edulcorantes se emplean en la formulaci\u00f3n de productos bajos en az\u00facar y alternativas saludables.<\/li>\n<li>Industria farmac\u00e9utica: Almidones modificados y jarabes como excipientes y componentes en la elaboraci\u00f3n de medicamentos y suplementos nutricionales. Dextrosa monohidrato como API (Active Pharmaceutical Ingredient) utilizado en sueros y tratamientos de hemodi\u00e1lisis.<\/li>\n<li>Industria papelera: Almidones para mejorar la resistencia y calidad del papel y cart\u00f3n.<\/li>\n<li>Qu\u00edmica Verde: Derivados del ma\u00edz para la producci\u00f3n de biopl\u00e1sticos, adhesivos y otros productos sostenibles.<\/li>\n<li>Nutrici\u00f3n animal: Coproductos ricos en fibra y prote\u00ednas para la alimentaci\u00f3n animal.<\/li>\n<\/ul>\n<p>Nuestro compromiso con la innovaci\u00f3n nos impulsa a desarrollar soluciones personalizadas, colaborando estrechamente con nuestros clientes, para responder a los retos del mercado y las tendencias de consumo.<\/p>\n<p>&nbsp;<\/p>\n<p>[Picture]<\/p>\n<table class=\"table\">\n<tbody>\n<tr>\n<td width=\"283\">\n<h2>Clientes<\/h2>\n<p>Trabajamos con empresas l\u00edderes en sus sectores, que conf\u00edan en la calidad y fiabilidad de nuestros productos.<\/p>\n<p>Formulario contacto \u2013 logos clientes??<\/td>\n<td width=\"283\">\n<h2>Distribuidor para peque\u00f1os pedidos<\/h2>\n<p>Si necesitas cantidades reducidas de nuestros productos, contacta con nuestro equipo comercial. Te asesoraremos y gestionaremos tu pedido de forma \u00e1gil y personalizada.<\/p>\n<p>formulario de contacto<\/td>\n<\/tr>\n<\/tbody>\n<\/table>\n<p>&nbsp;<\/p>\n"},{"title":"Grupo Tereos","image":false,"text":"<p>El grupo cooperativo Tereos, una uni\u00f3n de 10 300 miembros cooperativistas, cuenta con un reconocido saber hacer en el procesamiento de remolacha azucarera, ca\u00f1a de az\u00facar, cereales y alfalfa. Con 38 centros industriales, operaciones en 14 pa\u00edses y 15 600 empleados comprometidos, Tereos apoya a sus clientes lo m\u00e1s cerca posible de sus mercados, con una amplia gama de productos complementarios. Impulsada por su prop\u00f3sito de \u00abcultivar un futuro compartido para la Tierra y la humanidad satisfaciendo las necesidades diarias esenciales\u00bb, la cooperativa es una de las 50 empresas m\u00e1s comprometidas en t\u00e9rminos de emisiones relacionadas con los bosques, la tierra y la agricultura. En 2024, Tereos se comprometi\u00f3 a seguir una hoja de ruta de descarbonizaci\u00f3n validada por la norma FLAG Corporate Net-Zero Standard de SBTi.<\/p>\n<p>&nbsp;<\/p>\n<p>[Picture]<\/p>\n"}]},{"acf_fc_layout":"accordions_split","title":"Equipo, Proyectos, Sostenibilidad y RSC","text":"<p>El equipo de Tereos Zaragoza est\u00e1 formado por profesionales comprometidos con la excelencia, la seguridad y el desarrollo sostenible. Apostamos por la formaci\u00f3n continua y el bienestar laboral.<\/p>\n","image":false,"items":[{"title":"Responsabilidad Social Corporativa","image":false,"text":"<p>Desarrollamos acciones locales que contribuyen al entorno social y medioambiental. Consulta nuestra memoria anual y conoce nuestros compromisos en RSC.<\/p>\n"},{"title":"Energ\u00eda","image":false,"text":"<p>Implementamos medidas de eficiencia energ\u00e9tica y apostamos por fuentes renovables, reduciendo el impacto ambiental de nuestra actividad.<\/p>\n"},{"title":"Nuestros procesos y proyectos","image":false,"text":"<p>Nuestros procesos productivos est\u00e1n dise\u00f1ados para maximizar la eficiencia y minimizar el impacto ambiental, garantizando la calidad y seguridad alimentaria.<\/p>\n<p>Diagrama de flujo de procesos productivos.<\/p>\n<p>[Proyectos recientes\u2026.]<\/p>\n<p>[Proyectos futuros\u2026]<\/p>\n<p>Se est\u00e1 desarrollando una planta para el tratamiento de efluentes, valorizando la mayor\u00eda para la producci\u00f3n de biog\u00e1s, con una inversi\u00f3n superior a 16 millones de euros y la incorporaci\u00f3n de las \u00faltimas tecnolog\u00edas para minimizar el impacto ambiental<\/p>\n"}]}],"flexible_ap_cpt_clone":{"sections":[{"acf_fc_layout":"accordions_split","title":"Sobre Tereos Zaragoza","text":"<p>La planta de Tereos en Zaragoza se dedica a la transformaci\u00f3n del ma\u00edz para producir almidones y glucosas que se emplean en la industria alimentaria y farmac\u00e9utica y tambi\u00e9n en el sector industrial.<\/p>\n<p>Nuestra misi\u00f3n es aportar soluciones innovadoras y sostenibles para la industria alimentaria, farmac\u00e9utica y otros sectores, contribuyendo al desarrollo econ\u00f3mico y social de Arag\u00f3n.<\/p>\n","image":false,"items":[{"title":"Nuestra Historia","image":false,"text":"<p>La planta de Zaragoza cuenta con una s\u00f3lida trayectoria en la transformaci\u00f3n del ma\u00edz, adapt\u00e1ndose a las necesidades del mercado y apostando por la innovaci\u00f3n y la calidad. Desde su integraci\u00f3n en el grupo Tereos, ha reforzado su posici\u00f3n como referente en el sector.<\/p>\n<p>La planta de Zaragoza naci\u00f3 en 1964 bajo el nombre de Campo Ebro Industrial, impulsada por empresarios locales y la antigua Caja de Ahorros de Zaragoza (hoy Ibercaja), junto con el apoyo de entidades como Banco Industrial de Bilbao y el grupo belga Amylum. Inici\u00f3 su actividad en 1966, convirti\u00e9ndose en un referente de la transformaci\u00f3n del ma\u00edz en Arag\u00f3n y generando un impacto social y econ\u00f3mico que hoy alcanza a m\u00e1s de 1.000 familias.<\/p>\n<p>A lo largo de las d\u00e9cadas, la f\u00e1brica ha evolucionado y diversificado su producci\u00f3n: desde los primeros almidones y glucosas, pasando por la fabricaci\u00f3n de isoglucosas y dextrosas, hasta convertirse en proveedor para sectores como la alimentaci\u00f3n humana y animal, la industria farmac\u00e9utica, la qu\u00edmica verde y el papel.<\/p>\n<p>La planta ha pasado por diferentes etapas y propietarios, destacando su integraci\u00f3n en Amylum, posteriormente en Tate &amp; Lyle, y en 2008 en el grupo franc\u00e9s Syral, uno de los brazos del grupo cooperativo Tereos. En estos a\u00f1os, la f\u00e1brica ha apostado por la modernizaci\u00f3n tecnol\u00f3gica, la trazabilidad y la sostenibilidad, manteni\u00e9ndose a la vanguardia en eficiencia y calidad.<\/p>\n"},{"title":"Nuestra Materia Prima","image":false,"text":"<p>En Zaragoza, el ma\u00edz es su \u00fanica materia prima. Contamos con un equipo dedicado a garantizar la trazabilidad y calidad del grano, colaborando estrechamente con agricultores locales y nacionales.<\/p>\n<p>Tradicionalmente, el ma\u00edz procesado por Tereos en Zaragoza procede principalmente del Valle del Ebro, una de las zonas m\u00e1s productoras de Espa\u00f1a, donde la empresa colabora con m\u00e1s de 700 agricultores locales, adem\u00e1s de adquirir parte del grano en el sur de Francia para complementar la demanda. En las primeras d\u00e9cadas, la compra era sencilla y el ma\u00edz era \u00edntegramente local, pero a finales del siglo XX surgieron nuevos retos, como la aparici\u00f3n de plagas (el taladro) que afectaban gravemente a las cosechas. Para combatirlas, se introdujo el ma\u00edz modificado gen\u00e9ticamente MON 810, uno de los pocos cultivos transg\u00e9nicos permitidos en Europa. Nuestra planta solo puede procesar ma\u00edz No Modificado Gen\u00e9ticamente, dadas sus aplicaciones en los sectores alimentarios y farmac\u00e9uticos y as\u00ed lo certifica.<\/p>\n<p>&nbsp;<\/p>\n<p>[Picture]<\/p>\n<p>&nbsp;<\/p>\n<p>La apuesta por la calidad y la sostenibilidad ha llevado a Tereos Zaragoza a certificar su ma\u00edz bajo el sello FSA (Farm Sustainability Assessment) y a invertir en proyectos de investigaci\u00f3n pioneros.<\/p>\n<p>Entre los m\u00e1s destacados, el proyecto \u201cFUN&amp;SAFE Corn\u201d (2016-2021), desarrollado junto a la Universidad de Zaragoza y el Parque Cient\u00edfico Tecnol\u00f3gico Aula Dei, permiti\u00f3 crear un manual de buenas pr\u00e1cticas agr\u00edcolas para prevenir micotoxinas en el cultivo del ma\u00edz.<\/p>\n<p>Posteriormente, el proyecto \u201cVATAMA\u201d (2018-2022) demostr\u00f3 que, mediante herramientas no qu\u00edmicas, es posible aumentar la superficie de ma\u00edz no transg\u00e9nico y combatir la plaga del taladro. Actualmente, la planta participa en el proyecto \u201cFUSPREDICT\u201d (2023-2025), cuyo objetivo es desarrollar un modelo predictivo basado en la nube para anticipar la evoluci\u00f3n de hongos Fusarium spp y la generaci\u00f3n de micotoxinas en grano, reforzando as\u00ed la seguridad alimentaria y la calidad del producto.<\/p>\n<p>&nbsp;<\/p>\n<p>Adem\u00e1s, en 2023 se ha iniciado la construcci\u00f3n de un nuevo centro log\u00edstico de ma\u00edz en Villanueva de G\u00e1llego, que os est\u00e1 permitiendo mejorar el control de calidad y posibilitar\u00e1 en un futuro el almacenamiento del grano antes de su transporte a la planta.<\/p>\n"},{"title":"Nuestros Productos","image":false,"text":"<p>Los productos elaborados en Tereos Zaragoza tienen aplicaciones en sectores clave:<\/p>\n<ul>\n<li>Industria alimentaria: Almidones y jarabes para la fabricaci\u00f3n de productos de panader\u00eda, confiter\u00eda, bebidas, l\u00e1cteos y alimentos infantiles. Nuestros edulcorantes se emplean en la formulaci\u00f3n de productos bajos en az\u00facar y alternativas saludables.<\/li>\n<li>Industria farmac\u00e9utica: Almidones modificados y jarabes como excipientes y componentes en la elaboraci\u00f3n de medicamentos y suplementos nutricionales. Dextrosa monohidrato como API (Active Pharmaceutical Ingredient) utilizado en sueros y tratamientos de hemodi\u00e1lisis.<\/li>\n<li>Industria papelera: Almidones para mejorar la resistencia y calidad del papel y cart\u00f3n.<\/li>\n<li>Qu\u00edmica Verde: Derivados del ma\u00edz para la producci\u00f3n de biopl\u00e1sticos, adhesivos y otros productos sostenibles.<\/li>\n<li>Nutrici\u00f3n animal: Coproductos ricos en fibra y prote\u00ednas para la alimentaci\u00f3n animal.<\/li>\n<\/ul>\n<p>Nuestro compromiso con la innovaci\u00f3n nos impulsa a desarrollar soluciones personalizadas, colaborando estrechamente con nuestros clientes, para responder a los retos del mercado y las tendencias de consumo.<\/p>\n<p>&nbsp;<\/p>\n<p>[Picture]<\/p>\n<table class=\"table\">\n<tbody>\n<tr>\n<td width=\"283\">\n<h2>Clientes<\/h2>\n<p>Trabajamos con empresas l\u00edderes en sus sectores, que conf\u00edan en la calidad y fiabilidad de nuestros productos.<\/p>\n<p>Formulario contacto \u2013 logos clientes??<\/td>\n<td width=\"283\">\n<h2>Distribuidor para peque\u00f1os pedidos<\/h2>\n<p>Si necesitas cantidades reducidas de nuestros productos, contacta con nuestro equipo comercial. Te asesoraremos y gestionaremos tu pedido de forma \u00e1gil y personalizada.<\/p>\n<p>formulario de contacto<\/td>\n<\/tr>\n<\/tbody>\n<\/table>\n<p>&nbsp;<\/p>\n"},{"title":"Grupo Tereos","image":false,"text":"<p>El grupo cooperativo Tereos, una uni\u00f3n de 10 300 miembros cooperativistas, cuenta con un reconocido saber hacer en el procesamiento de remolacha azucarera, ca\u00f1a de az\u00facar, cereales y alfalfa. Con 38 centros industriales, operaciones en 14 pa\u00edses y 15 600 empleados comprometidos, Tereos apoya a sus clientes lo m\u00e1s cerca posible de sus mercados, con una amplia gama de productos complementarios. Impulsada por su prop\u00f3sito de \u00abcultivar un futuro compartido para la Tierra y la humanidad satisfaciendo las necesidades diarias esenciales\u00bb, la cooperativa es una de las 50 empresas m\u00e1s comprometidas en t\u00e9rminos de emisiones relacionadas con los bosques, la tierra y la agricultura. En 2024, Tereos se comprometi\u00f3 a seguir una hoja de ruta de descarbonizaci\u00f3n validada por la norma FLAG Corporate Net-Zero Standard de SBTi.<\/p>\n<p>&nbsp;<\/p>\n<p>[Picture]<\/p>\n"}]},{"acf_fc_layout":"accordions_split","title":"Equipo, Proyectos, Sostenibilidad y RSC","text":"<p>El equipo de Tereos Zaragoza est\u00e1 formado por profesionales comprometidos con la excelencia, la seguridad y el desarrollo sostenible. Apostamos por la formaci\u00f3n continua y el bienestar laboral.<\/p>\n","image":false,"items":[{"title":"Responsabilidad Social Corporativa","image":false,"text":"<p>Desarrollamos acciones locales que contribuyen al entorno social y medioambiental. Consulta nuestra memoria anual y conoce nuestros compromisos en RSC.<\/p>\n"},{"title":"Energ\u00eda","image":false,"text":"<p>Implementamos medidas de eficiencia energ\u00e9tica y apostamos por fuentes renovables, reduciendo el impacto ambiental de nuestra actividad.<\/p>\n"},{"title":"Nuestros procesos y proyectos","image":false,"text":"<p>Nuestros procesos productivos est\u00e1n dise\u00f1ados para maximizar la eficiencia y minimizar el impacto ambiental, garantizando la calidad y seguridad alimentaria.<\/p>\n<p>Diagrama de flujo de procesos productivos.<\/p>\n<p>[Proyectos recientes\u2026.]<\/p>\n<p>[Proyectos futuros\u2026]<\/p>\n<p>Se est\u00e1 desarrollando una planta para el tratamiento de efluentes, valorizando la mayor\u00eda para la producci\u00f3n de biog\u00e1s, con una inversi\u00f3n superior a 16 millones de euros y la incorporaci\u00f3n de las \u00faltimas tecnolog\u00edas para minimizar el impacto ambiental<\/p>\n"}]}]},"has_related_content":false,"related_content_clone":{"has_related_content":false,"related_title":"","related_items":false}},"yoast_head":"<!-- This site is optimized with the Yoast SEO plugin v23.7 - https:\/\/yoast.com\/wordpress\/plugins\/seo\/ -->\n<title>Grupo cooperativo azucarero franc\u00e9s - Tereos<\/title>\n<meta name=\"robots\" content=\"index, follow, max-snippet:-1, max-image-preview:large, max-video-preview:-1\" \/>\n<link rel=\"canonical\" href=\"https:\/\/tereos.com\/fr\/zaragoza\/\" \/>\n<meta property=\"og:locale\" content=\"fr_FR\" \/>\n<meta property=\"og:type\" content=\"article\" \/>\n<meta property=\"og:title\" content=\"Grupo cooperativo azucarero franc\u00e9s - Tereos\" \/>\n<meta property=\"og:url\" content=\"https:\/\/tereos.com\/fr\/zaragoza\/\" \/>\n<meta property=\"og:site_name\" content=\"Tereos\" \/>\n<meta property=\"article:modified_time\" content=\"2026-02-23T09:41:03+00:00\" \/>\n<meta property=\"og:image\" content=\"https:\/\/www.tereos.com\/app\/uploads\/2025\/12\/encart-page-zaragoza-1.png\" \/>\n\t<meta property=\"og:image:width\" content=\"1024\" \/>\n\t<meta property=\"og:image:height\" content=\"768\" \/>\n\t<meta property=\"og:image:type\" content=\"image\/png\" \/>\n<meta name=\"twitter:card\" content=\"summary_large_image\" \/>\n<meta name=\"twitter:label1\" content=\"Est. reading time\" \/>\n\t<meta name=\"twitter:data1\" content=\"1 minute\" \/>\n<script type=\"application\/ld+json\" class=\"yoast-schema-graph\">{\"@context\":\"https:\/\/schema.org\",\"@graph\":[{\"@type\":\"WebPage\",\"@id\":\"https:\/\/tereos.com\/fr\/zaragoza\/\",\"url\":\"https:\/\/tereos.com\/fr\/zaragoza\/\",\"name\":\"Grupo cooperativo azucarero franc\u00e9s - Tereos\",\"isPartOf\":{\"@id\":\"https:\/\/tereos.com\/en\/#website\"},\"primaryImageOfPage\":{\"@id\":\"https:\/\/tereos.com\/fr\/zaragoza\/#primaryimage\"},\"image\":{\"@id\":\"https:\/\/tereos.com\/fr\/zaragoza\/#primaryimage\"},\"thumbnailUrl\":\"https:\/\/www.tereos.com\/app\/uploads\/2025\/12\/encart-page-zaragoza-1.png\",\"datePublished\":\"2025-12-18T14:51:44+00:00\",\"dateModified\":\"2026-02-23T09:41:03+00:00\",\"breadcrumb\":{\"@id\":\"https:\/\/tereos.com\/fr\/zaragoza\/#breadcrumb\"},\"inLanguage\":\"fr-FR\",\"potentialAction\":[{\"@type\":\"ReadAction\",\"target\":[\"https:\/\/tereos.com\/fr\/zaragoza\/\"]}]},{\"@type\":\"ImageObject\",\"inLanguage\":\"fr-FR\",\"@id\":\"https:\/\/tereos.com\/fr\/zaragoza\/#primaryimage\",\"url\":\"https:\/\/www.tereos.com\/app\/uploads\/2025\/12\/encart-page-zaragoza-1.png\",\"contentUrl\":\"https:\/\/www.tereos.com\/app\/uploads\/2025\/12\/encart-page-zaragoza-1.png\",\"width\":1920,\"height\":1440},{\"@type\":\"BreadcrumbList\",\"@id\":\"https:\/\/tereos.com\/fr\/zaragoza\/#breadcrumb\",\"itemListElement\":[{\"@type\":\"ListItem\",\"position\":1,\"name\":\"Home\",\"item\":\"https:\/\/tereos.com\/fr\/\"},{\"@type\":\"ListItem\",\"position\":2,\"name\":\"Grupo cooperativo azucarero franc\u00e9s\"}]},{\"@type\":\"WebSite\",\"@id\":\"https:\/\/tereos.com\/en\/#website\",\"url\":\"https:\/\/tereos.com\/en\/\",\"name\":\"Tereos\",\"description\":\"Un site utilisant WordPress\",\"potentialAction\":[{\"@type\":\"SearchAction\",\"target\":{\"@type\":\"EntryPoint\",\"urlTemplate\":\"https:\/\/tereos.com\/en\/?s={search_term_string}\"},\"query-input\":{\"@type\":\"PropertyValueSpecification\",\"valueRequired\":true,\"valueName\":\"search_term_string\"}}],\"inLanguage\":\"fr-FR\"}]}<\/script>\n<!-- \/ Yoast SEO plugin. -->","yoast_head_json":{"title":"Grupo cooperativo azucarero franc\u00e9s - Tereos","robots":{"index":"index","follow":"follow","max-snippet":"max-snippet:-1","max-image-preview":"max-image-preview:large","max-video-preview":"max-video-preview:-1"},"canonical":"https:\/\/tereos.com\/fr\/zaragoza\/","og_locale":"fr_FR","og_type":"article","og_title":"Grupo cooperativo azucarero franc\u00e9s - Tereos","og_url":"https:\/\/tereos.com\/fr\/zaragoza\/","og_site_name":"Tereos","article_modified_time":"2026-02-23T09:41:03+00:00","og_image":[{"url":"https:\/\/www.tereos.com\/app\/uploads\/2025\/12\/encart-page-zaragoza-1.png","width":1024,"height":768,"type":"image\/png"}],"twitter_card":"summary_large_image","twitter_misc":{"Est. reading time":"1 minute"},"schema":{"@context":"https:\/\/schema.org","@graph":[{"@type":"WebPage","@id":"https:\/\/tereos.com\/fr\/zaragoza\/","url":"https:\/\/tereos.com\/fr\/zaragoza\/","name":"Grupo cooperativo azucarero franc\u00e9s - Tereos","isPartOf":{"@id":"https:\/\/tereos.com\/en\/#website"},"primaryImageOfPage":{"@id":"https:\/\/tereos.com\/fr\/zaragoza\/#primaryimage"},"image":{"@id":"https:\/\/tereos.com\/fr\/zaragoza\/#primaryimage"},"thumbnailUrl":"https:\/\/www.tereos.com\/app\/uploads\/2025\/12\/encart-page-zaragoza-1.png","datePublished":"2025-12-18T14:51:44+00:00","dateModified":"2026-02-23T09:41:03+00:00","breadcrumb":{"@id":"https:\/\/tereos.com\/fr\/zaragoza\/#breadcrumb"},"inLanguage":"fr-FR","potentialAction":[{"@type":"ReadAction","target":["https:\/\/tereos.com\/fr\/zaragoza\/"]}]},{"@type":"ImageObject","inLanguage":"fr-FR","@id":"https:\/\/tereos.com\/fr\/zaragoza\/#primaryimage","url":"https:\/\/www.tereos.com\/app\/uploads\/2025\/12\/encart-page-zaragoza-1.png","contentUrl":"https:\/\/www.tereos.com\/app\/uploads\/2025\/12\/encart-page-zaragoza-1.png","width":1920,"height":1440},{"@type":"BreadcrumbList","@id":"https:\/\/tereos.com\/fr\/zaragoza\/#breadcrumb","itemListElement":[{"@type":"ListItem","position":1,"name":"Home","item":"https:\/\/tereos.com\/fr\/"},{"@type":"ListItem","position":2,"name":"Grupo cooperativo azucarero franc\u00e9s"}]},{"@type":"WebSite","@id":"https:\/\/tereos.com\/en\/#website","url":"https:\/\/tereos.com\/en\/","name":"Tereos","description":"Un site utilisant WordPress","potentialAction":[{"@type":"SearchAction","target":{"@type":"EntryPoint","urlTemplate":"https:\/\/tereos.com\/en\/?s={search_term_string}"},"query-input":{"@type":"PropertyValueSpecification","valueRequired":true,"valueName":"search_term_string"}}],"inLanguage":"fr-FR"}]}},"_links":{"self":[{"href":"https:\/\/tereos.com\/fr\/wp-json\/wp\/v2\/pages\/25752"}],"collection":[{"href":"https:\/\/tereos.com\/fr\/wp-json\/wp\/v2\/pages"}],"about":[{"href":"https:\/\/tereos.com\/fr\/wp-json\/wp\/v2\/types\/page"}],"author":[{"embeddable":true,"href":"https:\/\/tereos.com\/fr\/wp-json\/wp\/v2\/users\/2226"}],"replies":[{"embeddable":true,"href":"https:\/\/tereos.com\/fr\/wp-json\/wp\/v2\/comments?post=25752"}],"version-history":[{"count":3,"href":"https:\/\/tereos.com\/fr\/wp-json\/wp\/v2\/pages\/25752\/revisions"}],"predecessor-version":[{"id":26424,"href":"https:\/\/tereos.com\/fr\/wp-json\/wp\/v2\/pages\/25752\/revisions\/26424"}],"wp:featuredmedia":[{"embeddable":true,"href":"https:\/\/tereos.com\/fr\/wp-json\/wp\/v2\/media\/25768"}],"wp:attachment":[{"href":"https:\/\/tereos.com\/fr\/wp-json\/wp\/v2\/media?parent=25752"}],"curies":[{"name":"wp","href":"https:\/\/api.w.org\/{rel}","templated":true}]}}