{"id":319,"date":"2018-07-06T17:20:50","date_gmt":"2018-07-06T15:20:50","guid":{"rendered":"https:\/\/tereos.com\/?page_id=319"},"modified":"2024-07-08T12:24:37","modified_gmt":"2024-07-08T10:24:37","slug":"groupe","status":"publish","type":"page","link":"https:\/\/tereos.com\/fr\/groupe\/","title":{"rendered":"R\u00e9pondre aux besoins du quotidien gr\u00e2ce au v\u00e9g\u00e9tal en cr\u00e9ant de la valeur pour nos coop\u00e9rateurs"},"content":{"rendered":"","protected":false},"excerpt":{"rendered":"","protected":false},"author":1,"featured_media":17405,"parent":0,"menu_order":0,"comment_status":"closed","ping_status":"closed","template":"page-group.php","meta":{"_acf_changed":false,"footnotes":""},"class_list":["post-319","page","type-page","status-publish","has-post-thumbnail","hentry"],"acf":{"cover_type":"video_uploaded","cover_image":17405,"cover_video_clone":{"cover_type":"video_uploaded","cover_image":17405,"cover_video_uploaded":false,"hide_title":false,"link":""},"sections":[{"acf_fc_layout":"title_text","title":"Un environnement en mutation permanente","text":"<p>En 2050, nous serons 10 milliards d\u2019\u00eatres humains sur Terre. En un si\u00e8cle, la population mondiale aura quintupl\u00e9, impliquant de nouveaux enjeux alimentaires et \u00e9nerg\u00e9tiques. La r\u00e9ponse doit \u00eatre \u00e0 la hauteur, fond\u00e9e sur des ressources renouvelables et des mod\u00e8les de production vertueux, porteurs de solutions positives pour nos territoires et nos fili\u00e8res agricoles. Dans ce contexte, Tereos s\u2019est donn\u00e9 pour mission de valoriser la ressource v\u00e9g\u00e9tale pour r\u00e9pondre durablement aux besoins essentiels du quotidien\u202f: alimentation, \u00e9nergies renouvelables, pharmacie et soins.<\/p>\n"},{"acf_fc_layout":"title_text","title":"Un partenaire de r\u00e9f\u00e9rence","text":"<p>Groupe coop\u00e9ratif, Tereos rassemble 10 700 agriculteurs coop\u00e9rateurs et dispose d\u2019un savoir-faire reconnu dans la transformation de la betterave, de la canne, du bl\u00e9, du ma\u00efs et de la luzerne. \u00a0Le Groupe figure parmi les leaders des march\u00e9s du sucre, de l\u2019alcool et de l\u2019amidon et garantit \u00e0 ses clients la tra\u00e7abilit\u00e9, la comp\u00e9titivit\u00e9 et la durabilit\u00e9 de ses produits. Sa dynamique d\u2019innovation et large gamme de produits compl\u00e9mentaires lui permettent de r\u00e9pondre \u00e0 la diversit\u00e9 des attentes des consommateurs d\u2019un continent \u00e0 l\u2019autre.<\/p>\n"},{"acf_fc_layout":"key_figures","title":"","link":"","text":"","items":[{"key_figure":{"prefix":"","figure":"2","suffix":"e"},"caption":"sucrier mondial"},{"key_figure":{"prefix":"","figure":"2","suffix":"e"},"caption":"producteur mondial de prot\u00e9ines de bl\u00e9 "},{"key_figure":{"prefix":"","figure":"3","suffix":"e"},"caption":" producteur europ\u00e9en de produits amylac\u00e9s"}]},{"acf_fc_layout":"media_split","title":" Cr\u00e9er du lien entre le monde agricole et la soci\u00e9t\u00e9","text":"<p>Tereos entretient une relation de proximit\u00e9 avec le monde agricole en prenant en compte les int\u00e9r\u00eats de l\u2019ensemble des parties prenantes de la fili\u00e8re et en leur apportant une visibilit\u00e9 sur le long terme. Le Groupe accompagne ses coop\u00e9rateurs dans la valorisation de leurs mati\u00e8res premi\u00e8res et le d\u00e9veloppement de pratiques agricoles performantes et durables. Son mod\u00e8le d\u2019activit\u00e9 consiste \u00e0 cr\u00e9er une v\u00e9ritable cha\u00eene de valeur du champ \u00e0 l\u2019assiette, afin de proposer \u00e0 ses clients des produits de qualit\u00e9 et certifi\u00e9s, et ainsi r\u00e9pondre au plus pr\u00e8s aux attentes soci\u00e9tales.<\/p>\n","type":"image","video":"","caption":"","image":22951,"items":false}],"related_items":[{"post":{"ID":273,"post_author":"1","post_date":"2018-06-28 18:31:08","post_date_gmt":"2018-06-28 16:31:08","post_content":"","post_title":"Notre expertise au service de la qualit\u00e9 de nos produits","post_excerpt":"","post_status":"publish","comment_status":"closed","ping_status":"closed","post_password":"","post_name":"activites-et-produits","to_ping":"","pinged":"","post_modified":"2026-01-18 23:12:25","post_modified_gmt":"2026-01-18 22:12:25","post_content_filtered":"","post_parent":0,"guid":"https:\/\/tereos.com\/?page_id=273","menu_order":0,"post_type":"page","post_mime_type":"","comment_count":"0","filter":"raw"},"title":"Activit\u00e9s et produits"},{"post":{"ID":369,"post_author":"1","post_date":"2018-07-05 15:54:33","post_date_gmt":"2018-07-05 13:54:33","post_content":"","post_title":"Nos actualit\u00e9s","post_excerpt":"","post_status":"publish","comment_status":"closed","ping_status":"closed","post_password":"","post_name":"nos-actualites","to_ping":"","pinged":"","post_modified":"2024-06-25 16:58:07","post_modified_gmt":"2024-06-25 14:58:07","post_content_filtered":"","post_parent":0,"guid":"https:\/\/tereos.com\/?page_id=369","menu_order":0,"post_type":"page","post_mime_type":"","comment_count":"0","filter":"raw"},"title":"Carri\u00e8res"}],"related_content_clone":{"has_related_content":true,"related_title":"","related_items":[{"post":{"ID":273,"post_author":"1","post_date":"2018-06-28 18:31:08","post_date_gmt":"2018-06-28 16:31:08","post_content":"","post_title":"Notre expertise au service de la qualit\u00e9 de nos produits","post_excerpt":"","post_status":"publish","comment_status":"closed","ping_status":"closed","post_password":"","post_name":"activites-et-produits","to_ping":"","pinged":"","post_modified":"2026-01-18 23:12:25","post_modified_gmt":"2026-01-18 22:12:25","post_content_filtered":"","post_parent":0,"guid":"https:\/\/tereos.com\/?page_id=273","menu_order":0,"post_type":"page","post_mime_type":"","comment_count":"0","filter":"raw"},"title":"Activit\u00e9s et produits"},{"post":{"ID":369,"post_author":"1","post_date":"2018-07-05 15:54:33","post_date_gmt":"2018-07-05 13:54:33","post_content":"","post_title":"Nos actualit\u00e9s","post_excerpt":"","post_status":"publish","comment_status":"closed","ping_status":"closed","post_password":"","post_name":"nos-actualites","to_ping":"","pinged":"","post_modified":"2024-06-25 16:58:07","post_modified_gmt":"2024-06-25 14:58:07","post_content_filtered":"","post_parent":0,"guid":"https:\/\/tereos.com\/?page_id=369","menu_order":0,"post_type":"page","post_mime_type":"","comment_count":"0","filter":"raw"},"title":"Carri\u00e8res"}]},"has_related_content":true,"related_title":"","link":"","subtitle":"Groupe","subtitle_clone":{"subtitle":"Groupe"},"cover_video_uploaded":false,"hide_title":false},"yoast_head":"<!-- This site is optimized with the Yoast SEO plugin v23.7 - https:\/\/yoast.com\/wordpress\/plugins\/seo\/ -->\n<title>R\u00e9pondre aux besoins du quotidien gr\u00e2ce au v\u00e9g\u00e9tal en cr\u00e9ant de la valeur pour nos coop\u00e9rateurs - Tereos<\/title>\n<meta name=\"description\" content=\"Tereos est le 2e groupe sucrier mondial. 41 sites industriels et pr\u00e9sence dans 15 pays. Vous d\u00e9sirez en savoir plus ? C&#039;est par ici !\" \/>\n<meta name=\"robots\" content=\"index, follow, max-snippet:-1, max-image-preview:large, max-video-preview:-1\" \/>\n<link rel=\"canonical\" href=\"https:\/\/tereos.com\/fr\/groupe\/\" \/>\n<meta property=\"og:locale\" content=\"fr_FR\" \/>\n<meta property=\"og:type\" content=\"article\" \/>\n<meta property=\"og:title\" content=\"R\u00e9pondre aux besoins du quotidien gr\u00e2ce au v\u00e9g\u00e9tal en cr\u00e9ant de la valeur pour nos coop\u00e9rateurs - Tereos\" \/>\n<meta property=\"og:description\" content=\"Tereos est le 2e groupe sucrier mondial. 41 sites industriels et pr\u00e9sence dans 15 pays. Vous d\u00e9sirez en savoir plus ? C&#039;est par ici !\" \/>\n<meta property=\"og:url\" content=\"https:\/\/tereos.com\/fr\/groupe\/\" \/>\n<meta property=\"og:site_name\" content=\"Tereos\" \/>\n<meta property=\"article:modified_time\" content=\"2024-07-08T10:24:37+00:00\" \/>\n<meta property=\"og:image\" content=\"https:\/\/www.tereos.com\/app\/uploads\/2023\/06\/shutterstock-2169384233-2-scaled.jpg\" \/>\n\t<meta property=\"og:image:width\" content=\"2560\" \/>\n\t<meta property=\"og:image:height\" content=\"1707\" \/>\n\t<meta property=\"og:image:type\" content=\"image\/jpeg\" \/>\n<meta name=\"twitter:card\" content=\"summary_large_image\" \/>\n<meta name=\"twitter:label1\" content=\"Est. reading time\" \/>\n\t<meta name=\"twitter:data1\" content=\"1 minute\" \/>\n<script type=\"application\/ld+json\" class=\"yoast-schema-graph\">{\"@context\":\"https:\/\/schema.org\",\"@graph\":[{\"@type\":\"WebPage\",\"@id\":\"https:\/\/tereos.com\/fr\/groupe\/\",\"url\":\"https:\/\/tereos.com\/fr\/groupe\/\",\"name\":\"R\u00e9pondre aux besoins du quotidien gr\u00e2ce au v\u00e9g\u00e9tal en cr\u00e9ant de la valeur pour nos coop\u00e9rateurs - Tereos\",\"isPartOf\":{\"@id\":\"https:\/\/tereos.com\/en\/#website\"},\"primaryImageOfPage\":{\"@id\":\"https:\/\/tereos.com\/fr\/groupe\/#primaryimage\"},\"image\":{\"@id\":\"https:\/\/tereos.com\/fr\/groupe\/#primaryimage\"},\"thumbnailUrl\":\"https:\/\/www.tereos.com\/app\/uploads\/2023\/06\/shutterstock-2169384233-2-scaled.jpg\",\"datePublished\":\"2018-07-06T15:20:50+00:00\",\"dateModified\":\"2024-07-08T10:24:37+00:00\",\"description\":\"Tereos est le 2e groupe sucrier mondial. 41 sites industriels et pr\u00e9sence dans 15 pays. Vous d\u00e9sirez en savoir plus ? C'est par ici !\",\"breadcrumb\":{\"@id\":\"https:\/\/tereos.com\/fr\/groupe\/#breadcrumb\"},\"inLanguage\":\"fr-FR\",\"potentialAction\":[{\"@type\":\"ReadAction\",\"target\":[\"https:\/\/tereos.com\/fr\/groupe\/\"]}]},{\"@type\":\"ImageObject\",\"inLanguage\":\"fr-FR\",\"@id\":\"https:\/\/tereos.com\/fr\/groupe\/#primaryimage\",\"url\":\"https:\/\/www.tereos.com\/app\/uploads\/2023\/06\/shutterstock-2169384233-2-scaled.jpg\",\"contentUrl\":\"https:\/\/www.tereos.com\/app\/uploads\/2023\/06\/shutterstock-2169384233-2-scaled.jpg\",\"width\":2560,\"height\":1707,\"caption\":\"Champs Tereos\"},{\"@type\":\"BreadcrumbList\",\"@id\":\"https:\/\/tereos.com\/fr\/groupe\/#breadcrumb\",\"itemListElement\":[{\"@type\":\"ListItem\",\"position\":1,\"name\":\"Home\",\"item\":\"https:\/\/tereos.com\/fr\/\"},{\"@type\":\"ListItem\",\"position\":2,\"name\":\"R\u00e9pondre aux besoins du quotidien gr\u00e2ce au v\u00e9g\u00e9tal en cr\u00e9ant de la valeur pour nos coop\u00e9rateurs\"}]},{\"@type\":\"WebSite\",\"@id\":\"https:\/\/tereos.com\/en\/#website\",\"url\":\"https:\/\/tereos.com\/en\/\",\"name\":\"Tereos\",\"description\":\"Un site utilisant WordPress\",\"potentialAction\":[{\"@type\":\"SearchAction\",\"target\":{\"@type\":\"EntryPoint\",\"urlTemplate\":\"https:\/\/tereos.com\/en\/?s={search_term_string}\"},\"query-input\":{\"@type\":\"PropertyValueSpecification\",\"valueRequired\":true,\"valueName\":\"search_term_string\"}}],\"inLanguage\":\"fr-FR\"}]}<\/script>\n<!-- \/ Yoast SEO plugin. -->","yoast_head_json":{"title":"R\u00e9pondre aux besoins du quotidien gr\u00e2ce au v\u00e9g\u00e9tal en cr\u00e9ant de la valeur pour nos coop\u00e9rateurs - Tereos","description":"Tereos est le 2e groupe sucrier mondial. 41 sites industriels et pr\u00e9sence dans 15 pays. Vous d\u00e9sirez en savoir plus ? C'est par ici !","robots":{"index":"index","follow":"follow","max-snippet":"max-snippet:-1","max-image-preview":"max-image-preview:large","max-video-preview":"max-video-preview:-1"},"canonical":"https:\/\/tereos.com\/fr\/groupe\/","og_locale":"fr_FR","og_type":"article","og_title":"R\u00e9pondre aux besoins du quotidien gr\u00e2ce au v\u00e9g\u00e9tal en cr\u00e9ant de la valeur pour nos coop\u00e9rateurs - Tereos","og_description":"Tereos est le 2e groupe sucrier mondial. 41 sites industriels et pr\u00e9sence dans 15 pays. Vous d\u00e9sirez en savoir plus ? C'est par ici !","og_url":"https:\/\/tereos.com\/fr\/groupe\/","og_site_name":"Tereos","article_modified_time":"2024-07-08T10:24:37+00:00","og_image":[{"width":2560,"height":1707,"url":"https:\/\/www.tereos.com\/app\/uploads\/2023\/06\/shutterstock-2169384233-2-scaled.jpg","type":"image\/jpeg"}],"twitter_card":"summary_large_image","twitter_misc":{"Est. reading time":"1 minute"},"schema":{"@context":"https:\/\/schema.org","@graph":[{"@type":"WebPage","@id":"https:\/\/tereos.com\/fr\/groupe\/","url":"https:\/\/tereos.com\/fr\/groupe\/","name":"R\u00e9pondre aux besoins du quotidien gr\u00e2ce au v\u00e9g\u00e9tal en cr\u00e9ant de la valeur pour nos coop\u00e9rateurs - Tereos","isPartOf":{"@id":"https:\/\/tereos.com\/en\/#website"},"primaryImageOfPage":{"@id":"https:\/\/tereos.com\/fr\/groupe\/#primaryimage"},"image":{"@id":"https:\/\/tereos.com\/fr\/groupe\/#primaryimage"},"thumbnailUrl":"https:\/\/www.tereos.com\/app\/uploads\/2023\/06\/shutterstock-2169384233-2-scaled.jpg","datePublished":"2018-07-06T15:20:50+00:00","dateModified":"2024-07-08T10:24:37+00:00","description":"Tereos est le 2e groupe sucrier mondial. 41 sites industriels et pr\u00e9sence dans 15 pays. Vous d\u00e9sirez en savoir plus ? C'est par ici !","breadcrumb":{"@id":"https:\/\/tereos.com\/fr\/groupe\/#breadcrumb"},"inLanguage":"fr-FR","potentialAction":[{"@type":"ReadAction","target":["https:\/\/tereos.com\/fr\/groupe\/"]}]},{"@type":"ImageObject","inLanguage":"fr-FR","@id":"https:\/\/tereos.com\/fr\/groupe\/#primaryimage","url":"https:\/\/www.tereos.com\/app\/uploads\/2023\/06\/shutterstock-2169384233-2-scaled.jpg","contentUrl":"https:\/\/www.tereos.com\/app\/uploads\/2023\/06\/shutterstock-2169384233-2-scaled.jpg","width":2560,"height":1707,"caption":"Champs Tereos"},{"@type":"BreadcrumbList","@id":"https:\/\/tereos.com\/fr\/groupe\/#breadcrumb","itemListElement":[{"@type":"ListItem","position":1,"name":"Home","item":"https:\/\/tereos.com\/fr\/"},{"@type":"ListItem","position":2,"name":"R\u00e9pondre aux besoins du quotidien gr\u00e2ce au v\u00e9g\u00e9tal en cr\u00e9ant de la valeur pour nos coop\u00e9rateurs"}]},{"@type":"WebSite","@id":"https:\/\/tereos.com\/en\/#website","url":"https:\/\/tereos.com\/en\/","name":"Tereos","description":"Un site utilisant WordPress","potentialAction":[{"@type":"SearchAction","target":{"@type":"EntryPoint","urlTemplate":"https:\/\/tereos.com\/en\/?s={search_term_string}"},"query-input":{"@type":"PropertyValueSpecification","valueRequired":true,"valueName":"search_term_string"}}],"inLanguage":"fr-FR"}]}},"_links":{"self":[{"href":"https:\/\/tereos.com\/fr\/wp-json\/wp\/v2\/pages\/319"}],"collection":[{"href":"https:\/\/tereos.com\/fr\/wp-json\/wp\/v2\/pages"}],"about":[{"href":"https:\/\/tereos.com\/fr\/wp-json\/wp\/v2\/types\/page"}],"author":[{"embeddable":true,"href":"https:\/\/tereos.com\/fr\/wp-json\/wp\/v2\/users\/1"}],"replies":[{"embeddable":true,"href":"https:\/\/tereos.com\/fr\/wp-json\/wp\/v2\/comments?post=319"}],"version-history":[{"count":3,"href":"https:\/\/tereos.com\/fr\/wp-json\/wp\/v2\/pages\/319\/revisions"}],"predecessor-version":[{"id":22954,"href":"https:\/\/tereos.com\/fr\/wp-json\/wp\/v2\/pages\/319\/revisions\/22954"}],"wp:featuredmedia":[{"embeddable":true,"href":"https:\/\/tereos.com\/fr\/wp-json\/wp\/v2\/media\/17405"}],"wp:attachment":[{"href":"https:\/\/tereos.com\/fr\/wp-json\/wp\/v2\/media?parent=319"}],"curies":[{"name":"wp","href":"https:\/\/api.w.org\/{rel}","templated":true}]}}