{"id":3507,"date":"2019-05-15T12:06:03","date_gmt":"2019-05-15T10:06:03","guid":{"rendered":"https:\/\/tereos.com\/?page_id=3507"},"modified":"2026-01-18T23:02:42","modified_gmt":"2026-01-18T22:02:42","slug":"nos-marques-grand-public","status":"publish","type":"page","link":"https:\/\/tereos.com\/fr\/activites-et-produits\/nos-marques-grand-public\/","title":{"rendered":"Nos marques"},"content":{"rendered":"","protected":false},"excerpt":{"rendered":"","protected":false},"author":9,"featured_media":3909,"parent":273,"menu_order":0,"comment_status":"closed","ping_status":"closed","template":"page-activity-products.php","meta":{"_acf_changed":false,"footnotes":""},"class_list":["post-3507","page","type-page","status-publish","has-post-thumbnail","hentry"],"acf":{"cover_type":"image","cover_image":3909,"link":"","cover_video_clone":{"cover_type":"image","cover_image":3909,"cover_video_uploaded":false,"hide_title":false,"link":""},"subtitle":"","subtitle_clone":{"subtitle":""},"headline":"Tereos est pr\u00e9sent aupr\u00e8s des consommateurs avec des marques grand public, tr\u00e8s appr\u00e9ci\u00e9es des consommateurs localement. Ces marques sont \u00e9galement, \u00e0 l\u2019instar de la marque Tereos, des labels de qualit\u00e9 et d\u2019innovation.\t\t","headline_clone":{"headline":"Tereos est pr\u00e9sent aupr\u00e8s des consommateurs avec des marques grand public, tr\u00e8s appr\u00e9ci\u00e9es des consommateurs localement. Ces marques sont \u00e9galement, \u00e0 l\u2019instar de la marque Tereos, des labels de qualit\u00e9 et d\u2019innovation.\t\t"},"sections":[{"acf_fc_layout":"media_split","title":"B\u00e9ghin Say ","text":"<p><a href=\"https:\/\/www.beghin-say.fr\/\" target=\"_blank\" rel=\"noopener\">B\u00e9ghin Say<\/a> est la marque de sucre la plus connue sur le march\u00e9 fran\u00e7ais. Avec des dizaines de r\u00e9f\u00e9rences, elle dispose de la gamme la plus \u00e9tendue du march\u00e9 national. A l&#8217;image de sa couleur embl\u00e9matique, le jaune, la marque est chaleureuse, conviviale, gourmande et dynamique. <a href=\"https:\/\/www.beghin-say.fr\/\" target=\"_blank\" rel=\"noopener\">B\u00e9ghin Say<\/a> sait s\u2019adapter tout au long de son histoire aux attentes des consommateurs<span class=\"TextRun SCXW81261088 BCX0\" lang=\"FR-FR\" xml:lang=\"FR-FR\" data-contrast=\"auto\"><span class=\"NormalTextRun SCXW81261088 BCX0\">, que ce soit avec le lancement du sucre blond de canne dans les ann\u00e9es 1980 ou plus r\u00e9cemment <\/span><span class=\"NormalTextRun SCXW81261088 BCX0\">avec <\/span><\/span><span class=\"TextRun Highlight SCXW81261088 BCX0\" lang=\"FR-FR\" xml:lang=\"FR-FR\" data-contrast=\"auto\"><span class=\"NormalTextRun SCXW81261088 BCX0\">sa <\/span><span class=\"NormalTextRun CommentStart CommentHighlightPipeRest CommentHighlightRest SCXW81261088 BCX0\">gamme<\/span> <span class=\"NormalTextRun SCXW81261088 BCX0\">S<\/span><span class=\"NormalTextRun SCXW81261088 BCX0\">ucre <\/span><span class=\"NormalTextRun SCXW81261088 BCX0\">&amp;<\/span> <span class=\"FindHit SCXW81261088 BCX0\">S<\/span><span class=\"FindHit SCXW81261088 BCX0\">t\u00e9v<\/span><span class=\"FindHit SCXW81261088 BCX0\">ia<\/span><span class=\"NormalTextRun SCXW81261088 BCX0\">.<\/span><\/span><span class=\"EOP SCXW81261088 BCX0\" data-ccp-props=\"{&quot;201341983&quot;:0,&quot;335559739&quot;:160,&quot;335559740&quot;:240}\">\u00a0<\/span><\/p>\n","type":"video","video":"<iframe class=\"embed-responsive-item\" title=\"Beghin Say - Sucre \u00e0 la Vanille - Tahitien\" src=\"https:\/\/www.youtube.com\/embed\/2DGoqMdz2dY?feature=oembed\" frameborder=\"0\" allow=\"accelerometer; autoplay; clipboard-write; encrypted-media; gyroscope; picture-in-picture; web-share\" referrerpolicy=\"strict-origin-when-cross-origin\" allowfullscreen allow=\"autoplay; encrypted-media\"><\/iframe>","caption":"","image":false,"items":false},{"acf_fc_layout":"media_split","title":"La Perruche","text":"<p>Fond\u00e9e en 1890,<a href=\"http:\/\/www.laperruche.fr\/\" target=\"_blank\" rel=\"noopener\"> La Perruche<\/a> trouve son origine \u00e0 La R\u00e9union. Pr\u00e9sente au c\u0153ur de chaque famille fran\u00e7aise depuis de nombreuses ann\u00e9es, elle se distingue par la forme originale de ses sucres, leur couleur ambr\u00e9e et leur go\u00fbt de sucre de canne. Au fil du temps, <a href=\"http:\/\/www.laperruche.fr\/\" target=\"_blank\" rel=\"noopener\">La Perruche<\/a> est devenue le symbole d&#8217;un art de vivre et d&#8217;un raffinement \u00e0 la fran\u00e7aise.<\/p>\n","type":"images","video":"<iframe class=\"embed-responsive-item\" title=\"Sucre La Perruche - Az\u00facares\" src=\"https:\/\/www.youtube.com\/embed\/OHZjZUrwNoQ?feature=oembed\" frameborder=\"0\" allow=\"accelerometer; autoplay; clipboard-write; encrypted-media; gyroscope; picture-in-picture; web-share\" referrerpolicy=\"strict-origin-when-cross-origin\" allowfullscreen allow=\"autoplay; encrypted-media\"><\/iframe>","caption":"","image":20487,"items":[{"image":3911},{"image":20497}]},{"acf_fc_layout":"media_split","title":"TTD","text":"<p><a href=\"http:\/\/www.cukrovaryttd.cz\/\" target=\"_blank\" rel=\"noopener\">TTD<\/a> est le principal groupe de transformation de la betterave en R\u00e9publique tch\u00e8que et l&#8217;un des 10 premiers producteurs d&#8217;aliments du pays. La marque est affili\u00e9e \u00e0 Tereos depuis 1992.<\/p>\n","type":"images","video":"","caption":"","image":false,"items":[{"image":3512},{"image":3935}]},{"acf_fc_layout":"media_split","title":"Guarani","text":"<p><a href=\"https:\/\/guaranimaisqueacucar.com.br\" target=\"_blank\" rel=\"noopener\">Guarani<\/a> est l&#8217;une des principales marques de sucre au Br\u00e9sil et est pr\u00e9sente dans les principaux points de vente du pays. La marque est align\u00e9e sur les besoins du consommateur actuel, qui recherche un produit plus naturel et une alimentation plus \u00e9quilibr\u00e9e. <a href=\"https:\/\/guaranimaisqueacucar.com.br\" target=\"_blank\" rel=\"noopener\">Guarani<\/a> a lanc\u00e9 deux nouveaux produits r\u00e9cemment : le sucre cristallis\u00e9 biologique et le sucre sp\u00e9cial avec Stevia, qui contient 50% moins de calories et deux fois plus doux. Les deux produits compl\u00e8tent le large portefeuille de Guarani, qui compte d\u00e9j\u00e0 le sucre raffin\u00e9 et cristallis\u00e9 traditionnel. Guarani commercialise \u00e9galement la marque fran\u00e7aise La Perruche.<\/p>\n","type":"video","video":"<iframe class=\"embed-responsive-item\" title=\"VIVA EM EQUIL\u00cdBRIO COM A GUARANI\" src=\"https:\/\/www.youtube.com\/embed\/315Tk5ZrUvc?feature=oembed\" frameborder=\"0\" allow=\"accelerometer; autoplay; clipboard-write; encrypted-media; gyroscope; picture-in-picture; web-share\" referrerpolicy=\"strict-origin-when-cross-origin\" allowfullscreen allow=\"autoplay; encrypted-media\"><\/iframe>","caption":"","image":false,"items":false},{"acf_fc_layout":"media_split","title":"Sucreries de Bourbon","text":"<p>C\u2019est la marque grand public des produits des sucreries de l\u2019\u00eele de La R\u00e9union. Forte de 200 ans d\u2019histoire avec les sucreries de Bois Rouge et du Gol \u00e0 La R\u00e9union, la marque distribue sucre blanc, blond, roux et autres produits d\u00e9riv\u00e9s de qualit\u00e9. Les Sucreries de Bourbon sont un \u00e9l\u00e9ment important de l&#8217;\u00e9conomie, l&#8217;histoire et la culture de l&#8217;\u00eele.<\/p>\n","type":"image","video":"","caption":"","image":20167,"items":[{"image":3518},{"image":3520}]}],"flexible_ap_cpt_clone":{"sections":[{"acf_fc_layout":"media_split","title":"B\u00e9ghin Say ","text":"<p><a href=\"https:\/\/www.beghin-say.fr\/\" target=\"_blank\" rel=\"noopener\">B\u00e9ghin Say<\/a> est la marque de sucre la plus connue sur le march\u00e9 fran\u00e7ais. Avec des dizaines de r\u00e9f\u00e9rences, elle dispose de la gamme la plus \u00e9tendue du march\u00e9 national. A l&#8217;image de sa couleur embl\u00e9matique, le jaune, la marque est chaleureuse, conviviale, gourmande et dynamique. <a href=\"https:\/\/www.beghin-say.fr\/\" target=\"_blank\" rel=\"noopener\">B\u00e9ghin Say<\/a> sait s\u2019adapter tout au long de son histoire aux attentes des consommateurs<span class=\"TextRun SCXW81261088 BCX0\" lang=\"FR-FR\" xml:lang=\"FR-FR\" data-contrast=\"auto\"><span class=\"NormalTextRun SCXW81261088 BCX0\">, que ce soit avec le lancement du sucre blond de canne dans les ann\u00e9es 1980 ou plus r\u00e9cemment <\/span><span class=\"NormalTextRun SCXW81261088 BCX0\">avec <\/span><\/span><span class=\"TextRun Highlight SCXW81261088 BCX0\" lang=\"FR-FR\" xml:lang=\"FR-FR\" data-contrast=\"auto\"><span class=\"NormalTextRun SCXW81261088 BCX0\">sa <\/span><span class=\"NormalTextRun CommentStart CommentHighlightPipeRest CommentHighlightRest SCXW81261088 BCX0\">gamme<\/span> <span class=\"NormalTextRun SCXW81261088 BCX0\">S<\/span><span class=\"NormalTextRun SCXW81261088 BCX0\">ucre <\/span><span class=\"NormalTextRun SCXW81261088 BCX0\">&amp;<\/span> <span class=\"FindHit SCXW81261088 BCX0\">S<\/span><span class=\"FindHit SCXW81261088 BCX0\">t\u00e9v<\/span><span class=\"FindHit SCXW81261088 BCX0\">ia<\/span><span class=\"NormalTextRun SCXW81261088 BCX0\">.<\/span><\/span><span class=\"EOP SCXW81261088 BCX0\" data-ccp-props=\"{&quot;201341983&quot;:0,&quot;335559739&quot;:160,&quot;335559740&quot;:240}\">\u00a0<\/span><\/p>\n","type":"video","video":"<iframe class=\"embed-responsive-item\" title=\"Beghin Say - Sucre \u00e0 la Vanille - Tahitien\" src=\"https:\/\/www.youtube.com\/embed\/2DGoqMdz2dY?feature=oembed\" frameborder=\"0\" allow=\"accelerometer; autoplay; clipboard-write; encrypted-media; gyroscope; picture-in-picture; web-share\" referrerpolicy=\"strict-origin-when-cross-origin\" allowfullscreen allow=\"autoplay; encrypted-media\"><\/iframe>","caption":"","image":false,"items":false},{"acf_fc_layout":"media_split","title":"La Perruche","text":"<p>Fond\u00e9e en 1890,<a href=\"http:\/\/www.laperruche.fr\/\" target=\"_blank\" rel=\"noopener\"> La Perruche<\/a> trouve son origine \u00e0 La R\u00e9union. Pr\u00e9sente au c\u0153ur de chaque famille fran\u00e7aise depuis de nombreuses ann\u00e9es, elle se distingue par la forme originale de ses sucres, leur couleur ambr\u00e9e et leur go\u00fbt de sucre de canne. Au fil du temps, <a href=\"http:\/\/www.laperruche.fr\/\" target=\"_blank\" rel=\"noopener\">La Perruche<\/a> est devenue le symbole d&#8217;un art de vivre et d&#8217;un raffinement \u00e0 la fran\u00e7aise.<\/p>\n","type":"images","video":"<iframe class=\"embed-responsive-item\" title=\"Sucre La Perruche - Az\u00facares\" src=\"https:\/\/www.youtube.com\/embed\/OHZjZUrwNoQ?feature=oembed\" frameborder=\"0\" allow=\"accelerometer; autoplay; clipboard-write; encrypted-media; gyroscope; picture-in-picture; web-share\" referrerpolicy=\"strict-origin-when-cross-origin\" allowfullscreen allow=\"autoplay; encrypted-media\"><\/iframe>","caption":"","image":20487,"items":[{"image":3911},{"image":20497}]},{"acf_fc_layout":"media_split","title":"TTD","text":"<p><a href=\"http:\/\/www.cukrovaryttd.cz\/\" target=\"_blank\" rel=\"noopener\">TTD<\/a> est le principal groupe de transformation de la betterave en R\u00e9publique tch\u00e8que et l&#8217;un des 10 premiers producteurs d&#8217;aliments du pays. La marque est affili\u00e9e \u00e0 Tereos depuis 1992.<\/p>\n","type":"images","video":"","caption":"","image":false,"items":[{"image":3512},{"image":3935}]},{"acf_fc_layout":"media_split","title":"Guarani","text":"<p><a href=\"https:\/\/guaranimaisqueacucar.com.br\" target=\"_blank\" rel=\"noopener\">Guarani<\/a> est l&#8217;une des principales marques de sucre au Br\u00e9sil et est pr\u00e9sente dans les principaux points de vente du pays. La marque est align\u00e9e sur les besoins du consommateur actuel, qui recherche un produit plus naturel et une alimentation plus \u00e9quilibr\u00e9e. <a href=\"https:\/\/guaranimaisqueacucar.com.br\" target=\"_blank\" rel=\"noopener\">Guarani<\/a> a lanc\u00e9 deux nouveaux produits r\u00e9cemment : le sucre cristallis\u00e9 biologique et le sucre sp\u00e9cial avec Stevia, qui contient 50% moins de calories et deux fois plus doux. Les deux produits compl\u00e8tent le large portefeuille de Guarani, qui compte d\u00e9j\u00e0 le sucre raffin\u00e9 et cristallis\u00e9 traditionnel. Guarani commercialise \u00e9galement la marque fran\u00e7aise La Perruche.<\/p>\n","type":"video","video":"<iframe class=\"embed-responsive-item\" title=\"VIVA EM EQUIL\u00cdBRIO COM A GUARANI\" src=\"https:\/\/www.youtube.com\/embed\/315Tk5ZrUvc?feature=oembed\" frameborder=\"0\" allow=\"accelerometer; autoplay; clipboard-write; encrypted-media; gyroscope; picture-in-picture; web-share\" referrerpolicy=\"strict-origin-when-cross-origin\" allowfullscreen allow=\"autoplay; encrypted-media\"><\/iframe>","caption":"","image":false,"items":false},{"acf_fc_layout":"media_split","title":"Sucreries de Bourbon","text":"<p>C\u2019est la marque grand public des produits des sucreries de l\u2019\u00eele de La R\u00e9union. Forte de 200 ans d\u2019histoire avec les sucreries de Bois Rouge et du Gol \u00e0 La R\u00e9union, la marque distribue sucre blanc, blond, roux et autres produits d\u00e9riv\u00e9s de qualit\u00e9. Les Sucreries de Bourbon sont un \u00e9l\u00e9ment important de l&#8217;\u00e9conomie, l&#8217;histoire et la culture de l&#8217;\u00eele.<\/p>\n","type":"image","video":"","caption":"","image":20167,"items":[{"image":3518},{"image":3520}]}]},"has_related_content":false,"related_content_clone":{"has_related_content":false,"related_title":"","related_items":false},"hide_title":false},"yoast_head":"<!-- This site is optimized with the Yoast SEO plugin v23.7 - https:\/\/yoast.com\/wordpress\/plugins\/seo\/ -->\n<title>Nos marques - Tereos<\/title>\n<meta name=\"description\" content=\"Tereos est pr\u00e9sent aupr\u00e8s des consommateurs avec des marques grand public, tr\u00e8s appr\u00e9ci\u00e9es des consommateurs localement.\" \/>\n<meta name=\"robots\" content=\"index, follow, max-snippet:-1, max-image-preview:large, max-video-preview:-1\" \/>\n<link rel=\"canonical\" href=\"https:\/\/tereos.com\/fr\/activites-et-produits\/nos-marques-grand-public\/\" \/>\n<meta property=\"og:locale\" content=\"fr_FR\" \/>\n<meta property=\"og:type\" content=\"article\" \/>\n<meta property=\"og:title\" content=\"Nos marques - Tereos\" \/>\n<meta property=\"og:description\" content=\"Tereos est pr\u00e9sent aupr\u00e8s des consommateurs avec des marques grand public, tr\u00e8s appr\u00e9ci\u00e9es des consommateurs localement.\" \/>\n<meta property=\"og:url\" content=\"https:\/\/tereos.com\/fr\/activites-et-produits\/nos-marques-grand-public\/\" \/>\n<meta property=\"og:site_name\" content=\"Tereos\" \/>\n<meta property=\"article:modified_time\" content=\"2026-01-18T22:02:42+00:00\" \/>\n<meta property=\"og:image\" content=\"https:\/\/www.tereos.com\/app\/uploads\/2019\/05\/guarani.jpg\" \/>\n\t<meta property=\"og:image:width\" content=\"1920\" \/>\n\t<meta property=\"og:image:height\" content=\"1440\" \/>\n\t<meta property=\"og:image:type\" content=\"image\/jpeg\" \/>\n<meta name=\"twitter:card\" content=\"summary_large_image\" \/>\n<meta name=\"twitter:label1\" content=\"Est. reading time\" \/>\n\t<meta name=\"twitter:data1\" content=\"1 minute\" \/>\n<script type=\"application\/ld+json\" class=\"yoast-schema-graph\">{\"@context\":\"https:\/\/schema.org\",\"@graph\":[{\"@type\":\"WebPage\",\"@id\":\"https:\/\/tereos.com\/fr\/activites-et-produits\/nos-marques-grand-public\/\",\"url\":\"https:\/\/tereos.com\/fr\/activites-et-produits\/nos-marques-grand-public\/\",\"name\":\"Nos marques - Tereos\",\"isPartOf\":{\"@id\":\"https:\/\/tereos.com\/en\/#website\"},\"primaryImageOfPage\":{\"@id\":\"https:\/\/tereos.com\/fr\/activites-et-produits\/nos-marques-grand-public\/#primaryimage\"},\"image\":{\"@id\":\"https:\/\/tereos.com\/fr\/activites-et-produits\/nos-marques-grand-public\/#primaryimage\"},\"thumbnailUrl\":\"https:\/\/www.tereos.com\/app\/uploads\/2019\/05\/guarani.jpg\",\"datePublished\":\"2019-05-15T10:06:03+00:00\",\"dateModified\":\"2026-01-18T22:02:42+00:00\",\"description\":\"Tereos est pr\u00e9sent aupr\u00e8s des consommateurs avec des marques grand public, tr\u00e8s appr\u00e9ci\u00e9es des consommateurs localement.\",\"breadcrumb\":{\"@id\":\"https:\/\/tereos.com\/fr\/activites-et-produits\/nos-marques-grand-public\/#breadcrumb\"},\"inLanguage\":\"fr-FR\",\"potentialAction\":[{\"@type\":\"ReadAction\",\"target\":[\"https:\/\/tereos.com\/fr\/activites-et-produits\/nos-marques-grand-public\/\"]}]},{\"@type\":\"ImageObject\",\"inLanguage\":\"fr-FR\",\"@id\":\"https:\/\/tereos.com\/fr\/activites-et-produits\/nos-marques-grand-public\/#primaryimage\",\"url\":\"https:\/\/www.tereos.com\/app\/uploads\/2019\/05\/guarani.jpg\",\"contentUrl\":\"https:\/\/www.tereos.com\/app\/uploads\/2019\/05\/guarani.jpg\",\"width\":1920,\"height\":1440,\"caption\":\"La marque Guarani Tereos\"},{\"@type\":\"BreadcrumbList\",\"@id\":\"https:\/\/tereos.com\/fr\/activites-et-produits\/nos-marques-grand-public\/#breadcrumb\",\"itemListElement\":[{\"@type\":\"ListItem\",\"position\":1,\"name\":\"Home\",\"item\":\"https:\/\/tereos.com\/fr\/\"},{\"@type\":\"ListItem\",\"position\":2,\"name\":\"Notre expertise au service de la qualit\u00e9 de nos produits\",\"item\":\"https:\/\/tereos.com\/fr\/activites-et-produits\/\"},{\"@type\":\"ListItem\",\"position\":3,\"name\":\"Nos marques\"}]},{\"@type\":\"WebSite\",\"@id\":\"https:\/\/tereos.com\/en\/#website\",\"url\":\"https:\/\/tereos.com\/en\/\",\"name\":\"Tereos\",\"description\":\"Un site utilisant WordPress\",\"potentialAction\":[{\"@type\":\"SearchAction\",\"target\":{\"@type\":\"EntryPoint\",\"urlTemplate\":\"https:\/\/tereos.com\/en\/?s={search_term_string}\"},\"query-input\":{\"@type\":\"PropertyValueSpecification\",\"valueRequired\":true,\"valueName\":\"search_term_string\"}}],\"inLanguage\":\"fr-FR\"}]}<\/script>\n<!-- \/ Yoast SEO plugin. -->","yoast_head_json":{"title":"Nos marques - Tereos","description":"Tereos est pr\u00e9sent aupr\u00e8s des consommateurs avec des marques grand public, tr\u00e8s appr\u00e9ci\u00e9es des consommateurs localement.","robots":{"index":"index","follow":"follow","max-snippet":"max-snippet:-1","max-image-preview":"max-image-preview:large","max-video-preview":"max-video-preview:-1"},"canonical":"https:\/\/tereos.com\/fr\/activites-et-produits\/nos-marques-grand-public\/","og_locale":"fr_FR","og_type":"article","og_title":"Nos marques - Tereos","og_description":"Tereos est pr\u00e9sent aupr\u00e8s des consommateurs avec des marques grand public, tr\u00e8s appr\u00e9ci\u00e9es des consommateurs localement.","og_url":"https:\/\/tereos.com\/fr\/activites-et-produits\/nos-marques-grand-public\/","og_site_name":"Tereos","article_modified_time":"2026-01-18T22:02:42+00:00","og_image":[{"width":1920,"height":1440,"url":"https:\/\/www.tereos.com\/app\/uploads\/2019\/05\/guarani.jpg","type":"image\/jpeg"}],"twitter_card":"summary_large_image","twitter_misc":{"Est. reading time":"1 minute"},"schema":{"@context":"https:\/\/schema.org","@graph":[{"@type":"WebPage","@id":"https:\/\/tereos.com\/fr\/activites-et-produits\/nos-marques-grand-public\/","url":"https:\/\/tereos.com\/fr\/activites-et-produits\/nos-marques-grand-public\/","name":"Nos marques - Tereos","isPartOf":{"@id":"https:\/\/tereos.com\/en\/#website"},"primaryImageOfPage":{"@id":"https:\/\/tereos.com\/fr\/activites-et-produits\/nos-marques-grand-public\/#primaryimage"},"image":{"@id":"https:\/\/tereos.com\/fr\/activites-et-produits\/nos-marques-grand-public\/#primaryimage"},"thumbnailUrl":"https:\/\/www.tereos.com\/app\/uploads\/2019\/05\/guarani.jpg","datePublished":"2019-05-15T10:06:03+00:00","dateModified":"2026-01-18T22:02:42+00:00","description":"Tereos est pr\u00e9sent aupr\u00e8s des consommateurs avec des marques grand public, tr\u00e8s appr\u00e9ci\u00e9es des consommateurs localement.","breadcrumb":{"@id":"https:\/\/tereos.com\/fr\/activites-et-produits\/nos-marques-grand-public\/#breadcrumb"},"inLanguage":"fr-FR","potentialAction":[{"@type":"ReadAction","target":["https:\/\/tereos.com\/fr\/activites-et-produits\/nos-marques-grand-public\/"]}]},{"@type":"ImageObject","inLanguage":"fr-FR","@id":"https:\/\/tereos.com\/fr\/activites-et-produits\/nos-marques-grand-public\/#primaryimage","url":"https:\/\/www.tereos.com\/app\/uploads\/2019\/05\/guarani.jpg","contentUrl":"https:\/\/www.tereos.com\/app\/uploads\/2019\/05\/guarani.jpg","width":1920,"height":1440,"caption":"La marque Guarani Tereos"},{"@type":"BreadcrumbList","@id":"https:\/\/tereos.com\/fr\/activites-et-produits\/nos-marques-grand-public\/#breadcrumb","itemListElement":[{"@type":"ListItem","position":1,"name":"Home","item":"https:\/\/tereos.com\/fr\/"},{"@type":"ListItem","position":2,"name":"Notre expertise au service de la qualit\u00e9 de nos produits","item":"https:\/\/tereos.com\/fr\/activites-et-produits\/"},{"@type":"ListItem","position":3,"name":"Nos marques"}]},{"@type":"WebSite","@id":"https:\/\/tereos.com\/en\/#website","url":"https:\/\/tereos.com\/en\/","name":"Tereos","description":"Un site utilisant WordPress","potentialAction":[{"@type":"SearchAction","target":{"@type":"EntryPoint","urlTemplate":"https:\/\/tereos.com\/en\/?s={search_term_string}"},"query-input":{"@type":"PropertyValueSpecification","valueRequired":true,"valueName":"search_term_string"}}],"inLanguage":"fr-FR"}]}},"_links":{"self":[{"href":"https:\/\/tereos.com\/fr\/wp-json\/wp\/v2\/pages\/3507"}],"collection":[{"href":"https:\/\/tereos.com\/fr\/wp-json\/wp\/v2\/pages"}],"about":[{"href":"https:\/\/tereos.com\/fr\/wp-json\/wp\/v2\/types\/page"}],"author":[{"embeddable":true,"href":"https:\/\/tereos.com\/fr\/wp-json\/wp\/v2\/users\/9"}],"replies":[{"embeddable":true,"href":"https:\/\/tereos.com\/fr\/wp-json\/wp\/v2\/comments?post=3507"}],"version-history":[{"count":3,"href":"https:\/\/tereos.com\/fr\/wp-json\/wp\/v2\/pages\/3507\/revisions"}],"predecessor-version":[{"id":25950,"href":"https:\/\/tereos.com\/fr\/wp-json\/wp\/v2\/pages\/3507\/revisions\/25950"}],"up":[{"embeddable":true,"href":"https:\/\/tereos.com\/fr\/wp-json\/wp\/v2\/pages\/273"}],"wp:featuredmedia":[{"embeddable":true,"href":"https:\/\/tereos.com\/fr\/wp-json\/wp\/v2\/media\/3909"}],"wp:attachment":[{"href":"https:\/\/tereos.com\/fr\/wp-json\/wp\/v2\/media?parent=3507"}],"curies":[{"name":"wp","href":"https:\/\/api.w.org\/{rel}","templated":true}]}}