{"id":517,"date":"2018-07-07T23:57:01","date_gmt":"2018-07-07T21:57:01","guid":{"rendered":"https:\/\/tereos.com\/?page_id=517"},"modified":"2026-01-30T15:39:11","modified_gmt":"2026-01-30T14:39:11","slug":"home-fr","status":"publish","type":"page","link":"https:\/\/tereos.com\/fr\/","title":{"rendered":"Groupe coop\u00e9ratif sucrier fran\u00e7ais"},"content":{"rendered":"","protected":false},"excerpt":{"rendered":"","protected":false},"author":1,"featured_media":0,"parent":0,"menu_order":0,"comment_status":"closed","ping_status":"closed","template":"","meta":{"_acf_changed":false,"footnotes":""},"class_list":["post-517","page","type-page","status-publish","hentry"],"acf":{"cover_type":"video_uploaded","cover_image":false,"cover_video_clone":{"cover_type":"video_uploaded","cover_image":false,"cover_video_uploaded":{"ID":22916,"id":22916,"title":"Tereos-FR","filename":"tereos-fr.mp4","filesize":30601918,"url":"https:\/\/www.tereos.com\/app\/uploads\/2024\/07\/tereos-fr.mp4","link":"https:\/\/tereos.com\/fr\/home-fr\/tereos-fr\/","alt":"","author":"4","description":"","caption":"","name":"tereos-fr","status":"inherit","uploaded_to":517,"date":"2024-07-03 14:59:22","modified":"2024-07-03 14:59:22","menu_order":0,"mime_type":"video\/mp4","type":"video","subtype":"mp4","icon":"https:\/\/tereos.com\/wp\/wp-includes\/images\/media\/video.png","width":1280,"height":720},"hide_title":true,"link":""},"sections":[{"acf_fc_layout":"featured_news","title":" Les derni\u00e8res actualit\u00e9s","link":{"title":"Toutes les actualit\u00e9s","url":"https:\/\/tereos.com\/fr\/nos-actualites\/","target":""},"manual_news":[],"items":null},{"acf_fc_layout":"featured_markets","title":"Nos march\u00e9s","text":"","link":{"title":"D\u00e9couvrez nos activit\u00e9s et produits","url":"https:\/\/tereos.com\/fr\/activites-et-produits\/","target":""},"items":[{"ID":739,"post_author":"4","post_date":"2018-08-16 17:19:53","post_date_gmt":"2018-08-16 15:19:53","post_content":"","post_title":"Alimentation","post_excerpt":"","post_status":"publish","comment_status":"closed","ping_status":"closed","post_password":"","post_name":"alimentaire-et-boissons","to_ping":"","pinged":"","post_modified":"2026-01-18 22:54:29","post_modified_gmt":"2026-01-18 21:54:29","post_content_filtered":"","post_parent":0,"guid":"https:\/\/tereos.com\/?post_type=market&#038;p=739","menu_order":0,"post_type":"market","post_mime_type":"","comment_count":"0","filter":"raw"},{"ID":1270,"post_author":"9","post_date":"2019-01-31 18:24:47","post_date_gmt":"2019-01-31 17:24:47","post_content":"","post_title":"\u00c9nergie","post_excerpt":"","post_status":"publish","comment_status":"closed","ping_status":"closed","post_password":"","post_name":"energies","to_ping":"","pinged":"","post_modified":"2023-10-11 16:33:51","post_modified_gmt":"2023-10-11 14:33:51","post_content_filtered":"","post_parent":0,"guid":"https:\/\/tereos.com\/?post_type=market&#038;p=1270","menu_order":0,"post_type":"market","post_mime_type":"","comment_count":"0","filter":"raw"},{"ID":537,"post_author":"1","post_date":"2018-07-17 10:44:18","post_date_gmt":"2018-07-17 08:44:18","post_content":"","post_title":"Nutrition animale","post_excerpt":"","post_status":"publish","comment_status":"closed","ping_status":"closed","post_password":"","post_name":"nutrition-animale","to_ping":"","pinged":"","post_modified":"2023-10-16 13:54:55","post_modified_gmt":"2023-10-16 11:54:55","post_content_filtered":"","post_parent":0,"guid":"https:\/\/tereos.com\/?post_type=market&#038;p=537","menu_order":0,"post_type":"market","post_mime_type":"","comment_count":"0","filter":"raw"},{"ID":535,"post_author":"1","post_date":"2018-07-17 10:44:00","post_date_gmt":"2018-07-17 08:44:00","post_content":"","post_title":"Chimie verte","post_excerpt":"","post_status":"publish","comment_status":"closed","ping_status":"closed","post_password":"","post_name":"chimie-vegetal","to_ping":"","pinged":"","post_modified":"2023-10-16 14:01:32","post_modified_gmt":"2023-10-16 12:01:32","post_content_filtered":"","post_parent":0,"guid":"https:\/\/tereos.com\/?post_type=market&#038;p=535","menu_order":0,"post_type":"market","post_mime_type":"","comment_count":"0","filter":"raw"},{"ID":208,"post_author":"1","post_date":"2018-06-22 11:28:47","post_date_gmt":"2018-06-22 09:28:47","post_content":"","post_title":"Pharmacie","post_excerpt":"","post_status":"publish","comment_status":"closed","ping_status":"closed","post_password":"","post_name":"pharmacie-et-cosmetique","to_ping":"","pinged":"","post_modified":"2023-10-16 15:33:03","post_modified_gmt":"2023-10-16 13:33:03","post_content_filtered":"","post_parent":0,"guid":"https:\/\/tereos.com\/?post_type=market&#038;p=208","menu_order":0,"post_type":"market","post_mime_type":"","comment_count":"0","filter":"raw"},{"ID":9684,"post_author":"9","post_date":"2020-08-06 15:09:07","post_date_gmt":"2020-08-06 13:09:07","post_content":"","post_title":"Produits d\u2019hygi\u00e8ne et de beaut\u00e9","post_excerpt":"","post_status":"publish","comment_status":"closed","ping_status":"closed","post_password":"","post_name":"produits-dhygiene-et-de-beaute","to_ping":"","pinged":"","post_modified":"2023-10-16 15:36:25","post_modified_gmt":"2023-10-16 13:36:25","post_content_filtered":"","post_parent":0,"guid":"https:\/\/tereos.com\/activities-and-products\/markets\/personal-care\/","menu_order":0,"post_type":"market","post_mime_type":"","comment_count":"0","filter":"raw"},{"ID":1262,"post_author":"9","post_date":"2019-01-31 17:24:53","post_date_gmt":"2019-01-31 16:24:53","post_content":"","post_title":"Papier et carton","post_excerpt":"","post_status":"publish","comment_status":"closed","ping_status":"closed","post_password":"","post_name":"papier-et-carton-ondule","to_ping":"","pinged":"","post_modified":"2023-10-16 15:45:36","post_modified_gmt":"2023-10-16 13:45:36","post_content_filtered":"","post_parent":0,"guid":"https:\/\/tereos.com\/?post_type=market&#038;p=1262","menu_order":0,"post_type":"market","post_mime_type":"","comment_count":"0","filter":"raw"}]},{"acf_fc_layout":"key_figures","title":"Chiffres cl\u00e9s","link":"","text":"","items":[{"key_figure":{"prefix":"","figure":"15 600","suffix":""},"caption":"collaborateurs dans le monde"},{"key_figure":{"prefix":"","figure":"5,9","suffix":""},"caption":"Mds \u20ac chiffre d'affaires"},{"key_figure":{"prefix":"","figure":"14","suffix":""},"caption":"pays d'implantation"}]}],"has_related_content":false,"related_content_clone":{"has_related_content":false,"related_title":"","related_items":false},"link":"","cover_video_uploaded":{"ID":22916,"id":22916,"title":"Tereos-FR","filename":"tereos-fr.mp4","filesize":30601918,"url":"https:\/\/www.tereos.com\/app\/uploads\/2024\/07\/tereos-fr.mp4","link":"https:\/\/tereos.com\/fr\/home-fr\/tereos-fr\/","alt":"","author":"4","description":"","caption":"","name":"tereos-fr","status":"inherit","uploaded_to":517,"date":"2024-07-03 14:59:22","modified":"2024-07-03 14:59:22","menu_order":0,"mime_type":"video\/mp4","type":"video","subtype":"mp4","icon":"https:\/\/tereos.com\/wp\/wp-includes\/images\/media\/video.png","width":1280,"height":720},"featured_news":{"hide":true,"is_manual":false,"items":null},"hide_title":true},"yoast_head":"<!-- This site is optimized with the Yoast SEO plugin v23.7 - https:\/\/yoast.com\/wordpress\/plugins\/seo\/ -->\n<title>Groupe coop\u00e9ratif sucrier fran\u00e7ais<\/title>\n<meta name=\"description\" content=\"Groupe coop\u00e9ratif, Tereos dispose d\u2019un savoir-faire reconnu dans la transformation de la betterave, de la canne, des c\u00e9r\u00e9ales et de la luzerne.\" \/>\n<meta name=\"robots\" content=\"index, follow, max-snippet:-1, max-image-preview:large, max-video-preview:-1\" \/>\n<link rel=\"canonical\" href=\"https:\/\/tereos.com\/fr\/\" \/>\n<meta property=\"og:locale\" content=\"fr_FR\" \/>\n<meta property=\"og:type\" content=\"article\" \/>\n<meta property=\"og:title\" content=\"Groupe coop\u00e9ratif sucrier fran\u00e7ais\" \/>\n<meta property=\"og:description\" content=\"Groupe coop\u00e9ratif, Tereos dispose d\u2019un savoir-faire reconnu dans la transformation de la betterave, de la canne, des c\u00e9r\u00e9ales et de la luzerne.\" \/>\n<meta property=\"og:url\" content=\"https:\/\/tereos.com\/fr\/\" \/>\n<meta property=\"og:site_name\" content=\"Tereos\" \/>\n<meta property=\"article:modified_time\" content=\"2026-01-30T14:39:11+00:00\" \/>\n<meta name=\"twitter:card\" content=\"summary_large_image\" \/>\n<script type=\"application\/ld+json\" class=\"yoast-schema-graph\">{\"@context\":\"https:\/\/schema.org\",\"@graph\":[{\"@type\":\"WebPage\",\"@id\":\"https:\/\/tereos.com\/fr\/\",\"url\":\"https:\/\/tereos.com\/fr\/\",\"name\":\"Groupe coop\u00e9ratif sucrier fran\u00e7ais\",\"isPartOf\":{\"@id\":\"https:\/\/tereos.com\/en\/#website\"},\"datePublished\":\"2018-07-07T21:57:01+00:00\",\"dateModified\":\"2026-01-30T14:39:11+00:00\",\"description\":\"Groupe coop\u00e9ratif, Tereos dispose d\u2019un savoir-faire reconnu dans la transformation de la betterave, de la canne, des c\u00e9r\u00e9ales et de la luzerne.\",\"breadcrumb\":{\"@id\":\"https:\/\/tereos.com\/fr\/#breadcrumb\"},\"inLanguage\":\"fr-FR\",\"potentialAction\":[{\"@type\":\"ReadAction\",\"target\":[\"https:\/\/tereos.com\/fr\/\"]}]},{\"@type\":\"BreadcrumbList\",\"@id\":\"https:\/\/tereos.com\/fr\/#breadcrumb\",\"itemListElement\":[{\"@type\":\"ListItem\",\"position\":1,\"name\":\"Home\",\"item\":\"https:\/\/tereos.com\/fr\/\"},{\"@type\":\"ListItem\",\"position\":2,\"name\":\"Groupe coop\u00e9ratif sucrier fran\u00e7ais\"}]},{\"@type\":\"WebSite\",\"@id\":\"https:\/\/tereos.com\/en\/#website\",\"url\":\"https:\/\/tereos.com\/en\/\",\"name\":\"Tereos\",\"description\":\"Un site utilisant WordPress\",\"potentialAction\":[{\"@type\":\"SearchAction\",\"target\":{\"@type\":\"EntryPoint\",\"urlTemplate\":\"https:\/\/tereos.com\/en\/?s={search_term_string}\"},\"query-input\":{\"@type\":\"PropertyValueSpecification\",\"valueRequired\":true,\"valueName\":\"search_term_string\"}}],\"inLanguage\":\"fr-FR\"}]}<\/script>\n<!-- \/ Yoast SEO plugin. -->","yoast_head_json":{"title":"Groupe coop\u00e9ratif sucrier fran\u00e7ais","description":"Groupe coop\u00e9ratif, Tereos dispose d\u2019un savoir-faire reconnu dans la transformation de la betterave, de la canne, des c\u00e9r\u00e9ales et de la luzerne.","robots":{"index":"index","follow":"follow","max-snippet":"max-snippet:-1","max-image-preview":"max-image-preview:large","max-video-preview":"max-video-preview:-1"},"canonical":"https:\/\/tereos.com\/fr\/","og_locale":"fr_FR","og_type":"article","og_title":"Groupe coop\u00e9ratif sucrier fran\u00e7ais","og_description":"Groupe coop\u00e9ratif, Tereos dispose d\u2019un savoir-faire reconnu dans la transformation de la betterave, de la canne, des c\u00e9r\u00e9ales et de la luzerne.","og_url":"https:\/\/tereos.com\/fr\/","og_site_name":"Tereos","article_modified_time":"2026-01-30T14:39:11+00:00","twitter_card":"summary_large_image","schema":{"@context":"https:\/\/schema.org","@graph":[{"@type":"WebPage","@id":"https:\/\/tereos.com\/fr\/","url":"https:\/\/tereos.com\/fr\/","name":"Groupe coop\u00e9ratif sucrier fran\u00e7ais","isPartOf":{"@id":"https:\/\/tereos.com\/en\/#website"},"datePublished":"2018-07-07T21:57:01+00:00","dateModified":"2026-01-30T14:39:11+00:00","description":"Groupe coop\u00e9ratif, Tereos dispose d\u2019un savoir-faire reconnu dans la transformation de la betterave, de la canne, des c\u00e9r\u00e9ales et de la luzerne.","breadcrumb":{"@id":"https:\/\/tereos.com\/fr\/#breadcrumb"},"inLanguage":"fr-FR","potentialAction":[{"@type":"ReadAction","target":["https:\/\/tereos.com\/fr\/"]}]},{"@type":"BreadcrumbList","@id":"https:\/\/tereos.com\/fr\/#breadcrumb","itemListElement":[{"@type":"ListItem","position":1,"name":"Home","item":"https:\/\/tereos.com\/fr\/"},{"@type":"ListItem","position":2,"name":"Groupe coop\u00e9ratif sucrier fran\u00e7ais"}]},{"@type":"WebSite","@id":"https:\/\/tereos.com\/en\/#website","url":"https:\/\/tereos.com\/en\/","name":"Tereos","description":"Un site utilisant WordPress","potentialAction":[{"@type":"SearchAction","target":{"@type":"EntryPoint","urlTemplate":"https:\/\/tereos.com\/en\/?s={search_term_string}"},"query-input":{"@type":"PropertyValueSpecification","valueRequired":true,"valueName":"search_term_string"}}],"inLanguage":"fr-FR"}]}},"_links":{"self":[{"href":"https:\/\/tereos.com\/fr\/wp-json\/wp\/v2\/pages\/517"}],"collection":[{"href":"https:\/\/tereos.com\/fr\/wp-json\/wp\/v2\/pages"}],"about":[{"href":"https:\/\/tereos.com\/fr\/wp-json\/wp\/v2\/types\/page"}],"author":[{"embeddable":true,"href":"https:\/\/tereos.com\/fr\/wp-json\/wp\/v2\/users\/1"}],"replies":[{"embeddable":true,"href":"https:\/\/tereos.com\/fr\/wp-json\/wp\/v2\/comments?post=517"}],"version-history":[{"count":6,"href":"https:\/\/tereos.com\/fr\/wp-json\/wp\/v2\/pages\/517\/revisions"}],"predecessor-version":[{"id":26140,"href":"https:\/\/tereos.com\/fr\/wp-json\/wp\/v2\/pages\/517\/revisions\/26140"}],"wp:attachment":[{"href":"https:\/\/tereos.com\/fr\/wp-json\/wp\/v2\/media?parent=517"}],"curies":[{"name":"wp","href":"https:\/\/api.w.org\/{rel}","templated":true}]}}