{"id":672,"date":"2018-07-31T15:54:40","date_gmt":"2018-07-31T13:54:40","guid":{"rendered":"https:\/\/tereos.com\/?page_id=672"},"modified":"2025-06-30T16:14:33","modified_gmt":"2025-06-30T14:14:33","slug":"developpement-durable","status":"publish","type":"page","link":"https:\/\/tereos.com\/fr\/developpement-durable\/","title":{"rendered":"Nous agissons durablement"},"content":{"rendered":"","protected":false},"excerpt":{"rendered":"","protected":false},"author":4,"featured_media":24635,"parent":0,"menu_order":0,"comment_status":"closed","ping_status":"closed","template":"page-editorial.php","meta":{"_acf_changed":false,"footnotes":""},"class_list":["post-672","page","type-page","status-publish","has-post-thumbnail","hentry"],"acf":{"is_story":false,"is_testimonial":false,"cover_type":"image","cover_image":24635,"link":{"title":"Test de lien","url":"http:\/\/google.com","target":"_blank"},"cover_video_clone":{"cover_mode":"classic","cover_image":24635},"subtitle":"RESPONSABILIT\u00c9 SOCIETALE DE L'ENTREPRISE","subtitle_clone":{"subtitle":"RESPONSABILIT\u00c9 SOCIETALE DE L'ENTREPRISE"},"headline":"Organique, robuste et singuli\u00e8re. Notre nouvelle feuille de route RSE (Responsabilit\u00e9 Soci\u00e9tale de l'Entreprise), valid\u00e9e par notre Conseil d\u2019administration en janvier 2025, vise \u00e0 incarner des valeurs et des engagements cr\u00e9dibles, inscrits dans le mod\u00e8le \u00e9conomique de notre groupe coop\u00e9ratif. Elle se caract\u00e9rise par des objectifs ambitieux mais r\u00e9alistes et est pilot\u00e9e au plus haut niveau de l\u2019entreprise.","headline_clone":{"headline":"Organique, robuste et singuli\u00e8re. Notre nouvelle feuille de route RSE (Responsabilit\u00e9 Soci\u00e9tale de l'Entreprise), valid\u00e9e par notre Conseil d\u2019administration en janvier 2025, vise \u00e0 incarner des valeurs et des engagements cr\u00e9dibles, inscrits dans le mod\u00e8le \u00e9conomique de notre groupe coop\u00e9ratif. Elle se caract\u00e9rise par des objectifs ambitieux mais r\u00e9alistes et est pilot\u00e9e au plus haut niveau de l\u2019entreprise."},"sections":[{"acf_fc_layout":"rich_text","anchor_title":"","text":"<p>Adoss\u00e9e \u00e0 la Raison d\u2019\u00eatre et aux valeurs de Tereos, notre feuille de route RSE a \u00e9t\u00e9 mise \u00e0 jour dans une volont\u00e9 de simplification et d\u2019int\u00e9gration aux processus de management de notre groupe coop\u00e9ratif. La durabilit\u00e9 constitue un axe majeur de la strat\u00e9gie de Tereos. Cela se traduit notamment par son int\u00e9gration dans le syst\u00e8me de gouvernance de l\u2019entreprise.<\/p>\n<p>&nbsp;<\/p>\n<p>D\u2019ores et d\u00e9j\u00e0 en cours de d\u00e9ploiement, notre nouvelle feuille de route s\u2019articule autour de 3 axes :<\/p>\n<ul>\n<li>Cultiver notre lien avec la Nature et les territoires : r\u00e9unir les enjeux de durabilit\u00e9, d&#8217;agriculture r\u00e9g\u00e9n\u00e9ratrice, bas carbone, de biodiversit\u00e9 et de d\u00e9forestation.<\/li>\n<li>R\u00e9pondre aux besoins essentiels pour un quotidien durable : r\u00e9pondre aux enjeux de d\u00e9carbonation, de consommation d&#8217;eau et de consommation durable.<\/li>\n<li>Cultiver un avenir commun pour la Terre et les Hommes : valoriser le mod\u00e8le de coop\u00e9ratif et garantir le respect de la s\u00e9curit\u00e9, de la diversit\u00e9 et des principes \u00e9thiques.<\/li>\n<\/ul>\n"},{"acf_fc_layout":"media","anchor_title":"","type":"image","video":"","image":24645,"caption":"","is_downloadable":false,"items":false},{"acf_fc_layout":"rich_text","anchor_title":"","text":"<p><em>T\u00e9l\u00e9chargez la\u00a0<a href=\"https:\/\/www.tereos.com\/app\/uploads\/2025\/06\/tereos-dpef-2024-25.pdf\">D\u00e9claration de Performance Extra-Financi\u00e8re<\/a><\/em><\/p>\n<p><em>T\u00e9l\u00e9chargez la\u00a0<a href=\"https:\/\/www.tereos.com\/app\/uploads\/2025\/06\/2025-tereos-charte-ethique-fr.pdf\">Charte \u00c9thique<\/a><\/em><\/p>\n"}],"flexible_editorial_clone":{"has_anchors":false,"sections":[{"acf_fc_layout":"rich_text","anchor_title":"","text":"<p>Adoss\u00e9e \u00e0 la Raison d\u2019\u00eatre et aux valeurs de Tereos, notre feuille de route RSE a \u00e9t\u00e9 mise \u00e0 jour dans une volont\u00e9 de simplification et d\u2019int\u00e9gration aux processus de management de notre groupe coop\u00e9ratif. La durabilit\u00e9 constitue un axe majeur de la strat\u00e9gie de Tereos. Cela se traduit notamment par son int\u00e9gration dans le syst\u00e8me de gouvernance de l\u2019entreprise.<\/p>\n<p>&nbsp;<\/p>\n<p>D\u2019ores et d\u00e9j\u00e0 en cours de d\u00e9ploiement, notre nouvelle feuille de route s\u2019articule autour de 3 axes :<\/p>\n<ul>\n<li>Cultiver notre lien avec la Nature et les territoires : r\u00e9unir les enjeux de durabilit\u00e9, d&#8217;agriculture r\u00e9g\u00e9n\u00e9ratrice, bas carbone, de biodiversit\u00e9 et de d\u00e9forestation.<\/li>\n<li>R\u00e9pondre aux besoins essentiels pour un quotidien durable : r\u00e9pondre aux enjeux de d\u00e9carbonation, de consommation d&#8217;eau et de consommation durable.<\/li>\n<li>Cultiver un avenir commun pour la Terre et les Hommes : valoriser le mod\u00e8le de coop\u00e9ratif et garantir le respect de la s\u00e9curit\u00e9, de la diversit\u00e9 et des principes \u00e9thiques.<\/li>\n<\/ul>\n"},{"acf_fc_layout":"media","anchor_title":"","type":"image","video":"","image":24645,"caption":"","is_downloadable":false,"items":false},{"acf_fc_layout":"rich_text","anchor_title":"","text":"<p><em>T\u00e9l\u00e9chargez la\u00a0<a href=\"https:\/\/www.tereos.com\/app\/uploads\/2025\/06\/tereos-dpef-2024-25.pdf\">D\u00e9claration de Performance Extra-Financi\u00e8re<\/a><\/em><\/p>\n<p><em>T\u00e9l\u00e9chargez la\u00a0<a href=\"https:\/\/www.tereos.com\/app\/uploads\/2025\/06\/2025-tereos-charte-ethique-fr.pdf\">Charte \u00c9thique<\/a><\/em><\/p>\n"}]},"cover_mode":"classic","has_anchors":false},"yoast_head":"<!-- This site is optimized with the Yoast SEO plugin v23.7 - https:\/\/yoast.com\/wordpress\/plugins\/seo\/ -->\n<title>Les actions durables - Tereos<\/title>\n<meta name=\"description\" content=\"Organique, robuste et singuli\u00e8re. Notre nouvelle feuille de route RSE vise \u00e0 incarner des valeurs et des engagements cr\u00e9dibles, inscrits dans le mod\u00e8le \u00e9conomique de notre groupe coop\u00e9ratif. Elle se caract\u00e9rise par des objectifs ambitieux mais r\u00e9alistes et est pilot\u00e9e au plus haut niveau de l\u2019entreprise.\" \/>\n<meta name=\"robots\" content=\"index, follow, max-snippet:-1, max-image-preview:large, max-video-preview:-1\" \/>\n<link rel=\"canonical\" href=\"https:\/\/tereos.com\/fr\/developpement-durable\/\" \/>\n<meta property=\"og:locale\" content=\"fr_FR\" \/>\n<meta property=\"og:type\" content=\"article\" \/>\n<meta property=\"og:title\" content=\"Les actions durables - Tereos\" \/>\n<meta property=\"og:description\" content=\"Organique, robuste et singuli\u00e8re. Notre nouvelle feuille de route RSE vise \u00e0 incarner des valeurs et des engagements cr\u00e9dibles, inscrits dans le mod\u00e8le \u00e9conomique de notre groupe coop\u00e9ratif. Elle se caract\u00e9rise par des objectifs ambitieux mais r\u00e9alistes et est pilot\u00e9e au plus haut niveau de l\u2019entreprise.\" \/>\n<meta property=\"og:url\" content=\"https:\/\/tereos.com\/fr\/developpement-durable\/\" \/>\n<meta property=\"og:site_name\" content=\"Tereos\" \/>\n<meta property=\"article:modified_time\" content=\"2025-06-30T14:14:33+00:00\" \/>\n<meta property=\"og:image\" content=\"https:\/\/www.tereos.com\/app\/uploads\/2025\/06\/adobestock-1351618542-scaled.jpeg\" \/>\n\t<meta property=\"og:image:width\" content=\"2560\" \/>\n\t<meta property=\"og:image:height\" content=\"1707\" \/>\n\t<meta property=\"og:image:type\" content=\"image\/jpeg\" \/>\n<meta name=\"twitter:card\" content=\"summary_large_image\" \/>\n<meta name=\"twitter:label1\" content=\"Est. reading time\" \/>\n\t<meta name=\"twitter:data1\" content=\"1 minute\" \/>\n<script type=\"application\/ld+json\" class=\"yoast-schema-graph\">{\"@context\":\"https:\/\/schema.org\",\"@graph\":[{\"@type\":\"WebPage\",\"@id\":\"https:\/\/tereos.com\/fr\/developpement-durable\/\",\"url\":\"https:\/\/tereos.com\/fr\/developpement-durable\/\",\"name\":\"Les actions durables - Tereos\",\"isPartOf\":{\"@id\":\"https:\/\/tereos.com\/en\/#website\"},\"primaryImageOfPage\":{\"@id\":\"https:\/\/tereos.com\/fr\/developpement-durable\/#primaryimage\"},\"image\":{\"@id\":\"https:\/\/tereos.com\/fr\/developpement-durable\/#primaryimage\"},\"thumbnailUrl\":\"https:\/\/www.tereos.com\/app\/uploads\/2025\/06\/adobestock-1351618542-scaled.jpeg\",\"datePublished\":\"2018-07-31T13:54:40+00:00\",\"dateModified\":\"2025-06-30T14:14:33+00:00\",\"description\":\"Organique, robuste et singuli\u00e8re. Notre nouvelle feuille de route RSE vise \u00e0 incarner des valeurs et des engagements cr\u00e9dibles, inscrits dans le mod\u00e8le \u00e9conomique de notre groupe coop\u00e9ratif. Elle se caract\u00e9rise par des objectifs ambitieux mais r\u00e9alistes et est pilot\u00e9e au plus haut niveau de l\u2019entreprise.\",\"breadcrumb\":{\"@id\":\"https:\/\/tereos.com\/fr\/developpement-durable\/#breadcrumb\"},\"inLanguage\":\"fr-FR\",\"potentialAction\":[{\"@type\":\"ReadAction\",\"target\":[\"https:\/\/tereos.com\/fr\/developpement-durable\/\"]}]},{\"@type\":\"ImageObject\",\"inLanguage\":\"fr-FR\",\"@id\":\"https:\/\/tereos.com\/fr\/developpement-durable\/#primaryimage\",\"url\":\"https:\/\/www.tereos.com\/app\/uploads\/2025\/06\/adobestock-1351618542-scaled.jpeg\",\"contentUrl\":\"https:\/\/www.tereos.com\/app\/uploads\/2025\/06\/adobestock-1351618542-scaled.jpeg\",\"width\":2560,\"height\":1707,\"caption\":\"A person walking through field at sunset, wearing jeans and boots, with young crops growing in soil. low camera angle emphasizes vastness of field and open sky\"},{\"@type\":\"BreadcrumbList\",\"@id\":\"https:\/\/tereos.com\/fr\/developpement-durable\/#breadcrumb\",\"itemListElement\":[{\"@type\":\"ListItem\",\"position\":1,\"name\":\"Home\",\"item\":\"https:\/\/tereos.com\/fr\/\"},{\"@type\":\"ListItem\",\"position\":2,\"name\":\"Nous agissons durablement\"}]},{\"@type\":\"WebSite\",\"@id\":\"https:\/\/tereos.com\/en\/#website\",\"url\":\"https:\/\/tereos.com\/en\/\",\"name\":\"Tereos\",\"description\":\"Un site utilisant WordPress\",\"potentialAction\":[{\"@type\":\"SearchAction\",\"target\":{\"@type\":\"EntryPoint\",\"urlTemplate\":\"https:\/\/tereos.com\/en\/?s={search_term_string}\"},\"query-input\":{\"@type\":\"PropertyValueSpecification\",\"valueRequired\":true,\"valueName\":\"search_term_string\"}}],\"inLanguage\":\"fr-FR\"}]}<\/script>\n<!-- \/ Yoast SEO plugin. -->","yoast_head_json":{"title":"Les actions durables - Tereos","description":"Organique, robuste et singuli\u00e8re. Notre nouvelle feuille de route RSE vise \u00e0 incarner des valeurs et des engagements cr\u00e9dibles, inscrits dans le mod\u00e8le \u00e9conomique de notre groupe coop\u00e9ratif. Elle se caract\u00e9rise par des objectifs ambitieux mais r\u00e9alistes et est pilot\u00e9e au plus haut niveau de l\u2019entreprise.","robots":{"index":"index","follow":"follow","max-snippet":"max-snippet:-1","max-image-preview":"max-image-preview:large","max-video-preview":"max-video-preview:-1"},"canonical":"https:\/\/tereos.com\/fr\/developpement-durable\/","og_locale":"fr_FR","og_type":"article","og_title":"Les actions durables - Tereos","og_description":"Organique, robuste et singuli\u00e8re. Notre nouvelle feuille de route RSE vise \u00e0 incarner des valeurs et des engagements cr\u00e9dibles, inscrits dans le mod\u00e8le \u00e9conomique de notre groupe coop\u00e9ratif. Elle se caract\u00e9rise par des objectifs ambitieux mais r\u00e9alistes et est pilot\u00e9e au plus haut niveau de l\u2019entreprise.","og_url":"https:\/\/tereos.com\/fr\/developpement-durable\/","og_site_name":"Tereos","article_modified_time":"2025-06-30T14:14:33+00:00","og_image":[{"width":2560,"height":1707,"url":"https:\/\/www.tereos.com\/app\/uploads\/2025\/06\/adobestock-1351618542-scaled.jpeg","type":"image\/jpeg"}],"twitter_card":"summary_large_image","twitter_misc":{"Est. reading time":"1 minute"},"schema":{"@context":"https:\/\/schema.org","@graph":[{"@type":"WebPage","@id":"https:\/\/tereos.com\/fr\/developpement-durable\/","url":"https:\/\/tereos.com\/fr\/developpement-durable\/","name":"Les actions durables - Tereos","isPartOf":{"@id":"https:\/\/tereos.com\/en\/#website"},"primaryImageOfPage":{"@id":"https:\/\/tereos.com\/fr\/developpement-durable\/#primaryimage"},"image":{"@id":"https:\/\/tereos.com\/fr\/developpement-durable\/#primaryimage"},"thumbnailUrl":"https:\/\/www.tereos.com\/app\/uploads\/2025\/06\/adobestock-1351618542-scaled.jpeg","datePublished":"2018-07-31T13:54:40+00:00","dateModified":"2025-06-30T14:14:33+00:00","description":"Organique, robuste et singuli\u00e8re. Notre nouvelle feuille de route RSE vise \u00e0 incarner des valeurs et des engagements cr\u00e9dibles, inscrits dans le mod\u00e8le \u00e9conomique de notre groupe coop\u00e9ratif. Elle se caract\u00e9rise par des objectifs ambitieux mais r\u00e9alistes et est pilot\u00e9e au plus haut niveau de l\u2019entreprise.","breadcrumb":{"@id":"https:\/\/tereos.com\/fr\/developpement-durable\/#breadcrumb"},"inLanguage":"fr-FR","potentialAction":[{"@type":"ReadAction","target":["https:\/\/tereos.com\/fr\/developpement-durable\/"]}]},{"@type":"ImageObject","inLanguage":"fr-FR","@id":"https:\/\/tereos.com\/fr\/developpement-durable\/#primaryimage","url":"https:\/\/www.tereos.com\/app\/uploads\/2025\/06\/adobestock-1351618542-scaled.jpeg","contentUrl":"https:\/\/www.tereos.com\/app\/uploads\/2025\/06\/adobestock-1351618542-scaled.jpeg","width":2560,"height":1707,"caption":"A person walking through field at sunset, wearing jeans and boots, with young crops growing in soil. low camera angle emphasizes vastness of field and open sky"},{"@type":"BreadcrumbList","@id":"https:\/\/tereos.com\/fr\/developpement-durable\/#breadcrumb","itemListElement":[{"@type":"ListItem","position":1,"name":"Home","item":"https:\/\/tereos.com\/fr\/"},{"@type":"ListItem","position":2,"name":"Nous agissons durablement"}]},{"@type":"WebSite","@id":"https:\/\/tereos.com\/en\/#website","url":"https:\/\/tereos.com\/en\/","name":"Tereos","description":"Un site utilisant WordPress","potentialAction":[{"@type":"SearchAction","target":{"@type":"EntryPoint","urlTemplate":"https:\/\/tereos.com\/en\/?s={search_term_string}"},"query-input":{"@type":"PropertyValueSpecification","valueRequired":true,"valueName":"search_term_string"}}],"inLanguage":"fr-FR"}]}},"_links":{"self":[{"href":"https:\/\/tereos.com\/fr\/wp-json\/wp\/v2\/pages\/672"}],"collection":[{"href":"https:\/\/tereos.com\/fr\/wp-json\/wp\/v2\/pages"}],"about":[{"href":"https:\/\/tereos.com\/fr\/wp-json\/wp\/v2\/types\/page"}],"author":[{"embeddable":true,"href":"https:\/\/tereos.com\/fr\/wp-json\/wp\/v2\/users\/4"}],"replies":[{"embeddable":true,"href":"https:\/\/tereos.com\/fr\/wp-json\/wp\/v2\/comments?post=672"}],"version-history":[{"count":5,"href":"https:\/\/tereos.com\/fr\/wp-json\/wp\/v2\/pages\/672\/revisions"}],"predecessor-version":[{"id":24670,"href":"https:\/\/tereos.com\/fr\/wp-json\/wp\/v2\/pages\/672\/revisions\/24670"}],"wp:featuredmedia":[{"embeddable":true,"href":"https:\/\/tereos.com\/fr\/wp-json\/wp\/v2\/media\/24635"}],"wp:attachment":[{"href":"https:\/\/tereos.com\/fr\/wp-json\/wp\/v2\/media?parent=672"}],"curies":[{"name":"wp","href":"https:\/\/api.w.org\/{rel}","templated":true}]}}