{"id":722,"date":"2018-08-13T17:50:20","date_gmt":"2018-08-13T15:50:20","guid":{"rendered":"https:\/\/tereos.com\/?page_id=722"},"modified":"2023-08-21T12:36:58","modified_gmt":"2023-08-21T10:36:58","slug":"vos-contacts-2","status":"publish","type":"page","link":"https:\/\/tereos.com\/fr\/vos-contacts-2\/","title":{"rendered":"Vos contacts"},"content":{"rendered":"<p><strong>Pour nos offres de stages, d&#8217;alternances, d&#8217;emplois et de candidatures spontan\u00e9es,<\/strong> nous vous invitons \u00e0 vous inscrire sur notre site carri\u00e8res<a href=\"https:\/\/tereos.csod.com\/ux\/ats\/careersite\/1\/home?c=tereos&amp;lang=fr-FR\"> en cliquant ici.<\/a><\/p>\n<p><strong>Pour toute autre demande, merci de remplir le formulaire ci-dessous.<\/strong><\/p>\n<script type=\"text\/javascript\">var gform;gform||(document.addEventListener(\"gform_main_scripts_loaded\",function(){gform.scriptsLoaded=!0}),window.addEventListener(\"DOMContentLoaded\",function(){gform.domLoaded=!0}),gform={domLoaded:!1,scriptsLoaded:!1,initializeOnLoaded:function(o){gform.domLoaded&&gform.scriptsLoaded?o():!gform.domLoaded&&gform.scriptsLoaded?window.addEventListener(\"DOMContentLoaded\",o):document.addEventListener(\"gform_main_scripts_loaded\",o)},hooks:{action:{},filter:{}},addAction:function(o,n,r,t){gform.addHook(\"action\",o,n,r,t)},addFilter:function(o,n,r,t){gform.addHook(\"filter\",o,n,r,t)},doAction:function(o){gform.doHook(\"action\",o,arguments)},applyFilters:function(o){return gform.doHook(\"filter\",o,arguments)},removeAction:function(o,n){gform.removeHook(\"action\",o,n)},removeFilter:function(o,n,r){gform.removeHook(\"filter\",o,n,r)},addHook:function(o,n,r,t,i){null==gform.hooks[o][n]&&(gform.hooks[o][n]=[]);var e=gform.hooks[o][n];null==i&&(i=n+\"_\"+e.length),gform.hooks[o][n].push({tag:i,callable:r,priority:t=null==t?10:t})},doHook:function(n,o,r){var t;if(r=Array.prototype.slice.call(r,1),null!=gform.hooks[n][o]&&((o=gform.hooks[n][o]).sort(function(o,n){return o.priority-n.priority}),o.forEach(function(o){\"function\"!=typeof(t=o.callable)&&(t=window[t]),\"action\"==n?t.apply(null,r):r[0]=t.apply(null,r)})),\"filter\"==n)return r[0]},removeHook:function(o,n,t,i){var r;null!=gform.hooks[o][n]&&(r=(r=gform.hooks[o][n]).filter(function(o,n,r){return!!(null!=i&&i!=o.tag||null!=t&&t!=o.priority)}),gform.hooks[o][n]=r)}});<\/script>\n                <div class='gf_browser_gecko gform_wrapper gform_legacy_markup_wrapper gform-theme--no-framework' data-form-theme='legacy' data-form-index='0' id='gform_wrapper_7' >\n                        <div class='gform_heading'>\n                            <p class='gform_description'><\/p>\n                        <\/div><form method='post' enctype='multipart\/form-data'  id='gform_7'  action='\/fr\/wp-json\/wp\/v2\/pages\/722' data-formid='7' novalidate>\n                        <div class='gform-body gform_body'><ul id='gform_fields_7' class='gform_fields top_label form_sublabel_below description_below validation_below'><li id=\"field_7_7\" class=\"gfield gfield--type-select gfield--width-full gfield_contains_required field_sublabel_below gfield--no-description field_description_below field_validation_below gfield_visibility_visible\"  data-js-reload=\"field_7_7\" ><label class='gfield_label gform-field-label' for='input_7_7'>S\u00e9lectionner un service<span class=\"gfield_required\"><span class=\"gfield_required gfield_required_asterisk\">*<\/span><\/span><\/label><div class='ginput_container ginput_container_select'><select name='input_7' id='input_7_7' class='large gfield_select'    aria-required=\"true\" aria-invalid=\"false\" ><option value='Achats' >Achats<\/option><option value='Agricole' >Agricole<\/option><option value='Commerce' >Commerce<\/option><option value='Consommateurs' >Consommateurs<\/option><option value='Industriel' >Industriel<\/option><option value='Presse' >Presse<\/option><option value='Autres' >Autres<\/option><\/select><\/div><\/li><li id=\"field_7_1\" class=\"gfield gfield--type-name gfield_contains_required field_sublabel_hidden_label gfield--no-description field_description_below field_validation_below gfield_visibility_visible\"  data-js-reload=\"field_7_1\" ><label class='gfield_label gform-field-label gfield_label_before_complex' >Nom<span class=\"gfield_required\"><span class=\"gfield_required gfield_required_asterisk\">*<\/span><\/span><\/label><div class='ginput_complex ginput_container ginput_container--name no_prefix has_first_name no_middle_name no_last_name no_suffix gf_name_has_1 ginput_container_name gform-grid-row' id='input_7_1'>\n                            \n                            <span id='input_7_1_3_container' class='name_first gform-grid-col gform-grid-col--size-auto' >\n                                                    <input type='text' name='input_1.3' id='input_7_1_3' value=''   aria-required='true'     \/>\n                                                    <label for='input_7_1_3' class='gform-field-label gform-field-label--type-sub hidden_sub_label screen-reader-text'>First<\/label>\n                                                <\/span>\n                            \n                            \n                            \n                        <\/div><\/li><li id=\"field_7_9\" class=\"gfield gfield--type-name gfield--width-full gfield_contains_required field_sublabel_hidden_label gfield--no-description field_description_below field_validation_below gfield_visibility_visible\"  data-js-reload=\"field_7_9\" ><label class='gfield_label gform-field-label gfield_label_before_complex' >Pr\u00e9nom<span class=\"gfield_required\"><span class=\"gfield_required gfield_required_asterisk\">*<\/span><\/span><\/label><div class='ginput_complex ginput_container ginput_container--name no_prefix no_first_name no_middle_name has_last_name no_suffix gf_name_has_1 ginput_container_name gform-grid-row' id='input_7_9'>\n                            \n                            \n                            \n                            <span id='input_7_9_6_container' class='name_last gform-grid-col gform-grid-col--size-auto' >\n                                                    <input type='text' name='input_9.6' id='input_7_9_6' value=''   aria-required='true'     \/>\n                                                    <label for='input_7_9_6' class='gform-field-label gform-field-label--type-sub hidden_sub_label screen-reader-text'>Pr\u00e9nom<\/label>\n                                                <\/span>\n                            \n                        <\/div><\/li><li id=\"field_7_3\" class=\"gfield gfield--type-email gfield_contains_required field_sublabel_below gfield--no-description field_description_below field_validation_below gfield_visibility_visible\"  data-js-reload=\"field_7_3\" ><label class='gfield_label gform-field-label' for='input_7_3'>Email<span class=\"gfield_required\"><span class=\"gfield_required gfield_required_asterisk\">*<\/span><\/span><\/label><div class='ginput_container ginput_container_email'>\n                            <input name='input_3' id='input_7_3' type='email' value='' class='large'    aria-required=\"true\" aria-invalid=\"false\"  \/>\n                        <\/div><\/li><li id=\"field_7_4\" class=\"gfield gfield--type-phone field_sublabel_below gfield--no-description field_description_below field_validation_below gfield_visibility_visible\"  data-js-reload=\"field_7_4\" ><label class='gfield_label gform-field-label' for='input_7_4'>Num\u00e9ro de t\u00e9l\u00e9phone<\/label><div class='ginput_container ginput_container_phone'><input name='input_4' id='input_7_4' type='tel' value='' class='large'    aria-invalid=\"false\"   \/><\/div><\/li><li id=\"field_7_6\" class=\"gfield gfield--type-textarea gfield_contains_required field_sublabel_below gfield--no-description field_description_below field_validation_below gfield_visibility_visible\"  data-js-reload=\"field_7_6\" ><label class='gfield_label gform-field-label' for='input_7_6'>Message<span class=\"gfield_required\"><span class=\"gfield_required gfield_required_asterisk\">*<\/span><\/span><\/label><div class='ginput_container ginput_container_textarea'><textarea name='input_6' id='input_7_6' class='textarea large'     aria-required=\"true\" aria-invalid=\"false\"   rows='10' cols='50'><\/textarea><\/div><\/li><li id=\"field_7_10\" class=\"gfield gfield--type-consent gfield--type-choice gfield--input-type-consent gfield_contains_required field_sublabel_below gfield--no-description field_description_below hidden_label field_validation_below gfield_visibility_visible\"  data-js-reload=\"field_7_10\" ><label class='gfield_label gform-field-label gfield_label_before_complex' >Consent<span class=\"gfield_required\"><span class=\"gfield_required gfield_required_asterisk\">*<\/span><\/span><\/label><div class='ginput_container ginput_container_consent'><input name='input_10.1' id='input_7_10_1' type='checkbox' value='1'   aria-required=\"true\" aria-invalid=\"false\"   \/> <label class=\"gform-field-label gform-field-label--type-inline gfield_consent_label\" for='input_7_10_1' >Les informations que vous nous communiquez via ce formulaire font l\u2019objet d\u2019un traitement par Tereos Participations, responsable de ce traitement. Ces informations sont trait\u00e9es dans le but de r\u00e9pondre \u00e0 votre demande exprim\u00e9e via ce formulaire. Pour plus d\u2019informations sur les traitements de vos donn\u00e9es personnelles et vos droits li\u00e9s \u00e0 ces traitements (par exemple droit d\u2019acc\u00e8s, de rectification, de suppression, de limitation, droit \u00e0 la \u00ab portabilit\u00e9 \u00bb, ou le droit d\u2019opposition au traitement des donn\u00e9es personnelles), nous vous invitons \u00e0 consulter la <a href=\"https:\/\/tereos.com\/app\/uploads\/2020\/10\/charte-de-protection-des-donnes-portail-unique-fr.pdf\">\u00ab Charte relative \u00e0 la protection des donn\u00e9es \u00e0 caract\u00e8re personnel \u00bb<\/a> Contact du r\u00e9f\u00e9rent RGPD de Tereos : <a href=\"mailto:contactgdpr@tereos.com\" target=\"_blank\">contactgdpr@tereos.com<\/a><span class=\"gfield_required gfield_required_asterisk\">*<\/span><\/label><input type='hidden' name='input_10.2' value='Les informations que vous nous communiquez via ce formulaire font l\u2019objet d\u2019un traitement par Tereos Participations, responsable de ce traitement. Ces informations sont trait\u00e9es dans le but de r\u00e9pondre \u00e0 votre demande exprim\u00e9e via ce formulaire. Pour plus d\u2019informations sur les traitements de vos donn\u00e9es personnelles et vos droits li\u00e9s \u00e0 ces traitements (par exemple droit d\u2019acc\u00e8s, de rectification, de suppression, de limitation, droit \u00e0 la \u00ab portabilit\u00e9 \u00bb, ou le droit d\u2019opposition au traitement des donn\u00e9es personnelles), nous vous invitons \u00e0 consulter la &lt;a href=&quot;https:\/\/tereos.com\/app\/uploads\/2020\/10\/charte-de-protection-des-donnes-portail-unique-fr.pdf&quot;&gt;\u00ab Charte relative \u00e0 la protection des donn\u00e9es \u00e0 caract\u00e8re personnel \u00bb&lt;\/a&gt; Contact du r\u00e9f\u00e9rent RGPD de Tereos : &lt;a href=&quot;mailto:contactgdpr@tereos.com&quot; target=&quot;_blank&quot;&gt;contactgdpr@tereos.com&lt;\/a&gt;' class='gform_hidden' \/><input type='hidden' name='input_10.3' value='1' class='gform_hidden' \/><\/div><\/li><li id=\"field_7_11\" class=\"gfield gfield--type-honeypot gform_validation_container field_sublabel_below gfield--has-description field_description_below field_validation_below gfield_visibility_visible\"  data-js-reload=\"field_7_11\" ><label class='gfield_label gform-field-label' for='input_7_11'>Email<\/label><div class='ginput_container'><input name='input_11' id='input_7_11' type='text' value='' autocomplete='new-password'\/><\/div><div class='gfield_description' id='gfield_description_7_11'>This field is for validation purposes and should be left unchanged.<\/div><\/li><\/ul><\/div>\n        <div class='gform_footer top_label'> <input type='submit' id='gform_submit_button_7' class='gform_button button' value='Envoyer'  onclick='if(window[\"gf_submitting_7\"]){return false;}  if( !jQuery(\"#gform_7\")[0].checkValidity || jQuery(\"#gform_7\")[0].checkValidity()){window[\"gf_submitting_7\"]=true;}  ' onkeypress='if( event.keyCode == 13 ){ if(window[\"gf_submitting_7\"]){return false;} if( !jQuery(\"#gform_7\")[0].checkValidity || jQuery(\"#gform_7\")[0].checkValidity()){window[\"gf_submitting_7\"]=true;}  jQuery(\"#gform_7\").trigger(\"submit\",[true]); }' \/> \n            <input type='hidden' class='gform_hidden' name='is_submit_7' value='1' \/>\n            <input type='hidden' class='gform_hidden' name='gform_submit' value='7' \/>\n            \n            <input type='hidden' class='gform_hidden' name='gform_unique_id' value='' \/>\n            <input type='hidden' class='gform_hidden' name='state_7' value='WyJ7XCIxMC4xXCI6XCI2YjUyNjY4ODJiZjM3ODU1MzU1MDA3NWQxZmNhZjYzMlwiLFwiMTAuMlwiOlwiMDhiYzg5OTZlNDc5NGIwYmI0ZjZhZTdmYmIzNTI4MzVcIixcIjEwLjNcIjpcIjZiNTI2Njg4MmJmMzc4NTUzNTUwMDc1ZDFmY2FmNjMyXCJ9IiwiM2Q3NmU3YTRhOGNkODQxNWMwOTI1ZWFlMTIzOTBjMjQiXQ==' \/>\n            <input type='hidden' class='gform_hidden' name='gform_target_page_number_7' id='gform_target_page_number_7' value='0' \/>\n            <input type='hidden' class='gform_hidden' name='gform_source_page_number_7' id='gform_source_page_number_7' value='1' \/>\n            <input type='hidden' name='gform_field_values' value='' \/>\n            \n        <\/div>\n                        <\/form>\n                        <\/div><script type=\"text\/javascript\">\n\/* <![CDATA[ *\/\n gform.initializeOnLoaded( function() {gformInitSpinner( 7, 'https:\/\/www.tereos.com\/app\/plugins\/gravityforms\/images\/spinner.svg', true );jQuery('#gform_ajax_frame_7').on('load',function(){var contents = jQuery(this).contents().find('*').html();var is_postback = contents.indexOf('GF_AJAX_POSTBACK') >= 0;if(!is_postback){return;}var form_content = jQuery(this).contents().find('#gform_wrapper_7');var is_confirmation = jQuery(this).contents().find('#gform_confirmation_wrapper_7').length > 0;var is_redirect = contents.indexOf('gformRedirect(){') >= 0;var is_form = form_content.length > 0 && ! is_redirect && ! is_confirmation;var mt = parseInt(jQuery('html').css('margin-top'), 10) + parseInt(jQuery('body').css('margin-top'), 10) + 100;if(is_form){jQuery('#gform_wrapper_7').html(form_content.html());if(form_content.hasClass('gform_validation_error')){jQuery('#gform_wrapper_7').addClass('gform_validation_error');} else {jQuery('#gform_wrapper_7').removeClass('gform_validation_error');}setTimeout( function() { \/* delay the scroll by 50 milliseconds to fix a bug in chrome *\/  }, 50 );if(window['gformInitDatepicker']) {gformInitDatepicker();}if(window['gformInitPriceFields']) {gformInitPriceFields();}var current_page = jQuery('#gform_source_page_number_7').val();gformInitSpinner( 7, 'https:\/\/www.tereos.com\/app\/plugins\/gravityforms\/images\/spinner.svg', true );jQuery(document).trigger('gform_page_loaded', [7, current_page]);window['gf_submitting_7'] = false;}else if(!is_redirect){var confirmation_content = jQuery(this).contents().find('.GF_AJAX_POSTBACK').html();if(!confirmation_content){confirmation_content = contents;}jQuery('#gform_wrapper_7').replaceWith(confirmation_content);jQuery(document).trigger('gform_confirmation_loaded', [7]);window['gf_submitting_7'] = false;wp.a11y.speak(jQuery('#gform_confirmation_message_7').text());}else{jQuery('#gform_7').append(contents);if(window['gformRedirect']) {gformRedirect();}}jQuery(document).trigger(\"gform_pre_post_render\", [{ formId: \"7\", currentPage: \"current_page\", abort: function() { this.preventDefault(); } }]);                if (event && event.defaultPrevented) {                return;         }        const gformWrapperDiv = document.getElementById( \"gform_wrapper_7\" );        if ( gformWrapperDiv ) {            const visibilitySpan = document.createElement( \"span\" );            visibilitySpan.id = \"gform_visibility_test_7\";            gformWrapperDiv.insertAdjacentElement( \"afterend\", visibilitySpan );        }        const visibilityTestDiv = document.getElementById( \"gform_visibility_test_7\" );        let postRenderFired = false;                function triggerPostRender() {            if ( postRenderFired ) {                return;            }            postRenderFired = true;            jQuery( document ).trigger( 'gform_post_render', [7, current_page] );            gform.utils.trigger( { event: 'gform\/postRender', native: false, data: { formId: 7, currentPage: current_page } } );            if ( visibilityTestDiv ) {                visibilityTestDiv.parentNode.removeChild( visibilityTestDiv );            }        }        function debounce( func, wait, immediate ) {            var timeout;            return function() {                var context = this, args = arguments;                var later = function() {                    timeout = null;                    if ( !immediate ) func.apply( context, args );                };                var callNow = immediate && !timeout;                clearTimeout( timeout );                timeout = setTimeout( later, wait );                if ( callNow ) func.apply( context, args );            };        }        const debouncedTriggerPostRender = debounce( function() {            triggerPostRender();        }, 200 );        if ( visibilityTestDiv && visibilityTestDiv.offsetParent === null ) {            const observer = new MutationObserver( ( mutations ) => {                mutations.forEach( ( mutation ) => {                    if ( mutation.type === 'attributes' && visibilityTestDiv.offsetParent !== null ) {                        debouncedTriggerPostRender();                        observer.disconnect();                    }                });            });            observer.observe( document.body, {                attributes: true,                childList: false,                subtree: true,                attributeFilter: [ 'style', 'class' ],            });        } else {            triggerPostRender();        }    } );} ); \n\/* ]]> *\/\n<\/script>\n\n<p>*Champs obligatoires<\/p>\n","protected":false},"excerpt":{"rendered":"<p>Pour nos offres de stages, d&#8217;alternances, d&#8217;emplois et de candidatures spontan\u00e9es, nous vous invitons \u00e0 vous inscrire sur notre site carri\u00e8res en cliquant ici. Pour toute autre demande, merci de remplir le formulaire ci-dessous. *Champs obligatoires<\/p>\n","protected":false},"author":4,"featured_media":0,"parent":0,"menu_order":0,"comment_status":"closed","ping_status":"closed","template":"","meta":{"_acf_changed":false,"footnotes":""},"class_list":["post-722","page","type-page","status-publish","hentry"],"acf":[],"yoast_head":"<!-- This site is optimized with the Yoast SEO plugin v23.7 - https:\/\/yoast.com\/wordpress\/plugins\/seo\/ -->\n<title>Vos contacts - Tereos<\/title>\n<meta name=\"description\" content=\"Vous \u00eates coop\u00e9rateur, client, journaliste ou candidat ? Contactez-nous !\" \/>\n<meta name=\"robots\" content=\"index, follow, max-snippet:-1, max-image-preview:large, max-video-preview:-1\" \/>\n<link rel=\"canonical\" href=\"https:\/\/tereos.com\/fr\/vos-contacts-2\/\" \/>\n<meta property=\"og:locale\" content=\"fr_FR\" \/>\n<meta property=\"og:type\" content=\"article\" \/>\n<meta property=\"og:title\" content=\"Vos contacts - Tereos\" \/>\n<meta property=\"og:description\" content=\"Vous \u00eates coop\u00e9rateur, client, journaliste ou candidat ? Contactez-nous !\" \/>\n<meta property=\"og:url\" content=\"https:\/\/tereos.com\/fr\/vos-contacts-2\/\" \/>\n<meta property=\"og:site_name\" content=\"Tereos\" \/>\n<meta property=\"article:modified_time\" content=\"2023-08-21T10:36:58+00:00\" \/>\n<meta name=\"twitter:card\" content=\"summary_large_image\" \/>\n<meta name=\"twitter:label1\" content=\"Est. reading time\" \/>\n\t<meta name=\"twitter:data1\" content=\"1 minute\" \/>\n<script type=\"application\/ld+json\" class=\"yoast-schema-graph\">{\"@context\":\"https:\/\/schema.org\",\"@graph\":[{\"@type\":\"WebPage\",\"@id\":\"https:\/\/tereos.com\/fr\/vos-contacts-2\/\",\"url\":\"https:\/\/tereos.com\/fr\/vos-contacts-2\/\",\"name\":\"Vos contacts - Tereos\",\"isPartOf\":{\"@id\":\"https:\/\/tereos.com\/en\/#website\"},\"datePublished\":\"2018-08-13T15:50:20+00:00\",\"dateModified\":\"2023-08-21T10:36:58+00:00\",\"description\":\"Vous \u00eates coop\u00e9rateur, client, journaliste ou candidat ? Contactez-nous !\",\"breadcrumb\":{\"@id\":\"https:\/\/tereos.com\/fr\/vos-contacts-2\/#breadcrumb\"},\"inLanguage\":\"fr-FR\",\"potentialAction\":[{\"@type\":\"ReadAction\",\"target\":[\"https:\/\/tereos.com\/fr\/vos-contacts-2\/\"]}]},{\"@type\":\"BreadcrumbList\",\"@id\":\"https:\/\/tereos.com\/fr\/vos-contacts-2\/#breadcrumb\",\"itemListElement\":[{\"@type\":\"ListItem\",\"position\":1,\"name\":\"Home\",\"item\":\"https:\/\/tereos.com\/fr\/\"},{\"@type\":\"ListItem\",\"position\":2,\"name\":\"Vos contacts\"}]},{\"@type\":\"WebSite\",\"@id\":\"https:\/\/tereos.com\/en\/#website\",\"url\":\"https:\/\/tereos.com\/en\/\",\"name\":\"Tereos\",\"description\":\"Un site utilisant WordPress\",\"potentialAction\":[{\"@type\":\"SearchAction\",\"target\":{\"@type\":\"EntryPoint\",\"urlTemplate\":\"https:\/\/tereos.com\/en\/?s={search_term_string}\"},\"query-input\":{\"@type\":\"PropertyValueSpecification\",\"valueRequired\":true,\"valueName\":\"search_term_string\"}}],\"inLanguage\":\"fr-FR\"}]}<\/script>\n<!-- \/ Yoast SEO plugin. -->","yoast_head_json":{"title":"Vos contacts - Tereos","description":"Vous \u00eates coop\u00e9rateur, client, journaliste ou candidat ? Contactez-nous !","robots":{"index":"index","follow":"follow","max-snippet":"max-snippet:-1","max-image-preview":"max-image-preview:large","max-video-preview":"max-video-preview:-1"},"canonical":"https:\/\/tereos.com\/fr\/vos-contacts-2\/","og_locale":"fr_FR","og_type":"article","og_title":"Vos contacts - Tereos","og_description":"Vous \u00eates coop\u00e9rateur, client, journaliste ou candidat ? Contactez-nous !","og_url":"https:\/\/tereos.com\/fr\/vos-contacts-2\/","og_site_name":"Tereos","article_modified_time":"2023-08-21T10:36:58+00:00","twitter_card":"summary_large_image","twitter_misc":{"Est. reading time":"1 minute"},"schema":{"@context":"https:\/\/schema.org","@graph":[{"@type":"WebPage","@id":"https:\/\/tereos.com\/fr\/vos-contacts-2\/","url":"https:\/\/tereos.com\/fr\/vos-contacts-2\/","name":"Vos contacts - Tereos","isPartOf":{"@id":"https:\/\/tereos.com\/en\/#website"},"datePublished":"2018-08-13T15:50:20+00:00","dateModified":"2023-08-21T10:36:58+00:00","description":"Vous \u00eates coop\u00e9rateur, client, journaliste ou candidat ? Contactez-nous !","breadcrumb":{"@id":"https:\/\/tereos.com\/fr\/vos-contacts-2\/#breadcrumb"},"inLanguage":"fr-FR","potentialAction":[{"@type":"ReadAction","target":["https:\/\/tereos.com\/fr\/vos-contacts-2\/"]}]},{"@type":"BreadcrumbList","@id":"https:\/\/tereos.com\/fr\/vos-contacts-2\/#breadcrumb","itemListElement":[{"@type":"ListItem","position":1,"name":"Home","item":"https:\/\/tereos.com\/fr\/"},{"@type":"ListItem","position":2,"name":"Vos contacts"}]},{"@type":"WebSite","@id":"https:\/\/tereos.com\/en\/#website","url":"https:\/\/tereos.com\/en\/","name":"Tereos","description":"Un site utilisant WordPress","potentialAction":[{"@type":"SearchAction","target":{"@type":"EntryPoint","urlTemplate":"https:\/\/tereos.com\/en\/?s={search_term_string}"},"query-input":{"@type":"PropertyValueSpecification","valueRequired":true,"valueName":"search_term_string"}}],"inLanguage":"fr-FR"}]}},"_links":{"self":[{"href":"https:\/\/tereos.com\/fr\/wp-json\/wp\/v2\/pages\/722"}],"collection":[{"href":"https:\/\/tereos.com\/fr\/wp-json\/wp\/v2\/pages"}],"about":[{"href":"https:\/\/tereos.com\/fr\/wp-json\/wp\/v2\/types\/page"}],"author":[{"embeddable":true,"href":"https:\/\/tereos.com\/fr\/wp-json\/wp\/v2\/users\/4"}],"replies":[{"embeddable":true,"href":"https:\/\/tereos.com\/fr\/wp-json\/wp\/v2\/comments?post=722"}],"version-history":[{"count":5,"href":"https:\/\/tereos.com\/fr\/wp-json\/wp\/v2\/pages\/722\/revisions"}],"predecessor-version":[{"id":17910,"href":"https:\/\/tereos.com\/fr\/wp-json\/wp\/v2\/pages\/722\/revisions\/17910"}],"wp:attachment":[{"href":"https:\/\/tereos.com\/fr\/wp-json\/wp\/v2\/media?parent=722"}],"curies":[{"name":"wp","href":"https:\/\/api.w.org\/{rel}","templated":true}]}}