{"id":8653,"date":"2020-05-29T17:09:48","date_gmt":"2020-05-29T15:09:48","guid":{"rendered":"https:\/\/tereos.com\/?page_id=8653"},"modified":"2023-07-19T09:13:03","modified_gmt":"2023-07-19T07:13:03","slug":"informations-financieres","status":"publish","type":"page","link":"https:\/\/tereos.com\/fr\/groupe\/finance\/informations-financieres\/","title":{"rendered":"Informations financi\u00e8res"},"content":{"rendered":"","protected":false},"excerpt":{"rendered":"","protected":false},"author":4,"featured_media":0,"parent":1764,"menu_order":0,"comment_status":"closed","ping_status":"closed","template":"page-investors-documents-list.php","meta":{"_acf_changed":false,"footnotes":""},"class_list":["post-8653","page","type-page","status-publish","hentry"],"acf":{"subtitle":"GROUPE","subtitle_clone":{"subtitle":"GROUPE"},"document_categories":[{"term_id":139,"name":"Communiqu\u00e9s &amp; r\u00e9sultats financiers","slug":"communiques-resultats-financiers","term_group":0,"term_taxonomy_id":139,"taxonomy":"category","description":"","parent":43,"count":69,"filter":"raw"},{"term_id":46,"name":"Informations r\u00e9glement\u00e9es","slug":"informations-reglementees","term_group":0,"term_taxonomy_id":46,"taxonomy":"category","description":"","parent":43,"count":67,"filter":"raw"},{"term_id":116,"name":"Pr\u00e9sentations","slug":"presentations","term_group":0,"term_taxonomy_id":116,"taxonomy":"category","description":"","parent":43,"count":41,"filter":"raw"}],"cta_image_image":false,"cta_image_title":"","cta_image_link":"","cta_image_clone":{"":null,"cta_image_image":false,"cta_image_title":"","cta_image_link":""}},"yoast_head":"<!-- This site is optimized with the Yoast SEO plugin v23.7 - https:\/\/yoast.com\/wordpress\/plugins\/seo\/ -->\n<title>Informations financi\u00e8res - Tereos<\/title>\n<meta name=\"description\" content=\"D\u00e9couvrez tous les communiqu\u00e9s, informations r\u00e9glement\u00e9s et les pr\u00e9sentations financi\u00e8res de Tereos.\" \/>\n<meta name=\"robots\" content=\"index, follow, max-snippet:-1, max-image-preview:large, max-video-preview:-1\" \/>\n<link rel=\"canonical\" href=\"https:\/\/tereos.com\/fr\/groupe\/finance\/informations-financieres\/\" \/>\n<meta property=\"og:locale\" content=\"fr_FR\" \/>\n<meta property=\"og:type\" content=\"article\" \/>\n<meta property=\"og:title\" content=\"Informations financi\u00e8res - Tereos\" \/>\n<meta property=\"og:description\" content=\"D\u00e9couvrez tous les communiqu\u00e9s, informations r\u00e9glement\u00e9s et les pr\u00e9sentations financi\u00e8res de Tereos.\" \/>\n<meta property=\"og:url\" content=\"https:\/\/tereos.com\/fr\/groupe\/finance\/informations-financieres\/\" \/>\n<meta property=\"og:site_name\" content=\"Tereos\" \/>\n<meta property=\"article:modified_time\" content=\"2023-07-19T07:13:03+00:00\" \/>\n<meta name=\"twitter:card\" content=\"summary_large_image\" \/>\n<script type=\"application\/ld+json\" class=\"yoast-schema-graph\">{\"@context\":\"https:\/\/schema.org\",\"@graph\":[{\"@type\":\"WebPage\",\"@id\":\"https:\/\/tereos.com\/fr\/groupe\/finance\/informations-financieres\/\",\"url\":\"https:\/\/tereos.com\/fr\/groupe\/finance\/informations-financieres\/\",\"name\":\"Informations financi\u00e8res - Tereos\",\"isPartOf\":{\"@id\":\"https:\/\/tereos.com\/en\/#website\"},\"datePublished\":\"2020-05-29T15:09:48+00:00\",\"dateModified\":\"2023-07-19T07:13:03+00:00\",\"description\":\"D\u00e9couvrez tous les communiqu\u00e9s, informations r\u00e9glement\u00e9s et les pr\u00e9sentations financi\u00e8res de Tereos.\",\"breadcrumb\":{\"@id\":\"https:\/\/tereos.com\/fr\/groupe\/finance\/informations-financieres\/#breadcrumb\"},\"inLanguage\":\"fr-FR\",\"potentialAction\":[{\"@type\":\"ReadAction\",\"target\":[\"https:\/\/tereos.com\/fr\/groupe\/finance\/informations-financieres\/\"]}]},{\"@type\":\"BreadcrumbList\",\"@id\":\"https:\/\/tereos.com\/fr\/groupe\/finance\/informations-financieres\/#breadcrumb\",\"itemListElement\":[{\"@type\":\"ListItem\",\"position\":1,\"name\":\"Home\",\"item\":\"https:\/\/tereos.com\/fr\/\"},{\"@type\":\"ListItem\",\"position\":2,\"name\":\"R\u00e9pondre aux besoins du quotidien gr\u00e2ce au v\u00e9g\u00e9tal en cr\u00e9ant de la valeur pour nos coop\u00e9rateurs\",\"item\":\"https:\/\/tereos.com\/fr\/groupe\/\"},{\"@type\":\"ListItem\",\"position\":3,\"name\":\"Finance\",\"item\":\"https:\/\/tereos.com\/fr\/groupe\/finance\/\"},{\"@type\":\"ListItem\",\"position\":4,\"name\":\"Informations financi\u00e8res\"}]},{\"@type\":\"WebSite\",\"@id\":\"https:\/\/tereos.com\/en\/#website\",\"url\":\"https:\/\/tereos.com\/en\/\",\"name\":\"Tereos\",\"description\":\"Un site utilisant WordPress\",\"potentialAction\":[{\"@type\":\"SearchAction\",\"target\":{\"@type\":\"EntryPoint\",\"urlTemplate\":\"https:\/\/tereos.com\/en\/?s={search_term_string}\"},\"query-input\":{\"@type\":\"PropertyValueSpecification\",\"valueRequired\":true,\"valueName\":\"search_term_string\"}}],\"inLanguage\":\"fr-FR\"}]}<\/script>\n<!-- \/ Yoast SEO plugin. -->","yoast_head_json":{"title":"Informations financi\u00e8res - Tereos","description":"D\u00e9couvrez tous les communiqu\u00e9s, informations r\u00e9glement\u00e9s et les pr\u00e9sentations financi\u00e8res de Tereos.","robots":{"index":"index","follow":"follow","max-snippet":"max-snippet:-1","max-image-preview":"max-image-preview:large","max-video-preview":"max-video-preview:-1"},"canonical":"https:\/\/tereos.com\/fr\/groupe\/finance\/informations-financieres\/","og_locale":"fr_FR","og_type":"article","og_title":"Informations financi\u00e8res - Tereos","og_description":"D\u00e9couvrez tous les communiqu\u00e9s, informations r\u00e9glement\u00e9s et les pr\u00e9sentations financi\u00e8res de Tereos.","og_url":"https:\/\/tereos.com\/fr\/groupe\/finance\/informations-financieres\/","og_site_name":"Tereos","article_modified_time":"2023-07-19T07:13:03+00:00","twitter_card":"summary_large_image","schema":{"@context":"https:\/\/schema.org","@graph":[{"@type":"WebPage","@id":"https:\/\/tereos.com\/fr\/groupe\/finance\/informations-financieres\/","url":"https:\/\/tereos.com\/fr\/groupe\/finance\/informations-financieres\/","name":"Informations financi\u00e8res - Tereos","isPartOf":{"@id":"https:\/\/tereos.com\/en\/#website"},"datePublished":"2020-05-29T15:09:48+00:00","dateModified":"2023-07-19T07:13:03+00:00","description":"D\u00e9couvrez tous les communiqu\u00e9s, informations r\u00e9glement\u00e9s et les pr\u00e9sentations financi\u00e8res de Tereos.","breadcrumb":{"@id":"https:\/\/tereos.com\/fr\/groupe\/finance\/informations-financieres\/#breadcrumb"},"inLanguage":"fr-FR","potentialAction":[{"@type":"ReadAction","target":["https:\/\/tereos.com\/fr\/groupe\/finance\/informations-financieres\/"]}]},{"@type":"BreadcrumbList","@id":"https:\/\/tereos.com\/fr\/groupe\/finance\/informations-financieres\/#breadcrumb","itemListElement":[{"@type":"ListItem","position":1,"name":"Home","item":"https:\/\/tereos.com\/fr\/"},{"@type":"ListItem","position":2,"name":"R\u00e9pondre aux besoins du quotidien gr\u00e2ce au v\u00e9g\u00e9tal en cr\u00e9ant de la valeur pour nos coop\u00e9rateurs","item":"https:\/\/tereos.com\/fr\/groupe\/"},{"@type":"ListItem","position":3,"name":"Finance","item":"https:\/\/tereos.com\/fr\/groupe\/finance\/"},{"@type":"ListItem","position":4,"name":"Informations financi\u00e8res"}]},{"@type":"WebSite","@id":"https:\/\/tereos.com\/en\/#website","url":"https:\/\/tereos.com\/en\/","name":"Tereos","description":"Un site utilisant WordPress","potentialAction":[{"@type":"SearchAction","target":{"@type":"EntryPoint","urlTemplate":"https:\/\/tereos.com\/en\/?s={search_term_string}"},"query-input":{"@type":"PropertyValueSpecification","valueRequired":true,"valueName":"search_term_string"}}],"inLanguage":"fr-FR"}]}},"_links":{"self":[{"href":"https:\/\/tereos.com\/fr\/wp-json\/wp\/v2\/pages\/8653"}],"collection":[{"href":"https:\/\/tereos.com\/fr\/wp-json\/wp\/v2\/pages"}],"about":[{"href":"https:\/\/tereos.com\/fr\/wp-json\/wp\/v2\/types\/page"}],"author":[{"embeddable":true,"href":"https:\/\/tereos.com\/fr\/wp-json\/wp\/v2\/users\/4"}],"replies":[{"embeddable":true,"href":"https:\/\/tereos.com\/fr\/wp-json\/wp\/v2\/comments?post=8653"}],"version-history":[{"count":3,"href":"https:\/\/tereos.com\/fr\/wp-json\/wp\/v2\/pages\/8653\/revisions"}],"predecessor-version":[{"id":17721,"href":"https:\/\/tereos.com\/fr\/wp-json\/wp\/v2\/pages\/8653\/revisions\/17721"}],"up":[{"embeddable":true,"href":"https:\/\/tereos.com\/fr\/wp-json\/wp\/v2\/pages\/1764"}],"wp:attachment":[{"href":"https:\/\/tereos.com\/fr\/wp-json\/wp\/v2\/media?parent=8653"}],"curies":[{"name":"wp","href":"https:\/\/api.w.org\/{rel}","templated":true}]}}