{"id":926,"date":"2018-11-26T16:45:01","date_gmt":"2018-11-26T15:45:01","guid":{"rendered":"https:\/\/tereos.com\/?page_id=926"},"modified":"2018-11-26T17:06:05","modified_gmt":"2018-11-26T16:06:05","slug":"926-2","status":"publish","type":"page","link":"https:\/\/tereos.com\/fr\/926-2\/","title":{"rendered":"La vie chez Tereos"},"content":{"rendered":"","protected":false},"excerpt":{"rendered":"","protected":false},"author":9,"featured_media":898,"parent":0,"menu_order":1,"comment_status":"closed","ping_status":"closed","template":"page-activity-products.php","meta":{"_acf_changed":false,"footnotes":""},"class_list":["post-926","page","type-page","status-publish","has-post-thumbnail","hentry"],"acf":{"cover_type":"image","cover_image":898,"link":"","cover_video_clone":{"cover_type":"image","cover_image":898,"cover_video_uploaded":false,"hide_title":false,"link":""},"subtitle":"La vie chez Tereos ","subtitle_clone":{"subtitle":"La vie chez Tereos "},"headline":"Event, lancement de produits, news... D\u00e9couvrez les coulisses de Tereos !","headline_clone":{"headline":"Event, lancement de produits, news... D\u00e9couvrez les coulisses de Tereos !"},"sections":[{"acf_fc_layout":"blockquotes_images","items":[{"image":402,"quote":"Un environnement de travail stimulant !","citee":"James Dean ","role":"RRH Tereos "},{"image":403,"quote":"Du food et et de la R&D ! J'adore !","citee":"Pierre Alex","role":"Pole R&D TSSE"}]},{"acf_fc_layout":"title_text","title":"Une culture commune ","text":"<p><strong>Des collaborateurs passionn\u00e9s<\/strong><\/p>\n<p>Nos collaborateurs sont passionn\u00e9s. Nous sommes fiers de l&#8217;expertise et du savoir-faire de nos \u00e9quipes. Gr\u00e2ce \u00e0 ce savoir-faire, nous apportons le meilleur de la nature directement \u00e0 nos clients : tous nos produits viennent des plantes.<\/p>\n<p><strong>Des collaborateurs engag\u00e9s<br \/>\n<\/strong><br \/>\nNotre fa\u00e7on de travailler g\u00e9n\u00e8re des r\u00e9sultats visibles et nourrit un impact de long terme. Nous croyons que chacun de nos collaborateurs devrait r\u00e9aliser son potentiel. Nous leur faisons confiance et leur donnons les moyens de construire le Tereos de demain.<\/p>\n<p><strong>Un\u00a0<\/strong><strong>esprit d\u2019ouverture<\/strong><\/p>\n<p>Nous sommes fiers d\u2019avoir grandi d&#8217;acteur local \u00e0 acteur international. Nous osons faire les choses diff\u00e9remment et \u00e9largissons nos horizons. Nous avons des racines locales, des activit\u00e9s diversifi\u00e9es et une pr\u00e9sence internationale offrant des opportunit\u00e9s de carri\u00e8re enrichissantes.<\/p>\n<p><strong>Un esprit d\u2019\u00e9quipe<\/strong><\/p>\n<p>Nous croyons \u00e0 la valeur d\u2019un esprit d&#8217;\u00e9quipe. Nous d\u00e9veloppons un environnement collaboratif o\u00f9 la performance individuelle sert le succ\u00e8s collectif.<\/p>\n"},{"acf_fc_layout":"key_figures","title":"","link":"","text":"","items":[{"key_figure":{"prefix":"","figure":"24","suffix":""},"caption":"morning coffee "},{"key_figure":{"prefix":"","figure":"+ 300","suffix":""},"caption":"ambassadeurs "},{"key_figure":{"prefix":"","figure":"384","suffix":""},"caption":"nouveaux arrivants en 2018"}]}],"flexible_ap_cpt_clone":{"sections":[{"acf_fc_layout":"blockquotes_images","items":[{"image":402,"quote":"Un environnement de travail stimulant !","citee":"James Dean ","role":"RRH Tereos "},{"image":403,"quote":"Du food et et de la R&D ! J'adore !","citee":"Pierre Alex","role":"Pole R&D TSSE"}]},{"acf_fc_layout":"title_text","title":"Une culture commune ","text":"<p><strong>Des collaborateurs passionn\u00e9s<\/strong><\/p>\n<p>Nos collaborateurs sont passionn\u00e9s. Nous sommes fiers de l&#8217;expertise et du savoir-faire de nos \u00e9quipes. Gr\u00e2ce \u00e0 ce savoir-faire, nous apportons le meilleur de la nature directement \u00e0 nos clients : tous nos produits viennent des plantes.<\/p>\n<p><strong>Des collaborateurs engag\u00e9s<br \/>\n<\/strong><br \/>\nNotre fa\u00e7on de travailler g\u00e9n\u00e8re des r\u00e9sultats visibles et nourrit un impact de long terme. Nous croyons que chacun de nos collaborateurs devrait r\u00e9aliser son potentiel. Nous leur faisons confiance et leur donnons les moyens de construire le Tereos de demain.<\/p>\n<p><strong>Un\u00a0<\/strong><strong>esprit d\u2019ouverture<\/strong><\/p>\n<p>Nous sommes fiers d\u2019avoir grandi d&#8217;acteur local \u00e0 acteur international. Nous osons faire les choses diff\u00e9remment et \u00e9largissons nos horizons. Nous avons des racines locales, des activit\u00e9s diversifi\u00e9es et une pr\u00e9sence internationale offrant des opportunit\u00e9s de carri\u00e8re enrichissantes.<\/p>\n<p><strong>Un esprit d\u2019\u00e9quipe<\/strong><\/p>\n<p>Nous croyons \u00e0 la valeur d\u2019un esprit d&#8217;\u00e9quipe. Nous d\u00e9veloppons un environnement collaboratif o\u00f9 la performance individuelle sert le succ\u00e8s collectif.<\/p>\n"},{"acf_fc_layout":"key_figures","title":"","link":"","text":"","items":[{"key_figure":{"prefix":"","figure":"24","suffix":""},"caption":"morning coffee "},{"key_figure":{"prefix":"","figure":"+ 300","suffix":""},"caption":"ambassadeurs "},{"key_figure":{"prefix":"","figure":"384","suffix":""},"caption":"nouveaux arrivants en 2018"}]}]},"has_related_content":false,"related_content_clone":{"has_related_content":false,"related_title":"","related_items":false}},"yoast_head":"<!-- This site is optimized with the Yoast SEO plugin v23.7 - https:\/\/yoast.com\/wordpress\/plugins\/seo\/ -->\n<title>La vie chez Tereos - Tereos<\/title>\n<meta name=\"robots\" content=\"index, follow, max-snippet:-1, max-image-preview:large, max-video-preview:-1\" \/>\n<link rel=\"canonical\" href=\"https:\/\/tereos.com\/fr\/926-2\/\" \/>\n<meta property=\"og:locale\" content=\"fr_FR\" \/>\n<meta property=\"og:type\" content=\"article\" \/>\n<meta property=\"og:title\" content=\"La vie chez Tereos - Tereos\" \/>\n<meta property=\"og:url\" content=\"https:\/\/tereos.com\/fr\/926-2\/\" \/>\n<meta property=\"og:site_name\" content=\"Tereos\" \/>\n<meta property=\"article:modified_time\" content=\"2018-11-26T16:06:05+00:00\" \/>\n<meta property=\"og:image\" content=\"https:\/\/www.tereos.com\/app\/uploads\/2018\/11\/ter-1088.jpg\" \/>\n\t<meta property=\"og:image:width\" content=\"1024\" \/>\n\t<meta property=\"og:image:height\" content=\"683\" \/>\n\t<meta property=\"og:image:type\" content=\"image\/jpeg\" \/>\n<meta name=\"twitter:card\" content=\"summary_large_image\" \/>\n<script type=\"application\/ld+json\" class=\"yoast-schema-graph\">{\"@context\":\"https:\/\/schema.org\",\"@graph\":[{\"@type\":\"WebPage\",\"@id\":\"https:\/\/tereos.com\/fr\/926-2\/\",\"url\":\"https:\/\/tereos.com\/fr\/926-2\/\",\"name\":\"La vie chez Tereos - Tereos\",\"isPartOf\":{\"@id\":\"https:\/\/tereos.com\/en\/#website\"},\"primaryImageOfPage\":{\"@id\":\"https:\/\/tereos.com\/fr\/926-2\/#primaryimage\"},\"image\":{\"@id\":\"https:\/\/tereos.com\/fr\/926-2\/#primaryimage\"},\"thumbnailUrl\":\"https:\/\/www.tereos.com\/app\/uploads\/2018\/11\/ter-1088.jpg\",\"datePublished\":\"2018-11-26T15:45:01+00:00\",\"dateModified\":\"2018-11-26T16:06:05+00:00\",\"breadcrumb\":{\"@id\":\"https:\/\/tereos.com\/fr\/926-2\/#breadcrumb\"},\"inLanguage\":\"fr-FR\",\"potentialAction\":[{\"@type\":\"ReadAction\",\"target\":[\"https:\/\/tereos.com\/fr\/926-2\/\"]}]},{\"@type\":\"ImageObject\",\"inLanguage\":\"fr-FR\",\"@id\":\"https:\/\/tereos.com\/fr\/926-2\/#primaryimage\",\"url\":\"https:\/\/www.tereos.com\/app\/uploads\/2018\/11\/ter-1088.jpg\",\"contentUrl\":\"https:\/\/www.tereos.com\/app\/uploads\/2018\/11\/ter-1088.jpg\",\"width\":4500,\"height\":3000,\"caption\":\"Ol\u0092mpia, SP - 07\/03\/2018 - Tereos A\u008d\u009ccar e Energia Brasil - Galileo - Foto: Ferdinando Ramos\/Plus Images\"},{\"@type\":\"BreadcrumbList\",\"@id\":\"https:\/\/tereos.com\/fr\/926-2\/#breadcrumb\",\"itemListElement\":[{\"@type\":\"ListItem\",\"position\":1,\"name\":\"Home\",\"item\":\"https:\/\/tereos.com\/fr\/\"},{\"@type\":\"ListItem\",\"position\":2,\"name\":\"La vie chez Tereos\"}]},{\"@type\":\"WebSite\",\"@id\":\"https:\/\/tereos.com\/en\/#website\",\"url\":\"https:\/\/tereos.com\/en\/\",\"name\":\"Tereos\",\"description\":\"Un site utilisant WordPress\",\"potentialAction\":[{\"@type\":\"SearchAction\",\"target\":{\"@type\":\"EntryPoint\",\"urlTemplate\":\"https:\/\/tereos.com\/en\/?s={search_term_string}\"},\"query-input\":{\"@type\":\"PropertyValueSpecification\",\"valueRequired\":true,\"valueName\":\"search_term_string\"}}],\"inLanguage\":\"fr-FR\"}]}<\/script>\n<!-- \/ Yoast SEO plugin. -->","yoast_head_json":{"title":"La vie chez Tereos - Tereos","robots":{"index":"index","follow":"follow","max-snippet":"max-snippet:-1","max-image-preview":"max-image-preview:large","max-video-preview":"max-video-preview:-1"},"canonical":"https:\/\/tereos.com\/fr\/926-2\/","og_locale":"fr_FR","og_type":"article","og_title":"La vie chez Tereos - Tereos","og_url":"https:\/\/tereos.com\/fr\/926-2\/","og_site_name":"Tereos","article_modified_time":"2018-11-26T16:06:05+00:00","og_image":[{"url":"https:\/\/www.tereos.com\/app\/uploads\/2018\/11\/ter-1088.jpg","width":1024,"height":683,"type":"image\/jpeg"}],"twitter_card":"summary_large_image","schema":{"@context":"https:\/\/schema.org","@graph":[{"@type":"WebPage","@id":"https:\/\/tereos.com\/fr\/926-2\/","url":"https:\/\/tereos.com\/fr\/926-2\/","name":"La vie chez Tereos - Tereos","isPartOf":{"@id":"https:\/\/tereos.com\/en\/#website"},"primaryImageOfPage":{"@id":"https:\/\/tereos.com\/fr\/926-2\/#primaryimage"},"image":{"@id":"https:\/\/tereos.com\/fr\/926-2\/#primaryimage"},"thumbnailUrl":"https:\/\/www.tereos.com\/app\/uploads\/2018\/11\/ter-1088.jpg","datePublished":"2018-11-26T15:45:01+00:00","dateModified":"2018-11-26T16:06:05+00:00","breadcrumb":{"@id":"https:\/\/tereos.com\/fr\/926-2\/#breadcrumb"},"inLanguage":"fr-FR","potentialAction":[{"@type":"ReadAction","target":["https:\/\/tereos.com\/fr\/926-2\/"]}]},{"@type":"ImageObject","inLanguage":"fr-FR","@id":"https:\/\/tereos.com\/fr\/926-2\/#primaryimage","url":"https:\/\/www.tereos.com\/app\/uploads\/2018\/11\/ter-1088.jpg","contentUrl":"https:\/\/www.tereos.com\/app\/uploads\/2018\/11\/ter-1088.jpg","width":4500,"height":3000,"caption":"Ol\u0092mpia, SP - 07\/03\/2018 - Tereos A\u008d\u009ccar e Energia Brasil - Galileo - Foto: Ferdinando Ramos\/Plus Images"},{"@type":"BreadcrumbList","@id":"https:\/\/tereos.com\/fr\/926-2\/#breadcrumb","itemListElement":[{"@type":"ListItem","position":1,"name":"Home","item":"https:\/\/tereos.com\/fr\/"},{"@type":"ListItem","position":2,"name":"La vie chez Tereos"}]},{"@type":"WebSite","@id":"https:\/\/tereos.com\/en\/#website","url":"https:\/\/tereos.com\/en\/","name":"Tereos","description":"Un site utilisant WordPress","potentialAction":[{"@type":"SearchAction","target":{"@type":"EntryPoint","urlTemplate":"https:\/\/tereos.com\/en\/?s={search_term_string}"},"query-input":{"@type":"PropertyValueSpecification","valueRequired":true,"valueName":"search_term_string"}}],"inLanguage":"fr-FR"}]}},"_links":{"self":[{"href":"https:\/\/tereos.com\/fr\/wp-json\/wp\/v2\/pages\/926"}],"collection":[{"href":"https:\/\/tereos.com\/fr\/wp-json\/wp\/v2\/pages"}],"about":[{"href":"https:\/\/tereos.com\/fr\/wp-json\/wp\/v2\/types\/page"}],"author":[{"embeddable":true,"href":"https:\/\/tereos.com\/fr\/wp-json\/wp\/v2\/users\/9"}],"replies":[{"embeddable":true,"href":"https:\/\/tereos.com\/fr\/wp-json\/wp\/v2\/comments?post=926"}],"version-history":[{"count":4,"href":"https:\/\/tereos.com\/fr\/wp-json\/wp\/v2\/pages\/926\/revisions"}],"predecessor-version":[{"id":932,"href":"https:\/\/tereos.com\/fr\/wp-json\/wp\/v2\/pages\/926\/revisions\/932"}],"wp:featuredmedia":[{"embeddable":true,"href":"https:\/\/tereos.com\/fr\/wp-json\/wp\/v2\/media\/898"}],"wp:attachment":[{"href":"https:\/\/tereos.com\/fr\/wp-json\/wp\/v2\/media?parent=926"}],"curies":[{"name":"wp","href":"https:\/\/api.w.org\/{rel}","templated":true}]}}